{"id":20493,"date":"2025-10-13T16:01:27","date_gmt":"2025-10-13T14:01:27","guid":{"rendered":"https:\/\/pharmagest.com\/?post_type=product&#038;p=20493"},"modified":"2026-01-20T17:20:10","modified_gmt":"2026-01-20T16:20:10","slug":"ibm-power-system","status":"publish","type":"product","link":"https:\/\/pharmagest.com\/it\/soluzioni\/ibm-power-system\/","title":{"rendered":"IBM Power System"},"content":{"rendered":"<div class=\"container\"><div class=\"row\"><div class=\"medium-large-full\">\n<h1 class=\"wp-block-heading\" id=\"h-ibm-power-systems\" style=\"font-size:38px\">IBM Power Systems<\/h1>\n<\/div><\/div><\/div>\n\n<div class=\"container\"><div class=\"row\"><div class=\"medium-large-full\">\n<p style=\"font-size:25px\">Potenza, sicurezza e innovazione per il tuo b<em>usiness<\/em>.<\/p>\n<\/div><\/div><\/div>\n\n<div class=\"container\"><div class=\"row\"><div class=\"medium-large-full\">\n<div style=\"height:10px\" aria-hidden=\"true\" class=\"wp-block-spacer\"><\/div>\n<\/div><\/div><\/div>\n\n<div class=\"container\"><div class=\"row\"><div class=\"medium-large-full\">\n<div class=\"wp-block-buttons is-layout-flex wp-block-buttons-is-layout-flex\">\n<div class=\"wp-block-button\"><a class=\"wp-block-button__link wp-element-button\" href=\"https:\/\/pharmagest.com\/it\/informazioni-distribuzione-intermedia-hardware\/\">INFORMAZIONI<\/a><\/div>\n<\/div>\n<\/div><\/div><\/div>\n\n<div class=\"container\"><div class=\"row\"><div class=\"medium-large-full\">\n<div style=\"height:40px\" aria-hidden=\"true\" class=\"wp-block-spacer\"><\/div>\n<\/div><\/div><\/div>\n\n<div class=\"container\"><div class=\"row\"><div class=\"medium-large-full\">\n<div class=\"wp-block-columns is-layout-flex wp-container-core-columns-is-layout-9d6595d7 wp-block-columns-is-layout-flex\">\n<div class=\"wp-block-column is-layout-flow wp-block-column-is-layout-flow\" style=\"flex-basis:50%\"><div class=\"container\"><div class=\"row\"><div class=\"medium-large-full\">\n<p style=\"font-size:22px\"><strong>Tecnologia <em>open <\/em>per applicazioni <em>mission-critical<\/em><\/strong>.<\/p>\n<\/div><\/div><\/div>\n\n<div class=\"container\"><div class=\"row\"><div class=\"medium-large-full\">\n<div style=\"height:10px\" aria-hidden=\"true\" class=\"wp-block-spacer\"><\/div>\n<\/div><\/div><\/div>\n\n<div class=\"container\"><div class=\"row\"><div class=\"medium-large-full\">\n<p><strong>IBM Power Systems<\/strong> \u00e8 la linea di <em>server <\/em>basati su tecnologie open e pensati per le applicazioni <strong><em>mission-critical<\/em><\/strong>. Server per gestire i big data, ottimizzati, sicuri, in grado di adattarsi a <em><strong>workload <\/strong><\/em>in continua evoluzione.<br><br><strong><em>Cloud<\/em><\/strong>, <strong><em>big data<\/em><\/strong>, <strong><em>analytics<\/em><\/strong>, <strong>soluzioni mobil<\/strong>e e <em><strong>social business<\/strong><\/em> non solo stanno dando nuova forma al mondo dell&#8217;elaborazione, ma stanno anche trasformando il <em>business <\/em>e contribuendo a rivoluzionare il modo in cui le risorse IT vengono create e consumate. Questo nuovo modello rappresenta un&#8217;opportunit\u00e0 per le organizzazioni, perch\u00e9 possano ridefinire il valore che offrono, lasciando invariati costi, complessit\u00e0 e rischi. <\/p>\n<\/div><\/div><\/div>\n\n<div class=\"container\"><div class=\"row\"><div class=\"medium-large-full\">\n<h4 class=\"wp-block-heading\" id=\"h-come-cogliere-questa-nuova-opportunita\" style=\"font-size:22px\"><strong>Come cogliere questa nuova opportunit\u00e0?<\/strong><\/h4>\n<\/div><\/div><\/div>\n\n<div class=\"container\"><div class=\"row\"><div class=\"medium-large-full\">\n<p>La risposta \u00e8 <strong>IBM Power Systems<\/strong>, la piattaforma IT con il primo processore progettato per i big data. La sua architettura aperta offre efficienza, eccezionali economie in cloud ed \u00e8 costantemente arricchita dalle innovazioni di un ecosistema server aperto. I <strong><em>server <\/em><\/strong><em><strong>Power<\/strong> <\/em>offrono un&#8217;architettura ideale per garantire massima sicurezza e un&#8217;esperienza cliente pi\u00f9 soddisfacente rispetto alla concorrenza. Con un <em>set <\/em>integrato di risorse sempre disponibili e una gamma completa di funzionalit\u00e0 di gestione dati, i <strong><em>server Power<\/em><\/strong> consentono di allineare la tecnologia alle esigenze del <em>business<\/em>, estrarre nuovo valore dai dati per promuovere l&#8217;innovazione ed erogare servizi aziendali con maggiore sicurezza ed efficienza per ridurre i costi.<br><\/p>\n<\/div><\/div><\/div><\/div>\n\n\n\n<div class=\"wp-block-column is-layout-flow wp-block-column-is-layout-flow\" style=\"flex-basis:5%\"><\/div>\n\n\n\n<div class=\"wp-block-column is-layout-flow wp-block-column-is-layout-flow\" style=\"flex-basis:45%\">\n<figure class=\"wp-block-image size-full\"><img loading=\"lazy\" decoding=\"async\" width=\"2000\" height=\"1333\" src=\"https:\/\/pharmagest.com\/wp-content\/uploads\/2025\/10\/pharmagest-italia-distribuzione-server-IBM-Power-Systems.jpg\" alt=\"\" class=\"wp-image-31232\" style=\"object-fit:cover\" srcset=\"https:\/\/pharmagest.com\/wp-content\/uploads\/2025\/10\/pharmagest-italia-distribuzione-server-IBM-Power-Systems.jpg 2000w, https:\/\/pharmagest.com\/wp-content\/uploads\/2025\/10\/pharmagest-italia-distribuzione-server-IBM-Power-Systems-500x333.jpg 500w, https:\/\/pharmagest.com\/wp-content\/uploads\/2025\/10\/pharmagest-italia-distribuzione-server-IBM-Power-Systems-1024x682.jpg 1024w, https:\/\/pharmagest.com\/wp-content\/uploads\/2025\/10\/pharmagest-italia-distribuzione-server-IBM-Power-Systems-768x512.jpg 768w, https:\/\/pharmagest.com\/wp-content\/uploads\/2025\/10\/pharmagest-italia-distribuzione-server-IBM-Power-Systems-1536x1024.jpg 1536w\" sizes=\"auto, (max-width: 2000px) 100vw, 2000px\" \/><\/figure>\n<\/div>\n<\/div>\n<\/div><\/div><\/div>\n\n<div class=\"container\"><div class=\"row\"><div class=\"medium-large-full\">\n<p>La prima generazione di <strong><em>server Power Systems scale-out<\/em><\/strong> sposta in avanti i limiti fisici e virtuali del data center con tecnologie innovative per realizzare applicazioni basate sui dati pi\u00f9 veloci ed efficienti. Basato su una lunga storia di affidabilit\u00e0, disponibilit\u00e0 e sicurezza, il design data-centrico e aperto di <strong><em>Power Systems<\/em><\/strong> combina potenza di elaborazione, memoria e larghezza di banda, con la capacit\u00e0 di elaborare e trasferire i dati tra le applicazioni, in modo pi\u00f9 semplice.<br><br>I <strong><em>Power Systems scale-out<\/em><\/strong> sono server convenienti, facili da installare ed efficienti sotto il profilo energetico. Inoltre possono fare affidamento su una rete affidabile di <strong><em>Business Partner IBM<\/em><\/strong> e di <strong><em>Solution Provider<\/em><\/strong>. Questi <em>server <\/em>rappresentano la scelta ideale per le imprese che hanno bisogno di opzioni di <em>deployment <\/em>scale out per le applicazioni <em><strong>business-critical<\/strong><\/em>. Sono destinati in particolare alle aziende che desiderano realizzare un ambiente a scalabilit\u00e0 orizzontale pi\u00f9 efficiente ed economico rispetto a quello garantito dai server in commercio.<\/p>\n<\/div><\/div><\/div>\n\n<div class=\"container\"><div class=\"row\"><div class=\"medium-large-full\">\n<div style=\"height:50px\" aria-hidden=\"true\" class=\"wp-block-spacer\"><\/div>\n<\/div><\/div><\/div>\n\n<div class=\"container\"><div class=\"row\"><div class=\"medium-large-full\">\n<div class=\"wp-block-columns is-layout-flex wp-container-core-columns-is-layout-9d6595d7 wp-block-columns-is-layout-flex\">\n<div class=\"wp-block-column is-layout-flow wp-block-column-is-layout-flow\"><section id=\"etapes-block_248708e2e46acb018b99e7beab8c88ab\" class=\"etapes block-etapes\" data-aos=\"fade-right\" data-aos-delay=\"100\">\n\t\t\t<div class=\"step-icon\"><img loading=\"lazy\" decoding=\"async\" width=\"300\" height=\"300\" src=\"https:\/\/pharmagest.com\/wp-content\/uploads\/2025\/10\/pharmagest-italia-icone-99-300x300.png\" class=\"attachment-thumbnail size-thumbnail\" alt=\"\" srcset=\"https:\/\/pharmagest.com\/wp-content\/uploads\/2025\/10\/pharmagest-italia-icone-99-300x300.png 300w, https:\/\/pharmagest.com\/wp-content\/uploads\/2025\/10\/pharmagest-italia-icone-99-500x500.png 500w, https:\/\/pharmagest.com\/wp-content\/uploads\/2025\/10\/pharmagest-italia-icone-99-768x768.png 768w, https:\/\/pharmagest.com\/wp-content\/uploads\/2025\/10\/pharmagest-italia-icone-99-820x820.png 820w, https:\/\/pharmagest.com\/wp-content\/uploads\/2025\/10\/pharmagest-italia-icone-99.png 834w\" sizes=\"auto, (max-width: 300px) 100vw, 300px\" \/><\/div>\n\t\t<div class=\"step-content\">\n\t\t\n<div class=\"container\"><div class=\"row\"><div class=\"medium-large-full\">\n<h4 class=\"wp-block-heading has-text-align-left\" id=\"h-ibm-power-s1124\" style=\"font-size:18px\">IBM<sup>\u00ae<\/sup> Power<sup>\u00ae<\/sup> S1124<\/h4>\n<\/div><\/div><\/div>\n\n<div class=\"container\"><div class=\"row\"><div class=\"medium-large-full\">\n<p style=\"font-size:15px\">\u00c8 un <strong>server 4U<\/strong> progettato per le aziende e i <em>data center<\/em> che necessitano di <strong>elevati livelli di flessibilit\u00e0 di elaborazione<\/strong>, memoria e <em>hybrid cloud<\/em>. In grado di supportare fino a 60 core per Power11 IBM e 8 TB di memoria, il server <strong>Power<sup>\u00ae<\/sup> S1124 <\/strong>\u00e8 in grado di eseguire IBM<sup>\u00ae<\/sup> AIX<sup>\u00ae<\/sup>, IBM i o Linux<sup>\u00ae<\/sup> per una variet\u00e0 di <em>workload mission-critical<\/em>.<\/p>\n<\/div><\/div><\/div>\n\n<div class=\"container\"><div class=\"row\"><div class=\"medium-large-full\">\n<p style=\"font-size:15px\">Abilita una<strong> solida continuit\u00e0 aziendale<\/strong>, una scalabilit\u00e0 senza interruzioni, un&#8217;efficienza operativa e una gestione moderna dei <em>workload<\/em>, senza aggiungere alcuna complessit\u00e0 all&#8217;IT.<\/p>\n<\/div><\/div><\/div>\n\n\t<\/div>\n<\/section>\n<\/div>\n\n\n\n<div class=\"wp-block-column is-layout-flow wp-block-column-is-layout-flow\"><section id=\"etapes-block_a0f22f1e73a2e3fada573d0da841f4bd\" class=\"etapes block-etapes\" data-aos=\"fade-right\" data-aos-delay=\"100\">\n\t\t\t<div class=\"step-icon\"><img loading=\"lazy\" decoding=\"async\" width=\"300\" height=\"300\" src=\"https:\/\/pharmagest.com\/wp-content\/uploads\/2025\/10\/pharmagest-italia-icone-98-300x300.png\" class=\"attachment-thumbnail size-thumbnail\" alt=\"\" srcset=\"https:\/\/pharmagest.com\/wp-content\/uploads\/2025\/10\/pharmagest-italia-icone-98-300x300.png 300w, https:\/\/pharmagest.com\/wp-content\/uploads\/2025\/10\/pharmagest-italia-icone-98-500x500.png 500w, https:\/\/pharmagest.com\/wp-content\/uploads\/2025\/10\/pharmagest-italia-icone-98-768x768.png 768w, https:\/\/pharmagest.com\/wp-content\/uploads\/2025\/10\/pharmagest-italia-icone-98-820x820.png 820w, https:\/\/pharmagest.com\/wp-content\/uploads\/2025\/10\/pharmagest-italia-icone-98.png 834w\" sizes=\"auto, (max-width: 300px) 100vw, 300px\" \/><\/div>\n\t\t<div class=\"step-content\">\n\t\t\n<div class=\"container\"><div class=\"row\"><div class=\"medium-large-full\">\n<h4 class=\"wp-block-heading has-text-align-left\" id=\"h-ibm-power-s1122\" style=\"font-size:18px\">IBM<sup>\u00ae<\/sup> Power<sup>\u00ae<\/sup> S1122<\/h4>\n<\/div><\/div><\/div>\n\n<div class=\"container\"><div class=\"row\"><div class=\"medium-large-full\">\n<p style=\"font-size:15px\">\u00c8 un <strong>server rack 2U<\/strong> ad alta densit\u00e0 <strong>progettato per piccole e medie aziende<\/strong>, filiali remote e ambienti con vincoli di spazio. Con un massimo di 60 core per un Power11 IBM e 4 TB di memoria, supporta IBM<sup>\u00ae<\/sup> AIX<sup>\u00ae<\/sup>, IBM i e Linux<sup>\u00ae<\/sup>.<\/p>\n<\/div><\/div><\/div>\n\n<div class=\"container\"><div class=\"row\"><div class=\"medium-large-full\">\n<p style=\"font-size:15px\">Progettato per <strong>garantire efficienza dei costi<\/strong>, flessibilit\u00e0 <em>hybrid cloud <\/em>e gestione semplificata, il server <strong>Power<sup>\u00ae<\/sup> S1122<\/strong> aiuta le organizzazioni a gestire <em>workload <\/em>misti, a scalare con facilit\u00e0 e a modernizzare l&#8217;infrastruttura evitando complesse operazioni di <em>replatforming<\/em>.<\/p>\n<\/div><\/div><\/div>\n\n\t<\/div>\n<\/section>\n<\/div>\n<\/div>\n<\/div><\/div><\/div>\n\n<div class=\"container\"><div class=\"row\"><div class=\"medium-large-full\">\n<div style=\"height:20px\" aria-hidden=\"true\" class=\"wp-block-spacer\"><\/div>\n<\/div><\/div><\/div>\n\n<div class=\"container\"><div class=\"row\"><div class=\"medium-large-full\">\n<div class=\"top-button-container\">\n  <a href=\"#\" id=\"top-button\">TORNA SU<\/a>\n<\/div>\n\n<style>\n  \/* Contenitore invisibile *\/\n  .top-button-container {\n    width: 100%;\n    text-align: center;\n    padding: 20px 0;\n    background: transparent !important;\n    border: none !important;\n    box-shadow: none !important;\n    display: none; \/* appare solo dopo scroll *\/\n  }\n\n  \/* Pulsante *\/\n  #top-button {\n    background: #1d2e3d;\n    color: #ffffff;\n    padding: 12px 32px;\n    border-radius: 40px;\n    font-size: 16px;\n    font-weight: 600;\n    text-decoration: none;\n    font-family: sans-serif;\n    transition: background 0.3s;\n  }\n\n  #top-button:hover {\n    background: #006f71;\n  }\n<\/style>\n\n<script>\n  \/\/ Mostra il pulsante solo quando si scrolla\n  window.addEventListener(\"scroll\", function() {\n    const box = document.querySelector(\".top-button-container\");\n    box.style.display = window.scrollY > 300 ? \"block\" : \"none\";\n  });\n\n  \/\/ Scroll morbido verso l\u2019alto\n  document.getElementById(\"top-button\").addEventListener(\"click\", function(e) {\n    e.preventDefault();\n    window.scrollTo({ top: 0, behavior: \"smooth\" });\n  });\n<\/script>\n<\/div><\/div><\/div>\n\n<div class=\"container\"><div class=\"row\"><div class=\"medium-large-full\">\n<div style=\"height:50px\" aria-hidden=\"true\" class=\"wp-block-spacer\"><\/div>\n<\/div><\/div><\/div>\n\n<section id=\"fullwidth-block_5277aca52471bf85210b1fbf5203c227\" class=\"fullwidth block-fullwidth is-style-background-dark-blue\" data-aos=\"fade-down\">\n        \n<div id=\"titre-perso-block_333adc363d7010a2c05d685da9091adc\" class=\"titre-perso block-titre-perso aligncenter\">\n\t<div class=\"container\">\n\t\t<div class=\"row\">\n\t\t\t<div class=\"medium-large-full flex-col\">\n\t\t\t\t<h2 class=\"title\" data-aos=\"fade-left\" data-aos-delay=\"100\">\n\t\t\t\t\t\t\t\t\t\t\t<span class=\"meta-title\" data-aos=\"fade-right\" data-aos-delay=\"100\">\n\t\t\t\t\t\t\t<span style=\"color: #FFFFFF;font-size: 45px\">Esperienza e innovazione<\/span>\t\t\t\t\t\t<\/span>\n\t\t\t\t\t\t\t\t\t\t<span class=\"meta-suptitle\" data-aos=\"fade-right\" data-aos-delay=\"200\">\n\t\t\t\t\t\t<span style=\"color: #FFFFFF; padding-top: 5px; font-size: 25px; display: inline-block;\">al servizio di Grossisti e Farmacie.<\/span>\n\t\t\t\t\t\t\t\t\t\t\t<\/span>\n\t\t\t\t<\/h2>\n\t\t\t<\/div>\n\t\t<\/div>\n\t<\/div>\n<\/div>\n\n\n<\/section>\n","protected":false},"excerpt":{"rendered":"<p>IBM Power Systems Potenza, sicurezza e innovazione per il tuo business. Tecnologia open per applicazioni mission-critical. IBM Power Systems \u00e8 la linea di server basati su tecnologie open e pensati per le applicazioni mission-critical. Server per gestire i big data, ottimizzati, sicuri, in grado di adattarsi a workload in continua evoluzione. Cloud, big data, analytics, [&hellip;]<\/p>\n","protected":false},"featured_media":0,"template":"","product-gammes":[198],"class_list":["post-20493","product","type-product","status-publish","hentry","product-gammes-distribuzione-intermedia"],"acf":[],"yoast_head":"<!-- This site is optimized with the Yoast SEO Premium plugin v27.2 (Yoast SEO v27.3) - https:\/\/yoast.com\/product\/yoast-seo-premium-wordpress\/ -->\n<title>IBM Power System - Pharmagest Italia<\/title>\n<meta name=\"robots\" content=\"index, follow, max-snippet:-1, max-image-preview:large, max-video-preview:-1\" \/>\n<link rel=\"canonical\" href=\"https:\/\/pharmagest.com\/it\/soluzioni\/ibm-power-system\/\" \/>\n<meta property=\"og:locale\" content=\"it_IT\" \/>\n<meta property=\"og:type\" content=\"article\" \/>\n<meta property=\"og:title\" content=\"IBM Power System\" \/>\n<meta property=\"og:description\" content=\"IBM Power Systems Potenza, sicurezza e innovazione per il tuo business. Tecnologia open per applicazioni mission-critical. IBM Power Systems \u00e8 la linea di server basati su tecnologie open e pensati per le applicazioni mission-critical. Server per gestire i big data, ottimizzati, sicuri, in grado di adattarsi a workload in continua evoluzione. Cloud, big data, analytics, [&hellip;]\" \/>\n<meta property=\"og:url\" content=\"https:\/\/pharmagest.com\/it\/soluzioni\/ibm-power-system\/\" \/>\n<meta property=\"og:site_name\" content=\"Pharmagest Italia\" \/>\n<meta property=\"article:publisher\" content=\"https:\/\/www.facebook.com\/Pharmagest\/\" \/>\n<meta property=\"article:modified_time\" content=\"2026-01-20T16:20:10+00:00\" \/>\n<meta property=\"og:image\" content=\"https:\/\/pharmagest.com\/wp-content\/uploads\/2025\/10\/pharmagest-italia-distribuzione-server-IBM-Power-Systems.jpg\" \/>\n\t<meta property=\"og:image:width\" content=\"2000\" \/>\n\t<meta property=\"og:image:height\" content=\"1333\" \/>\n\t<meta property=\"og:image:type\" content=\"image\/jpeg\" \/>\n<meta name=\"twitter:card\" content=\"summary_large_image\" \/>\n<meta name=\"twitter:site\" content=\"@Pharmagest\" \/>\n<meta name=\"twitter:label1\" content=\"Tempo di lettura stimato\" \/>\n\t<meta name=\"twitter:data1\" content=\"4 minuti\" \/>\n<script type=\"application\/ld+json\" class=\"yoast-schema-graph\">{\"@context\":\"https:\\\/\\\/schema.org\",\"@graph\":[{\"@type\":\"WebPage\",\"@id\":\"https:\\\/\\\/pharmagest.com\\\/it\\\/soluzioni\\\/ibm-power-system\\\/\",\"url\":\"https:\\\/\\\/pharmagest.com\\\/it\\\/soluzioni\\\/ibm-power-system\\\/\",\"name\":\"IBM Power System - Pharmagest Italia\",\"isPartOf\":{\"@id\":\"https:\\\/\\\/pharmagest.com\\\/it\\\/#website\"},\"primaryImageOfPage\":{\"@id\":\"https:\\\/\\\/pharmagest.com\\\/it\\\/soluzioni\\\/ibm-power-system\\\/#primaryimage\"},\"image\":{\"@id\":\"https:\\\/\\\/pharmagest.com\\\/it\\\/soluzioni\\\/ibm-power-system\\\/#primaryimage\"},\"thumbnailUrl\":\"https:\\\/\\\/pharmagest.com\\\/wp-content\\\/uploads\\\/2025\\\/10\\\/pharmagest-italia-distribuzione-server-IBM-Power-Systems.jpg\",\"datePublished\":\"2025-10-13T14:01:27+00:00\",\"dateModified\":\"2026-01-20T16:20:10+00:00\",\"breadcrumb\":{\"@id\":\"https:\\\/\\\/pharmagest.com\\\/it\\\/soluzioni\\\/ibm-power-system\\\/#breadcrumb\"},\"inLanguage\":\"it-IT\",\"potentialAction\":[{\"@type\":\"ReadAction\",\"target\":[\"https:\\\/\\\/pharmagest.com\\\/it\\\/soluzioni\\\/ibm-power-system\\\/\"]}]},{\"@type\":\"ImageObject\",\"inLanguage\":\"it-IT\",\"@id\":\"https:\\\/\\\/pharmagest.com\\\/it\\\/soluzioni\\\/ibm-power-system\\\/#primaryimage\",\"url\":\"https:\\\/\\\/pharmagest.com\\\/wp-content\\\/uploads\\\/2025\\\/10\\\/pharmagest-italia-distribuzione-server-IBM-Power-Systems.jpg\",\"contentUrl\":\"https:\\\/\\\/pharmagest.com\\\/wp-content\\\/uploads\\\/2025\\\/10\\\/pharmagest-italia-distribuzione-server-IBM-Power-Systems.jpg\"},{\"@type\":\"BreadcrumbList\",\"@id\":\"https:\\\/\\\/pharmagest.com\\\/it\\\/soluzioni\\\/ibm-power-system\\\/#breadcrumb\",\"itemListElement\":[{\"@type\":\"ListItem\",\"position\":1,\"name\":\"Benvenuto\",\"item\":\"https:\\\/\\\/pharmagest.com\\\/it\\\/\"},{\"@type\":\"ListItem\",\"position\":2,\"name\":\"IBM Power System\"}]},{\"@type\":\"WebSite\",\"@id\":\"https:\\\/\\\/pharmagest.com\\\/it\\\/#website\",\"url\":\"https:\\\/\\\/pharmagest.com\\\/it\\\/\",\"name\":\"Pharmagest Italia\",\"description\":\"Logiciel complet pour g\u00e9rer votre quotidien de pharmacien.\",\"publisher\":{\"@id\":\"https:\\\/\\\/pharmagest.com\\\/it\\\/#organization\"},\"potentialAction\":[{\"@type\":\"SearchAction\",\"target\":{\"@type\":\"EntryPoint\",\"urlTemplate\":\"https:\\\/\\\/pharmagest.com\\\/it\\\/?s={search_term_string}\"},\"query-input\":{\"@type\":\"PropertyValueSpecification\",\"valueRequired\":true,\"valueName\":\"search_term_string\"}}],\"inLanguage\":\"it-IT\"},{\"@type\":[\"Organization\",\"Place\"],\"@id\":\"https:\\\/\\\/pharmagest.com\\\/it\\\/#organization\",\"name\":\"Pharmagest\",\"url\":\"https:\\\/\\\/pharmagest.com\\\/it\\\/\",\"logo\":{\"@id\":\"https:\\\/\\\/pharmagest.com\\\/it\\\/soluzioni\\\/ibm-power-system\\\/#local-main-organization-logo\"},\"image\":{\"@id\":\"https:\\\/\\\/pharmagest.com\\\/it\\\/soluzioni\\\/ibm-power-system\\\/#local-main-organization-logo\"},\"sameAs\":[\"https:\\\/\\\/www.facebook.com\\\/Pharmagest\\\/\",\"https:\\\/\\\/x.com\\\/Pharmagest\",\"https:\\\/\\\/www.linkedin.com\\\/company\\\/741276\"],\"telephone\":[],\"openingHoursSpecification\":[{\"@type\":\"OpeningHoursSpecification\",\"dayOfWeek\":[\"Monday\",\"Tuesday\",\"Wednesday\",\"Thursday\",\"Friday\",\"Saturday\",\"Sunday\"],\"opens\":\"09:00\",\"closes\":\"17:00\"}]},{\"@type\":\"ImageObject\",\"inLanguage\":\"it-IT\",\"@id\":\"https:\\\/\\\/pharmagest.com\\\/it\\\/soluzioni\\\/ibm-power-system\\\/#local-main-organization-logo\",\"url\":\"https:\\\/\\\/pharmagest.com\\\/wp-content\\\/uploads\\\/2022\\\/12\\\/cropped-logo-pharmagest-3.png\",\"contentUrl\":\"https:\\\/\\\/pharmagest.com\\\/wp-content\\\/uploads\\\/2022\\\/12\\\/cropped-logo-pharmagest-3.png\",\"width\":150,\"height\":100,\"caption\":\"Pharmagest\"}]}<\/script>\n<!-- \/ Yoast SEO Premium plugin. -->","yoast_head_json":{"title":"IBM Power System - Pharmagest Italia","robots":{"index":"index","follow":"follow","max-snippet":"max-snippet:-1","max-image-preview":"max-image-preview:large","max-video-preview":"max-video-preview:-1"},"canonical":"https:\/\/pharmagest.com\/it\/soluzioni\/ibm-power-system\/","og_locale":"it_IT","og_type":"article","og_title":"IBM Power System","og_description":"IBM Power Systems Potenza, sicurezza e innovazione per il tuo business. Tecnologia open per applicazioni mission-critical. IBM Power Systems \u00e8 la linea di server basati su tecnologie open e pensati per le applicazioni mission-critical. Server per gestire i big data, ottimizzati, sicuri, in grado di adattarsi a workload in continua evoluzione. Cloud, big data, analytics, [&hellip;]","og_url":"https:\/\/pharmagest.com\/it\/soluzioni\/ibm-power-system\/","og_site_name":"Pharmagest Italia","article_publisher":"https:\/\/www.facebook.com\/Pharmagest\/","article_modified_time":"2026-01-20T16:20:10+00:00","og_image":[{"width":2000,"height":1333,"url":"https:\/\/pharmagest.com\/wp-content\/uploads\/2025\/10\/pharmagest-italia-distribuzione-server-IBM-Power-Systems.jpg","type":"image\/jpeg"}],"twitter_card":"summary_large_image","twitter_site":"@Pharmagest","twitter_misc":{"Tempo di lettura stimato":"4 minuti"},"schema":{"@context":"https:\/\/schema.org","@graph":[{"@type":"WebPage","@id":"https:\/\/pharmagest.com\/it\/soluzioni\/ibm-power-system\/","url":"https:\/\/pharmagest.com\/it\/soluzioni\/ibm-power-system\/","name":"IBM Power System - Pharmagest Italia","isPartOf":{"@id":"https:\/\/pharmagest.com\/it\/#website"},"primaryImageOfPage":{"@id":"https:\/\/pharmagest.com\/it\/soluzioni\/ibm-power-system\/#primaryimage"},"image":{"@id":"https:\/\/pharmagest.com\/it\/soluzioni\/ibm-power-system\/#primaryimage"},"thumbnailUrl":"https:\/\/pharmagest.com\/wp-content\/uploads\/2025\/10\/pharmagest-italia-distribuzione-server-IBM-Power-Systems.jpg","datePublished":"2025-10-13T14:01:27+00:00","dateModified":"2026-01-20T16:20:10+00:00","breadcrumb":{"@id":"https:\/\/pharmagest.com\/it\/soluzioni\/ibm-power-system\/#breadcrumb"},"inLanguage":"it-IT","potentialAction":[{"@type":"ReadAction","target":["https:\/\/pharmagest.com\/it\/soluzioni\/ibm-power-system\/"]}]},{"@type":"ImageObject","inLanguage":"it-IT","@id":"https:\/\/pharmagest.com\/it\/soluzioni\/ibm-power-system\/#primaryimage","url":"https:\/\/pharmagest.com\/wp-content\/uploads\/2025\/10\/pharmagest-italia-distribuzione-server-IBM-Power-Systems.jpg","contentUrl":"https:\/\/pharmagest.com\/wp-content\/uploads\/2025\/10\/pharmagest-italia-distribuzione-server-IBM-Power-Systems.jpg"},{"@type":"BreadcrumbList","@id":"https:\/\/pharmagest.com\/it\/soluzioni\/ibm-power-system\/#breadcrumb","itemListElement":[{"@type":"ListItem","position":1,"name":"Benvenuto","item":"https:\/\/pharmagest.com\/it\/"},{"@type":"ListItem","position":2,"name":"IBM Power System"}]},{"@type":"WebSite","@id":"https:\/\/pharmagest.com\/it\/#website","url":"https:\/\/pharmagest.com\/it\/","name":"Pharmagest Italia","description":"Logiciel complet pour g\u00e9rer votre quotidien de pharmacien.","publisher":{"@id":"https:\/\/pharmagest.com\/it\/#organization"},"potentialAction":[{"@type":"SearchAction","target":{"@type":"EntryPoint","urlTemplate":"https:\/\/pharmagest.com\/it\/?s={search_term_string}"},"query-input":{"@type":"PropertyValueSpecification","valueRequired":true,"valueName":"search_term_string"}}],"inLanguage":"it-IT"},{"@type":["Organization","Place"],"@id":"https:\/\/pharmagest.com\/it\/#organization","name":"Pharmagest","url":"https:\/\/pharmagest.com\/it\/","logo":{"@id":"https:\/\/pharmagest.com\/it\/soluzioni\/ibm-power-system\/#local-main-organization-logo"},"image":{"@id":"https:\/\/pharmagest.com\/it\/soluzioni\/ibm-power-system\/#local-main-organization-logo"},"sameAs":["https:\/\/www.facebook.com\/Pharmagest\/","https:\/\/x.com\/Pharmagest","https:\/\/www.linkedin.com\/company\/741276"],"telephone":[],"openingHoursSpecification":[{"@type":"OpeningHoursSpecification","dayOfWeek":["Monday","Tuesday","Wednesday","Thursday","Friday","Saturday","Sunday"],"opens":"09:00","closes":"17:00"}]},{"@type":"ImageObject","inLanguage":"it-IT","@id":"https:\/\/pharmagest.com\/it\/soluzioni\/ibm-power-system\/#local-main-organization-logo","url":"https:\/\/pharmagest.com\/wp-content\/uploads\/2022\/12\/cropped-logo-pharmagest-3.png","contentUrl":"https:\/\/pharmagest.com\/wp-content\/uploads\/2022\/12\/cropped-logo-pharmagest-3.png","width":150,"height":100,"caption":"Pharmagest"}]}},"_links":{"self":[{"href":"https:\/\/pharmagest.com\/it\/wp-json\/wp\/v2\/product\/20493","targetHints":{"allow":["GET"]}}],"collection":[{"href":"https:\/\/pharmagest.com\/it\/wp-json\/wp\/v2\/product"}],"about":[{"href":"https:\/\/pharmagest.com\/it\/wp-json\/wp\/v2\/types\/product"}],"version-history":[{"count":46,"href":"https:\/\/pharmagest.com\/it\/wp-json\/wp\/v2\/product\/20493\/revisions"}],"predecessor-version":[{"id":34799,"href":"https:\/\/pharmagest.com\/it\/wp-json\/wp\/v2\/product\/20493\/revisions\/34799"}],"wp:attachment":[{"href":"https:\/\/pharmagest.com\/it\/wp-json\/wp\/v2\/media?parent=20493"}],"wp:term":[{"taxonomy":"product-gammes","embeddable":true,"href":"https:\/\/pharmagest.com\/it\/wp-json\/wp\/v2\/product-gammes?post=20493"}],"curies":[{"name":"wp","href":"https:\/\/api.w.org\/{rel}","templated":true}]}}