{"id":20462,"date":"2025-10-13T15:42:47","date_gmt":"2025-10-13T13:42:47","guid":{"rendered":"https:\/\/pharmagest.com\/?post_type=product&#038;p=20462"},"modified":"2026-01-11T11:44:48","modified_gmt":"2026-01-11T10:44:48","slug":"server-farm","status":"publish","type":"product","link":"https:\/\/pharmagest.com\/it\/soluzioni\/server-farm\/","title":{"rendered":"Server Farm"},"content":{"rendered":"<div class=\"container\"><div class=\"row\"><div class=\"medium-large-full\">\n<h1 class=\"wp-block-heading\" id=\"h-server-farm\" style=\"font-size:38px\">Server Farm<\/h1>\n<\/div><\/div><\/div>\n\n<div class=\"container\"><div class=\"row\"><div class=\"medium-large-full\">\n<p style=\"font-size:25px\"><strong>Dinamicit\u00e0 e sicurezza per Grossisti e Farmacie Italiane.<\/strong><\/p>\n<\/div><\/div><\/div>\n\n<div class=\"container\"><div class=\"row\"><div class=\"medium-large-full\">\n<div style=\"height:10px\" aria-hidden=\"true\" class=\"wp-block-spacer\"><\/div>\n<\/div><\/div><\/div>\n\n<div class=\"container\"><div class=\"row\"><div class=\"medium-large-full\">\n<div class=\"wp-block-buttons is-layout-flex wp-block-buttons-is-layout-flex\">\n<div class=\"wp-block-button\"><a class=\"wp-block-button__link wp-element-button\" href=\"https:\/\/pharmagest.com\/it\/informazioni-distribuzione-intermedia-servizi\/\">INFORMAZIONI<\/a><\/div>\n<\/div>\n<\/div><\/div><\/div>\n\n<div class=\"container\"><div class=\"row\"><div class=\"medium-large-full\">\n<div style=\"height:40px\" aria-hidden=\"true\" class=\"wp-block-spacer\"><\/div>\n<\/div><\/div><\/div>\n\n<div class=\"container\"><div class=\"row\"><div class=\"medium-large-full\">\n<div class=\"wp-block-columns is-layout-flex wp-container-core-columns-is-layout-9d6595d7 wp-block-columns-is-layout-flex\">\n<div class=\"wp-block-column is-layout-flow wp-block-column-is-layout-flow\" style=\"flex-basis:50%\"><div class=\"container\"><div class=\"row\"><div class=\"medium-large-full\">\n<p style=\"font-size:22px\"><strong>3 server Farm di propriet\u00e0 in Italia.<\/strong><\/p>\n<\/div><\/div><\/div>\n\n<div class=\"container\"><div class=\"row\"><div class=\"medium-large-full\">\n<div style=\"height:10px\" aria-hidden=\"true\" class=\"wp-block-spacer\"><\/div>\n<\/div><\/div><\/div>\n\n<div class=\"container\"><div class=\"row\"><div class=\"medium-large-full\">\n<p><strong>Pharmagest Italia<\/strong> \u00e8 proprietaria di <strong>3 <em>Server Farm<\/em> <\/strong>attraverso cui fornisce <strong>servizi B2B<\/strong> <strong>e B2C<\/strong> ed in grado di far comunicare, in modo sicuro ed affidabile, gli <em><strong>iSeries <\/strong><\/em>installati presso i depositi dei clienti e le singole Farmacie collegate.<\/p>\n<\/div><\/div><\/div>\n\n<div class=\"container\"><div class=\"row\"><div class=\"medium-large-full\">\n<p>Le <strong><em>Server Farm<\/em><\/strong> sono site presso il <strong>Datacenter Telecom Italia di Bologna<\/strong> e il <strong>Datacenter Seeweb di Frosinone<\/strong>, primari provider a livello nazionale ed internazionale. Le strutture sono:<\/p>\n<\/div><\/div><\/div>\n\n<div class=\"container\"><div class=\"row\"><div class=\"medium-large-full\">\n<div style=\"height:10px\" aria-hidden=\"true\" class=\"wp-block-spacer\"><\/div>\n<\/div><\/div><\/div>\n\n<div class=\"container\"><div class=\"row\"><div class=\"medium-large-full\">\n<ul class=\"wp-block-list\">\n<li>altamente <strong>industrializzate<\/strong> e dotate dei pi\u00f9 <strong>moderni sistemi<\/strong> ed impianti.<\/li>\n\n\n\n<li>permettono di <strong>risolvere<\/strong> in maniera dinamica, contestuale e flessibile tutte le immediate e future esigenze, dovute alla crescita degli attuali e nuovi servizi, di espandibilit\u00e0 ed adeguamento dal punto di vista della potenza di calcolo, di connettivit\u00e0 <em>Internet<\/em>, di continuit\u00e0 elettrica, di spazi fisici e di climatizzazione.<\/li>\n<\/ul>\n<\/div><\/div><\/div>\n\n<div class=\"container\"><div class=\"row\"><div class=\"medium-large-full\">\n<div style=\"height:10px\" aria-hidden=\"true\" class=\"wp-block-spacer\"><\/div>\n<\/div><\/div><\/div>\n\n<div class=\"container\"><div class=\"row\"><div class=\"medium-large-full\">\n<p>All&#8217;interno dei <em>datacenter <\/em>tutti gli elementi critici sono ridondati e tutti gli apparati di rete sono raggiungibili tramite pi\u00f9&nbsp;percorsi, per garantire il massimo dell&#8217;affidabilit\u00e0&nbsp;anche in caso di guasto di pi\u00f9&nbsp;componenti hardware. <strong>Le infrastrutture <em>cloud <\/em>sono dotate per default di <em>backup off-site<\/em><\/strong> (su sede opposta all&#8217;allocazione del server), ridondanza N+1 con <strong>IP Failover<\/strong> e storage area network di livello <strong><em>enterprise<\/em><\/strong>. Le risorse a disposizione di ogni singolo cliente\/servizio vengono costantemente monitorate per garantire sempre elevati livelli di prestazioni.<\/p>\n<\/div><\/div><\/div><\/div>\n\n\n\n<div class=\"wp-block-column is-layout-flow wp-block-column-is-layout-flow\" style=\"flex-basis:5%\"><\/div>\n\n\n\n<div class=\"wp-block-column is-layout-flow wp-block-column-is-layout-flow\" style=\"flex-basis:45%\">\n<figure class=\"wp-block-image size-full\"><img loading=\"lazy\" decoding=\"async\" width=\"2000\" height=\"1333\" src=\"https:\/\/pharmagest.com\/wp-content\/uploads\/2025\/10\/pharmagest-italia-distribuzione-server-farm.jpg\" alt=\"\" class=\"wp-image-31252\" style=\"object-fit:cover\" srcset=\"https:\/\/pharmagest.com\/wp-content\/uploads\/2025\/10\/pharmagest-italia-distribuzione-server-farm.jpg 2000w, https:\/\/pharmagest.com\/wp-content\/uploads\/2025\/10\/pharmagest-italia-distribuzione-server-farm-500x333.jpg 500w, https:\/\/pharmagest.com\/wp-content\/uploads\/2025\/10\/pharmagest-italia-distribuzione-server-farm-1024x682.jpg 1024w, https:\/\/pharmagest.com\/wp-content\/uploads\/2025\/10\/pharmagest-italia-distribuzione-server-farm-768x512.jpg 768w, https:\/\/pharmagest.com\/wp-content\/uploads\/2025\/10\/pharmagest-italia-distribuzione-server-farm-1536x1024.jpg 1536w\" sizes=\"auto, (max-width: 2000px) 100vw, 2000px\" \/><\/figure>\n<\/div>\n<\/div>\n<\/div><\/div><\/div>\n\n<div class=\"container\"><div class=\"row\"><div class=\"medium-large-full\">\n<div style=\"height:20px\" aria-hidden=\"true\" class=\"wp-block-spacer\"><\/div>\n<\/div><\/div><\/div>\n\n<div class=\"container\"><div class=\"row\"><div class=\"medium-large-full\">\n<div class=\"wp-block-columns is-layout-flex wp-container-core-columns-is-layout-9d6595d7 wp-block-columns-is-layout-flex\">\n<div class=\"wp-block-column is-layout-flow wp-block-column-is-layout-flow\"><section id=\"etapes-block_6e8395e0df6f4909e9a0bda2af2067a0\" class=\"etapes block-etapes\" data-aos=\"fade-right\" data-aos-delay=\"100\">\n\t\t\t<div class=\"step-icon\"><img loading=\"lazy\" decoding=\"async\" width=\"300\" height=\"300\" src=\"https:\/\/pharmagest.com\/wp-content\/uploads\/2025\/11\/pharmagest-italia-icone-28-300x300.png\" class=\"attachment-thumbnail size-thumbnail\" alt=\"\" srcset=\"https:\/\/pharmagest.com\/wp-content\/uploads\/2025\/11\/pharmagest-italia-icone-28-300x300.png 300w, https:\/\/pharmagest.com\/wp-content\/uploads\/2025\/11\/pharmagest-italia-icone-28-500x500.png 500w, https:\/\/pharmagest.com\/wp-content\/uploads\/2025\/11\/pharmagest-italia-icone-28-768x768.png 768w, https:\/\/pharmagest.com\/wp-content\/uploads\/2025\/11\/pharmagest-italia-icone-28-820x820.png 820w, https:\/\/pharmagest.com\/wp-content\/uploads\/2025\/11\/pharmagest-italia-icone-28.png 834w\" sizes=\"auto, (max-width: 300px) 100vw, 300px\" \/><\/div>\n\t\t<div class=\"step-content\">\n\t\t\n<div class=\"container\"><div class=\"row\"><div class=\"medium-large-full\">\n<h4 class=\"wp-block-heading has-text-align-left\" id=\"h-servizi-di-disaster-recovery\" style=\"font-size:18px\">SERVIZI DI DISASTER RECOVERY<\/h4>\n<\/div><\/div><\/div>\n\n<div class=\"container\"><div class=\"row\"><div class=\"medium-large-full\">\n<p style=\"font-size:15px\">Sono disponibili servizi di <em>Disaster Recovery<\/em> per funzioni <em><strong>mission critical <\/strong><\/em>come la ricezione degli ordini e l&#8217;outsourcing di sistemi <strong>Linux<\/strong>, <strong>Windows <\/strong>e<strong> IBM iSeries<\/strong>.<\/p>\n<\/div><\/div><\/div>\n\n\t<\/div>\n<\/section>\n<\/div>\n\n\n\n<div class=\"wp-block-column is-layout-flow wp-block-column-is-layout-flow\"><section id=\"etapes-block_99f14399485444d7214dd4a015519b7b\" class=\"etapes block-etapes\" data-aos=\"fade-right\" data-aos-delay=\"100\">\n\t\t\t<div class=\"step-icon\"><img loading=\"lazy\" decoding=\"async\" width=\"300\" height=\"300\" src=\"https:\/\/pharmagest.com\/wp-content\/uploads\/2025\/11\/pharmagest-italia-icone-96-300x300.png\" class=\"attachment-thumbnail size-thumbnail\" alt=\"\" srcset=\"https:\/\/pharmagest.com\/wp-content\/uploads\/2025\/11\/pharmagest-italia-icone-96-300x300.png 300w, https:\/\/pharmagest.com\/wp-content\/uploads\/2025\/11\/pharmagest-italia-icone-96-500x500.png 500w, https:\/\/pharmagest.com\/wp-content\/uploads\/2025\/11\/pharmagest-italia-icone-96-768x768.png 768w, https:\/\/pharmagest.com\/wp-content\/uploads\/2025\/11\/pharmagest-italia-icone-96-820x820.png 820w, https:\/\/pharmagest.com\/wp-content\/uploads\/2025\/11\/pharmagest-italia-icone-96.png 834w\" sizes=\"auto, (max-width: 300px) 100vw, 300px\" \/><\/div>\n\t\t<div class=\"step-content\">\n\t\t\n<div class=\"container\"><div class=\"row\"><div class=\"medium-large-full\">\n<h4 class=\"wp-block-heading has-text-align-left\" id=\"h-connettivita-e-servizi-performanti\" style=\"font-size:18px\"><strong>CONNETTIVIT\u00c0 E SERVIZI PERFORMANTI<\/strong><\/h4>\n<\/div><\/div><\/div>\n\n<div class=\"container\"><div class=\"row\"><div class=\"medium-large-full\">\n<p style=\"font-size:15px\">Per garantire il <strong>massimo della sicurezza<\/strong>, vengono eseguite periodiche attivit\u00e0&nbsp;ispettive da qualificati soggetti terzi, per testare affidabilit\u00e0&nbsp;e la continuit\u00e0.<\/p>\n<\/div><\/div><\/div>\n\n\t<\/div>\n<\/section>\n<\/div>\n<\/div>\n<\/div><\/div><\/div>\n\n<div class=\"container\"><div class=\"row\"><div class=\"medium-large-full\">\n<div style=\"height:20px\" aria-hidden=\"true\" class=\"wp-block-spacer\"><\/div>\n<\/div><\/div><\/div>\n\n<div class=\"container\"><div class=\"row\"><div class=\"medium-large-full\">\n<div class=\"top-button-container\">\n  <a href=\"#\" id=\"top-button\">TORNA SU<\/a>\n<\/div>\n\n<style>\n  \/* Contenitore invisibile *\/\n  .top-button-container {\n    width: 100%;\n    text-align: center;\n    padding: 20px 0;\n    background: transparent !important;\n    border: none !important;\n    box-shadow: none !important;\n    display: none; \/* appare solo dopo scroll *\/\n  }\n\n  \/* Pulsante *\/\n  #top-button {\n    background: #1d2e3d;\n    color: #ffffff;\n    padding: 12px 32px;\n    border-radius: 40px;\n    font-size: 16px;\n    font-weight: 600;\n    text-decoration: none;\n    font-family: sans-serif;\n    transition: background 0.3s;\n  }\n\n  #top-button:hover {\n    background: #006f71;\n  }\n<\/style>\n\n<script>\n  \/\/ Mostra il pulsante solo quando si scrolla\n  window.addEventListener(\"scroll\", function() {\n    const box = document.querySelector(\".top-button-container\");\n    box.style.display = window.scrollY > 300 ? \"block\" : \"none\";\n  });\n\n  \/\/ Scroll morbido verso l\u2019alto\n  document.getElementById(\"top-button\").addEventListener(\"click\", function(e) {\n    e.preventDefault();\n    window.scrollTo({ top: 0, behavior: \"smooth\" });\n  });\n<\/script>\n<\/div><\/div><\/div>\n\n<div class=\"container\"><div class=\"row\"><div class=\"medium-large-full\">\n<div style=\"height:50px\" aria-hidden=\"true\" class=\"wp-block-spacer\"><\/div>\n<\/div><\/div><\/div>\n\n<section id=\"fullwidth-block_fd1460d0ddb4e49b7376f3b132f67bde\" class=\"fullwidth block-fullwidth is-style-background-dark-blue\" data-aos=\"fade-down\">\n        \n<div id=\"titre-perso-block_2061776f77b331343a5645a1cb44ea34\" class=\"titre-perso block-titre-perso aligncenter\">\n\t<div class=\"container\">\n\t\t<div class=\"row\">\n\t\t\t<div class=\"medium-large-full flex-col\">\n\t\t\t\t<h2 class=\"title\" data-aos=\"fade-left\" data-aos-delay=\"100\">\n\t\t\t\t\t\t\t\t\t\t\t<span class=\"meta-title\" data-aos=\"fade-right\" data-aos-delay=\"100\">\n\t\t\t\t\t\t\t<span style=\"color: #FFFFFF;font-size: 45px\">Esperienza e innovazione<\/span>\t\t\t\t\t\t<\/span>\n\t\t\t\t\t\t\t\t\t\t<span class=\"meta-suptitle\" data-aos=\"fade-right\" data-aos-delay=\"200\">\n\t\t\t\t\t\t<span style=\"color: #FFFFFF; padding-top: 5px; font-size: 25px; display: inline-block;\">al servizio di Grossisti e Farmacie.<\/span>\n\t\t\t\t\t\t\t\t\t\t\t<\/span>\n\t\t\t\t<\/h2>\n\t\t\t<\/div>\n\t\t<\/div>\n\t<\/div>\n<\/div>\n\n\n<\/section>\n","protected":false},"excerpt":{"rendered":"<p>Server Farm Dinamicit\u00e0 e sicurezza per Grossisti e Farmacie Italiane. 3 server Farm di propriet\u00e0 in Italia. Pharmagest Italia \u00e8 proprietaria di 3 Server Farm attraverso cui fornisce servizi B2B e B2C ed in grado di far comunicare, in modo sicuro ed affidabile, gli iSeries installati presso i depositi dei clienti e le singole Farmacie [&hellip;]<\/p>\n","protected":false},"featured_media":0,"template":"","product-gammes":[],"class_list":["post-20462","product","type-product","status-publish","hentry"],"acf":[],"yoast_head":"<!-- This site is optimized with the Yoast SEO Premium plugin v27.2 (Yoast SEO v27.3) - https:\/\/yoast.com\/product\/yoast-seo-premium-wordpress\/ -->\n<title>Server Farm - Pharmagest Italia<\/title>\n<meta name=\"robots\" content=\"index, follow, max-snippet:-1, max-image-preview:large, max-video-preview:-1\" \/>\n<link rel=\"canonical\" href=\"https:\/\/pharmagest.com\/it\/soluzioni\/server-farm\/\" \/>\n<meta property=\"og:locale\" content=\"it_IT\" \/>\n<meta property=\"og:type\" content=\"article\" \/>\n<meta property=\"og:title\" content=\"Server Farm\" \/>\n<meta property=\"og:description\" content=\"Server Farm Dinamicit\u00e0 e sicurezza per Grossisti e Farmacie Italiane. 3 server Farm di propriet\u00e0 in Italia. Pharmagest Italia \u00e8 proprietaria di 3 Server Farm attraverso cui fornisce servizi B2B e B2C ed in grado di far comunicare, in modo sicuro ed affidabile, gli iSeries installati presso i depositi dei clienti e le singole Farmacie [&hellip;]\" \/>\n<meta property=\"og:url\" content=\"https:\/\/pharmagest.com\/it\/soluzioni\/server-farm\/\" \/>\n<meta property=\"og:site_name\" content=\"Pharmagest Italia\" \/>\n<meta property=\"article:publisher\" content=\"https:\/\/www.facebook.com\/Pharmagest\/\" \/>\n<meta property=\"article:modified_time\" content=\"2026-01-11T10:44:48+00:00\" \/>\n<meta property=\"og:image\" content=\"https:\/\/pharmagest.com\/wp-content\/uploads\/2025\/10\/pharmagest-italia-distribuzione-server-farm.jpg\" \/>\n\t<meta property=\"og:image:width\" content=\"2000\" \/>\n\t<meta property=\"og:image:height\" content=\"1333\" \/>\n\t<meta property=\"og:image:type\" content=\"image\/jpeg\" \/>\n<meta name=\"twitter:card\" content=\"summary_large_image\" \/>\n<meta name=\"twitter:site\" content=\"@Pharmagest\" \/>\n<meta name=\"twitter:label1\" content=\"Tempo di lettura stimato\" \/>\n\t<meta name=\"twitter:data1\" content=\"2 minuti\" \/>\n<script type=\"application\/ld+json\" class=\"yoast-schema-graph\">{\"@context\":\"https:\\\/\\\/schema.org\",\"@graph\":[{\"@type\":\"WebPage\",\"@id\":\"https:\\\/\\\/pharmagest.com\\\/it\\\/soluzioni\\\/server-farm\\\/\",\"url\":\"https:\\\/\\\/pharmagest.com\\\/it\\\/soluzioni\\\/server-farm\\\/\",\"name\":\"Server Farm - Pharmagest Italia\",\"isPartOf\":{\"@id\":\"https:\\\/\\\/pharmagest.com\\\/it\\\/#website\"},\"primaryImageOfPage\":{\"@id\":\"https:\\\/\\\/pharmagest.com\\\/it\\\/soluzioni\\\/server-farm\\\/#primaryimage\"},\"image\":{\"@id\":\"https:\\\/\\\/pharmagest.com\\\/it\\\/soluzioni\\\/server-farm\\\/#primaryimage\"},\"thumbnailUrl\":\"https:\\\/\\\/pharmagest.com\\\/wp-content\\\/uploads\\\/2025\\\/10\\\/pharmagest-italia-distribuzione-server-farm.jpg\",\"datePublished\":\"2025-10-13T13:42:47+00:00\",\"dateModified\":\"2026-01-11T10:44:48+00:00\",\"breadcrumb\":{\"@id\":\"https:\\\/\\\/pharmagest.com\\\/it\\\/soluzioni\\\/server-farm\\\/#breadcrumb\"},\"inLanguage\":\"it-IT\",\"potentialAction\":[{\"@type\":\"ReadAction\",\"target\":[\"https:\\\/\\\/pharmagest.com\\\/it\\\/soluzioni\\\/server-farm\\\/\"]}]},{\"@type\":\"ImageObject\",\"inLanguage\":\"it-IT\",\"@id\":\"https:\\\/\\\/pharmagest.com\\\/it\\\/soluzioni\\\/server-farm\\\/#primaryimage\",\"url\":\"https:\\\/\\\/pharmagest.com\\\/wp-content\\\/uploads\\\/2025\\\/10\\\/pharmagest-italia-distribuzione-server-farm.jpg\",\"contentUrl\":\"https:\\\/\\\/pharmagest.com\\\/wp-content\\\/uploads\\\/2025\\\/10\\\/pharmagest-italia-distribuzione-server-farm.jpg\"},{\"@type\":\"BreadcrumbList\",\"@id\":\"https:\\\/\\\/pharmagest.com\\\/it\\\/soluzioni\\\/server-farm\\\/#breadcrumb\",\"itemListElement\":[{\"@type\":\"ListItem\",\"position\":1,\"name\":\"Benvenuto\",\"item\":\"https:\\\/\\\/pharmagest.com\\\/it\\\/\"},{\"@type\":\"ListItem\",\"position\":2,\"name\":\"Server Farm\"}]},{\"@type\":\"WebSite\",\"@id\":\"https:\\\/\\\/pharmagest.com\\\/it\\\/#website\",\"url\":\"https:\\\/\\\/pharmagest.com\\\/it\\\/\",\"name\":\"Pharmagest Italia\",\"description\":\"Logiciel complet pour g\u00e9rer votre quotidien de pharmacien.\",\"publisher\":{\"@id\":\"https:\\\/\\\/pharmagest.com\\\/it\\\/#organization\"},\"potentialAction\":[{\"@type\":\"SearchAction\",\"target\":{\"@type\":\"EntryPoint\",\"urlTemplate\":\"https:\\\/\\\/pharmagest.com\\\/it\\\/?s={search_term_string}\"},\"query-input\":{\"@type\":\"PropertyValueSpecification\",\"valueRequired\":true,\"valueName\":\"search_term_string\"}}],\"inLanguage\":\"it-IT\"},{\"@type\":[\"Organization\",\"Place\"],\"@id\":\"https:\\\/\\\/pharmagest.com\\\/it\\\/#organization\",\"name\":\"Pharmagest\",\"url\":\"https:\\\/\\\/pharmagest.com\\\/it\\\/\",\"logo\":{\"@id\":\"https:\\\/\\\/pharmagest.com\\\/it\\\/soluzioni\\\/server-farm\\\/#local-main-organization-logo\"},\"image\":{\"@id\":\"https:\\\/\\\/pharmagest.com\\\/it\\\/soluzioni\\\/server-farm\\\/#local-main-organization-logo\"},\"sameAs\":[\"https:\\\/\\\/www.facebook.com\\\/Pharmagest\\\/\",\"https:\\\/\\\/x.com\\\/Pharmagest\",\"https:\\\/\\\/www.linkedin.com\\\/company\\\/741276\"],\"telephone\":[],\"openingHoursSpecification\":[{\"@type\":\"OpeningHoursSpecification\",\"dayOfWeek\":[\"Monday\",\"Tuesday\",\"Wednesday\",\"Thursday\",\"Friday\",\"Saturday\",\"Sunday\"],\"opens\":\"09:00\",\"closes\":\"17:00\"}]},{\"@type\":\"ImageObject\",\"inLanguage\":\"it-IT\",\"@id\":\"https:\\\/\\\/pharmagest.com\\\/it\\\/soluzioni\\\/server-farm\\\/#local-main-organization-logo\",\"url\":\"https:\\\/\\\/pharmagest.com\\\/wp-content\\\/uploads\\\/2022\\\/12\\\/cropped-logo-pharmagest-3.png\",\"contentUrl\":\"https:\\\/\\\/pharmagest.com\\\/wp-content\\\/uploads\\\/2022\\\/12\\\/cropped-logo-pharmagest-3.png\",\"width\":150,\"height\":100,\"caption\":\"Pharmagest\"}]}<\/script>\n<!-- \/ Yoast SEO Premium plugin. -->","yoast_head_json":{"title":"Server Farm - Pharmagest Italia","robots":{"index":"index","follow":"follow","max-snippet":"max-snippet:-1","max-image-preview":"max-image-preview:large","max-video-preview":"max-video-preview:-1"},"canonical":"https:\/\/pharmagest.com\/it\/soluzioni\/server-farm\/","og_locale":"it_IT","og_type":"article","og_title":"Server Farm","og_description":"Server Farm Dinamicit\u00e0 e sicurezza per Grossisti e Farmacie Italiane. 3 server Farm di propriet\u00e0 in Italia. Pharmagest Italia \u00e8 proprietaria di 3 Server Farm attraverso cui fornisce servizi B2B e B2C ed in grado di far comunicare, in modo sicuro ed affidabile, gli iSeries installati presso i depositi dei clienti e le singole Farmacie [&hellip;]","og_url":"https:\/\/pharmagest.com\/it\/soluzioni\/server-farm\/","og_site_name":"Pharmagest Italia","article_publisher":"https:\/\/www.facebook.com\/Pharmagest\/","article_modified_time":"2026-01-11T10:44:48+00:00","og_image":[{"width":2000,"height":1333,"url":"https:\/\/pharmagest.com\/wp-content\/uploads\/2025\/10\/pharmagest-italia-distribuzione-server-farm.jpg","type":"image\/jpeg"}],"twitter_card":"summary_large_image","twitter_site":"@Pharmagest","twitter_misc":{"Tempo di lettura stimato":"2 minuti"},"schema":{"@context":"https:\/\/schema.org","@graph":[{"@type":"WebPage","@id":"https:\/\/pharmagest.com\/it\/soluzioni\/server-farm\/","url":"https:\/\/pharmagest.com\/it\/soluzioni\/server-farm\/","name":"Server Farm - Pharmagest Italia","isPartOf":{"@id":"https:\/\/pharmagest.com\/it\/#website"},"primaryImageOfPage":{"@id":"https:\/\/pharmagest.com\/it\/soluzioni\/server-farm\/#primaryimage"},"image":{"@id":"https:\/\/pharmagest.com\/it\/soluzioni\/server-farm\/#primaryimage"},"thumbnailUrl":"https:\/\/pharmagest.com\/wp-content\/uploads\/2025\/10\/pharmagest-italia-distribuzione-server-farm.jpg","datePublished":"2025-10-13T13:42:47+00:00","dateModified":"2026-01-11T10:44:48+00:00","breadcrumb":{"@id":"https:\/\/pharmagest.com\/it\/soluzioni\/server-farm\/#breadcrumb"},"inLanguage":"it-IT","potentialAction":[{"@type":"ReadAction","target":["https:\/\/pharmagest.com\/it\/soluzioni\/server-farm\/"]}]},{"@type":"ImageObject","inLanguage":"it-IT","@id":"https:\/\/pharmagest.com\/it\/soluzioni\/server-farm\/#primaryimage","url":"https:\/\/pharmagest.com\/wp-content\/uploads\/2025\/10\/pharmagest-italia-distribuzione-server-farm.jpg","contentUrl":"https:\/\/pharmagest.com\/wp-content\/uploads\/2025\/10\/pharmagest-italia-distribuzione-server-farm.jpg"},{"@type":"BreadcrumbList","@id":"https:\/\/pharmagest.com\/it\/soluzioni\/server-farm\/#breadcrumb","itemListElement":[{"@type":"ListItem","position":1,"name":"Benvenuto","item":"https:\/\/pharmagest.com\/it\/"},{"@type":"ListItem","position":2,"name":"Server Farm"}]},{"@type":"WebSite","@id":"https:\/\/pharmagest.com\/it\/#website","url":"https:\/\/pharmagest.com\/it\/","name":"Pharmagest Italia","description":"Logiciel complet pour g\u00e9rer votre quotidien de pharmacien.","publisher":{"@id":"https:\/\/pharmagest.com\/it\/#organization"},"potentialAction":[{"@type":"SearchAction","target":{"@type":"EntryPoint","urlTemplate":"https:\/\/pharmagest.com\/it\/?s={search_term_string}"},"query-input":{"@type":"PropertyValueSpecification","valueRequired":true,"valueName":"search_term_string"}}],"inLanguage":"it-IT"},{"@type":["Organization","Place"],"@id":"https:\/\/pharmagest.com\/it\/#organization","name":"Pharmagest","url":"https:\/\/pharmagest.com\/it\/","logo":{"@id":"https:\/\/pharmagest.com\/it\/soluzioni\/server-farm\/#local-main-organization-logo"},"image":{"@id":"https:\/\/pharmagest.com\/it\/soluzioni\/server-farm\/#local-main-organization-logo"},"sameAs":["https:\/\/www.facebook.com\/Pharmagest\/","https:\/\/x.com\/Pharmagest","https:\/\/www.linkedin.com\/company\/741276"],"telephone":[],"openingHoursSpecification":[{"@type":"OpeningHoursSpecification","dayOfWeek":["Monday","Tuesday","Wednesday","Thursday","Friday","Saturday","Sunday"],"opens":"09:00","closes":"17:00"}]},{"@type":"ImageObject","inLanguage":"it-IT","@id":"https:\/\/pharmagest.com\/it\/soluzioni\/server-farm\/#local-main-organization-logo","url":"https:\/\/pharmagest.com\/wp-content\/uploads\/2022\/12\/cropped-logo-pharmagest-3.png","contentUrl":"https:\/\/pharmagest.com\/wp-content\/uploads\/2022\/12\/cropped-logo-pharmagest-3.png","width":150,"height":100,"caption":"Pharmagest"}]}},"_links":{"self":[{"href":"https:\/\/pharmagest.com\/it\/wp-json\/wp\/v2\/product\/20462","targetHints":{"allow":["GET"]}}],"collection":[{"href":"https:\/\/pharmagest.com\/it\/wp-json\/wp\/v2\/product"}],"about":[{"href":"https:\/\/pharmagest.com\/it\/wp-json\/wp\/v2\/types\/product"}],"version-history":[{"count":39,"href":"https:\/\/pharmagest.com\/it\/wp-json\/wp\/v2\/product\/20462\/revisions"}],"predecessor-version":[{"id":33876,"href":"https:\/\/pharmagest.com\/it\/wp-json\/wp\/v2\/product\/20462\/revisions\/33876"}],"wp:attachment":[{"href":"https:\/\/pharmagest.com\/it\/wp-json\/wp\/v2\/media?parent=20462"}],"wp:term":[{"taxonomy":"product-gammes","embeddable":true,"href":"https:\/\/pharmagest.com\/it\/wp-json\/wp\/v2\/product-gammes?post=20462"}],"curies":[{"name":"wp","href":"https:\/\/api.w.org\/{rel}","templated":true}]}}