{"id":13359,"date":"2023-12-19T14:11:54","date_gmt":"2023-12-19T13:11:54","guid":{"rendered":"https:\/\/pharmagest.com\/?post_type=product&#038;p=13359"},"modified":"2026-01-11T11:45:58","modified_gmt":"2026-01-11T10:45:58","slug":"zebra-tc26","status":"publish","type":"product","link":"https:\/\/pharmagest.com\/it\/soluzioni\/zebra-tc26\/","title":{"rendered":"Palmari Zebra TC26"},"content":{"rendered":"<div class=\"container\"><div class=\"row\"><div class=\"medium-large-full\">\n<h1 class=\"wp-block-heading\" id=\"h-zebra-tc26\" style=\"font-size:38px\">Zebra TC26<\/h1>\n<\/div><\/div><\/div>\n\n<div class=\"container\"><div class=\"row\"><div class=\"medium-large-full\">\n<p style=\"font-size:25px\">Molto pi\u00f9 che un semplice palmare.<\/p>\n<\/div><\/div><\/div>\n\n<div class=\"container\"><div class=\"row\"><div class=\"medium-large-full\">\n<div style=\"height:10px\" aria-hidden=\"true\" class=\"wp-block-spacer\"><\/div>\n<\/div><\/div><\/div>\n\n<div class=\"container\"><div class=\"row\"><div class=\"medium-large-full\">\n<div class=\"wp-block-buttons is-layout-flex wp-block-buttons-is-layout-flex\">\n<div class=\"wp-block-button\"><a class=\"wp-block-button__link wp-element-button\" href=\"https:\/\/pharmagest.com\/it\/informazioni-distribuzione-intermedia-hardware\/\">INFORMAZIONI<\/a><\/div>\n<\/div>\n<\/div><\/div><\/div>\n\n<div class=\"container\"><div class=\"row\"><div class=\"medium-large-full\">\n<div style=\"height:40px\" aria-hidden=\"true\" class=\"wp-block-spacer\"><\/div>\n<\/div><\/div><\/div>\n\n<div class=\"container\"><div class=\"row\"><div class=\"medium-large-full\">\n<div class=\"wp-block-columns is-layout-flex wp-container-core-columns-is-layout-9d6595d7 wp-block-columns-is-layout-flex\">\n<div class=\"wp-block-column is-layout-flow wp-block-column-is-layout-flow\" style=\"flex-basis:50%\"><div class=\"container\"><div class=\"row\"><div class=\"medium-large-full\">\n<p style=\"font-size:22px\"><strong>Ampio schermo e alta definizione.<\/strong><\/p>\n<\/div><\/div><\/div>\n\n<div class=\"container\"><div class=\"row\"><div class=\"medium-large-full\">\n<div style=\"height:10px\" aria-hidden=\"true\" class=\"wp-block-spacer\"><\/div>\n<\/div><\/div><\/div>\n\n<div class=\"container\"><div class=\"row\"><div class=\"medium-large-full\">\n<p>Il <strong>palmare Zebra TC26<\/strong> \u00e8 particolarmente indicato per le applicazioni in mobilit\u00e0, quali logistica e trasporti, consegna dei colli e missive postali. Pharmagest Italia ha scelto questo terminale per l\u2019applicazione <strong><a href=\"https:\/\/pharmagest.com\/it\/produits\/checktrace\/\">Check&amp;Trace<\/a><\/strong>, sistema di controllo e tracciabilit\u00e0 della consegna della merce e dei documenti; i corrieri vengono dotati di <strong>palmari TC26<\/strong> che assistono tutte le fasi di prelievo e di consegna essendo configurati con uno specifico software <strong>Pharmagest Italia<\/strong> in grado di colloquiare in tempo reale con l\u2019applicativo in uso nel magazzino.<\/p>\n<\/div><\/div><\/div>\n\n<div class=\"container\"><div class=\"row\"><div class=\"medium-large-full\">\n<p>Lo <strong>Zebra TC26<\/strong> \u00e8 dotato di un <strong>ampio schermo touch avanzato da 5\u201d ad alta definizione<\/strong> ed il suo <strong>design leggero (236 g) <\/strong>e pratico lo rende facile da trasportare e semplice da usare con una sola mano. <strong>Molto robusto<\/strong>, il TC26 resiste a polvere, urti, cadute e temperature estreme.<br>Il terminale \u00e8 &nbsp;indossabile a mani libere, l\u2019attacco da polso opzionale fornisce comfort e aumento di produttivit\u00e0.<\/p>\n<\/div><\/div><\/div>\n\n<div class=\"container\"><div class=\"row\"><div class=\"medium-large-full\">\n<p>In fatto di connettivit\u00e0 <em>wireless<\/em>, il <strong>palmare TC26 <\/strong>conferma il primato nella propria categoria con una dotazione completa: <strong>Wi-Fi, cellulare, <em>Bluetooth<\/em>, GPS e NFC<\/strong>. La sua <strong>batteria \u00e8 ricaricabile<\/strong> agli ioni di litio estraibile\/riparabile con capacit\u00e0 standard 3.300 mAh.<\/p>\n<\/div><\/div><\/div>\n\n<div class=\"container\"><div class=\"row\"><div class=\"medium-large-full\">\n<h4 class=\"wp-block-heading\" id=\"h-il-primo-dispositivo-con-android-10\" style=\"font-size:22px\">Il primo dispositivo con Android 10.<\/h4>\n<\/div><\/div><\/div>\n\n<div class=\"container\"><div class=\"row\"><div class=\"medium-large-full\">\n<p>Lo <strong>Zebra TC26<\/strong> \u00e8 il primo dispositivo della sua categoria a offrire <strong>Android 10<\/strong>. La familiarit\u00e0 di Android elimina praticamente qualsiasi necessit\u00e0 di formazione, mentre la disponibilit\u00e0 di Android 10 con il supporto integrato di una prossima release Android rappresenta la massima garanzia per il futuro: i dispositivi che acquistate oggi funzioneranno con le future generazioni del sistema operativo.<\/p>\n<\/div><\/div><\/div><\/div>\n\n\n\n<div class=\"wp-block-column is-layout-flow wp-block-column-is-layout-flow\" style=\"flex-basis:5%\"><\/div>\n\n\n\n<div class=\"wp-block-column is-layout-flow wp-block-column-is-layout-flow\" style=\"flex-basis:45%\">\n<figure class=\"wp-block-image size-full\"><img loading=\"lazy\" decoding=\"async\" width=\"2000\" height=\"1333\" src=\"https:\/\/pharmagest.com\/wp-content\/uploads\/2023\/12\/pharmagest-italia-distribuzione-palmare-TC26.jpg\" alt=\"\" class=\"wp-image-31211\" style=\"object-fit:cover\" srcset=\"https:\/\/pharmagest.com\/wp-content\/uploads\/2023\/12\/pharmagest-italia-distribuzione-palmare-TC26.jpg 2000w, https:\/\/pharmagest.com\/wp-content\/uploads\/2023\/12\/pharmagest-italia-distribuzione-palmare-TC26-500x333.jpg 500w, https:\/\/pharmagest.com\/wp-content\/uploads\/2023\/12\/pharmagest-italia-distribuzione-palmare-TC26-1024x682.jpg 1024w, https:\/\/pharmagest.com\/wp-content\/uploads\/2023\/12\/pharmagest-italia-distribuzione-palmare-TC26-768x512.jpg 768w, https:\/\/pharmagest.com\/wp-content\/uploads\/2023\/12\/pharmagest-italia-distribuzione-palmare-TC26-1536x1024.jpg 1536w\" sizes=\"auto, (max-width: 2000px) 100vw, 2000px\" \/><\/figure>\n<\/div>\n<\/div>\n<\/div><\/div><\/div>\n\n<div class=\"container\"><div class=\"row\"><div class=\"medium-large-full\">\n<div style=\"height:20px\" aria-hidden=\"true\" class=\"wp-block-spacer\"><\/div>\n<\/div><\/div><\/div>\n\n<div class=\"container\"><div class=\"row\"><div class=\"medium-large-full\">\n<div class=\"wp-block-columns is-layout-flex wp-container-core-columns-is-layout-9d6595d7 wp-block-columns-is-layout-flex\">\n<div class=\"wp-block-column is-layout-flow wp-block-column-is-layout-flow\"><section id=\"etapes-block_95f071783cf7643ea650598e84a25a7c\" class=\"etapes block-etapes\" data-aos=\"fade-right\" data-aos-delay=\"100\">\n\t\t\t<div class=\"step-icon\"><img loading=\"lazy\" decoding=\"async\" width=\"300\" height=\"300\" src=\"https:\/\/pharmagest.com\/wp-content\/uploads\/2025\/11\/pharmagest-italia-icone-103-300x300.png\" class=\"attachment-thumbnail size-thumbnail\" alt=\"\" srcset=\"https:\/\/pharmagest.com\/wp-content\/uploads\/2025\/11\/pharmagest-italia-icone-103-300x300.png 300w, https:\/\/pharmagest.com\/wp-content\/uploads\/2025\/11\/pharmagest-italia-icone-103-500x500.png 500w, https:\/\/pharmagest.com\/wp-content\/uploads\/2025\/11\/pharmagest-italia-icone-103-768x768.png 768w, https:\/\/pharmagest.com\/wp-content\/uploads\/2025\/11\/pharmagest-italia-icone-103-820x820.png 820w, https:\/\/pharmagest.com\/wp-content\/uploads\/2025\/11\/pharmagest-italia-icone-103.png 834w\" sizes=\"auto, (max-width: 300px) 100vw, 300px\" \/><\/div>\n\t\t<div class=\"step-content\">\n\t\t\n<div class=\"container\"><div class=\"row\"><div class=\"medium-large-full\">\n<h4 class=\"wp-block-heading\" id=\"h-schermo\" style=\"font-size:18px\"> SCHERMO<\/h4>\n<\/div><\/div><\/div>\n\n<div class=\"container\"><div class=\"row\"><div class=\"medium-large-full\">\n<p style=\"font-size:15px\">Ampio <strong>schermo touch<\/strong> avanzato da <strong>5\u201d<\/strong> ad alta definizione.<\/p>\n<\/div><\/div><\/div>\n\n\t<\/div>\n<\/section>\n<\/div>\n\n\n\n<div class=\"wp-block-column is-layout-flow wp-block-column-is-layout-flow\"><section id=\"etapes-block_0035466b95ea3fae396ac8e3bd8eb394\" class=\"etapes block-etapes\" data-aos=\"fade-right\" data-aos-delay=\"100\">\n\t\t\t<div class=\"step-icon\"><img loading=\"lazy\" decoding=\"async\" width=\"300\" height=\"300\" src=\"https:\/\/pharmagest.com\/wp-content\/uploads\/2025\/11\/pharmagest-italia-icone-60-1-300x300.png\" class=\"attachment-thumbnail size-thumbnail\" alt=\"\" srcset=\"https:\/\/pharmagest.com\/wp-content\/uploads\/2025\/11\/pharmagest-italia-icone-60-1-300x300.png 300w, https:\/\/pharmagest.com\/wp-content\/uploads\/2025\/11\/pharmagest-italia-icone-60-1-500x500.png 500w, https:\/\/pharmagest.com\/wp-content\/uploads\/2025\/11\/pharmagest-italia-icone-60-1-768x768.png 768w, https:\/\/pharmagest.com\/wp-content\/uploads\/2025\/11\/pharmagest-italia-icone-60-1-820x820.png 820w, https:\/\/pharmagest.com\/wp-content\/uploads\/2025\/11\/pharmagest-italia-icone-60-1.png 834w\" sizes=\"auto, (max-width: 300px) 100vw, 300px\" \/><\/div>\n\t\t<div class=\"step-content\">\n\t\t\n<div class=\"container\"><div class=\"row\"><div class=\"medium-large-full\">\n<h4 class=\"wp-block-heading\" id=\"h-leggero\" style=\"font-size:18px\">LEGGERO<\/h4>\n<\/div><\/div><\/div>\n\n<div class=\"container\"><div class=\"row\"><div class=\"medium-large-full\">\n<p style=\"font-size:15px\"><strong>236 g<\/strong>r \u00e8 pratico da trasportare e semplice da usare con una sola mano.<\/p>\n<\/div><\/div><\/div>\n\n\t<\/div>\n<\/section>\n<\/div>\n\n\n\n<div class=\"wp-block-column is-layout-flow wp-block-column-is-layout-flow\"><section id=\"etapes-block_ba6eb403a5c4a356922fb3fbcfd6b982\" class=\"etapes block-etapes\" data-aos=\"fade-right\" data-aos-delay=\"100\">\n\t\t\t<div class=\"step-icon\"><img loading=\"lazy\" decoding=\"async\" width=\"300\" height=\"300\" src=\"https:\/\/pharmagest.com\/wp-content\/uploads\/2025\/11\/pharmagest-italia-icone-102-300x300.png\" class=\"attachment-thumbnail size-thumbnail\" alt=\"\" srcset=\"https:\/\/pharmagest.com\/wp-content\/uploads\/2025\/11\/pharmagest-italia-icone-102-300x300.png 300w, https:\/\/pharmagest.com\/wp-content\/uploads\/2025\/11\/pharmagest-italia-icone-102-500x500.png 500w, https:\/\/pharmagest.com\/wp-content\/uploads\/2025\/11\/pharmagest-italia-icone-102-768x768.png 768w, https:\/\/pharmagest.com\/wp-content\/uploads\/2025\/11\/pharmagest-italia-icone-102-820x820.png 820w, https:\/\/pharmagest.com\/wp-content\/uploads\/2025\/11\/pharmagest-italia-icone-102.png 834w\" sizes=\"auto, (max-width: 300px) 100vw, 300px\" \/><\/div>\n\t\t<div class=\"step-content\">\n\t\t\n<div class=\"container\"><div class=\"row\"><div class=\"medium-large-full\">\n<h4 class=\"wp-block-heading\" id=\"h-robusto\" style=\"font-size:18px\">ROBUSTO<\/h4>\n<\/div><\/div><\/div>\n\n<div class=\"container\"><div class=\"row\"><div class=\"medium-large-full\">\n<p style=\"font-size:15px\"><strong>Resiste a polvere<\/strong>, urti, cadute e temperature estreme.<\/p>\n<\/div><\/div><\/div>\n\n\t<\/div>\n<\/section>\n<\/div>\n<\/div>\n<\/div><\/div><\/div>\n\n<div class=\"container\"><div class=\"row\"><div class=\"medium-large-full\">\n<div style=\"height:20px\" aria-hidden=\"true\" class=\"wp-block-spacer\"><\/div>\n<\/div><\/div><\/div>\n\n<div class=\"container\"><div class=\"row\"><div class=\"medium-large-full\">\n<div class=\"top-button-container\">\n  <a href=\"#\" id=\"top-button\">TORNA SU<\/a>\n<\/div>\n\n<style>\n  \/* Contenitore invisibile *\/\n  .top-button-container {\n    width: 100%;\n    text-align: center;\n    padding: 20px 0;\n    background: transparent !important;\n    border: none !important;\n    box-shadow: none !important;\n    display: none; \/* appare solo dopo scroll *\/\n  }\n\n  \/* Pulsante *\/\n  #top-button {\n    background: #1d2e3d;\n    color: #ffffff;\n    padding: 12px 32px;\n    border-radius: 40px;\n    font-size: 16px;\n    font-weight: 600;\n    text-decoration: none;\n    font-family: sans-serif;\n    transition: background 0.3s;\n  }\n\n  #top-button:hover {\n    background: #006f71;\n  }\n<\/style>\n\n<script>\n  \/\/ Mostra il pulsante solo quando si scrolla\n  window.addEventListener(\"scroll\", function() {\n    const box = document.querySelector(\".top-button-container\");\n    box.style.display = window.scrollY > 300 ? \"block\" : \"none\";\n  });\n\n  \/\/ Scroll morbido verso l\u2019alto\n  document.getElementById(\"top-button\").addEventListener(\"click\", function(e) {\n    e.preventDefault();\n    window.scrollTo({ top: 0, behavior: \"smooth\" });\n  });\n<\/script>\n<\/div><\/div><\/div>\n\n<div class=\"container\"><div class=\"row\"><div class=\"medium-large-full\">\n<div style=\"height:50px\" aria-hidden=\"true\" class=\"wp-block-spacer\"><\/div>\n<\/div><\/div><\/div>\n\n<section id=\"fullwidth-block_d9ae7e86bea2ef335e18db15d7b9b005\" class=\"fullwidth block-fullwidth is-style-background-dark-blue\" data-aos=\"fade-down\">\n        \n<div id=\"titre-perso-block_a151270315ee28586519b93283d2b41f\" class=\"titre-perso block-titre-perso aligncenter\">\n\t<div class=\"container\">\n\t\t<div class=\"row\">\n\t\t\t<div class=\"medium-large-full flex-col\">\n\t\t\t\t<h2 class=\"title\" data-aos=\"fade-left\" data-aos-delay=\"100\">\n\t\t\t\t\t\t\t\t\t\t\t<span class=\"meta-title\" data-aos=\"fade-right\" data-aos-delay=\"100\">\n\t\t\t\t\t\t\t<span style=\"color: #FFFFFF;font-size: 45px\">Esperienza e innovazione<\/span>\t\t\t\t\t\t<\/span>\n\t\t\t\t\t\t\t\t\t\t<span class=\"meta-suptitle\" data-aos=\"fade-right\" data-aos-delay=\"200\">\n\t\t\t\t\t\t<span style=\"color: #FFFFFF; padding-top: 5px; font-size: 25px; display: inline-block;\">al servizio di Grossisti e Farmacie.<\/span>\n\t\t\t\t\t\t\t\t\t\t\t<\/span>\n\t\t\t\t<\/h2>\n\t\t\t<\/div>\n\t\t<\/div>\n\t<\/div>\n<\/div>\n\n\n<\/section>\n\n\n<div class=\"container\"><div class=\"row\"><div class=\"medium-large-full\">\n<p><\/p>\n<\/div><\/div><\/div>","protected":false},"excerpt":{"rendered":"<p>Zebra TC26 Molto pi\u00f9 che un semplice palmare. Ampio schermo e alta definizione. Il palmare Zebra TC26 \u00e8 particolarmente indicato per le applicazioni in mobilit\u00e0, quali logistica e trasporti, consegna dei colli e missive postali. Pharmagest Italia ha scelto questo terminale per l\u2019applicazione Check&amp;Trace, sistema di controllo e tracciabilit\u00e0 della consegna della merce e dei [&hellip;]<\/p>\n","protected":false},"featured_media":0,"template":"","product-gammes":[],"class_list":["post-13359","product","type-product","status-publish","hentry"],"acf":[],"yoast_head":"<!-- This site is optimized with the Yoast SEO Premium plugin v27.2 (Yoast SEO v27.3) - https:\/\/yoast.com\/product\/yoast-seo-premium-wordpress\/ -->\n<title>Palmari Zebra TC26 - Pharmagest Italia<\/title>\n<meta name=\"robots\" content=\"index, follow, max-snippet:-1, max-image-preview:large, max-video-preview:-1\" \/>\n<link rel=\"canonical\" href=\"https:\/\/pharmagest.com\/it\/soluzioni\/zebra-tc26\/\" \/>\n<meta property=\"og:locale\" content=\"it_IT\" \/>\n<meta property=\"og:type\" content=\"article\" \/>\n<meta property=\"og:title\" content=\"Palmari Zebra TC26\" \/>\n<meta property=\"og:description\" content=\"Zebra TC26 Molto pi\u00f9 che un semplice palmare. Ampio schermo e alta definizione. Il palmare Zebra TC26 \u00e8 particolarmente indicato per le applicazioni in mobilit\u00e0, quali logistica e trasporti, consegna dei colli e missive postali. Pharmagest Italia ha scelto questo terminale per l\u2019applicazione Check&amp;Trace, sistema di controllo e tracciabilit\u00e0 della consegna della merce e dei [&hellip;]\" \/>\n<meta property=\"og:url\" content=\"https:\/\/pharmagest.com\/it\/soluzioni\/zebra-tc26\/\" \/>\n<meta property=\"og:site_name\" content=\"Pharmagest Italia\" \/>\n<meta property=\"article:publisher\" content=\"https:\/\/www.facebook.com\/Pharmagest\/\" \/>\n<meta property=\"article:modified_time\" content=\"2026-01-11T10:45:58+00:00\" \/>\n<meta property=\"og:image\" content=\"https:\/\/pharmagest.com\/wp-content\/uploads\/2023\/12\/pharmagest-italia-distribuzione-palmare-TC26.jpg\" \/>\n\t<meta property=\"og:image:width\" content=\"2000\" \/>\n\t<meta property=\"og:image:height\" content=\"1333\" \/>\n\t<meta property=\"og:image:type\" content=\"image\/jpeg\" \/>\n<meta name=\"twitter:card\" content=\"summary_large_image\" \/>\n<meta name=\"twitter:site\" content=\"@Pharmagest\" \/>\n<meta name=\"twitter:label1\" content=\"Tempo di lettura stimato\" \/>\n\t<meta name=\"twitter:data1\" content=\"2 minuti\" \/>\n<script type=\"application\/ld+json\" class=\"yoast-schema-graph\">{\"@context\":\"https:\\\/\\\/schema.org\",\"@graph\":[{\"@type\":\"WebPage\",\"@id\":\"https:\\\/\\\/pharmagest.com\\\/it\\\/soluzioni\\\/zebra-tc26\\\/\",\"url\":\"https:\\\/\\\/pharmagest.com\\\/it\\\/soluzioni\\\/zebra-tc26\\\/\",\"name\":\"Palmari Zebra TC26 - Pharmagest Italia\",\"isPartOf\":{\"@id\":\"https:\\\/\\\/pharmagest.com\\\/it\\\/#website\"},\"primaryImageOfPage\":{\"@id\":\"https:\\\/\\\/pharmagest.com\\\/it\\\/soluzioni\\\/zebra-tc26\\\/#primaryimage\"},\"image\":{\"@id\":\"https:\\\/\\\/pharmagest.com\\\/it\\\/soluzioni\\\/zebra-tc26\\\/#primaryimage\"},\"thumbnailUrl\":\"https:\\\/\\\/pharmagest.com\\\/wp-content\\\/uploads\\\/2023\\\/12\\\/pharmagest-italia-distribuzione-palmare-TC26.jpg\",\"datePublished\":\"2023-12-19T13:11:54+00:00\",\"dateModified\":\"2026-01-11T10:45:58+00:00\",\"breadcrumb\":{\"@id\":\"https:\\\/\\\/pharmagest.com\\\/it\\\/soluzioni\\\/zebra-tc26\\\/#breadcrumb\"},\"inLanguage\":\"it-IT\",\"potentialAction\":[{\"@type\":\"ReadAction\",\"target\":[\"https:\\\/\\\/pharmagest.com\\\/it\\\/soluzioni\\\/zebra-tc26\\\/\"]}]},{\"@type\":\"ImageObject\",\"inLanguage\":\"it-IT\",\"@id\":\"https:\\\/\\\/pharmagest.com\\\/it\\\/soluzioni\\\/zebra-tc26\\\/#primaryimage\",\"url\":\"https:\\\/\\\/pharmagest.com\\\/wp-content\\\/uploads\\\/2023\\\/12\\\/pharmagest-italia-distribuzione-palmare-TC26.jpg\",\"contentUrl\":\"https:\\\/\\\/pharmagest.com\\\/wp-content\\\/uploads\\\/2023\\\/12\\\/pharmagest-italia-distribuzione-palmare-TC26.jpg\"},{\"@type\":\"BreadcrumbList\",\"@id\":\"https:\\\/\\\/pharmagest.com\\\/it\\\/soluzioni\\\/zebra-tc26\\\/#breadcrumb\",\"itemListElement\":[{\"@type\":\"ListItem\",\"position\":1,\"name\":\"Benvenuto\",\"item\":\"https:\\\/\\\/pharmagest.com\\\/it\\\/\"},{\"@type\":\"ListItem\",\"position\":2,\"name\":\"Palmari Zebra TC26\"}]},{\"@type\":\"WebSite\",\"@id\":\"https:\\\/\\\/pharmagest.com\\\/it\\\/#website\",\"url\":\"https:\\\/\\\/pharmagest.com\\\/it\\\/\",\"name\":\"Pharmagest Italia\",\"description\":\"Logiciel complet pour g\u00e9rer votre quotidien de pharmacien.\",\"publisher\":{\"@id\":\"https:\\\/\\\/pharmagest.com\\\/it\\\/#organization\"},\"potentialAction\":[{\"@type\":\"SearchAction\",\"target\":{\"@type\":\"EntryPoint\",\"urlTemplate\":\"https:\\\/\\\/pharmagest.com\\\/it\\\/?s={search_term_string}\"},\"query-input\":{\"@type\":\"PropertyValueSpecification\",\"valueRequired\":true,\"valueName\":\"search_term_string\"}}],\"inLanguage\":\"it-IT\"},{\"@type\":[\"Organization\",\"Place\"],\"@id\":\"https:\\\/\\\/pharmagest.com\\\/it\\\/#organization\",\"name\":\"Pharmagest\",\"url\":\"https:\\\/\\\/pharmagest.com\\\/it\\\/\",\"logo\":{\"@id\":\"https:\\\/\\\/pharmagest.com\\\/it\\\/soluzioni\\\/zebra-tc26\\\/#local-main-organization-logo\"},\"image\":{\"@id\":\"https:\\\/\\\/pharmagest.com\\\/it\\\/soluzioni\\\/zebra-tc26\\\/#local-main-organization-logo\"},\"sameAs\":[\"https:\\\/\\\/www.facebook.com\\\/Pharmagest\\\/\",\"https:\\\/\\\/x.com\\\/Pharmagest\",\"https:\\\/\\\/www.linkedin.com\\\/company\\\/741276\"],\"telephone\":[],\"openingHoursSpecification\":[{\"@type\":\"OpeningHoursSpecification\",\"dayOfWeek\":[\"Monday\",\"Tuesday\",\"Wednesday\",\"Thursday\",\"Friday\",\"Saturday\",\"Sunday\"],\"opens\":\"09:00\",\"closes\":\"17:00\"}]},{\"@type\":\"ImageObject\",\"inLanguage\":\"it-IT\",\"@id\":\"https:\\\/\\\/pharmagest.com\\\/it\\\/soluzioni\\\/zebra-tc26\\\/#local-main-organization-logo\",\"url\":\"https:\\\/\\\/pharmagest.com\\\/wp-content\\\/uploads\\\/2022\\\/12\\\/cropped-logo-pharmagest-3.png\",\"contentUrl\":\"https:\\\/\\\/pharmagest.com\\\/wp-content\\\/uploads\\\/2022\\\/12\\\/cropped-logo-pharmagest-3.png\",\"width\":150,\"height\":100,\"caption\":\"Pharmagest\"}]}<\/script>\n<!-- \/ Yoast SEO Premium plugin. -->","yoast_head_json":{"title":"Palmari Zebra TC26 - Pharmagest Italia","robots":{"index":"index","follow":"follow","max-snippet":"max-snippet:-1","max-image-preview":"max-image-preview:large","max-video-preview":"max-video-preview:-1"},"canonical":"https:\/\/pharmagest.com\/it\/soluzioni\/zebra-tc26\/","og_locale":"it_IT","og_type":"article","og_title":"Palmari Zebra TC26","og_description":"Zebra TC26 Molto pi\u00f9 che un semplice palmare. Ampio schermo e alta definizione. Il palmare Zebra TC26 \u00e8 particolarmente indicato per le applicazioni in mobilit\u00e0, quali logistica e trasporti, consegna dei colli e missive postali. Pharmagest Italia ha scelto questo terminale per l\u2019applicazione Check&amp;Trace, sistema di controllo e tracciabilit\u00e0 della consegna della merce e dei [&hellip;]","og_url":"https:\/\/pharmagest.com\/it\/soluzioni\/zebra-tc26\/","og_site_name":"Pharmagest Italia","article_publisher":"https:\/\/www.facebook.com\/Pharmagest\/","article_modified_time":"2026-01-11T10:45:58+00:00","og_image":[{"width":2000,"height":1333,"url":"https:\/\/pharmagest.com\/wp-content\/uploads\/2023\/12\/pharmagest-italia-distribuzione-palmare-TC26.jpg","type":"image\/jpeg"}],"twitter_card":"summary_large_image","twitter_site":"@Pharmagest","twitter_misc":{"Tempo di lettura stimato":"2 minuti"},"schema":{"@context":"https:\/\/schema.org","@graph":[{"@type":"WebPage","@id":"https:\/\/pharmagest.com\/it\/soluzioni\/zebra-tc26\/","url":"https:\/\/pharmagest.com\/it\/soluzioni\/zebra-tc26\/","name":"Palmari Zebra TC26 - Pharmagest Italia","isPartOf":{"@id":"https:\/\/pharmagest.com\/it\/#website"},"primaryImageOfPage":{"@id":"https:\/\/pharmagest.com\/it\/soluzioni\/zebra-tc26\/#primaryimage"},"image":{"@id":"https:\/\/pharmagest.com\/it\/soluzioni\/zebra-tc26\/#primaryimage"},"thumbnailUrl":"https:\/\/pharmagest.com\/wp-content\/uploads\/2023\/12\/pharmagest-italia-distribuzione-palmare-TC26.jpg","datePublished":"2023-12-19T13:11:54+00:00","dateModified":"2026-01-11T10:45:58+00:00","breadcrumb":{"@id":"https:\/\/pharmagest.com\/it\/soluzioni\/zebra-tc26\/#breadcrumb"},"inLanguage":"it-IT","potentialAction":[{"@type":"ReadAction","target":["https:\/\/pharmagest.com\/it\/soluzioni\/zebra-tc26\/"]}]},{"@type":"ImageObject","inLanguage":"it-IT","@id":"https:\/\/pharmagest.com\/it\/soluzioni\/zebra-tc26\/#primaryimage","url":"https:\/\/pharmagest.com\/wp-content\/uploads\/2023\/12\/pharmagest-italia-distribuzione-palmare-TC26.jpg","contentUrl":"https:\/\/pharmagest.com\/wp-content\/uploads\/2023\/12\/pharmagest-italia-distribuzione-palmare-TC26.jpg"},{"@type":"BreadcrumbList","@id":"https:\/\/pharmagest.com\/it\/soluzioni\/zebra-tc26\/#breadcrumb","itemListElement":[{"@type":"ListItem","position":1,"name":"Benvenuto","item":"https:\/\/pharmagest.com\/it\/"},{"@type":"ListItem","position":2,"name":"Palmari Zebra TC26"}]},{"@type":"WebSite","@id":"https:\/\/pharmagest.com\/it\/#website","url":"https:\/\/pharmagest.com\/it\/","name":"Pharmagest Italia","description":"Logiciel complet pour g\u00e9rer votre quotidien de pharmacien.","publisher":{"@id":"https:\/\/pharmagest.com\/it\/#organization"},"potentialAction":[{"@type":"SearchAction","target":{"@type":"EntryPoint","urlTemplate":"https:\/\/pharmagest.com\/it\/?s={search_term_string}"},"query-input":{"@type":"PropertyValueSpecification","valueRequired":true,"valueName":"search_term_string"}}],"inLanguage":"it-IT"},{"@type":["Organization","Place"],"@id":"https:\/\/pharmagest.com\/it\/#organization","name":"Pharmagest","url":"https:\/\/pharmagest.com\/it\/","logo":{"@id":"https:\/\/pharmagest.com\/it\/soluzioni\/zebra-tc26\/#local-main-organization-logo"},"image":{"@id":"https:\/\/pharmagest.com\/it\/soluzioni\/zebra-tc26\/#local-main-organization-logo"},"sameAs":["https:\/\/www.facebook.com\/Pharmagest\/","https:\/\/x.com\/Pharmagest","https:\/\/www.linkedin.com\/company\/741276"],"telephone":[],"openingHoursSpecification":[{"@type":"OpeningHoursSpecification","dayOfWeek":["Monday","Tuesday","Wednesday","Thursday","Friday","Saturday","Sunday"],"opens":"09:00","closes":"17:00"}]},{"@type":"ImageObject","inLanguage":"it-IT","@id":"https:\/\/pharmagest.com\/it\/soluzioni\/zebra-tc26\/#local-main-organization-logo","url":"https:\/\/pharmagest.com\/wp-content\/uploads\/2022\/12\/cropped-logo-pharmagest-3.png","contentUrl":"https:\/\/pharmagest.com\/wp-content\/uploads\/2022\/12\/cropped-logo-pharmagest-3.png","width":150,"height":100,"caption":"Pharmagest"}]}},"_links":{"self":[{"href":"https:\/\/pharmagest.com\/it\/wp-json\/wp\/v2\/product\/13359","targetHints":{"allow":["GET"]}}],"collection":[{"href":"https:\/\/pharmagest.com\/it\/wp-json\/wp\/v2\/product"}],"about":[{"href":"https:\/\/pharmagest.com\/it\/wp-json\/wp\/v2\/types\/product"}],"version-history":[{"count":38,"href":"https:\/\/pharmagest.com\/it\/wp-json\/wp\/v2\/product\/13359\/revisions"}],"predecessor-version":[{"id":33880,"href":"https:\/\/pharmagest.com\/it\/wp-json\/wp\/v2\/product\/13359\/revisions\/33880"}],"wp:attachment":[{"href":"https:\/\/pharmagest.com\/it\/wp-json\/wp\/v2\/media?parent=13359"}],"wp:term":[{"taxonomy":"product-gammes","embeddable":true,"href":"https:\/\/pharmagest.com\/it\/wp-json\/wp\/v2\/product-gammes?post=13359"}],"curies":[{"name":"wp","href":"https:\/\/api.w.org\/{rel}","templated":true}]}}