{"id":13188,"date":"2023-12-19T10:25:17","date_gmt":"2023-12-19T09:25:17","guid":{"rendered":"https:\/\/pharmagest.com\/?post_type=product&#038;p=13188"},"modified":"2026-01-11T11:42:25","modified_gmt":"2026-01-11T10:42:25","slug":"pharmabridge","status":"publish","type":"product","link":"https:\/\/pharmagest.com\/it\/soluzioni\/pharmabridge\/","title":{"rendered":"PharmaBridge"},"content":{"rendered":"\n<figure class=\"wp-block-image size-medium is-resized is-style-default\"><img loading=\"lazy\" decoding=\"async\" width=\"500\" height=\"94\" src=\"https:\/\/pharmagest.com\/wp-content\/uploads\/2023\/12\/pharmabridge-logo-pharmagest-italia-500x94.png\" alt=\"\" class=\"wp-image-21393\" style=\"width:300px\" srcset=\"https:\/\/pharmagest.com\/wp-content\/uploads\/2023\/12\/pharmabridge-logo-pharmagest-italia-500x94.png 500w, https:\/\/pharmagest.com\/wp-content\/uploads\/2023\/12\/pharmabridge-logo-pharmagest-italia-1024x192.png 1024w, https:\/\/pharmagest.com\/wp-content\/uploads\/2023\/12\/pharmabridge-logo-pharmagest-italia-768x144.png 768w, https:\/\/pharmagest.com\/wp-content\/uploads\/2023\/12\/pharmabridge-logo-pharmagest-italia-1536x288.png 1536w, https:\/\/pharmagest.com\/wp-content\/uploads\/2023\/12\/pharmabridge-logo-pharmagest-italia.png 1856w\" sizes=\"auto, (max-width: 500px) 100vw, 500px\" \/><\/figure>\n\n\n<div class=\"container\"><div class=\"row\"><div class=\"medium-large-full\">\n<div style=\"height:30px\" aria-hidden=\"true\" class=\"wp-block-spacer\"><\/div>\n<\/div><\/div><\/div>\n\n<div class=\"container\"><div class=\"row\"><div class=\"medium-large-full\">\n<h2 class=\"wp-block-heading\" id=\"h-il-ponte-virtuale-per-la-collaborazione-tra-piu-magazzini-e-piu-aziende\" style=\"font-size:38px\">Il ponte virtuale per la collaborazione tra pi\u00f9 magazzini e pi\u00f9 aziende.<\/h2>\n<\/div><\/div><\/div>\n\n<div class=\"container\"><div class=\"row\"><div class=\"medium-large-full\">\n<div class=\"wp-block-buttons is-layout-flex wp-block-buttons-is-layout-flex\">\n<div class=\"wp-block-button\"><a class=\"wp-block-button__link wp-element-button\" href=\"https:\/\/pharmagest.com\/it\/informazioni-distribuzione-intermedia-gestione\/\">INFORMAZIONI<\/a><\/div>\n<\/div>\n<\/div><\/div><\/div>\n\n<div class=\"container\"><div class=\"row\"><div class=\"medium-large-full\">\n<div style=\"height:40px\" aria-hidden=\"true\" class=\"wp-block-spacer\"><\/div>\n<\/div><\/div><\/div>\n\n<div class=\"container\"><div class=\"row\"><div class=\"medium-large-full\">\n<div class=\"wp-block-columns is-layout-flex wp-container-core-columns-is-layout-9d6595d7 wp-block-columns-is-layout-flex\">\n<div class=\"wp-block-column is-layout-flow wp-block-column-is-layout-flow\" style=\"flex-basis:50%\"><div class=\"container\"><div class=\"row\"><div class=\"medium-large-full\">\n<p style=\"font-size:22px\"><strong>Normalizzazione e scambio dei dati tra aziende.<\/strong><\/p>\n<\/div><\/div><\/div>\n\n<div class=\"container\"><div class=\"row\"><div class=\"medium-large-full\">\n<div style=\"height:10px\" aria-hidden=\"true\" class=\"wp-block-spacer\"><\/div>\n<\/div><\/div><\/div>\n\n<div class=\"container\"><div class=\"row\"><div class=\"medium-large-full\">\n<p>La necessit\u00e0 di collaborazione tra le aziende di distribuzione, e tra loro e l\u2019industria farmaceutica, spesso si scontra con le difficolt\u00e0 tecniche di far colloquiare tra di loro sistemi informativi eterogenei e con problemi di&nbsp;sicurezza&nbsp;negli accessi ai dati, che rischiano di limitare fortemente le opportunit\u00e0 di <em>business<\/em>.<br><br>La soluzione <strong>Pharmabridge <\/strong>apporta significativi vantaggi a tutti gli attori coinvolti: <strong>il distributore farmaceutico pu\u00f2 considerare l\u2019intero deposito di un altro grossista o dell\u2019industria farmaceutica come un \u201cmagazzino virtuale\u201d <\/strong>a completa disposizione delle sue farmacie clienti<strong>.<\/strong><\/p>\n<\/div><\/div><\/div>\n\n<div class=\"container\"><div class=\"row\"><div class=\"medium-large-full\">\n<div style=\"height:10px\" aria-hidden=\"true\" class=\"wp-block-spacer\"><\/div>\n<\/div><\/div><\/div>\n\n<div class=\"container\"><div class=\"row\"><div class=\"medium-large-full\">\n<ul class=\"wp-block-list\">\n<li>Il distributore farmaceutico pu\u00f2 <strong>aumentare il livello di servizio offerto<\/strong> ai propri clienti disponendo di ulteriori referenze pur non gestendole fisicamente nei propri magazzini.<\/li>\n<\/ul>\n<\/div><\/div><\/div>\n\n<div class=\"container\"><div class=\"row\"><div class=\"medium-large-full\">\n<div style=\"height:5px\" aria-hidden=\"true\" class=\"wp-block-spacer\"><\/div>\n<\/div><\/div><\/div>\n\n<div class=\"container\"><div class=\"row\"><div class=\"medium-large-full\">\n<ul class=\"wp-block-list\">\n<li>La Farmacia pu\u00f2 comodamente <strong>ordinare i prodotti tramite i tradizionali canali<\/strong>, <a href=\"https:\/\/pharmagest.com\/it\/produits\/farmaclick\/\"><strong>Farmaclick<\/strong> <\/a>e <a href=\"https:\/\/pharmagest.com\/it\/produits\/pharmaweb\/\"><strong>Pharmaweb<\/strong><\/a>, avendo come unico referente il suo distributore di fiducia.<\/li>\n<\/ul>\n<\/div><\/div><\/div>\n\n<div class=\"container\"><div class=\"row\"><div class=\"medium-large-full\">\n<div style=\"height:5px\" aria-hidden=\"true\" class=\"wp-block-spacer\"><\/div>\n<\/div><\/div><\/div>\n\n<div class=\"container\"><div class=\"row\"><div class=\"medium-large-full\">\n<ul class=\"wp-block-list\">\n<li>Il Fornitore terzo (distributore o industria farmaceutica) ha la possibilit\u00e0 di <strong>aumentare esponenzialmente le sue vendite<\/strong>, stipulando accordi commerciali con i maggiori distributori farmaceutici presenti nel territorio nazionale.&nbsp;<\/li>\n<\/ul>\n<\/div><\/div><\/div><\/div>\n\n\n\n<div class=\"wp-block-column is-layout-flow wp-block-column-is-layout-flow\" style=\"flex-basis:5%\"><\/div>\n\n\n\n<div class=\"wp-block-column is-layout-flow wp-block-column-is-layout-flow\" style=\"flex-basis:45%\">\n<figure class=\"wp-block-image size-full\"><img loading=\"lazy\" decoding=\"async\" width=\"2000\" height=\"1333\" src=\"https:\/\/pharmagest.com\/wp-content\/uploads\/2023\/12\/pharmagest-italia-distribuzione-pharmabridge.jpg\" alt=\"\" class=\"wp-image-31418\" style=\"object-fit:cover\" srcset=\"https:\/\/pharmagest.com\/wp-content\/uploads\/2023\/12\/pharmagest-italia-distribuzione-pharmabridge.jpg 2000w, https:\/\/pharmagest.com\/wp-content\/uploads\/2023\/12\/pharmagest-italia-distribuzione-pharmabridge-500x333.jpg 500w, https:\/\/pharmagest.com\/wp-content\/uploads\/2023\/12\/pharmagest-italia-distribuzione-pharmabridge-1024x682.jpg 1024w, https:\/\/pharmagest.com\/wp-content\/uploads\/2023\/12\/pharmagest-italia-distribuzione-pharmabridge-768x512.jpg 768w, https:\/\/pharmagest.com\/wp-content\/uploads\/2023\/12\/pharmagest-italia-distribuzione-pharmabridge-1536x1024.jpg 1536w\" sizes=\"auto, (max-width: 2000px) 100vw, 2000px\" \/><\/figure>\n<\/div>\n<\/div>\n<\/div><\/div><\/div>\n\n<div class=\"container\"><div class=\"row\"><div class=\"medium-large-full\">\n<h4 class=\"wp-block-heading\" id=\"h-gestione-automatica\" style=\"font-size:22px\">Gestione automatica.<\/h4>\n<\/div><\/div><\/div>\n\n<div class=\"container\"><div class=\"row\"><div class=\"medium-large-full\">\n<p><strong>PharmaBridge<\/strong> si occupa, in assoluta sicurezza, della normalizzazione e dello scambio dei dati tra le realt\u00e0 coinvolte, gestendo automaticamente:<\/p>\n<\/div><\/div><\/div>\n\n<div class=\"container\"><div class=\"row\"><div class=\"medium-large-full\">\n<div style=\"height:20px\" aria-hidden=\"true\" class=\"wp-block-spacer\"><\/div>\n<\/div><\/div><\/div>\n\n<div class=\"container\"><div class=\"row\"><div class=\"medium-large-full\">\n<div class=\"wp-block-columns is-layout-flex wp-container-core-columns-is-layout-9d6595d7 wp-block-columns-is-layout-flex\">\n<div class=\"wp-block-column is-layout-flow wp-block-column-is-layout-flow\"><section id=\"etapes-block_740d59bb829ed61707b106ef055abd8e\" class=\"etapes block-etapes\" data-aos=\"fade-right\" data-aos-delay=\"100\">\n\t\t\t<div class=\"step-icon\"><img loading=\"lazy\" decoding=\"async\" width=\"300\" height=\"300\" src=\"https:\/\/pharmagest.com\/wp-content\/uploads\/2025\/11\/pharmagest-italia-icone-93-300x300.png\" class=\"attachment-thumbnail size-thumbnail\" alt=\"\" srcset=\"https:\/\/pharmagest.com\/wp-content\/uploads\/2025\/11\/pharmagest-italia-icone-93-300x300.png 300w, https:\/\/pharmagest.com\/wp-content\/uploads\/2025\/11\/pharmagest-italia-icone-93-500x500.png 500w, https:\/\/pharmagest.com\/wp-content\/uploads\/2025\/11\/pharmagest-italia-icone-93-768x768.png 768w, https:\/\/pharmagest.com\/wp-content\/uploads\/2025\/11\/pharmagest-italia-icone-93-820x820.png 820w, https:\/\/pharmagest.com\/wp-content\/uploads\/2025\/11\/pharmagest-italia-icone-93.png 834w\" sizes=\"auto, (max-width: 300px) 100vw, 300px\" \/><\/div>\n\t\t<div class=\"step-content\">\n\t\t\n<div class=\"container\"><div class=\"row\"><div class=\"medium-large-full\">\n<h4 class=\"wp-block-heading\" id=\"h-ricezione\" style=\"font-size:18px\">RICEZIONE<\/h4>\n<\/div><\/div><\/div>\n\n<div class=\"container\"><div class=\"row\"><div class=\"medium-large-full\">\n<p style=\"font-size:15px\">Ricezione degli <strong>ordini e richieste<\/strong> di disponibilit\u00e0 dei prodotti.<\/p>\n<\/div><\/div><\/div>\n\n\t<\/div>\n<\/section>\n<\/div>\n\n\n\n<div class=\"wp-block-column is-layout-flow wp-block-column-is-layout-flow\"><section id=\"etapes-block_352f842cf477f1292eac00688c3d6736\" class=\"etapes block-etapes\" data-aos=\"fade-right\" data-aos-delay=\"100\">\n\t\t\t<div class=\"step-icon\"><img loading=\"lazy\" decoding=\"async\" width=\"300\" height=\"300\" src=\"https:\/\/pharmagest.com\/wp-content\/uploads\/2025\/11\/pharmagest-italia-icone-32-300x300.png\" class=\"attachment-thumbnail size-thumbnail\" alt=\"\" srcset=\"https:\/\/pharmagest.com\/wp-content\/uploads\/2025\/11\/pharmagest-italia-icone-32-300x300.png 300w, https:\/\/pharmagest.com\/wp-content\/uploads\/2025\/11\/pharmagest-italia-icone-32-500x500.png 500w, https:\/\/pharmagest.com\/wp-content\/uploads\/2025\/11\/pharmagest-italia-icone-32-768x768.png 768w, https:\/\/pharmagest.com\/wp-content\/uploads\/2025\/11\/pharmagest-italia-icone-32-820x820.png 820w, https:\/\/pharmagest.com\/wp-content\/uploads\/2025\/11\/pharmagest-italia-icone-32.png 834w\" sizes=\"auto, (max-width: 300px) 100vw, 300px\" \/><\/div>\n\t\t<div class=\"step-content\">\n\t\t\n<div class=\"container\"><div class=\"row\"><div class=\"medium-large-full\">\n<h4 class=\"wp-block-heading\" id=\"h-stampa\" style=\"font-size:18px\">STAMPA<\/h4>\n<\/div><\/div><\/div>\n\n<div class=\"container\"><div class=\"row\"><div class=\"medium-large-full\">\n<p style=\"font-size:15px\">Stampa <strong>documenti di trasporto <\/strong>relativi ai propri prodotti deviati.<\/p>\n<\/div><\/div><\/div>\n\n\t<\/div>\n<\/section>\n<\/div>\n\n\n\n<div class=\"wp-block-column is-layout-flow wp-block-column-is-layout-flow\"><section id=\"etapes-block_862a0f40188bcce9000585cd4be0f438\" class=\"etapes block-etapes\" data-aos=\"fade-right\" data-aos-delay=\"100\">\n\t\t\t<div class=\"step-icon\"><img loading=\"lazy\" decoding=\"async\" width=\"300\" height=\"300\" src=\"https:\/\/pharmagest.com\/wp-content\/uploads\/2025\/11\/pharmagest-italia-icone-94-300x300.png\" class=\"attachment-thumbnail size-thumbnail\" alt=\"\" srcset=\"https:\/\/pharmagest.com\/wp-content\/uploads\/2025\/11\/pharmagest-italia-icone-94-300x300.png 300w, https:\/\/pharmagest.com\/wp-content\/uploads\/2025\/11\/pharmagest-italia-icone-94-500x500.png 500w, https:\/\/pharmagest.com\/wp-content\/uploads\/2025\/11\/pharmagest-italia-icone-94-768x768.png 768w, https:\/\/pharmagest.com\/wp-content\/uploads\/2025\/11\/pharmagest-italia-icone-94-820x820.png 820w, https:\/\/pharmagest.com\/wp-content\/uploads\/2025\/11\/pharmagest-italia-icone-94.png 834w\" sizes=\"auto, (max-width: 300px) 100vw, 300px\" \/><\/div>\n\t\t<div class=\"step-content\">\n\t\t\n<div class=\"container\"><div class=\"row\"><div class=\"medium-large-full\">\n<h4 class=\"wp-block-heading\" id=\"h-invio\" style=\"font-size:18px\">INVIO<\/h4>\n<\/div><\/div><\/div>\n\n<div class=\"container\"><div class=\"row\"><div class=\"medium-large-full\">\n<p style=\"font-size:15px\"><strong>Invio telematico<\/strong> dei documenti di trasporto, fatturazione&nbsp;e codifica.<\/p>\n<\/div><\/div><\/div>\n\n\t<\/div>\n<\/section>\n<\/div>\n<\/div>\n<\/div><\/div><\/div>\n\n<div class=\"container\"><div class=\"row\"><div class=\"medium-large-full\">\n<div style=\"height:30px\" aria-hidden=\"true\" class=\"wp-block-spacer\"><\/div>\n<\/div><\/div><\/div>\n\n<div class=\"container\"><div class=\"row\"><div class=\"medium-large-full\">\n<div class=\"top-button-container\">\n  <a href=\"#\" id=\"top-button\">TORNA SU<\/a>\n<\/div>\n\n<style>\n  \/* Contenitore invisibile *\/\n  .top-button-container {\n    width: 100%;\n    text-align: center;\n    padding: 20px 0;\n    background: transparent !important;\n    border: none !important;\n    box-shadow: none !important;\n    display: none; \/* appare solo dopo scroll *\/\n  }\n\n  \/* Pulsante *\/\n  #top-button {\n    background: #1d2e3d;\n    color: #ffffff;\n    padding: 12px 32px;\n    border-radius: 40px;\n    font-size: 16px;\n    font-weight: 600;\n    text-decoration: none;\n    font-family: sans-serif;\n    transition: background 0.3s;\n  }\n\n  #top-button:hover {\n    background: #006f71;\n  }\n<\/style>\n\n<script>\n  \/\/ Mostra il pulsante solo quando si scrolla\n  window.addEventListener(\"scroll\", function() {\n    const box = document.querySelector(\".top-button-container\");\n    box.style.display = window.scrollY > 300 ? \"block\" : \"none\";\n  });\n\n  \/\/ Scroll morbido verso l\u2019alto\n  document.getElementById(\"top-button\").addEventListener(\"click\", function(e) {\n    e.preventDefault();\n    window.scrollTo({ top: 0, behavior: \"smooth\" });\n  });\n<\/script>\n<\/div><\/div><\/div>\n\n<div class=\"container\"><div class=\"row\"><div class=\"medium-large-full\">\n<div style=\"height:51px\" aria-hidden=\"true\" class=\"wp-block-spacer\"><\/div>\n<\/div><\/div><\/div>\n\n<section id=\"fullwidth-block_909ceacf108f2b826bea521b64df3c38\" class=\"fullwidth block-fullwidth is-style-background-dark-blue\" data-aos=\"fade-down\">\n        \n<div id=\"titre-perso-block_bda995028fd93dd7084590a0659c628d\" class=\"titre-perso block-titre-perso aligncenter\">\n\t<div class=\"container\">\n\t\t<div class=\"row\">\n\t\t\t<div class=\"medium-large-full flex-col\">\n\t\t\t\t<h2 class=\"title\" data-aos=\"fade-left\" data-aos-delay=\"100\">\n\t\t\t\t\t\t\t\t\t\t\t<span class=\"meta-title\" data-aos=\"fade-right\" data-aos-delay=\"100\">\n\t\t\t\t\t\t\t<span style=\"color: #FFFFFF;font-size: 45px\">Esperienza e innovazione<\/span>\t\t\t\t\t\t<\/span>\n\t\t\t\t\t\t\t\t\t\t<span class=\"meta-suptitle\" data-aos=\"fade-right\" data-aos-delay=\"200\">\n\t\t\t\t\t\t<span style=\"color: #FFFFFF; padding-top: 5px; font-size: 25px; display: inline-block;\">al servizio di Grossisti e Farmacie.<\/span>\n\t\t\t\t\t\t\t\t\t\t\t<\/span>\n\t\t\t\t<\/h2>\n\t\t\t<\/div>\n\t\t<\/div>\n\t<\/div>\n<\/div>\n\n\n<\/section>\n","protected":false},"excerpt":{"rendered":"<p>Il ponte virtuale per la collaborazione tra pi\u00f9 magazzini e pi\u00f9 aziende. Normalizzazione e scambio dei dati tra aziende. La necessit\u00e0 di collaborazione tra le aziende di distribuzione, e tra loro e l\u2019industria farmaceutica, spesso si scontra con le difficolt\u00e0 tecniche di far colloquiare tra di loro sistemi informativi eterogenei e con problemi di&nbsp;sicurezza&nbsp;negli accessi [&hellip;]<\/p>\n","protected":false},"featured_media":0,"template":"","product-gammes":[198],"class_list":["post-13188","product","type-product","status-publish","hentry","product-gammes-distribuzione-intermedia"],"acf":[],"yoast_head":"<!-- This site is optimized with the Yoast SEO Premium plugin v27.2 (Yoast SEO v27.3) - https:\/\/yoast.com\/product\/yoast-seo-premium-wordpress\/ -->\n<title>PharmaBridge - Pharmagest Italia<\/title>\n<meta name=\"robots\" content=\"index, follow, max-snippet:-1, max-image-preview:large, max-video-preview:-1\" \/>\n<link rel=\"canonical\" href=\"https:\/\/pharmagest.com\/it\/soluzioni\/pharmabridge\/\" \/>\n<meta property=\"og:locale\" content=\"it_IT\" \/>\n<meta property=\"og:type\" content=\"article\" \/>\n<meta property=\"og:title\" content=\"PharmaBridge\" \/>\n<meta property=\"og:description\" content=\"Il ponte virtuale per la collaborazione tra pi\u00f9 magazzini e pi\u00f9 aziende. Normalizzazione e scambio dei dati tra aziende. La necessit\u00e0 di collaborazione tra le aziende di distribuzione, e tra loro e l\u2019industria farmaceutica, spesso si scontra con le difficolt\u00e0 tecniche di far colloquiare tra di loro sistemi informativi eterogenei e con problemi di&nbsp;sicurezza&nbsp;negli accessi [&hellip;]\" \/>\n<meta property=\"og:url\" content=\"https:\/\/pharmagest.com\/it\/soluzioni\/pharmabridge\/\" \/>\n<meta property=\"og:site_name\" content=\"Pharmagest Italia\" \/>\n<meta property=\"article:publisher\" content=\"https:\/\/www.facebook.com\/Pharmagest\/\" \/>\n<meta property=\"article:modified_time\" content=\"2026-01-11T10:42:25+00:00\" \/>\n<meta property=\"og:image\" content=\"https:\/\/pharmagest.com\/wp-content\/uploads\/2023\/12\/pharmabridge-logo-pharmagest-italia.png\" \/>\n\t<meta property=\"og:image:width\" content=\"1856\" \/>\n\t<meta property=\"og:image:height\" content=\"348\" \/>\n\t<meta property=\"og:image:type\" content=\"image\/png\" \/>\n<meta name=\"twitter:card\" content=\"summary_large_image\" \/>\n<meta name=\"twitter:site\" content=\"@Pharmagest\" \/>\n<meta name=\"twitter:label1\" content=\"Tempo di lettura stimato\" \/>\n\t<meta name=\"twitter:data1\" content=\"2 minuti\" \/>\n<script type=\"application\/ld+json\" class=\"yoast-schema-graph\">{\"@context\":\"https:\\\/\\\/schema.org\",\"@graph\":[{\"@type\":\"WebPage\",\"@id\":\"https:\\\/\\\/pharmagest.com\\\/it\\\/soluzioni\\\/pharmabridge\\\/\",\"url\":\"https:\\\/\\\/pharmagest.com\\\/it\\\/soluzioni\\\/pharmabridge\\\/\",\"name\":\"PharmaBridge - Pharmagest Italia\",\"isPartOf\":{\"@id\":\"https:\\\/\\\/pharmagest.com\\\/it\\\/#website\"},\"primaryImageOfPage\":{\"@id\":\"https:\\\/\\\/pharmagest.com\\\/it\\\/soluzioni\\\/pharmabridge\\\/#primaryimage\"},\"image\":{\"@id\":\"https:\\\/\\\/pharmagest.com\\\/it\\\/soluzioni\\\/pharmabridge\\\/#primaryimage\"},\"thumbnailUrl\":\"https:\\\/\\\/pharmagest.com\\\/wp-content\\\/uploads\\\/2023\\\/12\\\/pharmabridge-logo-pharmagest-italia-500x94.png\",\"datePublished\":\"2023-12-19T09:25:17+00:00\",\"dateModified\":\"2026-01-11T10:42:25+00:00\",\"breadcrumb\":{\"@id\":\"https:\\\/\\\/pharmagest.com\\\/it\\\/soluzioni\\\/pharmabridge\\\/#breadcrumb\"},\"inLanguage\":\"it-IT\",\"potentialAction\":[{\"@type\":\"ReadAction\",\"target\":[\"https:\\\/\\\/pharmagest.com\\\/it\\\/soluzioni\\\/pharmabridge\\\/\"]}]},{\"@type\":\"ImageObject\",\"inLanguage\":\"it-IT\",\"@id\":\"https:\\\/\\\/pharmagest.com\\\/it\\\/soluzioni\\\/pharmabridge\\\/#primaryimage\",\"url\":\"https:\\\/\\\/pharmagest.com\\\/wp-content\\\/uploads\\\/2023\\\/12\\\/pharmabridge-logo-pharmagest-italia-500x94.png\",\"contentUrl\":\"https:\\\/\\\/pharmagest.com\\\/wp-content\\\/uploads\\\/2023\\\/12\\\/pharmabridge-logo-pharmagest-italia-500x94.png\"},{\"@type\":\"BreadcrumbList\",\"@id\":\"https:\\\/\\\/pharmagest.com\\\/it\\\/soluzioni\\\/pharmabridge\\\/#breadcrumb\",\"itemListElement\":[{\"@type\":\"ListItem\",\"position\":1,\"name\":\"Benvenuto\",\"item\":\"https:\\\/\\\/pharmagest.com\\\/it\\\/\"},{\"@type\":\"ListItem\",\"position\":2,\"name\":\"PharmaBridge\"}]},{\"@type\":\"WebSite\",\"@id\":\"https:\\\/\\\/pharmagest.com\\\/it\\\/#website\",\"url\":\"https:\\\/\\\/pharmagest.com\\\/it\\\/\",\"name\":\"Pharmagest Italia\",\"description\":\"Logiciel complet pour g\u00e9rer votre quotidien de pharmacien.\",\"publisher\":{\"@id\":\"https:\\\/\\\/pharmagest.com\\\/it\\\/#organization\"},\"potentialAction\":[{\"@type\":\"SearchAction\",\"target\":{\"@type\":\"EntryPoint\",\"urlTemplate\":\"https:\\\/\\\/pharmagest.com\\\/it\\\/?s={search_term_string}\"},\"query-input\":{\"@type\":\"PropertyValueSpecification\",\"valueRequired\":true,\"valueName\":\"search_term_string\"}}],\"inLanguage\":\"it-IT\"},{\"@type\":[\"Organization\",\"Place\"],\"@id\":\"https:\\\/\\\/pharmagest.com\\\/it\\\/#organization\",\"name\":\"Pharmagest\",\"url\":\"https:\\\/\\\/pharmagest.com\\\/it\\\/\",\"logo\":{\"@id\":\"https:\\\/\\\/pharmagest.com\\\/it\\\/soluzioni\\\/pharmabridge\\\/#local-main-organization-logo\"},\"image\":{\"@id\":\"https:\\\/\\\/pharmagest.com\\\/it\\\/soluzioni\\\/pharmabridge\\\/#local-main-organization-logo\"},\"sameAs\":[\"https:\\\/\\\/www.facebook.com\\\/Pharmagest\\\/\",\"https:\\\/\\\/x.com\\\/Pharmagest\",\"https:\\\/\\\/www.linkedin.com\\\/company\\\/741276\"],\"telephone\":[],\"openingHoursSpecification\":[{\"@type\":\"OpeningHoursSpecification\",\"dayOfWeek\":[\"Monday\",\"Tuesday\",\"Wednesday\",\"Thursday\",\"Friday\",\"Saturday\",\"Sunday\"],\"opens\":\"09:00\",\"closes\":\"17:00\"}]},{\"@type\":\"ImageObject\",\"inLanguage\":\"it-IT\",\"@id\":\"https:\\\/\\\/pharmagest.com\\\/it\\\/soluzioni\\\/pharmabridge\\\/#local-main-organization-logo\",\"url\":\"https:\\\/\\\/pharmagest.com\\\/wp-content\\\/uploads\\\/2022\\\/12\\\/cropped-logo-pharmagest-3.png\",\"contentUrl\":\"https:\\\/\\\/pharmagest.com\\\/wp-content\\\/uploads\\\/2022\\\/12\\\/cropped-logo-pharmagest-3.png\",\"width\":150,\"height\":100,\"caption\":\"Pharmagest\"}]}<\/script>\n<!-- \/ Yoast SEO Premium plugin. -->","yoast_head_json":{"title":"PharmaBridge - Pharmagest Italia","robots":{"index":"index","follow":"follow","max-snippet":"max-snippet:-1","max-image-preview":"max-image-preview:large","max-video-preview":"max-video-preview:-1"},"canonical":"https:\/\/pharmagest.com\/it\/soluzioni\/pharmabridge\/","og_locale":"it_IT","og_type":"article","og_title":"PharmaBridge","og_description":"Il ponte virtuale per la collaborazione tra pi\u00f9 magazzini e pi\u00f9 aziende. Normalizzazione e scambio dei dati tra aziende. La necessit\u00e0 di collaborazione tra le aziende di distribuzione, e tra loro e l\u2019industria farmaceutica, spesso si scontra con le difficolt\u00e0 tecniche di far colloquiare tra di loro sistemi informativi eterogenei e con problemi di&nbsp;sicurezza&nbsp;negli accessi [&hellip;]","og_url":"https:\/\/pharmagest.com\/it\/soluzioni\/pharmabridge\/","og_site_name":"Pharmagest Italia","article_publisher":"https:\/\/www.facebook.com\/Pharmagest\/","article_modified_time":"2026-01-11T10:42:25+00:00","og_image":[{"width":1856,"height":348,"url":"https:\/\/pharmagest.com\/wp-content\/uploads\/2023\/12\/pharmabridge-logo-pharmagest-italia.png","type":"image\/png"}],"twitter_card":"summary_large_image","twitter_site":"@Pharmagest","twitter_misc":{"Tempo di lettura stimato":"2 minuti"},"schema":{"@context":"https:\/\/schema.org","@graph":[{"@type":"WebPage","@id":"https:\/\/pharmagest.com\/it\/soluzioni\/pharmabridge\/","url":"https:\/\/pharmagest.com\/it\/soluzioni\/pharmabridge\/","name":"PharmaBridge - Pharmagest Italia","isPartOf":{"@id":"https:\/\/pharmagest.com\/it\/#website"},"primaryImageOfPage":{"@id":"https:\/\/pharmagest.com\/it\/soluzioni\/pharmabridge\/#primaryimage"},"image":{"@id":"https:\/\/pharmagest.com\/it\/soluzioni\/pharmabridge\/#primaryimage"},"thumbnailUrl":"https:\/\/pharmagest.com\/wp-content\/uploads\/2023\/12\/pharmabridge-logo-pharmagest-italia-500x94.png","datePublished":"2023-12-19T09:25:17+00:00","dateModified":"2026-01-11T10:42:25+00:00","breadcrumb":{"@id":"https:\/\/pharmagest.com\/it\/soluzioni\/pharmabridge\/#breadcrumb"},"inLanguage":"it-IT","potentialAction":[{"@type":"ReadAction","target":["https:\/\/pharmagest.com\/it\/soluzioni\/pharmabridge\/"]}]},{"@type":"ImageObject","inLanguage":"it-IT","@id":"https:\/\/pharmagest.com\/it\/soluzioni\/pharmabridge\/#primaryimage","url":"https:\/\/pharmagest.com\/wp-content\/uploads\/2023\/12\/pharmabridge-logo-pharmagest-italia-500x94.png","contentUrl":"https:\/\/pharmagest.com\/wp-content\/uploads\/2023\/12\/pharmabridge-logo-pharmagest-italia-500x94.png"},{"@type":"BreadcrumbList","@id":"https:\/\/pharmagest.com\/it\/soluzioni\/pharmabridge\/#breadcrumb","itemListElement":[{"@type":"ListItem","position":1,"name":"Benvenuto","item":"https:\/\/pharmagest.com\/it\/"},{"@type":"ListItem","position":2,"name":"PharmaBridge"}]},{"@type":"WebSite","@id":"https:\/\/pharmagest.com\/it\/#website","url":"https:\/\/pharmagest.com\/it\/","name":"Pharmagest Italia","description":"Logiciel complet pour g\u00e9rer votre quotidien de pharmacien.","publisher":{"@id":"https:\/\/pharmagest.com\/it\/#organization"},"potentialAction":[{"@type":"SearchAction","target":{"@type":"EntryPoint","urlTemplate":"https:\/\/pharmagest.com\/it\/?s={search_term_string}"},"query-input":{"@type":"PropertyValueSpecification","valueRequired":true,"valueName":"search_term_string"}}],"inLanguage":"it-IT"},{"@type":["Organization","Place"],"@id":"https:\/\/pharmagest.com\/it\/#organization","name":"Pharmagest","url":"https:\/\/pharmagest.com\/it\/","logo":{"@id":"https:\/\/pharmagest.com\/it\/soluzioni\/pharmabridge\/#local-main-organization-logo"},"image":{"@id":"https:\/\/pharmagest.com\/it\/soluzioni\/pharmabridge\/#local-main-organization-logo"},"sameAs":["https:\/\/www.facebook.com\/Pharmagest\/","https:\/\/x.com\/Pharmagest","https:\/\/www.linkedin.com\/company\/741276"],"telephone":[],"openingHoursSpecification":[{"@type":"OpeningHoursSpecification","dayOfWeek":["Monday","Tuesday","Wednesday","Thursday","Friday","Saturday","Sunday"],"opens":"09:00","closes":"17:00"}]},{"@type":"ImageObject","inLanguage":"it-IT","@id":"https:\/\/pharmagest.com\/it\/soluzioni\/pharmabridge\/#local-main-organization-logo","url":"https:\/\/pharmagest.com\/wp-content\/uploads\/2022\/12\/cropped-logo-pharmagest-3.png","contentUrl":"https:\/\/pharmagest.com\/wp-content\/uploads\/2022\/12\/cropped-logo-pharmagest-3.png","width":150,"height":100,"caption":"Pharmagest"}]}},"_links":{"self":[{"href":"https:\/\/pharmagest.com\/it\/wp-json\/wp\/v2\/product\/13188","targetHints":{"allow":["GET"]}}],"collection":[{"href":"https:\/\/pharmagest.com\/it\/wp-json\/wp\/v2\/product"}],"about":[{"href":"https:\/\/pharmagest.com\/it\/wp-json\/wp\/v2\/types\/product"}],"version-history":[{"count":39,"href":"https:\/\/pharmagest.com\/it\/wp-json\/wp\/v2\/product\/13188\/revisions"}],"predecessor-version":[{"id":33862,"href":"https:\/\/pharmagest.com\/it\/wp-json\/wp\/v2\/product\/13188\/revisions\/33862"}],"wp:attachment":[{"href":"https:\/\/pharmagest.com\/it\/wp-json\/wp\/v2\/media?parent=13188"}],"wp:term":[{"taxonomy":"product-gammes","embeddable":true,"href":"https:\/\/pharmagest.com\/it\/wp-json\/wp\/v2\/product-gammes?post=13188"}],"curies":[{"name":"wp","href":"https:\/\/api.w.org\/{rel}","templated":true}]}}