{"id":13168,"date":"2023-12-19T10:14:40","date_gmt":"2023-12-19T09:14:40","guid":{"rendered":"https:\/\/pharmagest.com\/?post_type=product&#038;p=13168"},"modified":"2026-01-11T11:41:53","modified_gmt":"2026-01-11T10:41:53","slug":"tsconnect","status":"publish","type":"product","link":"https:\/\/pharmagest.com\/it\/soluzioni\/tsconnect\/","title":{"rendered":"TsConnect"},"content":{"rendered":"\n<figure class=\"wp-block-image size-medium is-resized is-style-default\"><img loading=\"lazy\" decoding=\"async\" width=\"500\" height=\"123\" src=\"https:\/\/pharmagest.com\/wp-content\/uploads\/2023\/12\/tsconnect-logo-pharmagest-italia-500x123.png\" alt=\"\" class=\"wp-image-21284\" style=\"width:280px\" srcset=\"https:\/\/pharmagest.com\/wp-content\/uploads\/2023\/12\/tsconnect-logo-pharmagest-italia-500x123.png 500w, https:\/\/pharmagest.com\/wp-content\/uploads\/2023\/12\/tsconnect-logo-pharmagest-italia-1024x252.png 1024w, https:\/\/pharmagest.com\/wp-content\/uploads\/2023\/12\/tsconnect-logo-pharmagest-italia-768x189.png 768w, https:\/\/pharmagest.com\/wp-content\/uploads\/2023\/12\/tsconnect-logo-pharmagest-italia.png 1416w\" sizes=\"auto, (max-width: 500px) 100vw, 500px\" \/><\/figure>\n\n\n<div class=\"container\"><div class=\"row\"><div class=\"medium-large-full\">\n<div style=\"height:30px\" aria-hidden=\"true\" class=\"wp-block-spacer\"><\/div>\n<\/div><\/div><\/div>\n\n<div class=\"container\"><div class=\"row\"><div class=\"medium-large-full\">\n<h2 class=\"wp-block-heading\" id=\"h-semplifica-e-razionalizza-l-invio-di-comunicazioni-ai-fornitori\" style=\"font-size:38px\"><strong>Semplifica e razionalizza l\u2019invio di comunicazioni ai fornitori.<\/strong><\/h2>\n<\/div><\/div><\/div>\n\n<div class=\"container\"><div class=\"row\"><div class=\"medium-large-full\">\n<div class=\"wp-block-buttons is-layout-flex wp-block-buttons-is-layout-flex\">\n<div class=\"wp-block-button\"><a class=\"wp-block-button__link wp-element-button\" href=\"https:\/\/pharmagest.com\/it\/informazioni-distribuzione-intermedia-connettivita\/\">INFORMAZIONI<\/a><\/div>\n<\/div>\n<\/div><\/div><\/div>\n\n<div class=\"container\"><div class=\"row\"><div class=\"medium-large-full\">\n<div style=\"height:40px\" aria-hidden=\"true\" class=\"wp-block-spacer\"><\/div>\n<\/div><\/div><\/div>\n\n<div class=\"container\"><div class=\"row\"><div class=\"medium-large-full\">\n<div class=\"wp-block-columns is-layout-flex wp-container-core-columns-is-layout-9d6595d7 wp-block-columns-is-layout-flex\">\n<div class=\"wp-block-column is-layout-flow wp-block-column-is-layout-flow\" style=\"flex-basis:50%\"><div class=\"container\"><div class=\"row\"><div class=\"medium-large-full\">\n<p style=\"font-size:22px\"><strong>Comunicazione integrata verso i fornitori<\/strong>.<\/p>\n<\/div><\/div><\/div>\n\n<div class=\"container\"><div class=\"row\"><div class=\"medium-large-full\">\n<div style=\"height:10px\" aria-hidden=\"true\" class=\"wp-block-spacer\"><\/div>\n<\/div><\/div><\/div>\n\n<div class=\"container\"><div class=\"row\"><div class=\"medium-large-full\">\n<p>La gestione delle comunicazioni \u00e8 un ambito complesso per le aziende di distribuzione farmaceutica, data la mole di dati che quotidianamente gestisce e la quantit\u00e0 di enti e fornitori con cui si trova a \u201cdialogare\u201d. Un\u2019azienda di distribuzione farmaceutica di grandi dimensioni arriva a spedire anche oltre <strong>4000 <em>e-mail<\/em> ogni ora<\/strong>. \u00c8 evidente, quindi, la necessit\u00e0 di normalizzare i flussi, ottimizzandone la gestione.<\/p>\n<\/div><\/div><\/div>\n\n<div class=\"container\"><div class=\"row\"><div class=\"medium-large-full\">\n<p><strong>TsConnect<\/strong>&nbsp;\u00e8 la soluzione che consente di gestire in modo integrato ed ottimizzato qualsiasi tipo di <strong>comunicazione verso i fornitori<\/strong>:<\/p>\n<\/div><\/div><\/div>\n\n<div class=\"container\"><div class=\"row\"><div class=\"medium-large-full\">\n<div style=\"height:10px\" aria-hidden=\"true\" class=\"wp-block-spacer\"><\/div>\n<\/div><\/div><\/div>\n\n<div class=\"container\"><div class=\"row\"><div class=\"medium-large-full\">\n<ul class=\"wp-block-list\">\n<li><strong>invio <\/strong>e-mail, DDT, Fatture.<\/li>\n\n\n\n<li>gestione flussi <strong>Dafne<\/strong>.<\/li>\n\n\n\n<li>gestione flussi <strong>Home Banking<\/strong>.<\/li>\n\n\n\n<li>DWH FederfarmaCo.<\/li>\n\n\n\n<li><strong>tracciabilit\u00e0 <\/strong>del farmaco.<\/li>\n\n\n\n<li>gestione flussi <strong>DPC<\/strong>.<\/li>\n\n\n\n<li>invio lettere di <strong>sollecito<\/strong>.<\/li>\n\n\n\n<li>aggiornamento <strong>Bancadati<\/strong>.<\/li>\n\n\n\n<li>invio <strong>SMS<\/strong>.<\/li>\n\n\n\n<li>invio dati <strong>IQVIA<\/strong>.<\/li>\n<\/ul>\n<\/div><\/div><\/div><\/div>\n\n\n\n<div class=\"wp-block-column is-layout-flow wp-block-column-is-layout-flow\" style=\"flex-basis:5%\"><\/div>\n\n\n\n<div class=\"wp-block-column is-layout-flow wp-block-column-is-layout-flow\" style=\"flex-basis:45%\">\n<figure class=\"wp-block-image size-full\"><img loading=\"lazy\" decoding=\"async\" width=\"2000\" height=\"1333\" src=\"https:\/\/pharmagest.com\/wp-content\/uploads\/2023\/12\/pharmagest-italia-distribuzione-tsconnect.jpg\" alt=\"\" class=\"wp-image-31462\" style=\"object-fit:cover\" srcset=\"https:\/\/pharmagest.com\/wp-content\/uploads\/2023\/12\/pharmagest-italia-distribuzione-tsconnect.jpg 2000w, https:\/\/pharmagest.com\/wp-content\/uploads\/2023\/12\/pharmagest-italia-distribuzione-tsconnect-500x333.jpg 500w, https:\/\/pharmagest.com\/wp-content\/uploads\/2023\/12\/pharmagest-italia-distribuzione-tsconnect-1024x682.jpg 1024w, https:\/\/pharmagest.com\/wp-content\/uploads\/2023\/12\/pharmagest-italia-distribuzione-tsconnect-768x512.jpg 768w, https:\/\/pharmagest.com\/wp-content\/uploads\/2023\/12\/pharmagest-italia-distribuzione-tsconnect-1536x1024.jpg 1536w\" sizes=\"auto, (max-width: 2000px) 100vw, 2000px\" \/><\/figure>\n<\/div>\n<\/div>\n<\/div><\/div><\/div>\n\n<div class=\"container\"><div class=\"row\"><div class=\"medium-large-full\">\n<p>Nel 2023, <strong>Pharmagest Italia<\/strong> ha prodotto una nuova versione del modulo <strong>TsConnect<\/strong> che offre maggiore affidabilit\u00e0 e scalabilit\u00e0 del servizio con un paradigma SaaS e sfrutta le potenzialit\u00e0 del <em>Cloud<\/em>, alleggerendo notevolmente le macchine installate in azienda e offrendo maggiori risorse.<\/p>\n<\/div><\/div><\/div>\n\n<div class=\"container\"><div class=\"row\"><div class=\"medium-large-full\">\n<p>Il <strong>TsConnect <\/strong>si presenta con una nuova interfaccia grafica, intuitiva, interattiva e personalizzabile.<\/p>\n<\/div><\/div><\/div>\n\n<div class=\"container\"><div class=\"row\"><div class=\"medium-large-full\">\n<p>Ciascuna funzione di invio presenta notevoli migliorie, tutte volte a <strong>velocizzare <\/strong>ed <strong>ottimizzare <\/strong>le comunicazioni. Il sistema \u00e8 stato concepito in modo da poter inviare documenti a qualunque realt\u00e0 ne faccia richiesta, compatibile con i vari formati oggi conosciuti (Peppol, Pdf, Rest, SFTP, Soap\u2026) Standardizzando le modalit\u00e0 di invio comunicazioni, il carico di lavoro su <strong><a href=\"https:\/\/pharmagest.com\/it\/produits\/difarm\/\">DiFarm<\/a><\/strong> \u00e8 ottimizzato.<\/p>\n<\/div><\/div><\/div>\n\n<div class=\"container\"><div class=\"row\"><div class=\"medium-large-full\">\n<div style=\"height:30px\" aria-hidden=\"true\" class=\"wp-block-spacer\"><\/div>\n<\/div><\/div><\/div>\n\n<div class=\"container\"><div class=\"row\"><div class=\"medium-large-full\">\n<div class=\"wp-block-columns is-layout-flex wp-container-core-columns-is-layout-9d6595d7 wp-block-columns-is-layout-flex\">\n<div class=\"wp-block-column is-layout-flow wp-block-column-is-layout-flow\"><section id=\"etapes-block_4a90eb274bf678def7baba098369f1ec\" class=\"etapes block-etapes\" data-aos=\"fade-right\" data-aos-delay=\"100\">\n\t\t\t<div class=\"step-icon\"><img loading=\"lazy\" decoding=\"async\" width=\"300\" height=\"300\" src=\"https:\/\/pharmagest.com\/wp-content\/uploads\/2025\/11\/pharmagest-italia-icone-10-300x300.png\" class=\"attachment-thumbnail size-thumbnail\" alt=\"\" srcset=\"https:\/\/pharmagest.com\/wp-content\/uploads\/2025\/11\/pharmagest-italia-icone-10-300x300.png 300w, https:\/\/pharmagest.com\/wp-content\/uploads\/2025\/11\/pharmagest-italia-icone-10-500x500.png 500w, https:\/\/pharmagest.com\/wp-content\/uploads\/2025\/11\/pharmagest-italia-icone-10-768x768.png 768w, https:\/\/pharmagest.com\/wp-content\/uploads\/2025\/11\/pharmagest-italia-icone-10-820x820.png 820w, https:\/\/pharmagest.com\/wp-content\/uploads\/2025\/11\/pharmagest-italia-icone-10.png 834w\" sizes=\"auto, (max-width: 300px) 100vw, 300px\" \/><\/div>\n\t\t<div class=\"step-content\">\n\t\t\n<div class=\"container\"><div class=\"row\"><div class=\"medium-large-full\">\n<h4 class=\"wp-block-heading\" id=\"h-gestione\" style=\"font-size:18px\"><strong>GESTIONE<\/strong><\/h4>\n<\/div><\/div><\/div>\n\n<div class=\"container\"><div class=\"row\"><div class=\"medium-large-full\">\n<p style=\"font-size:15px\">Permette di <strong>gestire formati di esportazione diversi<\/strong> (Peppol2.1\/3.0\/PDF + Metadati).<\/p>\n<\/div><\/div><\/div>\n\n\t<\/div>\n<\/section>\n<\/div>\n\n\n\n<div class=\"wp-block-column is-layout-flow wp-block-column-is-layout-flow\"><section id=\"etapes-block_58ca0ea4556a1e6b1133f4fa5eebf168\" class=\"etapes block-etapes\" data-aos=\"fade-right\" data-aos-delay=\"100\">\n\t\t\t<div class=\"step-icon\"><img loading=\"lazy\" decoding=\"async\" width=\"300\" height=\"300\" src=\"https:\/\/pharmagest.com\/wp-content\/uploads\/2025\/11\/pharmagest-italia-icone-47-300x300.png\" class=\"attachment-thumbnail size-thumbnail\" alt=\"\" srcset=\"https:\/\/pharmagest.com\/wp-content\/uploads\/2025\/11\/pharmagest-italia-icone-47-300x300.png 300w, https:\/\/pharmagest.com\/wp-content\/uploads\/2025\/11\/pharmagest-italia-icone-47-500x500.png 500w, https:\/\/pharmagest.com\/wp-content\/uploads\/2025\/11\/pharmagest-italia-icone-47-768x768.png 768w, https:\/\/pharmagest.com\/wp-content\/uploads\/2025\/11\/pharmagest-italia-icone-47-820x820.png 820w, https:\/\/pharmagest.com\/wp-content\/uploads\/2025\/11\/pharmagest-italia-icone-47.png 834w\" sizes=\"auto, (max-width: 300px) 100vw, 300px\" \/><\/div>\n\t\t<div class=\"step-content\">\n\t\t\n<div class=\"container\"><div class=\"row\"><div class=\"medium-large-full\">\n<h4 class=\"wp-block-heading\" id=\"h-effort\" style=\"font-size:18px\"><strong>EFFORT<\/strong><\/h4>\n<\/div><\/div><\/div>\n\n<div class=\"container\"><div class=\"row\"><div class=\"medium-large-full\">\n<p style=\"font-size:15px\"><strong>Riduce l\u2019<em>effort<\/em> di sviluppo <\/strong><em><strong>software<\/strong> <\/em>da parte di chi deve archiviare i documenti.<\/p>\n<\/div><\/div><\/div>\n\n\t<\/div>\n<\/section>\n<\/div>\n\n\n\n<div class=\"wp-block-column is-layout-flow wp-block-column-is-layout-flow\"><section id=\"etapes-block_0bcd6e524d1ede4134738d9c6beca706\" class=\"etapes block-etapes\" data-aos=\"fade-right\" data-aos-delay=\"100\">\n\t\t\t<div class=\"step-icon\"><img loading=\"lazy\" decoding=\"async\" width=\"300\" height=\"300\" src=\"https:\/\/pharmagest.com\/wp-content\/uploads\/2025\/11\/pharmagest-italia-icone-42-300x300.png\" class=\"attachment-thumbnail size-thumbnail\" alt=\"\" srcset=\"https:\/\/pharmagest.com\/wp-content\/uploads\/2025\/11\/pharmagest-italia-icone-42-300x300.png 300w, https:\/\/pharmagest.com\/wp-content\/uploads\/2025\/11\/pharmagest-italia-icone-42-500x500.png 500w, https:\/\/pharmagest.com\/wp-content\/uploads\/2025\/11\/pharmagest-italia-icone-42-768x768.png 768w, https:\/\/pharmagest.com\/wp-content\/uploads\/2025\/11\/pharmagest-italia-icone-42-820x820.png 820w, https:\/\/pharmagest.com\/wp-content\/uploads\/2025\/11\/pharmagest-italia-icone-42.png 834w\" sizes=\"auto, (max-width: 300px) 100vw, 300px\" \/><\/div>\n\t\t<div class=\"step-content\">\n\t\t\n<div class=\"container\"><div class=\"row\"><div class=\"medium-large-full\">\n<h4 class=\"wp-block-heading\" id=\"h-recupero-dati\" style=\"font-size:18px\"><strong>RECUPERO DATI<\/strong><\/h4>\n<\/div><\/div><\/div>\n\n<div class=\"container\"><div class=\"row\"><div class=\"medium-large-full\">\n<p style=\"font-size:15px\"><strong>Recupero dei dati storici<\/strong> anche di migliaia di Farmacie contemporaneamente.<\/p>\n<\/div><\/div><\/div>\n\n\t<\/div>\n<\/section>\n<\/div>\n<\/div>\n<\/div><\/div><\/div>\n\n<div class=\"container\"><div class=\"row\"><div class=\"medium-large-full\">\n<div style=\"height:20px\" aria-hidden=\"true\" class=\"wp-block-spacer\"><\/div>\n<\/div><\/div><\/div>\n\n<div class=\"container\"><div class=\"row\"><div class=\"medium-large-full\">\n<div class=\"top-button-container\">\n  <a href=\"#\" id=\"top-button\">TORNA SU<\/a>\n<\/div>\n\n<style>\n  \/* Contenitore invisibile *\/\n  .top-button-container {\n    width: 100%;\n    text-align: center;\n    padding: 20px 0;\n    background: transparent !important;\n    border: none !important;\n    box-shadow: none !important;\n    display: none; \/* appare solo dopo scroll *\/\n  }\n\n  \/* Pulsante *\/\n  #top-button {\n    background: #1d2e3d;\n    color: #ffffff;\n    padding: 12px 32px;\n    border-radius: 40px;\n    font-size: 16px;\n    font-weight: 600;\n    text-decoration: none;\n    font-family: sans-serif;\n    transition: background 0.3s;\n  }\n\n  #top-button:hover {\n    background: #006f71;\n  }\n<\/style>\n\n<script>\n  \/\/ Mostra il pulsante solo quando si scrolla\n  window.addEventListener(\"scroll\", function() {\n    const box = document.querySelector(\".top-button-container\");\n    box.style.display = window.scrollY > 300 ? \"block\" : \"none\";\n  });\n\n  \/\/ Scroll morbido verso l\u2019alto\n  document.getElementById(\"top-button\").addEventListener(\"click\", function(e) {\n    e.preventDefault();\n    window.scrollTo({ top: 0, behavior: \"smooth\" });\n  });\n<\/script>\n<\/div><\/div><\/div>\n\n<div class=\"container\"><div class=\"row\"><div class=\"medium-large-full\">\n<div style=\"height:50px\" aria-hidden=\"true\" class=\"wp-block-spacer\"><\/div>\n<\/div><\/div><\/div>\n\n<section id=\"fullwidth-block_b1c374b4e5b600dc10a73703d7de6ada\" class=\"fullwidth block-fullwidth is-style-background-dark-blue\" data-aos=\"fade-down\">\n        \n<div id=\"titre-perso-block_00a128dadb8bc05db3c5845797d4f7c1\" class=\"titre-perso block-titre-perso aligncenter\">\n\t<div class=\"container\">\n\t\t<div class=\"row\">\n\t\t\t<div class=\"medium-large-full flex-col\">\n\t\t\t\t<h2 class=\"title\" data-aos=\"fade-left\" data-aos-delay=\"100\">\n\t\t\t\t\t\t\t\t\t\t\t<span class=\"meta-title\" data-aos=\"fade-right\" data-aos-delay=\"100\">\n\t\t\t\t\t\t\t<span style=\"color: #FFFFFF;font-size: 45px\">Esperienza e innovazione<\/span>\t\t\t\t\t\t<\/span>\n\t\t\t\t\t\t\t\t\t\t<span class=\"meta-suptitle\" data-aos=\"fade-right\" data-aos-delay=\"200\">\n\t\t\t\t\t\t<span style=\"color: #FFFFFF; padding-top: 5px; font-size: 25px; display: inline-block;\">al servizio di Grossisti e Farmacie.<\/span>\n\t\t\t\t\t\t\t\t\t\t\t<\/span>\n\t\t\t\t<\/h2>\n\t\t\t<\/div>\n\t\t<\/div>\n\t<\/div>\n<\/div>\n\n\n<\/section>\n","protected":false},"excerpt":{"rendered":"<p>Semplifica e razionalizza l\u2019invio di comunicazioni ai fornitori. Comunicazione integrata verso i fornitori. La gestione delle comunicazioni \u00e8 un ambito complesso per le aziende di distribuzione farmaceutica, data la mole di dati che quotidianamente gestisce e la quantit\u00e0 di enti e fornitori con cui si trova a \u201cdialogare\u201d. Un\u2019azienda di distribuzione farmaceutica di grandi dimensioni [&hellip;]<\/p>\n","protected":false},"featured_media":0,"template":"","product-gammes":[198],"class_list":["post-13168","product","type-product","status-publish","hentry","product-gammes-distribuzione-intermedia"],"acf":[],"yoast_head":"<!-- This site is optimized with the Yoast SEO Premium plugin v27.2 (Yoast SEO v27.3) - https:\/\/yoast.com\/product\/yoast-seo-premium-wordpress\/ -->\n<title>TsConnect - Pharmagest Italia<\/title>\n<meta name=\"robots\" content=\"index, follow, max-snippet:-1, max-image-preview:large, max-video-preview:-1\" \/>\n<link rel=\"canonical\" href=\"https:\/\/pharmagest.com\/it\/soluzioni\/tsconnect\/\" \/>\n<meta property=\"og:locale\" content=\"it_IT\" \/>\n<meta property=\"og:type\" content=\"article\" \/>\n<meta property=\"og:title\" content=\"TsConnect\" \/>\n<meta property=\"og:description\" content=\"Semplifica e razionalizza l\u2019invio di comunicazioni ai fornitori. Comunicazione integrata verso i fornitori. La gestione delle comunicazioni \u00e8 un ambito complesso per le aziende di distribuzione farmaceutica, data la mole di dati che quotidianamente gestisce e la quantit\u00e0 di enti e fornitori con cui si trova a \u201cdialogare\u201d. Un\u2019azienda di distribuzione farmaceutica di grandi dimensioni [&hellip;]\" \/>\n<meta property=\"og:url\" content=\"https:\/\/pharmagest.com\/it\/soluzioni\/tsconnect\/\" \/>\n<meta property=\"og:site_name\" content=\"Pharmagest Italia\" \/>\n<meta property=\"article:publisher\" content=\"https:\/\/www.facebook.com\/Pharmagest\/\" \/>\n<meta property=\"article:modified_time\" content=\"2026-01-11T10:41:53+00:00\" \/>\n<meta property=\"og:image\" content=\"https:\/\/pharmagest.com\/wp-content\/uploads\/2023\/12\/tsconnect-logo-pharmagest-italia.png\" \/>\n\t<meta property=\"og:image:width\" content=\"1416\" \/>\n\t<meta property=\"og:image:height\" content=\"348\" \/>\n\t<meta property=\"og:image:type\" content=\"image\/png\" \/>\n<meta name=\"twitter:card\" content=\"summary_large_image\" \/>\n<meta name=\"twitter:site\" content=\"@Pharmagest\" \/>\n<meta name=\"twitter:label1\" content=\"Tempo di lettura stimato\" \/>\n\t<meta name=\"twitter:data1\" content=\"3 minuti\" \/>\n<script type=\"application\/ld+json\" class=\"yoast-schema-graph\">{\"@context\":\"https:\\\/\\\/schema.org\",\"@graph\":[{\"@type\":\"WebPage\",\"@id\":\"https:\\\/\\\/pharmagest.com\\\/it\\\/soluzioni\\\/tsconnect\\\/\",\"url\":\"https:\\\/\\\/pharmagest.com\\\/it\\\/soluzioni\\\/tsconnect\\\/\",\"name\":\"TsConnect - Pharmagest Italia\",\"isPartOf\":{\"@id\":\"https:\\\/\\\/pharmagest.com\\\/it\\\/#website\"},\"primaryImageOfPage\":{\"@id\":\"https:\\\/\\\/pharmagest.com\\\/it\\\/soluzioni\\\/tsconnect\\\/#primaryimage\"},\"image\":{\"@id\":\"https:\\\/\\\/pharmagest.com\\\/it\\\/soluzioni\\\/tsconnect\\\/#primaryimage\"},\"thumbnailUrl\":\"https:\\\/\\\/pharmagest.com\\\/wp-content\\\/uploads\\\/2023\\\/12\\\/tsconnect-logo-pharmagest-italia-500x123.png\",\"datePublished\":\"2023-12-19T09:14:40+00:00\",\"dateModified\":\"2026-01-11T10:41:53+00:00\",\"breadcrumb\":{\"@id\":\"https:\\\/\\\/pharmagest.com\\\/it\\\/soluzioni\\\/tsconnect\\\/#breadcrumb\"},\"inLanguage\":\"it-IT\",\"potentialAction\":[{\"@type\":\"ReadAction\",\"target\":[\"https:\\\/\\\/pharmagest.com\\\/it\\\/soluzioni\\\/tsconnect\\\/\"]}]},{\"@type\":\"ImageObject\",\"inLanguage\":\"it-IT\",\"@id\":\"https:\\\/\\\/pharmagest.com\\\/it\\\/soluzioni\\\/tsconnect\\\/#primaryimage\",\"url\":\"https:\\\/\\\/pharmagest.com\\\/wp-content\\\/uploads\\\/2023\\\/12\\\/tsconnect-logo-pharmagest-italia-500x123.png\",\"contentUrl\":\"https:\\\/\\\/pharmagest.com\\\/wp-content\\\/uploads\\\/2023\\\/12\\\/tsconnect-logo-pharmagest-italia-500x123.png\"},{\"@type\":\"BreadcrumbList\",\"@id\":\"https:\\\/\\\/pharmagest.com\\\/it\\\/soluzioni\\\/tsconnect\\\/#breadcrumb\",\"itemListElement\":[{\"@type\":\"ListItem\",\"position\":1,\"name\":\"Benvenuto\",\"item\":\"https:\\\/\\\/pharmagest.com\\\/it\\\/\"},{\"@type\":\"ListItem\",\"position\":2,\"name\":\"TsConnect\"}]},{\"@type\":\"WebSite\",\"@id\":\"https:\\\/\\\/pharmagest.com\\\/it\\\/#website\",\"url\":\"https:\\\/\\\/pharmagest.com\\\/it\\\/\",\"name\":\"Pharmagest Italia\",\"description\":\"Logiciel complet pour g\u00e9rer votre quotidien de pharmacien.\",\"publisher\":{\"@id\":\"https:\\\/\\\/pharmagest.com\\\/it\\\/#organization\"},\"potentialAction\":[{\"@type\":\"SearchAction\",\"target\":{\"@type\":\"EntryPoint\",\"urlTemplate\":\"https:\\\/\\\/pharmagest.com\\\/it\\\/?s={search_term_string}\"},\"query-input\":{\"@type\":\"PropertyValueSpecification\",\"valueRequired\":true,\"valueName\":\"search_term_string\"}}],\"inLanguage\":\"it-IT\"},{\"@type\":[\"Organization\",\"Place\"],\"@id\":\"https:\\\/\\\/pharmagest.com\\\/it\\\/#organization\",\"name\":\"Pharmagest\",\"url\":\"https:\\\/\\\/pharmagest.com\\\/it\\\/\",\"logo\":{\"@id\":\"https:\\\/\\\/pharmagest.com\\\/it\\\/soluzioni\\\/tsconnect\\\/#local-main-organization-logo\"},\"image\":{\"@id\":\"https:\\\/\\\/pharmagest.com\\\/it\\\/soluzioni\\\/tsconnect\\\/#local-main-organization-logo\"},\"sameAs\":[\"https:\\\/\\\/www.facebook.com\\\/Pharmagest\\\/\",\"https:\\\/\\\/x.com\\\/Pharmagest\",\"https:\\\/\\\/www.linkedin.com\\\/company\\\/741276\"],\"telephone\":[],\"openingHoursSpecification\":[{\"@type\":\"OpeningHoursSpecification\",\"dayOfWeek\":[\"Monday\",\"Tuesday\",\"Wednesday\",\"Thursday\",\"Friday\",\"Saturday\",\"Sunday\"],\"opens\":\"09:00\",\"closes\":\"17:00\"}]},{\"@type\":\"ImageObject\",\"inLanguage\":\"it-IT\",\"@id\":\"https:\\\/\\\/pharmagest.com\\\/it\\\/soluzioni\\\/tsconnect\\\/#local-main-organization-logo\",\"url\":\"https:\\\/\\\/pharmagest.com\\\/wp-content\\\/uploads\\\/2022\\\/12\\\/cropped-logo-pharmagest-3.png\",\"contentUrl\":\"https:\\\/\\\/pharmagest.com\\\/wp-content\\\/uploads\\\/2022\\\/12\\\/cropped-logo-pharmagest-3.png\",\"width\":150,\"height\":100,\"caption\":\"Pharmagest\"}]}<\/script>\n<!-- \/ Yoast SEO Premium plugin. -->","yoast_head_json":{"title":"TsConnect - Pharmagest Italia","robots":{"index":"index","follow":"follow","max-snippet":"max-snippet:-1","max-image-preview":"max-image-preview:large","max-video-preview":"max-video-preview:-1"},"canonical":"https:\/\/pharmagest.com\/it\/soluzioni\/tsconnect\/","og_locale":"it_IT","og_type":"article","og_title":"TsConnect","og_description":"Semplifica e razionalizza l\u2019invio di comunicazioni ai fornitori. Comunicazione integrata verso i fornitori. La gestione delle comunicazioni \u00e8 un ambito complesso per le aziende di distribuzione farmaceutica, data la mole di dati che quotidianamente gestisce e la quantit\u00e0 di enti e fornitori con cui si trova a \u201cdialogare\u201d. Un\u2019azienda di distribuzione farmaceutica di grandi dimensioni [&hellip;]","og_url":"https:\/\/pharmagest.com\/it\/soluzioni\/tsconnect\/","og_site_name":"Pharmagest Italia","article_publisher":"https:\/\/www.facebook.com\/Pharmagest\/","article_modified_time":"2026-01-11T10:41:53+00:00","og_image":[{"width":1416,"height":348,"url":"https:\/\/pharmagest.com\/wp-content\/uploads\/2023\/12\/tsconnect-logo-pharmagest-italia.png","type":"image\/png"}],"twitter_card":"summary_large_image","twitter_site":"@Pharmagest","twitter_misc":{"Tempo di lettura stimato":"3 minuti"},"schema":{"@context":"https:\/\/schema.org","@graph":[{"@type":"WebPage","@id":"https:\/\/pharmagest.com\/it\/soluzioni\/tsconnect\/","url":"https:\/\/pharmagest.com\/it\/soluzioni\/tsconnect\/","name":"TsConnect - Pharmagest Italia","isPartOf":{"@id":"https:\/\/pharmagest.com\/it\/#website"},"primaryImageOfPage":{"@id":"https:\/\/pharmagest.com\/it\/soluzioni\/tsconnect\/#primaryimage"},"image":{"@id":"https:\/\/pharmagest.com\/it\/soluzioni\/tsconnect\/#primaryimage"},"thumbnailUrl":"https:\/\/pharmagest.com\/wp-content\/uploads\/2023\/12\/tsconnect-logo-pharmagest-italia-500x123.png","datePublished":"2023-12-19T09:14:40+00:00","dateModified":"2026-01-11T10:41:53+00:00","breadcrumb":{"@id":"https:\/\/pharmagest.com\/it\/soluzioni\/tsconnect\/#breadcrumb"},"inLanguage":"it-IT","potentialAction":[{"@type":"ReadAction","target":["https:\/\/pharmagest.com\/it\/soluzioni\/tsconnect\/"]}]},{"@type":"ImageObject","inLanguage":"it-IT","@id":"https:\/\/pharmagest.com\/it\/soluzioni\/tsconnect\/#primaryimage","url":"https:\/\/pharmagest.com\/wp-content\/uploads\/2023\/12\/tsconnect-logo-pharmagest-italia-500x123.png","contentUrl":"https:\/\/pharmagest.com\/wp-content\/uploads\/2023\/12\/tsconnect-logo-pharmagest-italia-500x123.png"},{"@type":"BreadcrumbList","@id":"https:\/\/pharmagest.com\/it\/soluzioni\/tsconnect\/#breadcrumb","itemListElement":[{"@type":"ListItem","position":1,"name":"Benvenuto","item":"https:\/\/pharmagest.com\/it\/"},{"@type":"ListItem","position":2,"name":"TsConnect"}]},{"@type":"WebSite","@id":"https:\/\/pharmagest.com\/it\/#website","url":"https:\/\/pharmagest.com\/it\/","name":"Pharmagest Italia","description":"Logiciel complet pour g\u00e9rer votre quotidien de pharmacien.","publisher":{"@id":"https:\/\/pharmagest.com\/it\/#organization"},"potentialAction":[{"@type":"SearchAction","target":{"@type":"EntryPoint","urlTemplate":"https:\/\/pharmagest.com\/it\/?s={search_term_string}"},"query-input":{"@type":"PropertyValueSpecification","valueRequired":true,"valueName":"search_term_string"}}],"inLanguage":"it-IT"},{"@type":["Organization","Place"],"@id":"https:\/\/pharmagest.com\/it\/#organization","name":"Pharmagest","url":"https:\/\/pharmagest.com\/it\/","logo":{"@id":"https:\/\/pharmagest.com\/it\/soluzioni\/tsconnect\/#local-main-organization-logo"},"image":{"@id":"https:\/\/pharmagest.com\/it\/soluzioni\/tsconnect\/#local-main-organization-logo"},"sameAs":["https:\/\/www.facebook.com\/Pharmagest\/","https:\/\/x.com\/Pharmagest","https:\/\/www.linkedin.com\/company\/741276"],"telephone":[],"openingHoursSpecification":[{"@type":"OpeningHoursSpecification","dayOfWeek":["Monday","Tuesday","Wednesday","Thursday","Friday","Saturday","Sunday"],"opens":"09:00","closes":"17:00"}]},{"@type":"ImageObject","inLanguage":"it-IT","@id":"https:\/\/pharmagest.com\/it\/soluzioni\/tsconnect\/#local-main-organization-logo","url":"https:\/\/pharmagest.com\/wp-content\/uploads\/2022\/12\/cropped-logo-pharmagest-3.png","contentUrl":"https:\/\/pharmagest.com\/wp-content\/uploads\/2022\/12\/cropped-logo-pharmagest-3.png","width":150,"height":100,"caption":"Pharmagest"}]}},"_links":{"self":[{"href":"https:\/\/pharmagest.com\/it\/wp-json\/wp\/v2\/product\/13168","targetHints":{"allow":["GET"]}}],"collection":[{"href":"https:\/\/pharmagest.com\/it\/wp-json\/wp\/v2\/product"}],"about":[{"href":"https:\/\/pharmagest.com\/it\/wp-json\/wp\/v2\/types\/product"}],"version-history":[{"count":109,"href":"https:\/\/pharmagest.com\/it\/wp-json\/wp\/v2\/product\/13168\/revisions"}],"predecessor-version":[{"id":33860,"href":"https:\/\/pharmagest.com\/it\/wp-json\/wp\/v2\/product\/13168\/revisions\/33860"}],"wp:attachment":[{"href":"https:\/\/pharmagest.com\/it\/wp-json\/wp\/v2\/media?parent=13168"}],"wp:term":[{"taxonomy":"product-gammes","embeddable":true,"href":"https:\/\/pharmagest.com\/it\/wp-json\/wp\/v2\/product-gammes?post=13168"}],"curies":[{"name":"wp","href":"https:\/\/api.w.org\/{rel}","templated":true}]}}