{"id":24568,"date":"2025-11-25T13:53:26","date_gmt":"2025-11-25T12:53:26","guid":{"rendered":"https:\/\/pharmagest.com\/?page_id=24568"},"modified":"2025-12-19T16:15:51","modified_gmt":"2025-12-19T15:15:51","slug":"whistleblowing","status":"publish","type":"page","link":"https:\/\/pharmagest.com\/it\/whistleblowing\/","title":{"rendered":"Whistleblowing"},"content":{"rendered":"<div class=\"container\"><div class=\"row\"><div class=\"medium-large-full\">\n<p style=\"font-size:25px\"><strong>Canale di segnalazione di illeciti<\/strong>.<\/p>\n<\/div><\/div><\/div>\n\n<div class=\"container\"><div class=\"row\"><div class=\"medium-large-full\">\n<p><strong>Pharmagest Italia<\/strong>&nbsp;ha predisposto un canale di segnalazione tramite un\u2019applicazione online per coloro che intendano segnalare una delle condotte illecite previste dal D.Lgs. 24\/2023:<\/p>\n<\/div><\/div><\/div>\n\n<div class=\"container\"><div class=\"row\"><div class=\"medium-large-full\">\n<div style=\"height:10px\" aria-hidden=\"true\" class=\"wp-block-spacer\"><\/div>\n<\/div><\/div><\/div>\n\n<div class=\"container\"><div class=\"row\"><div class=\"medium-large-full\">\n<p><strong>MODALIT<strong>\u00c0<\/strong> DI TRASMISSIONE DELLA SEGNALAZIONE<\/strong><br>Per accedere al canale di segnalazione, occorre utilizzare il bottone &#8220;INVIA UNA SEGNALAZIONE&#8221; in calce a questo testo.<br>In questo modo, non rimarr\u00e0 alcuna traccia sul nostro sito dell\u2019accesso al canale di segnalazione.<br>Clicca per scaricare la&nbsp;<a href=\"https:\/\/www.pharmagest.it\/file\/s\/PHARMAGEST\/f\/Trusty-Guida-Rapida-per-i-Segnalanti.pdf\">Guida Rapida all\u2019utilizzo dell\u2019applicazione (646,30 KB)<\/a>.<br>Durante il processo di segnalazione, il segnalante potr\u00e0 scegliere se rivelare la propria identit\u00e0 o rimanere anonimo.<br>Il segnalante cha abbia inizialmente scelto di rimanere anonimo potr\u00e0 fornire le proprie generalit\u00e0 anche in un secondo momento.<br>Subito dopo l\u2019invio, l\u2019applicazione rilascer\u00e0 al segnalante un codice identificativo ed una password.<br>\u00c8 fondamentale annotare\/salvare tali credenziali, in quanto non potranno essere recuperate in caso di smarrimento.<br>Tali credenziali consentiranno al segnalante di accedere alla propria segnalazione tramite il portale, per monitorarne lo stato di avanzamento, per inserire ulteriori elementi, per fornire le proprie generalit\u00e0 o per rispondere ad eventuali domande dell\u2019Organismo di Vigilanza.<\/p>\n<\/div><\/div><\/div>\n\n<div class=\"container\"><div class=\"row\"><div class=\"medium-large-full\">\n<div style=\"height:10px\" aria-hidden=\"true\" class=\"wp-block-spacer\"><\/div>\n<\/div><\/div><\/div>\n\n<div class=\"container\"><div class=\"row\"><div class=\"medium-large-full\">\n<p><strong>CHI GESTISCE LA SEGNALAZIONE<\/strong><br>Le segnalazioni potranno essere visualizzate unicamente dall\u2019Organismo di Vigilanza della Pharmagest Italia, istituito ai sensi del D.Lgs. 231\/2001, cui \u00e8 affidato il compito di gestirle.<\/p>\n<\/div><\/div><\/div>\n\n<div class=\"container\"><div class=\"row\"><div class=\"medium-large-full\">\n<div style=\"height:10px\" aria-hidden=\"true\" class=\"wp-block-spacer\"><\/div>\n<\/div><\/div><\/div>\n\n<div class=\"container\"><div class=\"row\"><div class=\"medium-large-full\">\n<p><strong>TUTELA E RESPONSABILIT<strong>\u00c0<\/strong> DEL SEGNALANTE<\/strong><br>L\u2019applicazione \u00e8 dotata di misure di sicurezza idonee a garantire la riservatezza del segnalante e delle segnalazioni.<br>L\u2019Organismo di Vigilanza, incaricato di gestire le segnalazioni, \u00e8 un organismo indipendente ed autonomo, che \u00e8 obbligato a mantenere la riservatezza sull\u2019identit\u00e0 del segnalante.<br>Nessuna ritorsione o discriminazione, diretta o indiretta, pu\u00f2 derivare a chi abbia in buona fede effettuato una segnalazione.<br>Chi effettua volutamente segnalazioni false o infondate, al solo scopo di danneggiare altri, potr\u00e0 essere denunciato all\u2019autorit\u00e0 giudiziaria.<\/p>\n<\/div><\/div><\/div>\n\n<div class=\"container\"><div class=\"row\"><div class=\"medium-large-full\">\n<div style=\"height:10px\" aria-hidden=\"true\" class=\"wp-block-spacer\"><\/div>\n<\/div><\/div><\/div>\n\n<div class=\"container\"><div class=\"row\"><div class=\"medium-large-full\">\n<p><strong>TUTELA DEL SEGNALATO<\/strong><br>La segnalazione non \u00e8 sufficiente ad avviare alcun procedimento disciplinare nei confronti del soggetto segnalato. Qualora le condotte segnalate trovino sufficienti elementi di riscontro, la Societ\u00e0 potr\u00e0 decidere di aprire un procedimento disciplinare nei confronti dei presunti autori delle condotte illecite.<br>In tal caso, tali soggetti verranno contattati e verr\u00e0 loro garantito il diritto di difesa.<\/p>\n<\/div><\/div><\/div>\n\n<div class=\"container\"><div class=\"row\"><div class=\"medium-large-full\">\n<div style=\"height:10px\" aria-hidden=\"true\" class=\"wp-block-spacer\"><\/div>\n<\/div><\/div><\/div>\n\n<div class=\"container\"><div class=\"row\"><div class=\"medium-large-full\">\n<p><strong>TUTELA DELLA PRIVACY<\/strong><br>Gli eventuali dati personali e sensibili contenuti nella segnalazione, inclusi quelli relativi all\u2019identit\u00e0 del segnalante o di altri individui, verranno trattati nel pieno rispetto della normativa, comunitaria e nazionale, in materia di protezione dei dati personali.<\/p>\n<\/div><\/div><\/div>\n\n<div class=\"container\"><div class=\"row\"><div class=\"medium-large-full\">\n<div style=\"height:30px\" aria-hidden=\"true\" class=\"wp-block-spacer\"><\/div>\n<\/div><\/div><\/div>\n\n<div class=\"container\"><div class=\"row\"><div class=\"medium-large-full\">\n<p>Ho preso visione della informativa sulla <em>privacy <\/em>relativa al <strong>Whistleblowing<\/strong>.<\/p>\n<\/div><\/div><\/div>\n\n<div class=\"container\"><div class=\"row\"><div class=\"medium-large-full\">\n<div style=\"height:10px\" aria-hidden=\"true\" class=\"wp-block-spacer\"><\/div>\n<\/div><\/div><\/div>\n\n<div class=\"container\"><div class=\"row\"><div class=\"medium-large-full\">\n<details class=\"wp-block-details is-layout-flow wp-block-details-is-layout-flow\"><summary><strong>Leggi l&#8217;informativa<\/strong><\/summary><div class=\"container\"><div class=\"row\"><div class=\"medium-large-full\">\n<div style=\"height:10px\" aria-hidden=\"true\" class=\"wp-block-spacer\"><\/div>\n<\/div><\/div><\/div>\n\n<div class=\"container\"><div class=\"row\"><div class=\"medium-large-full\">\n<p>Procedi con la procedura d&#8217;invio della tua segnalazione <strong>solo dopo aver letto l&#8217;informativa <\/strong><em><strong>privacy<\/strong> <\/em>ai sensi dell&#8217;art. 13 del regolamento (UE) 2016\/679 sul trattamento dei dati personali dei soggetti che segnalano illeciti (d.lgs. n\u00b0 24\/2023)<\/p>\n<\/div><\/div><\/div>\n\n<div class=\"container\"><div class=\"row\"><div class=\"medium-large-full\">\n<p><a href=\"https:\/\/www.pharmagest.it\/file\/s\/PHARMAGEST\/f\/privacyWhistleblowing.pdf\"><strong>DOCUMENTO INFORMATIVA PRIVACY<\/strong><\/a><\/p>\n<\/div><\/div><\/div><\/details>\n<\/div><\/div><\/div>\n\n<div class=\"container\"><div class=\"row\"><div class=\"medium-large-full\">\n<div style=\"height:30px\" aria-hidden=\"true\" class=\"wp-block-spacer\"><\/div>\n<\/div><\/div><\/div>\n\n<div class=\"container\"><div class=\"row\"><div class=\"medium-large-full\">\n<div class=\"wp-block-buttons is-layout-flex wp-block-buttons-is-layout-flex\">\n<div class=\"wp-block-button\"><a class=\"wp-block-button__link wp-element-button\" href=\"https:\/\/pharmagest.trusty.report\/\" target=\"_blank\" rel=\"noreferrer noopener\">INVIA SEGNALAZIONE<\/a><\/div>\n<\/div>\n<\/div><\/div><\/div>\n\n<div class=\"container\"><div class=\"row\"><div class=\"medium-large-full\">\n<div style=\"height:50px\" aria-hidden=\"true\" class=\"wp-block-spacer\"><\/div>\n<\/div><\/div><\/div>\n\n<section id=\"fullwidth-block_675740d2297c44b8b73d3807ae9662e1\" class=\"fullwidth block-fullwidth is-style-background-dark-blue\" data-aos=\"fade-down\">\n        \n<div id=\"titre-perso-block_30ca3cf81630c89a45a0fbc9b6c955c9\" class=\"titre-perso block-titre-perso aligncenter\">\n\t<div class=\"container\">\n\t\t<div class=\"row\">\n\t\t\t<div class=\"medium-large-full flex-col\">\n\t\t\t\t<h2 class=\"title\" data-aos=\"fade-left\" data-aos-delay=\"100\">\n\t\t\t\t\t\t\t\t\t\t\t<span class=\"meta-title\" data-aos=\"fade-right\" data-aos-delay=\"100\">\n\t\t\t\t\t\t\t<span style=\"color: #FFFFFF;font-size: 45px\">Esperienza e innovazione<\/span>\t\t\t\t\t\t<\/span>\n\t\t\t\t\t\t\t\t\t\t<span class=\"meta-suptitle\" data-aos=\"fade-right\" data-aos-delay=\"200\">\n\t\t\t\t\t\t<span style=\"color: #FFFFFF; padding-top: 5px; font-size: 25px; display: inline-block;\">al servizio di Grossisti e Farmacie.<\/span>\n\t\t\t\t\t\t\t\t\t\t\t<\/span>\n\t\t\t\t<\/h2>\n\t\t\t<\/div>\n\t\t<\/div>\n\t<\/div>\n<\/div>\n\n\n<\/section>\n","protected":false},"excerpt":{"rendered":"<p>Canale di segnalazione di illeciti. Pharmagest Italia&nbsp;ha predisposto un canale di segnalazione tramite un\u2019applicazione online per coloro che intendano segnalare una delle condotte illecite previste dal D.Lgs. 24\/2023: MODALIT\u00c0 DI TRASMISSIONE DELLA SEGNALAZIONEPer accedere al canale di segnalazione, occorre utilizzare il bottone &#8220;INVIA UNA SEGNALAZIONE&#8221; in calce a questo testo.In questo modo, non rimarr\u00e0 alcuna [&hellip;]<\/p>\n","protected":false},"author":10,"featured_media":33540,"parent":0,"menu_order":88,"comment_status":"closed","ping_status":"closed","template":"","meta":{"_acf_changed":false,"footnotes":""},"class_list":["post-24568","page","type-page","status-publish","has-post-thumbnail","hentry"],"acf":[],"yoast_head":"<!-- This site is optimized with the Yoast SEO Premium plugin v27.2 (Yoast SEO v27.3) - https:\/\/yoast.com\/product\/yoast-seo-premium-wordpress\/ -->\n<title>Whistleblowing - Pharmagest Italia<\/title>\n<meta name=\"robots\" content=\"index, follow, max-snippet:-1, max-image-preview:large, max-video-preview:-1\" \/>\n<link rel=\"canonical\" href=\"https:\/\/pharmagest.com\/it\/whistleblowing\/\" \/>\n<meta property=\"og:locale\" content=\"it_IT\" \/>\n<meta property=\"og:type\" content=\"article\" \/>\n<meta property=\"og:title\" content=\"Whistleblowing\" \/>\n<meta property=\"og:description\" content=\"Canale di segnalazione di illeciti. Pharmagest Italia&nbsp;ha predisposto un canale di segnalazione tramite un\u2019applicazione online per coloro che intendano segnalare una delle condotte illecite previste dal D.Lgs. 24\/2023: MODALIT\u00c0 DI TRASMISSIONE DELLA SEGNALAZIONEPer accedere al canale di segnalazione, occorre utilizzare il bottone &#8220;INVIA UNA SEGNALAZIONE&#8221; in calce a questo testo.In questo modo, non rimarr\u00e0 alcuna [&hellip;]\" \/>\n<meta property=\"og:url\" content=\"https:\/\/pharmagest.com\/it\/whistleblowing\/\" \/>\n<meta property=\"og:site_name\" content=\"Pharmagest Italia\" \/>\n<meta property=\"article:publisher\" content=\"https:\/\/www.facebook.com\/Pharmagest\/\" \/>\n<meta property=\"article:modified_time\" content=\"2025-12-19T15:15:51+00:00\" \/>\n<meta property=\"og:image\" content=\"https:\/\/pharmagest.com\/wp-content\/uploads\/2025\/12\/sfondo-pages-alls-pharmagest-italia.jpg\" \/>\n\t<meta property=\"og:image:width\" content=\"2000\" \/>\n\t<meta property=\"og:image:height\" content=\"1000\" \/>\n\t<meta property=\"og:image:type\" content=\"image\/jpeg\" \/>\n<meta name=\"twitter:card\" content=\"summary_large_image\" \/>\n<meta name=\"twitter:site\" content=\"@Pharmagest\" \/>\n<meta name=\"twitter:label1\" content=\"Tempo di lettura stimato\" \/>\n\t<meta name=\"twitter:data1\" content=\"3 minuti\" \/>\n<script type=\"application\/ld+json\" class=\"yoast-schema-graph\">{\"@context\":\"https:\\\/\\\/schema.org\",\"@graph\":[{\"@type\":\"WebPage\",\"@id\":\"https:\\\/\\\/pharmagest.com\\\/it\\\/whistleblowing\\\/\",\"url\":\"https:\\\/\\\/pharmagest.com\\\/it\\\/whistleblowing\\\/\",\"name\":\"Whistleblowing - Pharmagest Italia\",\"isPartOf\":{\"@id\":\"https:\\\/\\\/pharmagest.com\\\/it\\\/#website\"},\"primaryImageOfPage\":{\"@id\":\"https:\\\/\\\/pharmagest.com\\\/it\\\/whistleblowing\\\/#primaryimage\"},\"image\":{\"@id\":\"https:\\\/\\\/pharmagest.com\\\/it\\\/whistleblowing\\\/#primaryimage\"},\"thumbnailUrl\":\"https:\\\/\\\/pharmagest.com\\\/wp-content\\\/uploads\\\/2025\\\/12\\\/sfondo-pages-alls-pharmagest-italia.jpg\",\"datePublished\":\"2025-11-25T12:53:26+00:00\",\"dateModified\":\"2025-12-19T15:15:51+00:00\",\"breadcrumb\":{\"@id\":\"https:\\\/\\\/pharmagest.com\\\/it\\\/whistleblowing\\\/#breadcrumb\"},\"inLanguage\":\"it-IT\",\"potentialAction\":[{\"@type\":\"ReadAction\",\"target\":[\"https:\\\/\\\/pharmagest.com\\\/it\\\/whistleblowing\\\/\"]}]},{\"@type\":\"ImageObject\",\"inLanguage\":\"it-IT\",\"@id\":\"https:\\\/\\\/pharmagest.com\\\/it\\\/whistleblowing\\\/#primaryimage\",\"url\":\"https:\\\/\\\/pharmagest.com\\\/wp-content\\\/uploads\\\/2025\\\/12\\\/sfondo-pages-alls-pharmagest-italia.jpg\",\"contentUrl\":\"https:\\\/\\\/pharmagest.com\\\/wp-content\\\/uploads\\\/2025\\\/12\\\/sfondo-pages-alls-pharmagest-italia.jpg\",\"width\":2000,\"height\":1000},{\"@type\":\"BreadcrumbList\",\"@id\":\"https:\\\/\\\/pharmagest.com\\\/it\\\/whistleblowing\\\/#breadcrumb\",\"itemListElement\":[{\"@type\":\"ListItem\",\"position\":1,\"name\":\"Benvenuto\",\"item\":\"https:\\\/\\\/pharmagest.com\\\/it\\\/\"},{\"@type\":\"ListItem\",\"position\":2,\"name\":\"Whistleblowing\"}]},{\"@type\":\"WebSite\",\"@id\":\"https:\\\/\\\/pharmagest.com\\\/it\\\/#website\",\"url\":\"https:\\\/\\\/pharmagest.com\\\/it\\\/\",\"name\":\"Pharmagest Italia\",\"description\":\"Logiciel complet pour g\u00e9rer votre quotidien de pharmacien.\",\"publisher\":{\"@id\":\"https:\\\/\\\/pharmagest.com\\\/it\\\/#organization\"},\"potentialAction\":[{\"@type\":\"SearchAction\",\"target\":{\"@type\":\"EntryPoint\",\"urlTemplate\":\"https:\\\/\\\/pharmagest.com\\\/it\\\/?s={search_term_string}\"},\"query-input\":{\"@type\":\"PropertyValueSpecification\",\"valueRequired\":true,\"valueName\":\"search_term_string\"}}],\"inLanguage\":\"it-IT\"},{\"@type\":[\"Organization\",\"Place\"],\"@id\":\"https:\\\/\\\/pharmagest.com\\\/it\\\/#organization\",\"name\":\"Pharmagest\",\"url\":\"https:\\\/\\\/pharmagest.com\\\/it\\\/\",\"logo\":{\"@id\":\"https:\\\/\\\/pharmagest.com\\\/it\\\/whistleblowing\\\/#local-main-organization-logo\"},\"image\":{\"@id\":\"https:\\\/\\\/pharmagest.com\\\/it\\\/whistleblowing\\\/#local-main-organization-logo\"},\"sameAs\":[\"https:\\\/\\\/www.facebook.com\\\/Pharmagest\\\/\",\"https:\\\/\\\/x.com\\\/Pharmagest\",\"https:\\\/\\\/www.linkedin.com\\\/company\\\/741276\"],\"telephone\":[],\"openingHoursSpecification\":[{\"@type\":\"OpeningHoursSpecification\",\"dayOfWeek\":[\"Monday\",\"Tuesday\",\"Wednesday\",\"Thursday\",\"Friday\",\"Saturday\",\"Sunday\"],\"opens\":\"09:00\",\"closes\":\"17:00\"}]},{\"@type\":\"ImageObject\",\"inLanguage\":\"it-IT\",\"@id\":\"https:\\\/\\\/pharmagest.com\\\/it\\\/whistleblowing\\\/#local-main-organization-logo\",\"url\":\"https:\\\/\\\/pharmagest.com\\\/wp-content\\\/uploads\\\/2022\\\/12\\\/cropped-logo-pharmagest-3.png\",\"contentUrl\":\"https:\\\/\\\/pharmagest.com\\\/wp-content\\\/uploads\\\/2022\\\/12\\\/cropped-logo-pharmagest-3.png\",\"width\":150,\"height\":100,\"caption\":\"Pharmagest\"}]}<\/script>\n<!-- \/ Yoast SEO Premium plugin. -->","yoast_head_json":{"title":"Whistleblowing - Pharmagest Italia","robots":{"index":"index","follow":"follow","max-snippet":"max-snippet:-1","max-image-preview":"max-image-preview:large","max-video-preview":"max-video-preview:-1"},"canonical":"https:\/\/pharmagest.com\/it\/whistleblowing\/","og_locale":"it_IT","og_type":"article","og_title":"Whistleblowing","og_description":"Canale di segnalazione di illeciti. Pharmagest Italia&nbsp;ha predisposto un canale di segnalazione tramite un\u2019applicazione online per coloro che intendano segnalare una delle condotte illecite previste dal D.Lgs. 24\/2023: MODALIT\u00c0 DI TRASMISSIONE DELLA SEGNALAZIONEPer accedere al canale di segnalazione, occorre utilizzare il bottone &#8220;INVIA UNA SEGNALAZIONE&#8221; in calce a questo testo.In questo modo, non rimarr\u00e0 alcuna [&hellip;]","og_url":"https:\/\/pharmagest.com\/it\/whistleblowing\/","og_site_name":"Pharmagest Italia","article_publisher":"https:\/\/www.facebook.com\/Pharmagest\/","article_modified_time":"2025-12-19T15:15:51+00:00","og_image":[{"width":2000,"height":1000,"url":"https:\/\/pharmagest.com\/wp-content\/uploads\/2025\/12\/sfondo-pages-alls-pharmagest-italia.jpg","type":"image\/jpeg"}],"twitter_card":"summary_large_image","twitter_site":"@Pharmagest","twitter_misc":{"Tempo di lettura stimato":"3 minuti"},"schema":{"@context":"https:\/\/schema.org","@graph":[{"@type":"WebPage","@id":"https:\/\/pharmagest.com\/it\/whistleblowing\/","url":"https:\/\/pharmagest.com\/it\/whistleblowing\/","name":"Whistleblowing - Pharmagest Italia","isPartOf":{"@id":"https:\/\/pharmagest.com\/it\/#website"},"primaryImageOfPage":{"@id":"https:\/\/pharmagest.com\/it\/whistleblowing\/#primaryimage"},"image":{"@id":"https:\/\/pharmagest.com\/it\/whistleblowing\/#primaryimage"},"thumbnailUrl":"https:\/\/pharmagest.com\/wp-content\/uploads\/2025\/12\/sfondo-pages-alls-pharmagest-italia.jpg","datePublished":"2025-11-25T12:53:26+00:00","dateModified":"2025-12-19T15:15:51+00:00","breadcrumb":{"@id":"https:\/\/pharmagest.com\/it\/whistleblowing\/#breadcrumb"},"inLanguage":"it-IT","potentialAction":[{"@type":"ReadAction","target":["https:\/\/pharmagest.com\/it\/whistleblowing\/"]}]},{"@type":"ImageObject","inLanguage":"it-IT","@id":"https:\/\/pharmagest.com\/it\/whistleblowing\/#primaryimage","url":"https:\/\/pharmagest.com\/wp-content\/uploads\/2025\/12\/sfondo-pages-alls-pharmagest-italia.jpg","contentUrl":"https:\/\/pharmagest.com\/wp-content\/uploads\/2025\/12\/sfondo-pages-alls-pharmagest-italia.jpg","width":2000,"height":1000},{"@type":"BreadcrumbList","@id":"https:\/\/pharmagest.com\/it\/whistleblowing\/#breadcrumb","itemListElement":[{"@type":"ListItem","position":1,"name":"Benvenuto","item":"https:\/\/pharmagest.com\/it\/"},{"@type":"ListItem","position":2,"name":"Whistleblowing"}]},{"@type":"WebSite","@id":"https:\/\/pharmagest.com\/it\/#website","url":"https:\/\/pharmagest.com\/it\/","name":"Pharmagest Italia","description":"Logiciel complet pour g\u00e9rer votre quotidien de pharmacien.","publisher":{"@id":"https:\/\/pharmagest.com\/it\/#organization"},"potentialAction":[{"@type":"SearchAction","target":{"@type":"EntryPoint","urlTemplate":"https:\/\/pharmagest.com\/it\/?s={search_term_string}"},"query-input":{"@type":"PropertyValueSpecification","valueRequired":true,"valueName":"search_term_string"}}],"inLanguage":"it-IT"},{"@type":["Organization","Place"],"@id":"https:\/\/pharmagest.com\/it\/#organization","name":"Pharmagest","url":"https:\/\/pharmagest.com\/it\/","logo":{"@id":"https:\/\/pharmagest.com\/it\/whistleblowing\/#local-main-organization-logo"},"image":{"@id":"https:\/\/pharmagest.com\/it\/whistleblowing\/#local-main-organization-logo"},"sameAs":["https:\/\/www.facebook.com\/Pharmagest\/","https:\/\/x.com\/Pharmagest","https:\/\/www.linkedin.com\/company\/741276"],"telephone":[],"openingHoursSpecification":[{"@type":"OpeningHoursSpecification","dayOfWeek":["Monday","Tuesday","Wednesday","Thursday","Friday","Saturday","Sunday"],"opens":"09:00","closes":"17:00"}]},{"@type":"ImageObject","inLanguage":"it-IT","@id":"https:\/\/pharmagest.com\/it\/whistleblowing\/#local-main-organization-logo","url":"https:\/\/pharmagest.com\/wp-content\/uploads\/2022\/12\/cropped-logo-pharmagest-3.png","contentUrl":"https:\/\/pharmagest.com\/wp-content\/uploads\/2022\/12\/cropped-logo-pharmagest-3.png","width":150,"height":100,"caption":"Pharmagest"}]}},"_links":{"self":[{"href":"https:\/\/pharmagest.com\/it\/wp-json\/wp\/v2\/pages\/24568","targetHints":{"allow":["GET"]}}],"collection":[{"href":"https:\/\/pharmagest.com\/it\/wp-json\/wp\/v2\/pages"}],"about":[{"href":"https:\/\/pharmagest.com\/it\/wp-json\/wp\/v2\/types\/page"}],"author":[{"embeddable":true,"href":"https:\/\/pharmagest.com\/it\/wp-json\/wp\/v2\/users\/10"}],"replies":[{"embeddable":true,"href":"https:\/\/pharmagest.com\/it\/wp-json\/wp\/v2\/comments?post=24568"}],"version-history":[{"count":23,"href":"https:\/\/pharmagest.com\/it\/wp-json\/wp\/v2\/pages\/24568\/revisions"}],"predecessor-version":[{"id":24752,"href":"https:\/\/pharmagest.com\/it\/wp-json\/wp\/v2\/pages\/24568\/revisions\/24752"}],"wp:featuredmedia":[{"embeddable":true,"href":"https:\/\/pharmagest.com\/it\/wp-json\/wp\/v2\/media\/33540"}],"wp:attachment":[{"href":"https:\/\/pharmagest.com\/it\/wp-json\/wp\/v2\/media?parent=24568"}],"curies":[{"name":"wp","href":"https:\/\/api.w.org\/{rel}","templated":true}]}}