{"id":34313,"date":"2026-01-13T15:44:37","date_gmt":"2026-01-13T14:44:37","guid":{"rendered":"https:\/\/pharmagest.com\/?page_id=34313"},"modified":"2026-03-20T09:30:20","modified_gmt":"2026-03-20T08:30:20","slug":"gagner-du-temps","status":"publish","type":"page","link":"https:\/\/pharmagest.com\/frbe\/gagner-du-temps\/","title":{"rendered":"id."},"content":{"rendered":"<div>\n<div><strong>Un logiciel intuitif pour travailler plus vite et plus sereinement.<\/strong><\/div>\n<div>id. est con\u00e7u pour r\u00e9duire la charge mentale en officine. Gr\u00e2ce \u00e0 une interface claire, un parcours en un \u00e9cran et des automatisations intelligentes, vous gagnez du temps \u00e0 chaque \u00e9tape : d\u00e9livrance, commandes, stocks, codification, tiers payant, entretiens. Les flux eHealth sont int\u00e9gr\u00e9s nativement \u2014 plus de fen\u00eatres multiples, plus de manipulations inutiles. Chaque fonctionnalit\u00e9 a \u00e9t\u00e9 pens\u00e9e pour rendre votre travail plus simple, plus fluide et plus fiable.<\/div>\n<\/div>\n","protected":false},"excerpt":{"rendered":"<p>le logiciel qui simplifie la vie en officine<\/p>\n","protected":false},"author":14,"featured_media":35919,"parent":0,"menu_order":144,"comment_status":"closed","ping_status":"closed","template":"a-page.php","meta":{"_acf_changed":false,"footnotes":""},"class_list":["post-34313","page","type-page","status-publish","has-post-thumbnail","hentry"],"acf":[],"yoast_head":"<!-- This site is optimized with the Yoast SEO Premium plugin v27.2 (Yoast SEO v27.4) - https:\/\/yoast.com\/product\/yoast-seo-premium-wordpress\/ -->\n<title>id. - Pharmagest - Logiciel de gestion pour pharmacie<\/title>\n<meta name=\"robots\" content=\"index, follow, max-snippet:-1, max-image-preview:large, max-video-preview:-1\" \/>\n<link rel=\"canonical\" href=\"https:\/\/pharmagest.com\/frbe\/gagner-du-temps\/\" \/>\n<meta property=\"og:locale\" content=\"fr_FR\" \/>\n<meta property=\"og:type\" content=\"article\" \/>\n<meta property=\"og:title\" content=\"id.\" \/>\n<meta property=\"og:description\" content=\"le logiciel qui simplifie la vie en officine\" \/>\n<meta property=\"og:url\" content=\"https:\/\/pharmagest.com\/frbe\/gagner-du-temps\/\" \/>\n<meta property=\"og:site_name\" content=\"Pharmagest - Logiciel de gestion pour pharmacie\" \/>\n<meta property=\"article:publisher\" content=\"https:\/\/www.facebook.com\/Pharmagest\/\" \/>\n<meta property=\"article:modified_time\" content=\"2026-03-20T08:30:20+00:00\" \/>\n<meta property=\"og:image\" content=\"https:\/\/pharmagest.com\/wp-content\/uploads\/2026\/02\/delivrence_fr.png\" \/>\n\t<meta property=\"og:image:width\" content=\"986\" \/>\n\t<meta property=\"og:image:height\" content=\"900\" \/>\n\t<meta property=\"og:image:type\" content=\"image\/png\" \/>\n<meta name=\"twitter:card\" content=\"summary_large_image\" \/>\n<meta name=\"twitter:site\" content=\"@Pharmagest\" \/>\n<meta name=\"twitter:label1\" content=\"Dur\u00e9e de lecture est.\" \/>\n\t<meta name=\"twitter:data1\" content=\"2 minutes\" \/>\n<script type=\"application\/ld+json\" class=\"yoast-schema-graph\">{\"@context\":\"https:\\\/\\\/schema.org\",\"@graph\":[{\"@type\":\"WebPage\",\"@id\":\"https:\\\/\\\/pharmagest.com\\\/frbe\\\/gagner-du-temps\\\/\",\"url\":\"https:\\\/\\\/pharmagest.com\\\/frbe\\\/gagner-du-temps\\\/\",\"name\":\"id. - Pharmagest - Logiciel de gestion pour pharmacie\",\"isPartOf\":{\"@id\":\"https:\\\/\\\/pharmagest.com\\\/frbe\\\/#website\"},\"primaryImageOfPage\":{\"@id\":\"https:\\\/\\\/pharmagest.com\\\/frbe\\\/gagner-du-temps\\\/#primaryimage\"},\"image\":{\"@id\":\"https:\\\/\\\/pharmagest.com\\\/frbe\\\/gagner-du-temps\\\/#primaryimage\"},\"thumbnailUrl\":\"https:\\\/\\\/pharmagest.com\\\/wp-content\\\/uploads\\\/2026\\\/02\\\/delivrence_fr.png\",\"datePublished\":\"2026-01-13T14:44:37+00:00\",\"dateModified\":\"2026-03-20T08:30:20+00:00\",\"inLanguage\":\"fr-BE\",\"potentialAction\":[{\"@type\":\"ReadAction\",\"target\":[\"https:\\\/\\\/pharmagest.com\\\/frbe\\\/gagner-du-temps\\\/\"]}]},{\"@type\":\"ImageObject\",\"inLanguage\":\"fr-BE\",\"@id\":\"https:\\\/\\\/pharmagest.com\\\/frbe\\\/gagner-du-temps\\\/#primaryimage\",\"url\":\"https:\\\/\\\/pharmagest.com\\\/wp-content\\\/uploads\\\/2026\\\/02\\\/delivrence_fr.png\",\"contentUrl\":\"https:\\\/\\\/pharmagest.com\\\/wp-content\\\/uploads\\\/2026\\\/02\\\/delivrence_fr.png\",\"width\":986,\"height\":900},{\"@type\":\"WebSite\",\"@id\":\"https:\\\/\\\/pharmagest.com\\\/frbe\\\/#website\",\"url\":\"https:\\\/\\\/pharmagest.com\\\/frbe\\\/\",\"name\":\"Pharmagest - Logiciel de gestion pour pharmacie\",\"description\":\"Logiciel complet pour g\u00e9rer votre quotidien de pharmacien.\",\"publisher\":{\"@id\":\"https:\\\/\\\/pharmagest.com\\\/frbe\\\/#organization\"},\"potentialAction\":[{\"@type\":\"SearchAction\",\"target\":{\"@type\":\"EntryPoint\",\"urlTemplate\":\"https:\\\/\\\/pharmagest.com\\\/frbe\\\/?s={search_term_string}\"},\"query-input\":{\"@type\":\"PropertyValueSpecification\",\"valueRequired\":true,\"valueName\":\"search_term_string\"}}],\"inLanguage\":\"fr-BE\"},{\"@type\":[\"Organization\",\"Place\"],\"@id\":\"https:\\\/\\\/pharmagest.com\\\/frbe\\\/#organization\",\"name\":\"Pharmagest\",\"url\":\"https:\\\/\\\/pharmagest.com\\\/frbe\\\/\",\"logo\":{\"@id\":\"https:\\\/\\\/pharmagest.com\\\/frbe\\\/gagner-du-temps\\\/#local-main-organization-logo\"},\"image\":{\"@id\":\"https:\\\/\\\/pharmagest.com\\\/frbe\\\/gagner-du-temps\\\/#local-main-organization-logo\"},\"sameAs\":[\"https:\\\/\\\/www.facebook.com\\\/Pharmagest\\\/\",\"https:\\\/\\\/x.com\\\/Pharmagest\",\"https:\\\/\\\/www.linkedin.com\\\/company\\\/741276\"],\"telephone\":[],\"openingHoursSpecification\":[{\"@type\":\"OpeningHoursSpecification\",\"dayOfWeek\":[\"Monday\",\"Tuesday\",\"Wednesday\",\"Thursday\",\"Friday\",\"Saturday\",\"Sunday\"],\"opens\":\"09:00\",\"closes\":\"17:00\"}]},{\"@type\":\"ImageObject\",\"inLanguage\":\"fr-BE\",\"@id\":\"https:\\\/\\\/pharmagest.com\\\/frbe\\\/gagner-du-temps\\\/#local-main-organization-logo\",\"url\":\"https:\\\/\\\/pharmagest.com\\\/wp-content\\\/uploads\\\/2022\\\/12\\\/cropped-logo-pharmagest-3.png\",\"contentUrl\":\"https:\\\/\\\/pharmagest.com\\\/wp-content\\\/uploads\\\/2022\\\/12\\\/cropped-logo-pharmagest-3.png\",\"width\":150,\"height\":100,\"caption\":\"Pharmagest\"}]}<\/script>\n<!-- \/ Yoast SEO Premium plugin. -->","yoast_head_json":{"title":"id. - Pharmagest - Logiciel de gestion pour pharmacie","robots":{"index":"index","follow":"follow","max-snippet":"max-snippet:-1","max-image-preview":"max-image-preview:large","max-video-preview":"max-video-preview:-1"},"canonical":"https:\/\/pharmagest.com\/frbe\/gagner-du-temps\/","og_locale":"fr_FR","og_type":"article","og_title":"id.","og_description":"le logiciel qui simplifie la vie en officine","og_url":"https:\/\/pharmagest.com\/frbe\/gagner-du-temps\/","og_site_name":"Pharmagest - Logiciel de gestion pour pharmacie","article_publisher":"https:\/\/www.facebook.com\/Pharmagest\/","article_modified_time":"2026-03-20T08:30:20+00:00","og_image":[{"width":986,"height":900,"url":"https:\/\/pharmagest.com\/wp-content\/uploads\/2026\/02\/delivrence_fr.png","type":"image\/png"}],"twitter_card":"summary_large_image","twitter_site":"@Pharmagest","twitter_misc":{"Dur\u00e9e de lecture est.":"2 minutes"},"schema":{"@context":"https:\/\/schema.org","@graph":[{"@type":"WebPage","@id":"https:\/\/pharmagest.com\/frbe\/gagner-du-temps\/","url":"https:\/\/pharmagest.com\/frbe\/gagner-du-temps\/","name":"id. - Pharmagest - Logiciel de gestion pour pharmacie","isPartOf":{"@id":"https:\/\/pharmagest.com\/frbe\/#website"},"primaryImageOfPage":{"@id":"https:\/\/pharmagest.com\/frbe\/gagner-du-temps\/#primaryimage"},"image":{"@id":"https:\/\/pharmagest.com\/frbe\/gagner-du-temps\/#primaryimage"},"thumbnailUrl":"https:\/\/pharmagest.com\/wp-content\/uploads\/2026\/02\/delivrence_fr.png","datePublished":"2026-01-13T14:44:37+00:00","dateModified":"2026-03-20T08:30:20+00:00","inLanguage":"fr-BE","potentialAction":[{"@type":"ReadAction","target":["https:\/\/pharmagest.com\/frbe\/gagner-du-temps\/"]}]},{"@type":"ImageObject","inLanguage":"fr-BE","@id":"https:\/\/pharmagest.com\/frbe\/gagner-du-temps\/#primaryimage","url":"https:\/\/pharmagest.com\/wp-content\/uploads\/2026\/02\/delivrence_fr.png","contentUrl":"https:\/\/pharmagest.com\/wp-content\/uploads\/2026\/02\/delivrence_fr.png","width":986,"height":900},{"@type":"WebSite","@id":"https:\/\/pharmagest.com\/frbe\/#website","url":"https:\/\/pharmagest.com\/frbe\/","name":"Pharmagest - Logiciel de gestion pour pharmacie","description":"Logiciel complet pour g\u00e9rer votre quotidien de pharmacien.","publisher":{"@id":"https:\/\/pharmagest.com\/frbe\/#organization"},"potentialAction":[{"@type":"SearchAction","target":{"@type":"EntryPoint","urlTemplate":"https:\/\/pharmagest.com\/frbe\/?s={search_term_string}"},"query-input":{"@type":"PropertyValueSpecification","valueRequired":true,"valueName":"search_term_string"}}],"inLanguage":"fr-BE"},{"@type":["Organization","Place"],"@id":"https:\/\/pharmagest.com\/frbe\/#organization","name":"Pharmagest","url":"https:\/\/pharmagest.com\/frbe\/","logo":{"@id":"https:\/\/pharmagest.com\/frbe\/gagner-du-temps\/#local-main-organization-logo"},"image":{"@id":"https:\/\/pharmagest.com\/frbe\/gagner-du-temps\/#local-main-organization-logo"},"sameAs":["https:\/\/www.facebook.com\/Pharmagest\/","https:\/\/x.com\/Pharmagest","https:\/\/www.linkedin.com\/company\/741276"],"telephone":[],"openingHoursSpecification":[{"@type":"OpeningHoursSpecification","dayOfWeek":["Monday","Tuesday","Wednesday","Thursday","Friday","Saturday","Sunday"],"opens":"09:00","closes":"17:00"}]},{"@type":"ImageObject","inLanguage":"fr-BE","@id":"https:\/\/pharmagest.com\/frbe\/gagner-du-temps\/#local-main-organization-logo","url":"https:\/\/pharmagest.com\/wp-content\/uploads\/2022\/12\/cropped-logo-pharmagest-3.png","contentUrl":"https:\/\/pharmagest.com\/wp-content\/uploads\/2022\/12\/cropped-logo-pharmagest-3.png","width":150,"height":100,"caption":"Pharmagest"}]}},"_links":{"self":[{"href":"https:\/\/pharmagest.com\/frbe\/wp-json\/wp\/v2\/pages\/34313","targetHints":{"allow":["GET"]}}],"collection":[{"href":"https:\/\/pharmagest.com\/frbe\/wp-json\/wp\/v2\/pages"}],"about":[{"href":"https:\/\/pharmagest.com\/frbe\/wp-json\/wp\/v2\/types\/page"}],"author":[{"embeddable":true,"href":"https:\/\/pharmagest.com\/frbe\/wp-json\/wp\/v2\/users\/14"}],"replies":[{"embeddable":true,"href":"https:\/\/pharmagest.com\/frbe\/wp-json\/wp\/v2\/comments?post=34313"}],"version-history":[{"count":12,"href":"https:\/\/pharmagest.com\/frbe\/wp-json\/wp\/v2\/pages\/34313\/revisions"}],"predecessor-version":[{"id":35641,"href":"https:\/\/pharmagest.com\/frbe\/wp-json\/wp\/v2\/pages\/34313\/revisions\/35641"}],"wp:featuredmedia":[{"embeddable":true,"href":"https:\/\/pharmagest.com\/frbe\/wp-json\/wp\/v2\/media\/35919"}],"wp:attachment":[{"href":"https:\/\/pharmagest.com\/frbe\/wp-json\/wp\/v2\/media?parent=34313"}],"curies":[{"name":"wp","href":"https:\/\/api.w.org\/{rel}","templated":true}]}}