{"id":34260,"date":"2026-01-13T14:14:37","date_gmt":"2026-01-13T13:14:37","guid":{"rendered":"https:\/\/pharmagest.com\/?page_id=34260"},"modified":"2026-03-20T09:30:18","modified_gmt":"2026-03-20T08:30:18","slug":"equasens-frbe","status":"publish","type":"page","link":"https:\/\/pharmagest.com\/frbe\/equasens-frbe\/","title":{"rendered":"Equasens"},"content":{"rendered":"<div>\n<div><strong>Un acteur europ\u00e9en de r\u00e9f\u00e9rence dans les solutions informatiques de sant\u00e9.<\/strong><\/div>\n<div>Fond\u00e9 il y a plus de 35 ans, Equasens con\u00e7oit et d\u00e9ploie des logiciels et solutions informatiques pour les professionnels et \u00e9tablissements de sant\u00e9, de la pharmacie \u00e0 l\u2019h\u00f4pital. Pr\u00e9sent dans de nombreux pays europ\u00e9ens, il s\u2019appuie sur une forte R&amp;D, une vision d\u2019interop\u00e9rabilit\u00e9 et d\u2019innovation, et accompagne ses clients dans leur transformation digitale avec fiabilit\u00e9.<\/div>\n<\/div>\n","protected":false},"excerpt":{"rendered":"<p>la technologie au service des professionnels de sant\u00e9<\/p>\n","protected":false},"author":14,"featured_media":35848,"parent":0,"menu_order":141,"comment_status":"closed","ping_status":"closed","template":"a-equasens.php","meta":{"_acf_changed":false,"footnotes":""},"class_list":["post-34260","page","type-page","status-publish","has-post-thumbnail","hentry"],"acf":[],"yoast_head":"<!-- This site is optimized with the Yoast SEO Premium plugin v27.2 (Yoast SEO v27.4) - https:\/\/yoast.com\/product\/yoast-seo-premium-wordpress\/ -->\n<title>Equasens - Pharmagest - Logiciel de gestion pour pharmacie<\/title>\n<meta name=\"robots\" content=\"index, follow, max-snippet:-1, max-image-preview:large, max-video-preview:-1\" \/>\n<link rel=\"canonical\" href=\"https:\/\/pharmagest.com\/frbe\/equasens-frbe\/\" \/>\n<meta property=\"og:locale\" content=\"fr_FR\" \/>\n<meta property=\"og:type\" content=\"article\" \/>\n<meta property=\"og:title\" content=\"Equasens\" \/>\n<meta property=\"og:description\" content=\"la technologie au service des professionnels de sant\u00e9\" \/>\n<meta property=\"og:url\" content=\"https:\/\/pharmagest.com\/frbe\/equasens-frbe\/\" \/>\n<meta property=\"og:site_name\" content=\"Pharmagest - Logiciel de gestion pour pharmacie\" \/>\n<meta property=\"article:publisher\" content=\"https:\/\/www.facebook.com\/Pharmagest\/\" \/>\n<meta property=\"article:modified_time\" content=\"2026-03-20T08:30:18+00:00\" \/>\n<meta property=\"og:image\" content=\"https:\/\/pharmagest.com\/wp-content\/uploads\/2026\/02\/le-groupe-equasens-est-base-a-villers-les-nancy-photo-d-archives-er-patrice-saucourt-16755261912.jpg\" \/>\n\t<meta property=\"og:image:width\" content=\"1600\" \/>\n\t<meta property=\"og:image:height\" content=\"1185\" \/>\n\t<meta property=\"og:image:type\" content=\"image\/jpeg\" \/>\n<meta name=\"twitter:card\" content=\"summary_large_image\" \/>\n<meta name=\"twitter:site\" content=\"@Pharmagest\" \/>\n<meta name=\"twitter:label1\" content=\"Dur\u00e9e de lecture est.\" \/>\n\t<meta name=\"twitter:data1\" content=\"2 minutes\" \/>\n<script type=\"application\/ld+json\" class=\"yoast-schema-graph\">{\"@context\":\"https:\\\/\\\/schema.org\",\"@graph\":[{\"@type\":\"WebPage\",\"@id\":\"https:\\\/\\\/pharmagest.com\\\/frbe\\\/equasens-frbe\\\/\",\"url\":\"https:\\\/\\\/pharmagest.com\\\/frbe\\\/equasens-frbe\\\/\",\"name\":\"Equasens - Pharmagest - Logiciel de gestion pour pharmacie\",\"isPartOf\":{\"@id\":\"https:\\\/\\\/pharmagest.com\\\/frbe\\\/#website\"},\"primaryImageOfPage\":{\"@id\":\"https:\\\/\\\/pharmagest.com\\\/frbe\\\/equasens-frbe\\\/#primaryimage\"},\"image\":{\"@id\":\"https:\\\/\\\/pharmagest.com\\\/frbe\\\/equasens-frbe\\\/#primaryimage\"},\"thumbnailUrl\":\"https:\\\/\\\/pharmagest.com\\\/wp-content\\\/uploads\\\/2026\\\/02\\\/le-groupe-equasens-est-base-a-villers-les-nancy-photo-d-archives-er-patrice-saucourt-16755261912.jpg\",\"datePublished\":\"2026-01-13T13:14:37+00:00\",\"dateModified\":\"2026-03-20T08:30:18+00:00\",\"inLanguage\":\"fr-BE\",\"potentialAction\":[{\"@type\":\"ReadAction\",\"target\":[\"https:\\\/\\\/pharmagest.com\\\/frbe\\\/equasens-frbe\\\/\"]}]},{\"@type\":\"ImageObject\",\"inLanguage\":\"fr-BE\",\"@id\":\"https:\\\/\\\/pharmagest.com\\\/frbe\\\/equasens-frbe\\\/#primaryimage\",\"url\":\"https:\\\/\\\/pharmagest.com\\\/wp-content\\\/uploads\\\/2026\\\/02\\\/le-groupe-equasens-est-base-a-villers-les-nancy-photo-d-archives-er-patrice-saucourt-16755261912.jpg\",\"contentUrl\":\"https:\\\/\\\/pharmagest.com\\\/wp-content\\\/uploads\\\/2026\\\/02\\\/le-groupe-equasens-est-base-a-villers-les-nancy-photo-d-archives-er-patrice-saucourt-16755261912.jpg\",\"width\":1600,\"height\":1185},{\"@type\":\"WebSite\",\"@id\":\"https:\\\/\\\/pharmagest.com\\\/frbe\\\/#website\",\"url\":\"https:\\\/\\\/pharmagest.com\\\/frbe\\\/\",\"name\":\"Pharmagest - Logiciel de gestion pour pharmacie\",\"description\":\"Logiciel complet pour g\u00e9rer votre quotidien de pharmacien.\",\"publisher\":{\"@id\":\"https:\\\/\\\/pharmagest.com\\\/frbe\\\/#organization\"},\"potentialAction\":[{\"@type\":\"SearchAction\",\"target\":{\"@type\":\"EntryPoint\",\"urlTemplate\":\"https:\\\/\\\/pharmagest.com\\\/frbe\\\/?s={search_term_string}\"},\"query-input\":{\"@type\":\"PropertyValueSpecification\",\"valueRequired\":true,\"valueName\":\"search_term_string\"}}],\"inLanguage\":\"fr-BE\"},{\"@type\":[\"Organization\",\"Place\"],\"@id\":\"https:\\\/\\\/pharmagest.com\\\/frbe\\\/#organization\",\"name\":\"Pharmagest\",\"url\":\"https:\\\/\\\/pharmagest.com\\\/frbe\\\/\",\"logo\":{\"@id\":\"https:\\\/\\\/pharmagest.com\\\/frbe\\\/equasens-frbe\\\/#local-main-organization-logo\"},\"image\":{\"@id\":\"https:\\\/\\\/pharmagest.com\\\/frbe\\\/equasens-frbe\\\/#local-main-organization-logo\"},\"sameAs\":[\"https:\\\/\\\/www.facebook.com\\\/Pharmagest\\\/\",\"https:\\\/\\\/x.com\\\/Pharmagest\",\"https:\\\/\\\/www.linkedin.com\\\/company\\\/741276\"],\"telephone\":[],\"openingHoursSpecification\":[{\"@type\":\"OpeningHoursSpecification\",\"dayOfWeek\":[\"Monday\",\"Tuesday\",\"Wednesday\",\"Thursday\",\"Friday\",\"Saturday\",\"Sunday\"],\"opens\":\"09:00\",\"closes\":\"17:00\"}]},{\"@type\":\"ImageObject\",\"inLanguage\":\"fr-BE\",\"@id\":\"https:\\\/\\\/pharmagest.com\\\/frbe\\\/equasens-frbe\\\/#local-main-organization-logo\",\"url\":\"https:\\\/\\\/pharmagest.com\\\/wp-content\\\/uploads\\\/2022\\\/12\\\/cropped-logo-pharmagest-3.png\",\"contentUrl\":\"https:\\\/\\\/pharmagest.com\\\/wp-content\\\/uploads\\\/2022\\\/12\\\/cropped-logo-pharmagest-3.png\",\"width\":150,\"height\":100,\"caption\":\"Pharmagest\"}]}<\/script>\n<!-- \/ Yoast SEO Premium plugin. -->","yoast_head_json":{"title":"Equasens - Pharmagest - Logiciel de gestion pour pharmacie","robots":{"index":"index","follow":"follow","max-snippet":"max-snippet:-1","max-image-preview":"max-image-preview:large","max-video-preview":"max-video-preview:-1"},"canonical":"https:\/\/pharmagest.com\/frbe\/equasens-frbe\/","og_locale":"fr_FR","og_type":"article","og_title":"Equasens","og_description":"la technologie au service des professionnels de sant\u00e9","og_url":"https:\/\/pharmagest.com\/frbe\/equasens-frbe\/","og_site_name":"Pharmagest - Logiciel de gestion pour pharmacie","article_publisher":"https:\/\/www.facebook.com\/Pharmagest\/","article_modified_time":"2026-03-20T08:30:18+00:00","og_image":[{"width":1600,"height":1185,"url":"https:\/\/pharmagest.com\/wp-content\/uploads\/2026\/02\/le-groupe-equasens-est-base-a-villers-les-nancy-photo-d-archives-er-patrice-saucourt-16755261912.jpg","type":"image\/jpeg"}],"twitter_card":"summary_large_image","twitter_site":"@Pharmagest","twitter_misc":{"Dur\u00e9e de lecture est.":"2 minutes"},"schema":{"@context":"https:\/\/schema.org","@graph":[{"@type":"WebPage","@id":"https:\/\/pharmagest.com\/frbe\/equasens-frbe\/","url":"https:\/\/pharmagest.com\/frbe\/equasens-frbe\/","name":"Equasens - Pharmagest - Logiciel de gestion pour pharmacie","isPartOf":{"@id":"https:\/\/pharmagest.com\/frbe\/#website"},"primaryImageOfPage":{"@id":"https:\/\/pharmagest.com\/frbe\/equasens-frbe\/#primaryimage"},"image":{"@id":"https:\/\/pharmagest.com\/frbe\/equasens-frbe\/#primaryimage"},"thumbnailUrl":"https:\/\/pharmagest.com\/wp-content\/uploads\/2026\/02\/le-groupe-equasens-est-base-a-villers-les-nancy-photo-d-archives-er-patrice-saucourt-16755261912.jpg","datePublished":"2026-01-13T13:14:37+00:00","dateModified":"2026-03-20T08:30:18+00:00","inLanguage":"fr-BE","potentialAction":[{"@type":"ReadAction","target":["https:\/\/pharmagest.com\/frbe\/equasens-frbe\/"]}]},{"@type":"ImageObject","inLanguage":"fr-BE","@id":"https:\/\/pharmagest.com\/frbe\/equasens-frbe\/#primaryimage","url":"https:\/\/pharmagest.com\/wp-content\/uploads\/2026\/02\/le-groupe-equasens-est-base-a-villers-les-nancy-photo-d-archives-er-patrice-saucourt-16755261912.jpg","contentUrl":"https:\/\/pharmagest.com\/wp-content\/uploads\/2026\/02\/le-groupe-equasens-est-base-a-villers-les-nancy-photo-d-archives-er-patrice-saucourt-16755261912.jpg","width":1600,"height":1185},{"@type":"WebSite","@id":"https:\/\/pharmagest.com\/frbe\/#website","url":"https:\/\/pharmagest.com\/frbe\/","name":"Pharmagest - Logiciel de gestion pour pharmacie","description":"Logiciel complet pour g\u00e9rer votre quotidien de pharmacien.","publisher":{"@id":"https:\/\/pharmagest.com\/frbe\/#organization"},"potentialAction":[{"@type":"SearchAction","target":{"@type":"EntryPoint","urlTemplate":"https:\/\/pharmagest.com\/frbe\/?s={search_term_string}"},"query-input":{"@type":"PropertyValueSpecification","valueRequired":true,"valueName":"search_term_string"}}],"inLanguage":"fr-BE"},{"@type":["Organization","Place"],"@id":"https:\/\/pharmagest.com\/frbe\/#organization","name":"Pharmagest","url":"https:\/\/pharmagest.com\/frbe\/","logo":{"@id":"https:\/\/pharmagest.com\/frbe\/equasens-frbe\/#local-main-organization-logo"},"image":{"@id":"https:\/\/pharmagest.com\/frbe\/equasens-frbe\/#local-main-organization-logo"},"sameAs":["https:\/\/www.facebook.com\/Pharmagest\/","https:\/\/x.com\/Pharmagest","https:\/\/www.linkedin.com\/company\/741276"],"telephone":[],"openingHoursSpecification":[{"@type":"OpeningHoursSpecification","dayOfWeek":["Monday","Tuesday","Wednesday","Thursday","Friday","Saturday","Sunday"],"opens":"09:00","closes":"17:00"}]},{"@type":"ImageObject","inLanguage":"fr-BE","@id":"https:\/\/pharmagest.com\/frbe\/equasens-frbe\/#local-main-organization-logo","url":"https:\/\/pharmagest.com\/wp-content\/uploads\/2022\/12\/cropped-logo-pharmagest-3.png","contentUrl":"https:\/\/pharmagest.com\/wp-content\/uploads\/2022\/12\/cropped-logo-pharmagest-3.png","width":150,"height":100,"caption":"Pharmagest"}]}},"_links":{"self":[{"href":"https:\/\/pharmagest.com\/frbe\/wp-json\/wp\/v2\/pages\/34260","targetHints":{"allow":["GET"]}}],"collection":[{"href":"https:\/\/pharmagest.com\/frbe\/wp-json\/wp\/v2\/pages"}],"about":[{"href":"https:\/\/pharmagest.com\/frbe\/wp-json\/wp\/v2\/types\/page"}],"author":[{"embeddable":true,"href":"https:\/\/pharmagest.com\/frbe\/wp-json\/wp\/v2\/users\/14"}],"replies":[{"embeddable":true,"href":"https:\/\/pharmagest.com\/frbe\/wp-json\/wp\/v2\/comments?post=34260"}],"version-history":[{"count":7,"href":"https:\/\/pharmagest.com\/frbe\/wp-json\/wp\/v2\/pages\/34260\/revisions"}],"predecessor-version":[{"id":35674,"href":"https:\/\/pharmagest.com\/frbe\/wp-json\/wp\/v2\/pages\/34260\/revisions\/35674"}],"wp:featuredmedia":[{"embeddable":true,"href":"https:\/\/pharmagest.com\/frbe\/wp-json\/wp\/v2\/media\/35848"}],"wp:attachment":[{"href":"https:\/\/pharmagest.com\/frbe\/wp-json\/wp\/v2\/media?parent=34260"}],"curies":[{"name":"wp","href":"https:\/\/api.w.org\/{rel}","templated":true}]}}