{"id":32367,"date":"2026-01-13T11:12:09","date_gmt":"2026-01-13T10:12:09","guid":{"rendered":"https:\/\/pharmagest.com\/?page_id=32367"},"modified":"2026-03-20T09:30:13","modified_gmt":"2026-03-20T08:30:13","slug":"id-central","status":"publish","type":"page","link":"https:\/\/pharmagest.com\/frbe\/id-central\/","title":{"rendered":"id. Central"},"content":{"rendered":"<div>\n<div><strong>Supervisez votre r\u00e9seau et prenez les bonnes d\u00e9cisions pour chaque officine.<\/strong><\/div>\n<div>id. central est l\u2019outil de management con\u00e7u pour les groupements de pharmacies qui veulent piloter leur r\u00e9seau avec des chiffres fiables, clairs et accessibles \u00e0 tout moment. Vos donn\u00e9es sont consolid\u00e9es automatiquement pour une vue globale ou d\u00e9taill\u00e9e, officine par officine. Vous suivez les ventes, les marges, les achats, les performances et les \u00e9volutions cl\u00e9s pour guider vos \u00e9quipes et harmoniser vos pratiques. Tout est consultable \u00e0 distance, de mani\u00e8re simple, intuitive et s\u00e9curis\u00e9e \u2014 l\u2019id\u00e9al pour piloter efficacement un r\u00e9seau en pleine croissance.<\/div>\n<\/div>\n","protected":false},"excerpt":{"rendered":"<p>le pilotage r\u00e9seau simple et puissant<\/p>\n","protected":false},"author":14,"featured_media":35958,"parent":0,"menu_order":132,"comment_status":"closed","ping_status":"closed","template":"a-page.php","meta":{"_acf_changed":false,"footnotes":""},"class_list":["post-32367","page","type-page","status-publish","has-post-thumbnail","hentry"],"acf":[],"yoast_head":"<!-- This site is optimized with the Yoast SEO Premium plugin v27.2 (Yoast SEO v27.4) - https:\/\/yoast.com\/product\/yoast-seo-premium-wordpress\/ -->\n<title>id. Central - Pharmagest - Logiciel de gestion pour pharmacie<\/title>\n<meta name=\"robots\" content=\"index, follow, max-snippet:-1, max-image-preview:large, max-video-preview:-1\" \/>\n<link rel=\"canonical\" href=\"https:\/\/pharmagest.com\/frbe\/id-central\/\" \/>\n<meta property=\"og:locale\" content=\"fr_FR\" \/>\n<meta property=\"og:type\" content=\"article\" \/>\n<meta property=\"og:title\" content=\"id. Central\" \/>\n<meta property=\"og:description\" content=\"le pilotage r\u00e9seau simple et puissant\" \/>\n<meta property=\"og:url\" content=\"https:\/\/pharmagest.com\/frbe\/id-central\/\" \/>\n<meta property=\"og:site_name\" content=\"Pharmagest - Logiciel de gestion pour pharmacie\" \/>\n<meta property=\"article:publisher\" content=\"https:\/\/www.facebook.com\/Pharmagest\/\" \/>\n<meta property=\"article:modified_time\" content=\"2026-03-20T08:30:13+00:00\" \/>\n<meta property=\"og:image\" content=\"https:\/\/pharmagest.com\/wp-content\/uploads\/2026\/02\/reseau_transparent.png\" \/>\n\t<meta property=\"og:image:width\" content=\"1024\" \/>\n\t<meta property=\"og:image:height\" content=\"1024\" \/>\n\t<meta property=\"og:image:type\" content=\"image\/png\" \/>\n<meta name=\"twitter:card\" content=\"summary_large_image\" \/>\n<meta name=\"twitter:site\" content=\"@Pharmagest\" \/>\n<meta name=\"twitter:label1\" content=\"Dur\u00e9e de lecture est.\" \/>\n\t<meta name=\"twitter:data1\" content=\"2 minutes\" \/>\n<script type=\"application\/ld+json\" class=\"yoast-schema-graph\">{\"@context\":\"https:\\\/\\\/schema.org\",\"@graph\":[{\"@type\":\"WebPage\",\"@id\":\"https:\\\/\\\/pharmagest.com\\\/frbe\\\/id-central\\\/\",\"url\":\"https:\\\/\\\/pharmagest.com\\\/frbe\\\/id-central\\\/\",\"name\":\"id. Central - Pharmagest - Logiciel de gestion pour pharmacie\",\"isPartOf\":{\"@id\":\"https:\\\/\\\/pharmagest.com\\\/frbe\\\/#website\"},\"primaryImageOfPage\":{\"@id\":\"https:\\\/\\\/pharmagest.com\\\/frbe\\\/id-central\\\/#primaryimage\"},\"image\":{\"@id\":\"https:\\\/\\\/pharmagest.com\\\/frbe\\\/id-central\\\/#primaryimage\"},\"thumbnailUrl\":\"https:\\\/\\\/pharmagest.com\\\/wp-content\\\/uploads\\\/2026\\\/02\\\/reseau_transparent.png\",\"datePublished\":\"2026-01-13T10:12:09+00:00\",\"dateModified\":\"2026-03-20T08:30:13+00:00\",\"inLanguage\":\"fr-BE\",\"potentialAction\":[{\"@type\":\"ReadAction\",\"target\":[\"https:\\\/\\\/pharmagest.com\\\/frbe\\\/id-central\\\/\"]}]},{\"@type\":\"ImageObject\",\"inLanguage\":\"fr-BE\",\"@id\":\"https:\\\/\\\/pharmagest.com\\\/frbe\\\/id-central\\\/#primaryimage\",\"url\":\"https:\\\/\\\/pharmagest.com\\\/wp-content\\\/uploads\\\/2026\\\/02\\\/reseau_transparent.png\",\"contentUrl\":\"https:\\\/\\\/pharmagest.com\\\/wp-content\\\/uploads\\\/2026\\\/02\\\/reseau_transparent.png\",\"width\":1024,\"height\":1024},{\"@type\":\"WebSite\",\"@id\":\"https:\\\/\\\/pharmagest.com\\\/frbe\\\/#website\",\"url\":\"https:\\\/\\\/pharmagest.com\\\/frbe\\\/\",\"name\":\"Pharmagest - Logiciel de gestion pour pharmacie\",\"description\":\"Logiciel complet pour g\u00e9rer votre quotidien de pharmacien.\",\"publisher\":{\"@id\":\"https:\\\/\\\/pharmagest.com\\\/frbe\\\/#organization\"},\"potentialAction\":[{\"@type\":\"SearchAction\",\"target\":{\"@type\":\"EntryPoint\",\"urlTemplate\":\"https:\\\/\\\/pharmagest.com\\\/frbe\\\/?s={search_term_string}\"},\"query-input\":{\"@type\":\"PropertyValueSpecification\",\"valueRequired\":true,\"valueName\":\"search_term_string\"}}],\"inLanguage\":\"fr-BE\"},{\"@type\":[\"Organization\",\"Place\"],\"@id\":\"https:\\\/\\\/pharmagest.com\\\/frbe\\\/#organization\",\"name\":\"Pharmagest\",\"url\":\"https:\\\/\\\/pharmagest.com\\\/frbe\\\/\",\"logo\":{\"@id\":\"https:\\\/\\\/pharmagest.com\\\/frbe\\\/id-central\\\/#local-main-organization-logo\"},\"image\":{\"@id\":\"https:\\\/\\\/pharmagest.com\\\/frbe\\\/id-central\\\/#local-main-organization-logo\"},\"sameAs\":[\"https:\\\/\\\/www.facebook.com\\\/Pharmagest\\\/\",\"https:\\\/\\\/x.com\\\/Pharmagest\",\"https:\\\/\\\/www.linkedin.com\\\/company\\\/741276\"],\"telephone\":[],\"openingHoursSpecification\":[{\"@type\":\"OpeningHoursSpecification\",\"dayOfWeek\":[\"Monday\",\"Tuesday\",\"Wednesday\",\"Thursday\",\"Friday\",\"Saturday\",\"Sunday\"],\"opens\":\"09:00\",\"closes\":\"17:00\"}]},{\"@type\":\"ImageObject\",\"inLanguage\":\"fr-BE\",\"@id\":\"https:\\\/\\\/pharmagest.com\\\/frbe\\\/id-central\\\/#local-main-organization-logo\",\"url\":\"https:\\\/\\\/pharmagest.com\\\/wp-content\\\/uploads\\\/2022\\\/12\\\/cropped-logo-pharmagest-3.png\",\"contentUrl\":\"https:\\\/\\\/pharmagest.com\\\/wp-content\\\/uploads\\\/2022\\\/12\\\/cropped-logo-pharmagest-3.png\",\"width\":150,\"height\":100,\"caption\":\"Pharmagest\"}]}<\/script>\n<!-- \/ Yoast SEO Premium plugin. -->","yoast_head_json":{"title":"id. Central - Pharmagest - Logiciel de gestion pour pharmacie","robots":{"index":"index","follow":"follow","max-snippet":"max-snippet:-1","max-image-preview":"max-image-preview:large","max-video-preview":"max-video-preview:-1"},"canonical":"https:\/\/pharmagest.com\/frbe\/id-central\/","og_locale":"fr_FR","og_type":"article","og_title":"id. Central","og_description":"le pilotage r\u00e9seau simple et puissant","og_url":"https:\/\/pharmagest.com\/frbe\/id-central\/","og_site_name":"Pharmagest - Logiciel de gestion pour pharmacie","article_publisher":"https:\/\/www.facebook.com\/Pharmagest\/","article_modified_time":"2026-03-20T08:30:13+00:00","og_image":[{"width":1024,"height":1024,"url":"https:\/\/pharmagest.com\/wp-content\/uploads\/2026\/02\/reseau_transparent.png","type":"image\/png"}],"twitter_card":"summary_large_image","twitter_site":"@Pharmagest","twitter_misc":{"Dur\u00e9e de lecture est.":"2 minutes"},"schema":{"@context":"https:\/\/schema.org","@graph":[{"@type":"WebPage","@id":"https:\/\/pharmagest.com\/frbe\/id-central\/","url":"https:\/\/pharmagest.com\/frbe\/id-central\/","name":"id. Central - Pharmagest - Logiciel de gestion pour pharmacie","isPartOf":{"@id":"https:\/\/pharmagest.com\/frbe\/#website"},"primaryImageOfPage":{"@id":"https:\/\/pharmagest.com\/frbe\/id-central\/#primaryimage"},"image":{"@id":"https:\/\/pharmagest.com\/frbe\/id-central\/#primaryimage"},"thumbnailUrl":"https:\/\/pharmagest.com\/wp-content\/uploads\/2026\/02\/reseau_transparent.png","datePublished":"2026-01-13T10:12:09+00:00","dateModified":"2026-03-20T08:30:13+00:00","inLanguage":"fr-BE","potentialAction":[{"@type":"ReadAction","target":["https:\/\/pharmagest.com\/frbe\/id-central\/"]}]},{"@type":"ImageObject","inLanguage":"fr-BE","@id":"https:\/\/pharmagest.com\/frbe\/id-central\/#primaryimage","url":"https:\/\/pharmagest.com\/wp-content\/uploads\/2026\/02\/reseau_transparent.png","contentUrl":"https:\/\/pharmagest.com\/wp-content\/uploads\/2026\/02\/reseau_transparent.png","width":1024,"height":1024},{"@type":"WebSite","@id":"https:\/\/pharmagest.com\/frbe\/#website","url":"https:\/\/pharmagest.com\/frbe\/","name":"Pharmagest - Logiciel de gestion pour pharmacie","description":"Logiciel complet pour g\u00e9rer votre quotidien de pharmacien.","publisher":{"@id":"https:\/\/pharmagest.com\/frbe\/#organization"},"potentialAction":[{"@type":"SearchAction","target":{"@type":"EntryPoint","urlTemplate":"https:\/\/pharmagest.com\/frbe\/?s={search_term_string}"},"query-input":{"@type":"PropertyValueSpecification","valueRequired":true,"valueName":"search_term_string"}}],"inLanguage":"fr-BE"},{"@type":["Organization","Place"],"@id":"https:\/\/pharmagest.com\/frbe\/#organization","name":"Pharmagest","url":"https:\/\/pharmagest.com\/frbe\/","logo":{"@id":"https:\/\/pharmagest.com\/frbe\/id-central\/#local-main-organization-logo"},"image":{"@id":"https:\/\/pharmagest.com\/frbe\/id-central\/#local-main-organization-logo"},"sameAs":["https:\/\/www.facebook.com\/Pharmagest\/","https:\/\/x.com\/Pharmagest","https:\/\/www.linkedin.com\/company\/741276"],"telephone":[],"openingHoursSpecification":[{"@type":"OpeningHoursSpecification","dayOfWeek":["Monday","Tuesday","Wednesday","Thursday","Friday","Saturday","Sunday"],"opens":"09:00","closes":"17:00"}]},{"@type":"ImageObject","inLanguage":"fr-BE","@id":"https:\/\/pharmagest.com\/frbe\/id-central\/#local-main-organization-logo","url":"https:\/\/pharmagest.com\/wp-content\/uploads\/2022\/12\/cropped-logo-pharmagest-3.png","contentUrl":"https:\/\/pharmagest.com\/wp-content\/uploads\/2022\/12\/cropped-logo-pharmagest-3.png","width":150,"height":100,"caption":"Pharmagest"}]}},"_links":{"self":[{"href":"https:\/\/pharmagest.com\/frbe\/wp-json\/wp\/v2\/pages\/32367","targetHints":{"allow":["GET"]}}],"collection":[{"href":"https:\/\/pharmagest.com\/frbe\/wp-json\/wp\/v2\/pages"}],"about":[{"href":"https:\/\/pharmagest.com\/frbe\/wp-json\/wp\/v2\/types\/page"}],"author":[{"embeddable":true,"href":"https:\/\/pharmagest.com\/frbe\/wp-json\/wp\/v2\/users\/14"}],"replies":[{"embeddable":true,"href":"https:\/\/pharmagest.com\/frbe\/wp-json\/wp\/v2\/comments?post=32367"}],"version-history":[{"count":15,"href":"https:\/\/pharmagest.com\/frbe\/wp-json\/wp\/v2\/pages\/32367\/revisions"}],"predecessor-version":[{"id":35667,"href":"https:\/\/pharmagest.com\/frbe\/wp-json\/wp\/v2\/pages\/32367\/revisions\/35667"}],"wp:featuredmedia":[{"embeddable":true,"href":"https:\/\/pharmagest.com\/frbe\/wp-json\/wp\/v2\/media\/35958"}],"wp:attachment":[{"href":"https:\/\/pharmagest.com\/frbe\/wp-json\/wp\/v2\/media?parent=32367"}],"curies":[{"name":"wp","href":"https:\/\/api.w.org\/{rel}","templated":true}]}}