{"id":32360,"date":"2026-01-13T10:57:01","date_gmt":"2026-01-13T09:57:01","guid":{"rendered":"https:\/\/pharmagest.com\/?page_id=32360"},"modified":"2026-03-20T09:30:12","modified_gmt":"2026-03-20T08:30:12","slug":"id-stock","status":"publish","type":"page","link":"https:\/\/pharmagest.com\/frbe\/id-stock\/","title":{"rendered":"id. Stock"},"content":{"rendered":"<div>\n<div><strong>Centralisez votre stock et alimentez vos pharmacies en toute simplicit\u00e9.<\/strong><\/div>\n<div>id.stock est l\u2019outil qui permet de g\u00e9rer un d\u00e9p\u00f4t interne pour plusieurs pharmacies : commandes, r\u00e9ceptions, picking, tra\u00e7abilit\u00e9 et facturation. Con\u00e7u pour les r\u00e9seaux et les officines multi-sites, il offre une gestion centralis\u00e9e du stock, un suivi pr\u00e9cis des produits et une pr\u00e9paration rapide des colis pour chaque pharmacie du r\u00e9seau. Gr\u00e2ce \u00e0 la gestion des localisations, des num\u00e9ros de lot, des dates de p\u00e9remption et des contr\u00f4les FMD, vous avez une vision claire et fiable de tout ce qui entre et sort du d\u00e9p\u00f4t.<\/div>\n<\/div>\n","protected":false},"excerpt":{"rendered":"<p>votre d\u00e9p\u00f4t g\u00e9r\u00e9 simplement et sans erreur<\/p>\n","protected":false},"author":14,"featured_media":35834,"parent":0,"menu_order":131,"comment_status":"closed","ping_status":"closed","template":"a-page.php","meta":{"_acf_changed":false,"footnotes":""},"class_list":["post-32360","page","type-page","status-publish","has-post-thumbnail","hentry"],"acf":[],"yoast_head":"<!-- This site is optimized with the Yoast SEO Premium plugin v27.2 (Yoast SEO v27.4) - https:\/\/yoast.com\/product\/yoast-seo-premium-wordpress\/ -->\n<title>id. Stock - Pharmagest - Logiciel de gestion pour pharmacie<\/title>\n<meta name=\"robots\" content=\"index, follow, max-snippet:-1, max-image-preview:large, max-video-preview:-1\" \/>\n<link rel=\"canonical\" href=\"https:\/\/pharmagest.com\/frbe\/id-stock\/\" \/>\n<meta property=\"og:locale\" content=\"fr_FR\" \/>\n<meta property=\"og:type\" content=\"article\" \/>\n<meta property=\"og:title\" content=\"id. Stock\" \/>\n<meta property=\"og:description\" content=\"votre d\u00e9p\u00f4t g\u00e9r\u00e9 simplement et sans erreur\" \/>\n<meta property=\"og:url\" content=\"https:\/\/pharmagest.com\/frbe\/id-stock\/\" \/>\n<meta property=\"og:site_name\" content=\"Pharmagest - Logiciel de gestion pour pharmacie\" \/>\n<meta property=\"article:publisher\" content=\"https:\/\/www.facebook.com\/Pharmagest\/\" \/>\n<meta property=\"article:modified_time\" content=\"2026-03-20T08:30:12+00:00\" \/>\n<meta property=\"og:image\" content=\"https:\/\/pharmagest.com\/wp-content\/uploads\/2026\/02\/id_stock.jpg\" \/>\n\t<meta property=\"og:image:width\" content=\"1024\" \/>\n\t<meta property=\"og:image:height\" content=\"683\" \/>\n\t<meta property=\"og:image:type\" content=\"image\/jpeg\" \/>\n<meta name=\"twitter:card\" content=\"summary_large_image\" \/>\n<meta name=\"twitter:site\" content=\"@Pharmagest\" \/>\n<meta name=\"twitter:label1\" content=\"Dur\u00e9e de lecture est.\" \/>\n\t<meta name=\"twitter:data1\" content=\"2 minutes\" \/>\n<script type=\"application\/ld+json\" class=\"yoast-schema-graph\">{\"@context\":\"https:\\\/\\\/schema.org\",\"@graph\":[{\"@type\":\"WebPage\",\"@id\":\"https:\\\/\\\/pharmagest.com\\\/frbe\\\/id-stock\\\/\",\"url\":\"https:\\\/\\\/pharmagest.com\\\/frbe\\\/id-stock\\\/\",\"name\":\"id. Stock - Pharmagest - Logiciel de gestion pour pharmacie\",\"isPartOf\":{\"@id\":\"https:\\\/\\\/pharmagest.com\\\/frbe\\\/#website\"},\"primaryImageOfPage\":{\"@id\":\"https:\\\/\\\/pharmagest.com\\\/frbe\\\/id-stock\\\/#primaryimage\"},\"image\":{\"@id\":\"https:\\\/\\\/pharmagest.com\\\/frbe\\\/id-stock\\\/#primaryimage\"},\"thumbnailUrl\":\"https:\\\/\\\/pharmagest.com\\\/wp-content\\\/uploads\\\/2026\\\/02\\\/id_stock.jpg\",\"datePublished\":\"2026-01-13T09:57:01+00:00\",\"dateModified\":\"2026-03-20T08:30:12+00:00\",\"inLanguage\":\"fr-BE\",\"potentialAction\":[{\"@type\":\"ReadAction\",\"target\":[\"https:\\\/\\\/pharmagest.com\\\/frbe\\\/id-stock\\\/\"]}]},{\"@type\":\"ImageObject\",\"inLanguage\":\"fr-BE\",\"@id\":\"https:\\\/\\\/pharmagest.com\\\/frbe\\\/id-stock\\\/#primaryimage\",\"url\":\"https:\\\/\\\/pharmagest.com\\\/wp-content\\\/uploads\\\/2026\\\/02\\\/id_stock.jpg\",\"contentUrl\":\"https:\\\/\\\/pharmagest.com\\\/wp-content\\\/uploads\\\/2026\\\/02\\\/id_stock.jpg\",\"width\":1024,\"height\":683},{\"@type\":\"WebSite\",\"@id\":\"https:\\\/\\\/pharmagest.com\\\/frbe\\\/#website\",\"url\":\"https:\\\/\\\/pharmagest.com\\\/frbe\\\/\",\"name\":\"Pharmagest - Logiciel de gestion pour pharmacie\",\"description\":\"Logiciel complet pour g\u00e9rer votre quotidien de pharmacien.\",\"publisher\":{\"@id\":\"https:\\\/\\\/pharmagest.com\\\/frbe\\\/#organization\"},\"potentialAction\":[{\"@type\":\"SearchAction\",\"target\":{\"@type\":\"EntryPoint\",\"urlTemplate\":\"https:\\\/\\\/pharmagest.com\\\/frbe\\\/?s={search_term_string}\"},\"query-input\":{\"@type\":\"PropertyValueSpecification\",\"valueRequired\":true,\"valueName\":\"search_term_string\"}}],\"inLanguage\":\"fr-BE\"},{\"@type\":[\"Organization\",\"Place\"],\"@id\":\"https:\\\/\\\/pharmagest.com\\\/frbe\\\/#organization\",\"name\":\"Pharmagest\",\"url\":\"https:\\\/\\\/pharmagest.com\\\/frbe\\\/\",\"logo\":{\"@id\":\"https:\\\/\\\/pharmagest.com\\\/frbe\\\/id-stock\\\/#local-main-organization-logo\"},\"image\":{\"@id\":\"https:\\\/\\\/pharmagest.com\\\/frbe\\\/id-stock\\\/#local-main-organization-logo\"},\"sameAs\":[\"https:\\\/\\\/www.facebook.com\\\/Pharmagest\\\/\",\"https:\\\/\\\/x.com\\\/Pharmagest\",\"https:\\\/\\\/www.linkedin.com\\\/company\\\/741276\"],\"telephone\":[],\"openingHoursSpecification\":[{\"@type\":\"OpeningHoursSpecification\",\"dayOfWeek\":[\"Monday\",\"Tuesday\",\"Wednesday\",\"Thursday\",\"Friday\",\"Saturday\",\"Sunday\"],\"opens\":\"09:00\",\"closes\":\"17:00\"}]},{\"@type\":\"ImageObject\",\"inLanguage\":\"fr-BE\",\"@id\":\"https:\\\/\\\/pharmagest.com\\\/frbe\\\/id-stock\\\/#local-main-organization-logo\",\"url\":\"https:\\\/\\\/pharmagest.com\\\/wp-content\\\/uploads\\\/2022\\\/12\\\/cropped-logo-pharmagest-3.png\",\"contentUrl\":\"https:\\\/\\\/pharmagest.com\\\/wp-content\\\/uploads\\\/2022\\\/12\\\/cropped-logo-pharmagest-3.png\",\"width\":150,\"height\":100,\"caption\":\"Pharmagest\"}]}<\/script>\n<!-- \/ Yoast SEO Premium plugin. -->","yoast_head_json":{"title":"id. Stock - Pharmagest - Logiciel de gestion pour pharmacie","robots":{"index":"index","follow":"follow","max-snippet":"max-snippet:-1","max-image-preview":"max-image-preview:large","max-video-preview":"max-video-preview:-1"},"canonical":"https:\/\/pharmagest.com\/frbe\/id-stock\/","og_locale":"fr_FR","og_type":"article","og_title":"id. Stock","og_description":"votre d\u00e9p\u00f4t g\u00e9r\u00e9 simplement et sans erreur","og_url":"https:\/\/pharmagest.com\/frbe\/id-stock\/","og_site_name":"Pharmagest - Logiciel de gestion pour pharmacie","article_publisher":"https:\/\/www.facebook.com\/Pharmagest\/","article_modified_time":"2026-03-20T08:30:12+00:00","og_image":[{"width":1024,"height":683,"url":"https:\/\/pharmagest.com\/wp-content\/uploads\/2026\/02\/id_stock.jpg","type":"image\/jpeg"}],"twitter_card":"summary_large_image","twitter_site":"@Pharmagest","twitter_misc":{"Dur\u00e9e de lecture est.":"2 minutes"},"schema":{"@context":"https:\/\/schema.org","@graph":[{"@type":"WebPage","@id":"https:\/\/pharmagest.com\/frbe\/id-stock\/","url":"https:\/\/pharmagest.com\/frbe\/id-stock\/","name":"id. Stock - Pharmagest - Logiciel de gestion pour pharmacie","isPartOf":{"@id":"https:\/\/pharmagest.com\/frbe\/#website"},"primaryImageOfPage":{"@id":"https:\/\/pharmagest.com\/frbe\/id-stock\/#primaryimage"},"image":{"@id":"https:\/\/pharmagest.com\/frbe\/id-stock\/#primaryimage"},"thumbnailUrl":"https:\/\/pharmagest.com\/wp-content\/uploads\/2026\/02\/id_stock.jpg","datePublished":"2026-01-13T09:57:01+00:00","dateModified":"2026-03-20T08:30:12+00:00","inLanguage":"fr-BE","potentialAction":[{"@type":"ReadAction","target":["https:\/\/pharmagest.com\/frbe\/id-stock\/"]}]},{"@type":"ImageObject","inLanguage":"fr-BE","@id":"https:\/\/pharmagest.com\/frbe\/id-stock\/#primaryimage","url":"https:\/\/pharmagest.com\/wp-content\/uploads\/2026\/02\/id_stock.jpg","contentUrl":"https:\/\/pharmagest.com\/wp-content\/uploads\/2026\/02\/id_stock.jpg","width":1024,"height":683},{"@type":"WebSite","@id":"https:\/\/pharmagest.com\/frbe\/#website","url":"https:\/\/pharmagest.com\/frbe\/","name":"Pharmagest - Logiciel de gestion pour pharmacie","description":"Logiciel complet pour g\u00e9rer votre quotidien de pharmacien.","publisher":{"@id":"https:\/\/pharmagest.com\/frbe\/#organization"},"potentialAction":[{"@type":"SearchAction","target":{"@type":"EntryPoint","urlTemplate":"https:\/\/pharmagest.com\/frbe\/?s={search_term_string}"},"query-input":{"@type":"PropertyValueSpecification","valueRequired":true,"valueName":"search_term_string"}}],"inLanguage":"fr-BE"},{"@type":["Organization","Place"],"@id":"https:\/\/pharmagest.com\/frbe\/#organization","name":"Pharmagest","url":"https:\/\/pharmagest.com\/frbe\/","logo":{"@id":"https:\/\/pharmagest.com\/frbe\/id-stock\/#local-main-organization-logo"},"image":{"@id":"https:\/\/pharmagest.com\/frbe\/id-stock\/#local-main-organization-logo"},"sameAs":["https:\/\/www.facebook.com\/Pharmagest\/","https:\/\/x.com\/Pharmagest","https:\/\/www.linkedin.com\/company\/741276"],"telephone":[],"openingHoursSpecification":[{"@type":"OpeningHoursSpecification","dayOfWeek":["Monday","Tuesday","Wednesday","Thursday","Friday","Saturday","Sunday"],"opens":"09:00","closes":"17:00"}]},{"@type":"ImageObject","inLanguage":"fr-BE","@id":"https:\/\/pharmagest.com\/frbe\/id-stock\/#local-main-organization-logo","url":"https:\/\/pharmagest.com\/wp-content\/uploads\/2022\/12\/cropped-logo-pharmagest-3.png","contentUrl":"https:\/\/pharmagest.com\/wp-content\/uploads\/2022\/12\/cropped-logo-pharmagest-3.png","width":150,"height":100,"caption":"Pharmagest"}]}},"_links":{"self":[{"href":"https:\/\/pharmagest.com\/frbe\/wp-json\/wp\/v2\/pages\/32360","targetHints":{"allow":["GET"]}}],"collection":[{"href":"https:\/\/pharmagest.com\/frbe\/wp-json\/wp\/v2\/pages"}],"about":[{"href":"https:\/\/pharmagest.com\/frbe\/wp-json\/wp\/v2\/types\/page"}],"author":[{"embeddable":true,"href":"https:\/\/pharmagest.com\/frbe\/wp-json\/wp\/v2\/users\/14"}],"replies":[{"embeddable":true,"href":"https:\/\/pharmagest.com\/frbe\/wp-json\/wp\/v2\/comments?post=32360"}],"version-history":[{"count":10,"href":"https:\/\/pharmagest.com\/frbe\/wp-json\/wp\/v2\/pages\/32360\/revisions"}],"predecessor-version":[{"id":36610,"href":"https:\/\/pharmagest.com\/frbe\/wp-json\/wp\/v2\/pages\/32360\/revisions\/36610"}],"wp:featuredmedia":[{"embeddable":true,"href":"https:\/\/pharmagest.com\/frbe\/wp-json\/wp\/v2\/media\/35834"}],"wp:attachment":[{"href":"https:\/\/pharmagest.com\/frbe\/wp-json\/wp\/v2\/media?parent=32360"}],"curies":[{"name":"wp","href":"https:\/\/api.w.org\/{rel}","templated":true}]}}