{"id":31449,"date":"2026-01-13T16:48:20","date_gmt":"2026-01-13T15:48:20","guid":{"rendered":"https:\/\/pharmagest.com\/?page_id=31449"},"modified":"2026-03-20T09:30:21","modified_gmt":"2026-03-20T08:30:21","slug":"id-express-be","status":"publish","type":"page","link":"https:\/\/pharmagest.com\/frbe\/id-express-be\/","title":{"rendered":"id. Express"},"content":{"rendered":"<div>\n<div><strong>R\u00e9inventez l\u2019exp\u00e9rience patient et fluidifiez chaque passage en caisse.<\/strong><\/div>\n<div>id.Express est la borne de self-paiement con\u00e7ue pour moderniser l\u2019exp\u00e9rience d\u2019achat en pharmacie et r\u00e9duire la pression au comptoir. Simple, intuitive et rapide, elle permet \u00e0 vos patients de scanner et payer leurs produits en totale autonomie, en quelques clics. Votre \u00e9quipe gagne du temps pour le conseil, tandis que la file diminue et que le taux de conversion augmente. Une solution moderne qui optimise votre organisation et transforme davantage de visites en ventes.<\/div>\n<\/div>\n","protected":false},"excerpt":{"rendered":"<p>la borne de self-paiement qui lib\u00e8re votre \u00e9quipe<\/p>\n","protected":false},"author":14,"featured_media":36614,"parent":0,"menu_order":128,"comment_status":"closed","ping_status":"closed","template":"a-page.php","meta":{"_acf_changed":false,"footnotes":""},"class_list":["post-31449","page","type-page","status-publish","has-post-thumbnail","hentry"],"acf":[],"yoast_head":"<!-- This site is optimized with the Yoast SEO Premium plugin v27.2 (Yoast SEO v27.4) - https:\/\/yoast.com\/product\/yoast-seo-premium-wordpress\/ -->\n<title>id. Express - Pharmagest - Logiciel de gestion pour pharmacie<\/title>\n<meta name=\"robots\" content=\"index, follow, max-snippet:-1, max-image-preview:large, max-video-preview:-1\" \/>\n<link rel=\"canonical\" href=\"https:\/\/pharmagest.com\/frbe\/id-express-be\/\" \/>\n<meta property=\"og:locale\" content=\"fr_FR\" \/>\n<meta property=\"og:type\" content=\"article\" \/>\n<meta property=\"og:title\" content=\"id. Express\" \/>\n<meta property=\"og:description\" content=\"la borne de self-paiement qui lib\u00e8re votre \u00e9quipe\" \/>\n<meta property=\"og:url\" content=\"https:\/\/pharmagest.com\/frbe\/id-express-be\/\" \/>\n<meta property=\"og:site_name\" content=\"Pharmagest - Logiciel de gestion pour pharmacie\" \/>\n<meta property=\"article:publisher\" content=\"https:\/\/www.facebook.com\/Pharmagest\/\" \/>\n<meta property=\"article:modified_time\" content=\"2026-03-20T08:30:21+00:00\" \/>\n<meta property=\"og:image\" content=\"https:\/\/pharmagest.com\/wp-content\/uploads\/2026\/02\/express_final.png\" \/>\n\t<meta property=\"og:image:width\" content=\"969\" \/>\n\t<meta property=\"og:image:height\" content=\"1126\" \/>\n\t<meta property=\"og:image:type\" content=\"image\/png\" \/>\n<meta name=\"twitter:card\" content=\"summary_large_image\" \/>\n<meta name=\"twitter:site\" content=\"@Pharmagest\" \/>\n<meta name=\"twitter:label1\" content=\"Dur\u00e9e de lecture est.\" \/>\n\t<meta name=\"twitter:data1\" content=\"3 minutes\" \/>\n<script type=\"application\/ld+json\" class=\"yoast-schema-graph\">{\"@context\":\"https:\\\/\\\/schema.org\",\"@graph\":[{\"@type\":\"WebPage\",\"@id\":\"https:\\\/\\\/pharmagest.com\\\/frbe\\\/id-express-be\\\/\",\"url\":\"https:\\\/\\\/pharmagest.com\\\/frbe\\\/id-express-be\\\/\",\"name\":\"id. Express - Pharmagest - Logiciel de gestion pour pharmacie\",\"isPartOf\":{\"@id\":\"https:\\\/\\\/pharmagest.com\\\/frbe\\\/#website\"},\"primaryImageOfPage\":{\"@id\":\"https:\\\/\\\/pharmagest.com\\\/frbe\\\/id-express-be\\\/#primaryimage\"},\"image\":{\"@id\":\"https:\\\/\\\/pharmagest.com\\\/frbe\\\/id-express-be\\\/#primaryimage\"},\"thumbnailUrl\":\"https:\\\/\\\/pharmagest.com\\\/wp-content\\\/uploads\\\/2026\\\/02\\\/express_final.png\",\"datePublished\":\"2026-01-13T15:48:20+00:00\",\"dateModified\":\"2026-03-20T08:30:21+00:00\",\"inLanguage\":\"fr-BE\",\"potentialAction\":[{\"@type\":\"ReadAction\",\"target\":[\"https:\\\/\\\/pharmagest.com\\\/frbe\\\/id-express-be\\\/\"]}]},{\"@type\":\"ImageObject\",\"inLanguage\":\"fr-BE\",\"@id\":\"https:\\\/\\\/pharmagest.com\\\/frbe\\\/id-express-be\\\/#primaryimage\",\"url\":\"https:\\\/\\\/pharmagest.com\\\/wp-content\\\/uploads\\\/2026\\\/02\\\/express_final.png\",\"contentUrl\":\"https:\\\/\\\/pharmagest.com\\\/wp-content\\\/uploads\\\/2026\\\/02\\\/express_final.png\",\"width\":969,\"height\":1126},{\"@type\":\"WebSite\",\"@id\":\"https:\\\/\\\/pharmagest.com\\\/frbe\\\/#website\",\"url\":\"https:\\\/\\\/pharmagest.com\\\/frbe\\\/\",\"name\":\"Pharmagest - Logiciel de gestion pour pharmacie\",\"description\":\"Logiciel complet pour g\u00e9rer votre quotidien de pharmacien.\",\"publisher\":{\"@id\":\"https:\\\/\\\/pharmagest.com\\\/frbe\\\/#organization\"},\"potentialAction\":[{\"@type\":\"SearchAction\",\"target\":{\"@type\":\"EntryPoint\",\"urlTemplate\":\"https:\\\/\\\/pharmagest.com\\\/frbe\\\/?s={search_term_string}\"},\"query-input\":{\"@type\":\"PropertyValueSpecification\",\"valueRequired\":true,\"valueName\":\"search_term_string\"}}],\"inLanguage\":\"fr-BE\"},{\"@type\":[\"Organization\",\"Place\"],\"@id\":\"https:\\\/\\\/pharmagest.com\\\/frbe\\\/#organization\",\"name\":\"Pharmagest\",\"url\":\"https:\\\/\\\/pharmagest.com\\\/frbe\\\/\",\"logo\":{\"@id\":\"https:\\\/\\\/pharmagest.com\\\/frbe\\\/id-express-be\\\/#local-main-organization-logo\"},\"image\":{\"@id\":\"https:\\\/\\\/pharmagest.com\\\/frbe\\\/id-express-be\\\/#local-main-organization-logo\"},\"sameAs\":[\"https:\\\/\\\/www.facebook.com\\\/Pharmagest\\\/\",\"https:\\\/\\\/x.com\\\/Pharmagest\",\"https:\\\/\\\/www.linkedin.com\\\/company\\\/741276\"],\"telephone\":[],\"openingHoursSpecification\":[{\"@type\":\"OpeningHoursSpecification\",\"dayOfWeek\":[\"Monday\",\"Tuesday\",\"Wednesday\",\"Thursday\",\"Friday\",\"Saturday\",\"Sunday\"],\"opens\":\"09:00\",\"closes\":\"17:00\"}]},{\"@type\":\"ImageObject\",\"inLanguage\":\"fr-BE\",\"@id\":\"https:\\\/\\\/pharmagest.com\\\/frbe\\\/id-express-be\\\/#local-main-organization-logo\",\"url\":\"https:\\\/\\\/pharmagest.com\\\/wp-content\\\/uploads\\\/2022\\\/12\\\/cropped-logo-pharmagest-3.png\",\"contentUrl\":\"https:\\\/\\\/pharmagest.com\\\/wp-content\\\/uploads\\\/2022\\\/12\\\/cropped-logo-pharmagest-3.png\",\"width\":150,\"height\":100,\"caption\":\"Pharmagest\"}]}<\/script>\n<!-- \/ Yoast SEO Premium plugin. -->","yoast_head_json":{"title":"id. Express - Pharmagest - Logiciel de gestion pour pharmacie","robots":{"index":"index","follow":"follow","max-snippet":"max-snippet:-1","max-image-preview":"max-image-preview:large","max-video-preview":"max-video-preview:-1"},"canonical":"https:\/\/pharmagest.com\/frbe\/id-express-be\/","og_locale":"fr_FR","og_type":"article","og_title":"id. Express","og_description":"la borne de self-paiement qui lib\u00e8re votre \u00e9quipe","og_url":"https:\/\/pharmagest.com\/frbe\/id-express-be\/","og_site_name":"Pharmagest - Logiciel de gestion pour pharmacie","article_publisher":"https:\/\/www.facebook.com\/Pharmagest\/","article_modified_time":"2026-03-20T08:30:21+00:00","og_image":[{"width":969,"height":1126,"url":"https:\/\/pharmagest.com\/wp-content\/uploads\/2026\/02\/express_final.png","type":"image\/png"}],"twitter_card":"summary_large_image","twitter_site":"@Pharmagest","twitter_misc":{"Dur\u00e9e de lecture est.":"3 minutes"},"schema":{"@context":"https:\/\/schema.org","@graph":[{"@type":"WebPage","@id":"https:\/\/pharmagest.com\/frbe\/id-express-be\/","url":"https:\/\/pharmagest.com\/frbe\/id-express-be\/","name":"id. Express - Pharmagest - Logiciel de gestion pour pharmacie","isPartOf":{"@id":"https:\/\/pharmagest.com\/frbe\/#website"},"primaryImageOfPage":{"@id":"https:\/\/pharmagest.com\/frbe\/id-express-be\/#primaryimage"},"image":{"@id":"https:\/\/pharmagest.com\/frbe\/id-express-be\/#primaryimage"},"thumbnailUrl":"https:\/\/pharmagest.com\/wp-content\/uploads\/2026\/02\/express_final.png","datePublished":"2026-01-13T15:48:20+00:00","dateModified":"2026-03-20T08:30:21+00:00","inLanguage":"fr-BE","potentialAction":[{"@type":"ReadAction","target":["https:\/\/pharmagest.com\/frbe\/id-express-be\/"]}]},{"@type":"ImageObject","inLanguage":"fr-BE","@id":"https:\/\/pharmagest.com\/frbe\/id-express-be\/#primaryimage","url":"https:\/\/pharmagest.com\/wp-content\/uploads\/2026\/02\/express_final.png","contentUrl":"https:\/\/pharmagest.com\/wp-content\/uploads\/2026\/02\/express_final.png","width":969,"height":1126},{"@type":"WebSite","@id":"https:\/\/pharmagest.com\/frbe\/#website","url":"https:\/\/pharmagest.com\/frbe\/","name":"Pharmagest - Logiciel de gestion pour pharmacie","description":"Logiciel complet pour g\u00e9rer votre quotidien de pharmacien.","publisher":{"@id":"https:\/\/pharmagest.com\/frbe\/#organization"},"potentialAction":[{"@type":"SearchAction","target":{"@type":"EntryPoint","urlTemplate":"https:\/\/pharmagest.com\/frbe\/?s={search_term_string}"},"query-input":{"@type":"PropertyValueSpecification","valueRequired":true,"valueName":"search_term_string"}}],"inLanguage":"fr-BE"},{"@type":["Organization","Place"],"@id":"https:\/\/pharmagest.com\/frbe\/#organization","name":"Pharmagest","url":"https:\/\/pharmagest.com\/frbe\/","logo":{"@id":"https:\/\/pharmagest.com\/frbe\/id-express-be\/#local-main-organization-logo"},"image":{"@id":"https:\/\/pharmagest.com\/frbe\/id-express-be\/#local-main-organization-logo"},"sameAs":["https:\/\/www.facebook.com\/Pharmagest\/","https:\/\/x.com\/Pharmagest","https:\/\/www.linkedin.com\/company\/741276"],"telephone":[],"openingHoursSpecification":[{"@type":"OpeningHoursSpecification","dayOfWeek":["Monday","Tuesday","Wednesday","Thursday","Friday","Saturday","Sunday"],"opens":"09:00","closes":"17:00"}]},{"@type":"ImageObject","inLanguage":"fr-BE","@id":"https:\/\/pharmagest.com\/frbe\/id-express-be\/#local-main-organization-logo","url":"https:\/\/pharmagest.com\/wp-content\/uploads\/2022\/12\/cropped-logo-pharmagest-3.png","contentUrl":"https:\/\/pharmagest.com\/wp-content\/uploads\/2022\/12\/cropped-logo-pharmagest-3.png","width":150,"height":100,"caption":"Pharmagest"}]}},"_links":{"self":[{"href":"https:\/\/pharmagest.com\/frbe\/wp-json\/wp\/v2\/pages\/31449","targetHints":{"allow":["GET"]}}],"collection":[{"href":"https:\/\/pharmagest.com\/frbe\/wp-json\/wp\/v2\/pages"}],"about":[{"href":"https:\/\/pharmagest.com\/frbe\/wp-json\/wp\/v2\/types\/page"}],"author":[{"embeddable":true,"href":"https:\/\/pharmagest.com\/frbe\/wp-json\/wp\/v2\/users\/14"}],"replies":[{"embeddable":true,"href":"https:\/\/pharmagest.com\/frbe\/wp-json\/wp\/v2\/comments?post=31449"}],"version-history":[{"count":13,"href":"https:\/\/pharmagest.com\/frbe\/wp-json\/wp\/v2\/pages\/31449\/revisions"}],"predecessor-version":[{"id":35933,"href":"https:\/\/pharmagest.com\/frbe\/wp-json\/wp\/v2\/pages\/31449\/revisions\/35933"}],"wp:featuredmedia":[{"embeddable":true,"href":"https:\/\/pharmagest.com\/frbe\/wp-json\/wp\/v2\/media\/36614"}],"wp:attachment":[{"href":"https:\/\/pharmagest.com\/frbe\/wp-json\/wp\/v2\/media?parent=31449"}],"curies":[{"name":"wp","href":"https:\/\/api.w.org\/{rel}","templated":true}]}}