{"id":16554,"date":"2025-03-19T17:16:15","date_gmt":"2025-03-19T16:16:15","guid":{"rendered":"https:\/\/pharmagest.com\/?post_type=product&#038;p=16554"},"modified":"2026-01-21T13:39:06","modified_gmt":"2026-01-21T12:39:06","slug":"ti-internet-ausfallschutz","status":"publish","type":"product","link":"https:\/\/pharmagest.com\/de\/produkte\/ti-internet-ausfallschutz\/","title":{"rendered":"TI-\/Internet Ausfallschutz"},"content":{"rendered":"<section id=\"hero-block_a480d0fa0c7f3dcd2adb9e4bcf327978\" class=\"center-style hero block-hero\">\n\t<div class=\"container\">\n        \n\t\t\t<div class=\"row large-half\" style=\"height: 100%\">\n\t\t\t\t<div class=\"flex-col flex-center\">\n\t\t\t\t\t<div class=\"wrap-content-left\" data-aos=\"fade-right\" data-aos-delay=\"100\">\n\t\t\t\t\t\t\n<div id=\"titre-perso-block_61034029252910dd91cffe6a82a9eace\" class=\"titre-perso block-titre-perso\">\n\t<div class=\"container\">\n\t\t<div class=\"row\">\n\t\t\t<div class=\"medium-large-full flex-col\">\n\t\t\t\t<h2 class=\"title\" data-aos=\"fade-left\" data-aos-delay=\"100\">\n\t\t\t\t\t\t\t\t\t\t\t<span class=\"meta-title\" data-aos=\"fade-right\" data-aos-delay=\"100\">\n\t\t\t\t\t\t\tTI- und Internet-Ausfallschutz\t\t\t\t\t\t<\/span>\n\t\t\t\t\t\t\t\t\t\t<span class=\"meta-suptitle\" data-aos=\"fade-right\" data-aos-delay=\"200\">\n\t\t\t\t\t\tGarantierter Zugang zur TI \u2013 auch bei Internetausfall\n\t\t\t\t\t\t\t\t\t\t\t<\/span>\n\t\t\t\t<\/h2>\n\t\t\t<\/div>\n\t\t<\/div>\n\t<\/div>\n<\/div>\n\n\n<div class=\"container\"><div class=\"row\"><div class=\"medium-large-full\">\n<p>Ein stabiler Internetzugang ist f\u00fcr den Apothekenbetrieb&nbsp;essenziell&nbsp;\u2013 doch was passiert bei einem Ausfall? Der&nbsp;TI- und Internet-Ausfallschutz&nbsp;h\u00e4lt Ihre Apotheke&nbsp;online und betriebsf\u00e4hig, selbst bei Netzwerkst\u00f6rungen. Dank&nbsp;autonomem LTE\/5G-Backup&nbsp;bleibt der Zugang zur&nbsp;Telematikinfrastruktur (TI)&nbsp;erhalten, und kritische Dienste wie das&nbsp;E-Rezept und die Versichertenstammdatenpr\u00fcfung&nbsp;sind jederzeit verf\u00fcgbar. Maximale Sicherheit f\u00fcr Apotheken \u2013 einfach &amp; auf Knopfdruck!<\/p>\n<\/div><\/div><\/div>\n\n<div class=\"container\"><div class=\"row\"><div class=\"medium-large-full\">\n<div style=\"height:100px\" aria-hidden=\"true\" class=\"wp-block-spacer\"><\/div>\n<\/div><\/div><\/div>\n\n<div class=\"container\"><div class=\"row\"><div class=\"medium-large-full\">\n<div style=\"height:100px\" aria-hidden=\"true\" class=\"wp-block-spacer\"><\/div>\n<\/div><\/div><\/div>\n\n\t\t\t\t\t<\/div>\n\t\t\t\t<\/div>\n                \t\t\t\t\t<div class=\"flex-col flex-center image-squared\" data-aos=\"fade-left\" data-aos-delay=\"100\">\n                        <img loading=\"lazy\" decoding=\"async\" width=\"820\" height=\"820\" src=\"https:\/\/pharmagest.com\/wp-content\/uploads\/2025\/04\/600x400px_Ausfallschutz-820x820.jpg\" class=\"attachment-squared size-squared\" alt=\"\" srcset=\"https:\/\/pharmagest.com\/wp-content\/uploads\/2025\/04\/600x400px_Ausfallschutz-820x820.jpg 820w, https:\/\/pharmagest.com\/wp-content\/uploads\/2025\/04\/600x400px_Ausfallschutz-300x300.jpg 300w\" sizes=\"auto, (max-width: 820px) 100vw, 820px\" \/>\t\t\t\t\t<\/div>\n                \t\t\t<\/div>\n\n        \t<\/div>\n\n\t<\/section>\n\n\n\n<div class=\"container\"><div class=\"row\"><div class=\"medium-large-full\">\n<div class=\"wp-block-media-text is-stacked-on-mobile\" style=\"grid-template-columns:20% auto\"><figure class=\"wp-block-media-text__media\"><img loading=\"lazy\" decoding=\"async\" width=\"264\" height=\"300\" src=\"https:\/\/pharmagest.com\/wp-content\/uploads\/2025\/03\/TI-Internet-Ausfallschutz-264x300-1.png\" alt=\"\" class=\"wp-image-16555 size-full\" \/><\/figure><div class=\"wp-block-media-text__content\"><div class=\"container\"><div class=\"row\"><div class=\"medium-large-full\">\n<div style=\"height:250px\" aria-hidden=\"true\" class=\"wp-block-spacer\"><\/div>\n<\/div><\/div><\/div>\n\n<div class=\"container\"><div class=\"row\"><div class=\"medium-large-full\">\n<h2 class=\"wp-block-heading\" id=\"h-ti-und-internet-ausfallschutz-highlights\">TI- und Internet-Ausfallschutz Highlights<\/h2>\n<\/div><\/div><\/div>\n\n<div class=\"container\"><div class=\"row\"><div class=\"medium-large-full\">\n<ul class=\"wp-block-list\">\n<li>Sch\u00fctzt Ihre Apotheke vor Internetst\u00f6rungen<\/li>\n\n\n\n<li>Garantiert unterbrechungsfreien Zugang zur Telematikinfrastruktur (TI)<\/li>\n\n\n\n<li>Einfache Bedienung \u2013 per Knopfdruck aktivierbar<\/li>\n\n\n\n<li>Funktioniert mit den meisten Apotheken-Softwarel\u00f6sungen<br><\/li>\n<\/ul>\n<\/div><\/div><\/div>\n\n<div class=\"container\"><div class=\"row\"><div class=\"medium-large-full\">\n<div style=\"height:100px\" aria-hidden=\"true\" class=\"wp-block-spacer\"><\/div>\n<\/div><\/div><\/div>\n\n<div class=\"container\"><div class=\"row\"><div class=\"medium-large-full\">\n<h2 class=\"wp-block-heading\" id=\"h-ti-und-internet-ausfallschutz-funktionen\">TI- und Internet-Ausfallschutz Funktionen<\/h2>\n<\/div><\/div><\/div>\n\n<section id=\"etapes-block_c2bb816714842ab102ec57f92cdb537a\" class=\"etapes block-etapes\" data-aos=\"fade-right\" data-aos-delay=\"100\">\n\t\t\t<div class=\"step-icon\"><img loading=\"lazy\" decoding=\"async\" width=\"300\" height=\"300\" src=\"https:\/\/pharmagest.com\/wp-content\/uploads\/2024\/12\/1-1-300x300.png\" class=\"attachment-thumbnail size-thumbnail\" alt=\"\" srcset=\"https:\/\/pharmagest.com\/wp-content\/uploads\/2024\/12\/1-1-300x300.png 300w, https:\/\/pharmagest.com\/wp-content\/uploads\/2024\/12\/1-1-820x820.png 820w, https:\/\/pharmagest.com\/wp-content\/uploads\/2024\/12\/1-1-400x400.png 400w, https:\/\/pharmagest.com\/wp-content\/uploads\/2024\/12\/1-1-600x600.png 600w, https:\/\/pharmagest.com\/wp-content\/uploads\/2024\/12\/1-1.png 500w\" sizes=\"auto, (max-width: 300px) 100vw, 300px\" \/><\/div>\n\t\t<div class=\"step-content\">\n\t\t\n<div class=\"container\"><div class=\"row\"><div class=\"medium-large-full\">\n<h2 class=\"wp-block-heading\" id=\"h-stabile-anbindung-an-die-telematikinfrastruktur\">Stabile Anbindung an die Telematikinfrastruktur<\/h2>\n<\/div><\/div><\/div>\n\n<div class=\"container\"><div class=\"row\"><div class=\"medium-large-full\">\n<ul class=\"wp-block-list\">\n<li>Kein Risiko eines Betriebsstopps durch Internetausfall<\/li>\n\n\n\n<li>Unterbrechungsfreie Nutzung von E-Rezept &amp; Versichertenstammdatenpr\u00fcfung<\/li>\n\n\n\n<li>Maximale Sicherheit f\u00fcr Ihre Apothekensysteme<\/li>\n\n\n\n<li>Nahtloses Umschalten: Einfacher Wechsel zwischen Routern per Knopfdruck<\/li>\n<\/ul>\n<\/div><\/div><\/div>\n\n\t<\/div>\n<\/section>\n\n\n<div class=\"container\"><div class=\"row\"><div class=\"medium-large-full\">\n<div style=\"height:50px\" aria-hidden=\"true\" class=\"wp-block-spacer\"><\/div>\n<\/div><\/div><\/div>\n\n<section id=\"etapes-block_307d67b6f6bbbb2aeb077ad9357987ee\" class=\"etapes block-etapes\" data-aos=\"fade-right\" data-aos-delay=\"100\">\n\t\t\t<div class=\"step-icon\"><img loading=\"lazy\" decoding=\"async\" width=\"300\" height=\"300\" src=\"https:\/\/pharmagest.com\/wp-content\/uploads\/2024\/12\/2-1-300x300.png\" class=\"attachment-thumbnail size-thumbnail\" alt=\"\" srcset=\"https:\/\/pharmagest.com\/wp-content\/uploads\/2024\/12\/2-1-300x300.png 300w, https:\/\/pharmagest.com\/wp-content\/uploads\/2024\/12\/2-1-820x820.png 820w, https:\/\/pharmagest.com\/wp-content\/uploads\/2024\/12\/2-1-400x400.png 400w, https:\/\/pharmagest.com\/wp-content\/uploads\/2024\/12\/2-1-600x600.png 600w, https:\/\/pharmagest.com\/wp-content\/uploads\/2024\/12\/2-1.png 500w\" sizes=\"auto, (max-width: 300px) 100vw, 300px\" \/><\/div>\n\t\t<div class=\"step-content\">\n\t\t\n<div class=\"container\"><div class=\"row\"><div class=\"medium-large-full\">\n<h2 class=\"wp-block-heading\" id=\"h-autonomes-lte-5g-backup-fur-hochste-betriebssicherheit\"><strong>Autonomes LTE\/5G-Backup f\u00fcr h\u00f6chste Betriebssicherheit<\/strong><\/h2>\n<\/div><\/div><\/div>\n\n<div class=\"container\"><div class=\"row\"><div class=\"medium-large-full\">\n<ul class=\"wp-block-list\">\n<li>Unabh\u00e4ngige Internetverbindung \u00fcber Mobilfunk<\/li>\n\n\n\n<li>Automatische oder manuelle Aktivierung bei Netzst\u00f6rungen<\/li>\n\n\n\n<li>Sofortige Reaktionsf\u00e4higkeit in Notf\u00e4llen<\/li>\n<\/ul>\n<\/div><\/div><\/div>\n\n\t<\/div>\n<\/section>\n\n\n<div class=\"container\"><div class=\"row\"><div class=\"medium-large-full\">\n<div style=\"height:50px\" aria-hidden=\"true\" class=\"wp-block-spacer\"><\/div>\n<\/div><\/div><\/div>\n\n<section id=\"etapes-block_87d835be932f734396e271c794eddca1\" class=\"etapes block-etapes\" data-aos=\"fade-right\" data-aos-delay=\"100\">\n\t\t\t<div class=\"step-icon\"><img loading=\"lazy\" decoding=\"async\" width=\"300\" height=\"300\" src=\"https:\/\/pharmagest.com\/wp-content\/uploads\/2024\/12\/3-1-300x300.png\" class=\"attachment-thumbnail size-thumbnail\" alt=\"\" srcset=\"https:\/\/pharmagest.com\/wp-content\/uploads\/2024\/12\/3-1-300x300.png 300w, https:\/\/pharmagest.com\/wp-content\/uploads\/2024\/12\/3-1-820x820.png 820w, https:\/\/pharmagest.com\/wp-content\/uploads\/2024\/12\/3-1-400x400.png 400w, https:\/\/pharmagest.com\/wp-content\/uploads\/2024\/12\/3-1-600x600.png 600w, https:\/\/pharmagest.com\/wp-content\/uploads\/2024\/12\/3-1.png 500w\" sizes=\"auto, (max-width: 300px) 100vw, 300px\" \/><\/div>\n\t\t<div class=\"step-content\">\n\t\t\n<div class=\"container\"><div class=\"row\"><div class=\"medium-large-full\">\n<h2 class=\"wp-block-heading\" id=\"h-einfache-und-schnelle-installation\"><strong><strong>Einfache und schnelle Installation<\/strong><\/strong><\/h2>\n<\/div><\/div><\/div>\n\n<div class=\"container\"><div class=\"row\"><div class=\"medium-large-full\">\n<ul class=\"wp-block-list\">\n<li>Plug-and-Play-L\u00f6sung ohne technisches Know-how<\/li>\n\n\n\n<li>Minimaler Installationsaufwand&nbsp;\u2013 sofort einsatzbereit<\/li>\n\n\n\n<li>Keine komplizierte Konfiguration n\u00f6tig<\/li>\n\n\n\n<li>Kompatibel mit den meisten Apotheken-Softwarel\u00f6sungen<\/li>\n<\/ul>\n<\/div><\/div><\/div>\n\n\t<\/div>\n<\/section>\n\n\n<div class=\"container\"><div class=\"row\"><div class=\"medium-large-full\">\n<div style=\"height:100px\" aria-hidden=\"true\" class=\"wp-block-spacer\"><\/div>\n<\/div><\/div><\/div><\/div><\/div>\n<\/div><\/div><\/div>\n\n<section id=\"fullwidth-block_d4cb5543794b31e2d78ab42d457f1918\" class=\"fullwidth block-fullwidth is-style-background-dark-blue\" data-aos=\"fade-down\">\n        \n<div id=\"titre-perso-block_e7120cb788b97bf63154a3a0a2d24965\" class=\"titre-perso block-titre-perso\">\n\t<div class=\"container\">\n\t\t<div class=\"row\">\n\t\t\t<div class=\"medium-large-full flex-col\">\n\t\t\t\t<h2 class=\"title\" data-aos=\"fade-left\" data-aos-delay=\"100\">\n\t\t\t\t\t\t\t\t\t\t\t<span class=\"meta-title\" data-aos=\"fade-right\" data-aos-delay=\"100\">\n\t\t\t\t\t\t\tBleiben Sie immer online \u2013 auch bei Internetproblemen! \t\t\t\t\t\t<\/span>\n\t\t\t\t\t\t\t\t\t\t<span class=\"meta-suptitle\" data-aos=\"fade-right\" data-aos-delay=\"200\">\n\t\t\t\t\t\tSichern Sie sich unseren TI- und Internet-Ausfallschutz \u2013 f\u00fcr maximale Sicherheit f\u00fcr Ihre Apothekensysteme!  \n\t\t\t\t\t\t\t\t\t\t\t<\/span>\n\t\t\t\t<\/h2>\n\t\t\t<\/div>\n\t\t<\/div>\n\t<\/div>\n<\/div>\n\n\n<div class=\"container\"><div class=\"row\"><div class=\"medium-large-full\">\n<div style=\"height:50px\" aria-hidden=\"true\" class=\"wp-block-spacer\"><\/div>\n<\/div><\/div><\/div>\n\n<a class=\"wp-block-button__link button block-bouton-demo\" href=\"https:\/\/pharmagest.com\/de\/demotermin\/?produit=16554\">\n\tJetzt Demotermin vereinbaren<\/a>\n\n\n<\/section>\n","protected":false},"excerpt":{"rendered":"<p>Nie mehr offline: Unser TI- und Internet-Ausfallschutz garantiert den Anschluss zur TI.<\/p>\n","protected":false},"featured_media":17700,"template":"","product-gammes":[143],"class_list":["post-16554","product","type-product","status-publish","has-post-thumbnail","hentry","product-gammes-produktinnovationen"],"acf":[],"yoast_head":"<!-- This site is optimized with the Yoast SEO Premium plugin v27.2 (Yoast SEO v27.3) - https:\/\/yoast.com\/product\/yoast-seo-premium-wordpress\/ -->\n<title>TI-\/Internet Ausfallschutz - PHARMAGEST \u2013 Apothekenverwaltungssoftware<\/title>\n<meta name=\"description\" content=\"Der TI-\/Internet Ausfallschutz h\u00e4lt Ihre Apotheke auch bei Internetausfall online. Mit LTE\/5G-Backup sichern Sie den Zugang zur Telematikinfrastruktur (TI) \u2013 E-Rezepte und Apothekenprozesse bleiben stabil. Jetzt informieren!\" \/>\n<meta name=\"robots\" content=\"index, follow, max-snippet:-1, max-image-preview:large, max-video-preview:-1\" \/>\n<link rel=\"canonical\" href=\"https:\/\/pharmagest.com\/de\/produkte\/ti-internet-ausfallschutz\/\" \/>\n<meta property=\"og:locale\" content=\"de_DE\" \/>\n<meta property=\"og:type\" content=\"article\" \/>\n<meta property=\"og:title\" content=\"TI-\/Internet Ausfallschutz\" \/>\n<meta property=\"og:description\" content=\"Der TI-\/Internet Ausfallschutz h\u00e4lt Ihre Apotheke auch bei Internetausfall online. Mit LTE\/5G-Backup sichern Sie den Zugang zur Telematikinfrastruktur (TI) \u2013 E-Rezepte und Apothekenprozesse bleiben stabil. Jetzt informieren!\" \/>\n<meta property=\"og:url\" content=\"https:\/\/pharmagest.com\/de\/produkte\/ti-internet-ausfallschutz\/\" \/>\n<meta property=\"og:site_name\" content=\"PHARMAGEST \u2013 Apothekenverwaltungssoftware\" \/>\n<meta property=\"article:publisher\" content=\"https:\/\/www.facebook.com\/Pharmagest\/\" \/>\n<meta property=\"article:modified_time\" content=\"2026-01-21T12:39:06+00:00\" \/>\n<meta property=\"og:image\" content=\"https:\/\/pharmagest.com\/wp-content\/uploads\/2025\/04\/600x400px_Ausfallschutz.jpg\" \/>\n\t<meta property=\"og:image:width\" content=\"600\" \/>\n\t<meta property=\"og:image:height\" content=\"400\" \/>\n\t<meta property=\"og:image:type\" content=\"image\/jpeg\" \/>\n<meta name=\"twitter:card\" content=\"summary_large_image\" \/>\n<meta name=\"twitter:site\" content=\"@Pharmagest\" \/>\n<meta name=\"twitter:label1\" content=\"Gesch\u00e4tzte Lesezeit\" \/>\n\t<meta name=\"twitter:data1\" content=\"3\u00a0Minuten\" \/>\n<script type=\"application\/ld+json\" class=\"yoast-schema-graph\">{\"@context\":\"https:\\\/\\\/schema.org\",\"@graph\":[{\"@type\":\"WebPage\",\"@id\":\"https:\\\/\\\/pharmagest.com\\\/de\\\/produkte\\\/ti-internet-ausfallschutz\\\/\",\"url\":\"https:\\\/\\\/pharmagest.com\\\/de\\\/produkte\\\/ti-internet-ausfallschutz\\\/\",\"name\":\"TI-\\\/Internet Ausfallschutz - PHARMAGEST \u2013 Apothekenverwaltungssoftware\",\"isPartOf\":{\"@id\":\"https:\\\/\\\/pharmagest.com\\\/de\\\/#website\"},\"primaryImageOfPage\":{\"@id\":\"https:\\\/\\\/pharmagest.com\\\/de\\\/produkte\\\/ti-internet-ausfallschutz\\\/#primaryimage\"},\"image\":{\"@id\":\"https:\\\/\\\/pharmagest.com\\\/de\\\/produkte\\\/ti-internet-ausfallschutz\\\/#primaryimage\"},\"thumbnailUrl\":\"https:\\\/\\\/pharmagest.com\\\/wp-content\\\/uploads\\\/2025\\\/04\\\/600x400px_Ausfallschutz.jpg\",\"datePublished\":\"2025-03-19T16:16:15+00:00\",\"dateModified\":\"2026-01-21T12:39:06+00:00\",\"description\":\"Der TI-\\\/Internet Ausfallschutz h\u00e4lt Ihre Apotheke auch bei Internetausfall online. Mit LTE\\\/5G-Backup sichern Sie den Zugang zur Telematikinfrastruktur (TI) \u2013 E-Rezepte und Apothekenprozesse bleiben stabil. Jetzt informieren!\",\"breadcrumb\":{\"@id\":\"https:\\\/\\\/pharmagest.com\\\/de\\\/produkte\\\/ti-internet-ausfallschutz\\\/#breadcrumb\"},\"inLanguage\":\"de\",\"potentialAction\":[{\"@type\":\"ReadAction\",\"target\":[\"https:\\\/\\\/pharmagest.com\\\/de\\\/produkte\\\/ti-internet-ausfallschutz\\\/\"]}]},{\"@type\":\"ImageObject\",\"inLanguage\":\"de\",\"@id\":\"https:\\\/\\\/pharmagest.com\\\/de\\\/produkte\\\/ti-internet-ausfallschutz\\\/#primaryimage\",\"url\":\"https:\\\/\\\/pharmagest.com\\\/wp-content\\\/uploads\\\/2025\\\/04\\\/600x400px_Ausfallschutz.jpg\",\"contentUrl\":\"https:\\\/\\\/pharmagest.com\\\/wp-content\\\/uploads\\\/2025\\\/04\\\/600x400px_Ausfallschutz.jpg\",\"width\":600,\"height\":400},{\"@type\":\"BreadcrumbList\",\"@id\":\"https:\\\/\\\/pharmagest.com\\\/de\\\/produkte\\\/ti-internet-ausfallschutz\\\/#breadcrumb\",\"itemListElement\":[{\"@type\":\"ListItem\",\"position\":1,\"name\":\"Startseite\",\"item\":\"https:\\\/\\\/pharmagest.com\\\/de\\\/\"},{\"@type\":\"ListItem\",\"position\":2,\"name\":\"TI-\\\/Internet Ausfallschutz\"}]},{\"@type\":\"WebSite\",\"@id\":\"https:\\\/\\\/pharmagest.com\\\/de\\\/#website\",\"url\":\"https:\\\/\\\/pharmagest.com\\\/de\\\/\",\"name\":\"PHARMAGEST \u2013 Apothekenverwaltungssoftware\",\"description\":\"Umfassende Software f\u00fcr Ihren Apothekenalltag.\",\"publisher\":{\"@id\":\"https:\\\/\\\/pharmagest.com\\\/de\\\/#organization\"},\"potentialAction\":[{\"@type\":\"SearchAction\",\"target\":{\"@type\":\"EntryPoint\",\"urlTemplate\":\"https:\\\/\\\/pharmagest.com\\\/de\\\/?s={search_term_string}\"},\"query-input\":{\"@type\":\"PropertyValueSpecification\",\"valueRequired\":true,\"valueName\":\"search_term_string\"}}],\"inLanguage\":\"de\"},{\"@type\":[\"Organization\",\"Place\"],\"@id\":\"https:\\\/\\\/pharmagest.com\\\/de\\\/#organization\",\"name\":\"Pharmagest\",\"url\":\"https:\\\/\\\/pharmagest.com\\\/de\\\/\",\"logo\":{\"@id\":\"https:\\\/\\\/pharmagest.com\\\/de\\\/produkte\\\/ti-internet-ausfallschutz\\\/#local-main-organization-logo\"},\"image\":{\"@id\":\"https:\\\/\\\/pharmagest.com\\\/de\\\/produkte\\\/ti-internet-ausfallschutz\\\/#local-main-organization-logo\"},\"sameAs\":[\"https:\\\/\\\/www.facebook.com\\\/Pharmagest\\\/\",\"https:\\\/\\\/x.com\\\/Pharmagest\",\"https:\\\/\\\/www.linkedin.com\\\/company\\\/741276\"],\"telephone\":[],\"openingHoursSpecification\":[{\"@type\":\"OpeningHoursSpecification\",\"dayOfWeek\":[\"Monday\",\"Tuesday\",\"Wednesday\",\"Thursday\",\"Friday\",\"Saturday\",\"Sunday\"],\"opens\":\"09:00\",\"closes\":\"17:00\"}]},{\"@type\":\"ImageObject\",\"inLanguage\":\"de\",\"@id\":\"https:\\\/\\\/pharmagest.com\\\/de\\\/produkte\\\/ti-internet-ausfallschutz\\\/#local-main-organization-logo\",\"url\":\"https:\\\/\\\/pharmagest.com\\\/wp-content\\\/uploads\\\/2022\\\/12\\\/cropped-logo-pharmagest-3.png\",\"contentUrl\":\"https:\\\/\\\/pharmagest.com\\\/wp-content\\\/uploads\\\/2022\\\/12\\\/cropped-logo-pharmagest-3.png\",\"width\":150,\"height\":100,\"caption\":\"Pharmagest\"}]}<\/script>\n<!-- \/ Yoast SEO Premium plugin. -->","yoast_head_json":{"title":"TI-\/Internet Ausfallschutz - PHARMAGEST \u2013 Apothekenverwaltungssoftware","description":"Der TI-\/Internet Ausfallschutz h\u00e4lt Ihre Apotheke auch bei Internetausfall online. Mit LTE\/5G-Backup sichern Sie den Zugang zur Telematikinfrastruktur (TI) \u2013 E-Rezepte und Apothekenprozesse bleiben stabil. Jetzt informieren!","robots":{"index":"index","follow":"follow","max-snippet":"max-snippet:-1","max-image-preview":"max-image-preview:large","max-video-preview":"max-video-preview:-1"},"canonical":"https:\/\/pharmagest.com\/de\/produkte\/ti-internet-ausfallschutz\/","og_locale":"de_DE","og_type":"article","og_title":"TI-\/Internet Ausfallschutz","og_description":"Der TI-\/Internet Ausfallschutz h\u00e4lt Ihre Apotheke auch bei Internetausfall online. Mit LTE\/5G-Backup sichern Sie den Zugang zur Telematikinfrastruktur (TI) \u2013 E-Rezepte und Apothekenprozesse bleiben stabil. Jetzt informieren!","og_url":"https:\/\/pharmagest.com\/de\/produkte\/ti-internet-ausfallschutz\/","og_site_name":"PHARMAGEST \u2013 Apothekenverwaltungssoftware","article_publisher":"https:\/\/www.facebook.com\/Pharmagest\/","article_modified_time":"2026-01-21T12:39:06+00:00","og_image":[{"width":600,"height":400,"url":"https:\/\/pharmagest.com\/wp-content\/uploads\/2025\/04\/600x400px_Ausfallschutz.jpg","type":"image\/jpeg"}],"twitter_card":"summary_large_image","twitter_site":"@Pharmagest","twitter_misc":{"Gesch\u00e4tzte Lesezeit":"3\u00a0Minuten"},"schema":{"@context":"https:\/\/schema.org","@graph":[{"@type":"WebPage","@id":"https:\/\/pharmagest.com\/de\/produkte\/ti-internet-ausfallschutz\/","url":"https:\/\/pharmagest.com\/de\/produkte\/ti-internet-ausfallschutz\/","name":"TI-\/Internet Ausfallschutz - PHARMAGEST \u2013 Apothekenverwaltungssoftware","isPartOf":{"@id":"https:\/\/pharmagest.com\/de\/#website"},"primaryImageOfPage":{"@id":"https:\/\/pharmagest.com\/de\/produkte\/ti-internet-ausfallschutz\/#primaryimage"},"image":{"@id":"https:\/\/pharmagest.com\/de\/produkte\/ti-internet-ausfallschutz\/#primaryimage"},"thumbnailUrl":"https:\/\/pharmagest.com\/wp-content\/uploads\/2025\/04\/600x400px_Ausfallschutz.jpg","datePublished":"2025-03-19T16:16:15+00:00","dateModified":"2026-01-21T12:39:06+00:00","description":"Der TI-\/Internet Ausfallschutz h\u00e4lt Ihre Apotheke auch bei Internetausfall online. Mit LTE\/5G-Backup sichern Sie den Zugang zur Telematikinfrastruktur (TI) \u2013 E-Rezepte und Apothekenprozesse bleiben stabil. Jetzt informieren!","breadcrumb":{"@id":"https:\/\/pharmagest.com\/de\/produkte\/ti-internet-ausfallschutz\/#breadcrumb"},"inLanguage":"de","potentialAction":[{"@type":"ReadAction","target":["https:\/\/pharmagest.com\/de\/produkte\/ti-internet-ausfallschutz\/"]}]},{"@type":"ImageObject","inLanguage":"de","@id":"https:\/\/pharmagest.com\/de\/produkte\/ti-internet-ausfallschutz\/#primaryimage","url":"https:\/\/pharmagest.com\/wp-content\/uploads\/2025\/04\/600x400px_Ausfallschutz.jpg","contentUrl":"https:\/\/pharmagest.com\/wp-content\/uploads\/2025\/04\/600x400px_Ausfallschutz.jpg","width":600,"height":400},{"@type":"BreadcrumbList","@id":"https:\/\/pharmagest.com\/de\/produkte\/ti-internet-ausfallschutz\/#breadcrumb","itemListElement":[{"@type":"ListItem","position":1,"name":"Startseite","item":"https:\/\/pharmagest.com\/de\/"},{"@type":"ListItem","position":2,"name":"TI-\/Internet Ausfallschutz"}]},{"@type":"WebSite","@id":"https:\/\/pharmagest.com\/de\/#website","url":"https:\/\/pharmagest.com\/de\/","name":"PHARMAGEST \u2013 Apothekenverwaltungssoftware","description":"Umfassende Software f\u00fcr Ihren Apothekenalltag.","publisher":{"@id":"https:\/\/pharmagest.com\/de\/#organization"},"potentialAction":[{"@type":"SearchAction","target":{"@type":"EntryPoint","urlTemplate":"https:\/\/pharmagest.com\/de\/?s={search_term_string}"},"query-input":{"@type":"PropertyValueSpecification","valueRequired":true,"valueName":"search_term_string"}}],"inLanguage":"de"},{"@type":["Organization","Place"],"@id":"https:\/\/pharmagest.com\/de\/#organization","name":"Pharmagest","url":"https:\/\/pharmagest.com\/de\/","logo":{"@id":"https:\/\/pharmagest.com\/de\/produkte\/ti-internet-ausfallschutz\/#local-main-organization-logo"},"image":{"@id":"https:\/\/pharmagest.com\/de\/produkte\/ti-internet-ausfallschutz\/#local-main-organization-logo"},"sameAs":["https:\/\/www.facebook.com\/Pharmagest\/","https:\/\/x.com\/Pharmagest","https:\/\/www.linkedin.com\/company\/741276"],"telephone":[],"openingHoursSpecification":[{"@type":"OpeningHoursSpecification","dayOfWeek":["Monday","Tuesday","Wednesday","Thursday","Friday","Saturday","Sunday"],"opens":"09:00","closes":"17:00"}]},{"@type":"ImageObject","inLanguage":"de","@id":"https:\/\/pharmagest.com\/de\/produkte\/ti-internet-ausfallschutz\/#local-main-organization-logo","url":"https:\/\/pharmagest.com\/wp-content\/uploads\/2022\/12\/cropped-logo-pharmagest-3.png","contentUrl":"https:\/\/pharmagest.com\/wp-content\/uploads\/2022\/12\/cropped-logo-pharmagest-3.png","width":150,"height":100,"caption":"Pharmagest"}]}},"_links":{"self":[{"href":"https:\/\/pharmagest.com\/de\/wp-json\/wp\/v2\/product\/16554","targetHints":{"allow":["GET"]}}],"collection":[{"href":"https:\/\/pharmagest.com\/de\/wp-json\/wp\/v2\/product"}],"about":[{"href":"https:\/\/pharmagest.com\/de\/wp-json\/wp\/v2\/types\/product"}],"version-history":[{"count":37,"href":"https:\/\/pharmagest.com\/de\/wp-json\/wp\/v2\/product\/16554\/revisions"}],"predecessor-version":[{"id":34865,"href":"https:\/\/pharmagest.com\/de\/wp-json\/wp\/v2\/product\/16554\/revisions\/34865"}],"wp:featuredmedia":[{"embeddable":true,"href":"https:\/\/pharmagest.com\/de\/wp-json\/wp\/v2\/media\/17700"}],"wp:attachment":[{"href":"https:\/\/pharmagest.com\/de\/wp-json\/wp\/v2\/media?parent=16554"}],"wp:term":[{"taxonomy":"product-gammes","embeddable":true,"href":"https:\/\/pharmagest.com\/de\/wp-json\/wp\/v2\/product-gammes?post=16554"}],"curies":[{"name":"wp","href":"https:\/\/api.w.org\/{rel}","templated":true}]}}