{"id":16319,"date":"2025-03-19T14:55:18","date_gmt":"2025-03-19T13:55:18","guid":{"rendered":"https:\/\/pharmagest.com\/?post_type=product&#038;p=16319"},"modified":"2026-01-21T13:40:43","modified_gmt":"2026-01-21T12:40:43","slug":"mediman","status":"publish","type":"product","link":"https:\/\/pharmagest.com\/de\/produkte\/mediman\/","title":{"rendered":"MediMan"},"content":{"rendered":"<section id=\"hero-block_9ffd1dadac63cc55b29c4e4a86ca546e\" class=\"center-style hero block-hero\">\n\t<div class=\"container\">\n        \n\t\t\t<div class=\"row large-half\" style=\"height: 100%\">\n\t\t\t\t<div class=\"flex-col flex-center\">\n\t\t\t\t\t<div class=\"wrap-content-left\" data-aos=\"fade-right\" data-aos-delay=\"100\">\n\t\t\t\t\t\t\n<div id=\"titre-perso-block_8b6a6fb2a6ecfbe888179dd854c7c315\" class=\"titre-perso block-titre-perso\">\n\t<div class=\"container\">\n\t\t<div class=\"row\">\n\t\t\t<div class=\"medium-large-full flex-col\">\n\t\t\t\t<h2 class=\"title\" data-aos=\"fade-left\" data-aos-delay=\"100\">\n\t\t\t\t\t\t\t\t\t\t\t<span class=\"meta-title\" data-aos=\"fade-right\" data-aos-delay=\"100\">\n\t\t\t\t\t\t\tMediMan\t\t\t\t\t\t<\/span>\n\t\t\t\t\t\t\t\t\t\t<span class=\"meta-suptitle\" data-aos=\"fade-right\" data-aos-delay=\"200\">\n\t\t\t\t\t\tDie smarte Medikationsmanagement-App f\u00fcr Apotheken\n\t\t\t\t\t\t\t\t\t\t\t<\/span>\n\t\t\t\t<\/h2>\n\t\t\t<\/div>\n\t\t<\/div>\n\t<\/div>\n<\/div>\n\n\n<div class=\"container\"><div class=\"row\"><div class=\"medium-large-full\">\n<p>MediMan ist eine auf Ihre Apotheke&nbsp;ma\u00dfgeschneiderte App, die Ihren Kunden ein modernes, digitales Medikationsmanagement erm\u00f6glicht. Ob Einzelpatienten, Familien, Pflegedienste oder Pflegeheime \u2013 mit MediMan verwalten Nutzer ihre Medikamente&nbsp;sicher und komfortabel, w\u00e4hrend Apotheken ihre&nbsp;Kundenbindung und digitale Sichtbarkeit st\u00e4rken.<\/p>\n<\/div><\/div><\/div>\n\n<div class=\"container\"><div class=\"row\"><div class=\"medium-large-full\">\n<p>Dank&nbsp;nahtloser Anbindung an Apotheken&nbsp;bietet MediMan eine effiziente M\u00f6glichkeit,&nbsp;Medikations- und Blisterpl\u00e4ne zu verwalten, Rezepte anzufordern und Eink\u00e4ufe transparent zu halten&nbsp;\u2013 ganz ohne komplizierte Prozesse oder zus\u00e4tzliche Software.<\/p>\n<\/div><\/div><\/div>\n\n\t\t\t\t\t<\/div>\n\t\t\t\t<\/div>\n                \t\t\t\t\t<div class=\"flex-col flex-center image-squared\" data-aos=\"fade-left\" data-aos-delay=\"100\">\n                        <img loading=\"lazy\" decoding=\"async\" width=\"820\" height=\"820\" src=\"https:\/\/pharmagest.com\/wp-content\/uploads\/2025\/03\/mediman_quer-820x820.jpeg\" class=\"attachment-squared size-squared\" alt=\"\" srcset=\"https:\/\/pharmagest.com\/wp-content\/uploads\/2025\/03\/mediman_quer-820x820.jpeg 820w, https:\/\/pharmagest.com\/wp-content\/uploads\/2025\/03\/mediman_quer-300x300.jpeg 300w\" sizes=\"auto, (max-width: 820px) 100vw, 820px\" \/>\t\t\t\t\t<\/div>\n                \t\t\t<\/div>\n\n        \t<\/div>\n\n\t<\/section>\n\n\n\n<div class=\"container\"><div class=\"row\"><div class=\"medium-large-full\">\n<p><\/p>\n<\/div><\/div><\/div>\n\n<div class=\"container\"><div class=\"row\"><div class=\"medium-large-full\">\n<div style=\"height:100px\" aria-hidden=\"true\" class=\"wp-block-spacer\"><\/div>\n<\/div><\/div><\/div>\n\n<div class=\"container\"><div class=\"row\"><div class=\"medium-large-full\">\n<div style=\"height:100px\" aria-hidden=\"true\" class=\"wp-block-spacer\"><\/div>\n<\/div><\/div><\/div>\n\n<div class=\"container\"><div class=\"row\"><div class=\"medium-large-full\">\n<div style=\"height:100px\" aria-hidden=\"true\" class=\"wp-block-spacer\"><\/div>\n<\/div><\/div><\/div>\n\n<div class=\"container\"><div class=\"row\"><div class=\"medium-large-full\">\n<div class=\"wp-block-media-text is-stacked-on-mobile\" style=\"grid-template-columns:30% auto\"><figure class=\"wp-block-media-text__media\"><img loading=\"lazy\" decoding=\"async\" width=\"412\" height=\"301\" src=\"https:\/\/pharmagest.com\/wp-content\/uploads\/2025\/03\/notebook_mediman-2f269a15.png\" alt=\"\" class=\"wp-image-16324 size-full\" \/><\/figure><div class=\"wp-block-media-text__content\"><div class=\"container\"><div class=\"row\"><div class=\"medium-large-full\">\n<h2 class=\"wp-block-heading\" id=\"h-mediman-highlights\">MediMan Highlights<\/h2>\n<\/div><\/div><\/div>\n\n<div class=\"container\"><div class=\"row\"><div class=\"medium-large-full\">\n<ul class=\"wp-block-list\">\n<li>Digitale Medikationsverwaltung f\u00fcr mehr Patientensicherheit<\/li>\n\n\n\n<li>Effiziente Apothekenkommunikation &amp; h\u00f6here Kundenbindung<\/li>\n\n\n\n<li>In allen WebStores verf\u00fcgbar <\/li>\n\n\n\n<li>Perfekt f\u00fcr Apotheken, die ihre digitalen Services optimieren m\u00f6chten<\/li>\n\n\n\n<li>Individualisiert und ma\u00dfgeschneidert f\u00fcr Ihre Apotheke mit eigenem Branding<\/li>\n\n\n\n<li>Die schnelle und sichere Kommunikation zwischen Patient und Apotheke!<\/li>\n<\/ul>\n<\/div><\/div><\/div>\n\n<div class=\"container\"><div class=\"row\"><div class=\"medium-large-full\">\n<div style=\"height:100px\" aria-hidden=\"true\" class=\"wp-block-spacer\"><\/div>\n<\/div><\/div><\/div><\/div><\/div>\n<\/div><\/div><\/div>\n\n<div class=\"container\"><div class=\"row\"><div class=\"medium-large-full\">\n<div style=\"height:50px\" aria-hidden=\"true\" class=\"wp-block-spacer\"><\/div>\n<\/div><\/div><\/div>\n\n<div class=\"container\"><div class=\"row\"><div class=\"medium-large-full\">\n<h2 class=\"wp-block-heading has-text-align-left\" id=\"h-mediman-funktionen\">MediMan Funktionen<\/h2>\n<\/div><\/div><\/div>\n\n<div class=\"container\"><div class=\"row\"><div class=\"medium-large-full\">\n<div style=\"height:50px\" aria-hidden=\"true\" class=\"wp-block-spacer\"><\/div>\n<\/div><\/div><\/div>\n\n<section id=\"etapes-block_ccb5068510c53ef7c7b80855a358c6ca\" class=\"etapes block-etapes\" data-aos=\"fade-right\" data-aos-delay=\"100\">\n\t\t\t<div class=\"step-icon\"><img loading=\"lazy\" decoding=\"async\" width=\"300\" height=\"300\" src=\"https:\/\/pharmagest.com\/wp-content\/uploads\/2024\/12\/1-1-300x300.png\" class=\"attachment-thumbnail size-thumbnail\" alt=\"\" srcset=\"https:\/\/pharmagest.com\/wp-content\/uploads\/2024\/12\/1-1-300x300.png 300w, https:\/\/pharmagest.com\/wp-content\/uploads\/2024\/12\/1-1-820x820.png 820w, https:\/\/pharmagest.com\/wp-content\/uploads\/2024\/12\/1-1-400x400.png 400w, https:\/\/pharmagest.com\/wp-content\/uploads\/2024\/12\/1-1-600x600.png 600w, https:\/\/pharmagest.com\/wp-content\/uploads\/2024\/12\/1-1.png 500w\" sizes=\"auto, (max-width: 300px) 100vw, 300px\" \/><\/div>\n\t\t<div class=\"step-content\">\n\t\t\n<div class=\"container\"><div class=\"row\"><div class=\"medium-large-full\">\n<h3 class=\"wp-block-heading\" id=\"h-digitale-medikationsverwaltung-fur-mehr-sicherheit\"><strong>Digitale Medikationsverwaltung f\u00fcr mehr Sicherheit<\/strong><\/h3>\n<\/div><\/div><\/div>\n\n<div class=\"container\"><div class=\"row\"><div class=\"medium-large-full\">\n<ul class=\"wp-block-list\">\n<li>Alle Medikamente in einer App verwalten \u2013 f\u00fcr Einzelpersonen, Familien und Pflegeeinrichtungen<\/li>\n\n\n\n<li>Automatische Erinnerungen&nbsp;f\u00fcr Medikamenteneinnahmen<\/li>\n\n\n\n<li>Sichere und intuitive Handhabung&nbsp;f\u00fcr mehr Patientensicherheit<\/li>\n<\/ul>\n<\/div><\/div><\/div>\n\n\t<\/div>\n<\/section>\n\n\n<div class=\"container\"><div class=\"row\"><div class=\"medium-large-full\">\n<div style=\"height:50px\" aria-hidden=\"true\" class=\"wp-block-spacer\"><\/div>\n<\/div><\/div><\/div>\n\n<section id=\"etapes-block_097d5ab7af2d1a255a22b80f528517fa\" class=\"etapes block-etapes\" data-aos=\"fade-right\" data-aos-delay=\"100\">\n\t\t\t<div class=\"step-icon\"><img loading=\"lazy\" decoding=\"async\" width=\"300\" height=\"300\" src=\"https:\/\/pharmagest.com\/wp-content\/uploads\/2024\/12\/2-1-300x300.png\" class=\"attachment-thumbnail size-thumbnail\" alt=\"\" srcset=\"https:\/\/pharmagest.com\/wp-content\/uploads\/2024\/12\/2-1-300x300.png 300w, https:\/\/pharmagest.com\/wp-content\/uploads\/2024\/12\/2-1-820x820.png 820w, https:\/\/pharmagest.com\/wp-content\/uploads\/2024\/12\/2-1-400x400.png 400w, https:\/\/pharmagest.com\/wp-content\/uploads\/2024\/12\/2-1-600x600.png 600w, https:\/\/pharmagest.com\/wp-content\/uploads\/2024\/12\/2-1.png 500w\" sizes=\"auto, (max-width: 300px) 100vw, 300px\" \/><\/div>\n\t\t<div class=\"step-content\">\n\t\t\n<div class=\"container\"><div class=\"row\"><div class=\"medium-large-full\">\n<h3 class=\"wp-block-heading\" id=\"h-effiziente-kundenkommunikation-amp-apothekenbindung\"><strong><strong>Effiziente Kundenkommunikation &amp; Apothekenbindung<\/strong><\/strong><\/h3>\n<\/div><\/div><\/div>\n\n<div class=\"container\"><div class=\"row\"><div class=\"medium-large-full\">\n<ul class=\"wp-block-list\">\n<li>Ihre Apotheke bleibt zentraler Ansprechpartner&nbsp;f\u00fcr alle Medikationsfragen<\/li>\n\n\n\n<li>Einfache Rezeptbestellung und Verwaltung&nbsp;direkt \u00fcber die App<\/li>\n\n\n\n<li>WhatsApp-Anbindung f\u00fcr schnelle Kundeninteraktion<\/li>\n\n\n\n<li>Transparente Eink\u00e4ufe&nbsp;\u2013 Patienten haben Einblick in ihre gesamte Kaufhistorie, einschlie\u00dflich Apothekenk\u00e4ufe<\/li>\n<\/ul>\n<\/div><\/div><\/div>\n\n\t<\/div>\n<\/section>\n\n\n<div class=\"container\"><div class=\"row\"><div class=\"medium-large-full\">\n<div style=\"height:50px\" aria-hidden=\"true\" class=\"wp-block-spacer\"><\/div>\n<\/div><\/div><\/div>\n\n<section id=\"etapes-block_ab80345a39aaad91168bd2a818622b8f\" class=\"etapes block-etapes\" data-aos=\"fade-right\" data-aos-delay=\"100\">\n\t\t\t<div class=\"step-icon\"><img loading=\"lazy\" decoding=\"async\" width=\"300\" height=\"300\" src=\"https:\/\/pharmagest.com\/wp-content\/uploads\/2024\/12\/3-1-300x300.png\" class=\"attachment-thumbnail size-thumbnail\" alt=\"\" srcset=\"https:\/\/pharmagest.com\/wp-content\/uploads\/2024\/12\/3-1-300x300.png 300w, https:\/\/pharmagest.com\/wp-content\/uploads\/2024\/12\/3-1-820x820.png 820w, https:\/\/pharmagest.com\/wp-content\/uploads\/2024\/12\/3-1-400x400.png 400w, https:\/\/pharmagest.com\/wp-content\/uploads\/2024\/12\/3-1-600x600.png 600w, https:\/\/pharmagest.com\/wp-content\/uploads\/2024\/12\/3-1.png 500w\" sizes=\"auto, (max-width: 300px) 100vw, 300px\" \/><\/div>\n\t\t<div class=\"step-content\">\n\t\t\n<div class=\"container\"><div class=\"row\"><div class=\"medium-large-full\">\n<h3 class=\"wp-block-heading\" id=\"h-nahtlose-abwicklung-amp-prozessoptimierung\"><strong>Nahtlose Abwicklung &amp; Prozessoptimierung<\/strong><\/h3>\n<\/div><\/div><\/div>\n\n<div class=\"container\"><div class=\"row\"><div class=\"medium-large-full\">\n<ul class=\"wp-block-list\">\n<li>Automatisierte Rezeptanforderung&nbsp;spart Zeit f\u00fcr Patienten, Apotheken und Arztpraxen<\/li>\n\n\n\n<li>Integration in bestehende Shop-Systeme&nbsp;erleichtert die Medikamentenbestellung<\/li>\n\n\n\n<li>Multi-Filial-Unterst\u00fctzung f\u00fcr gr\u00f6\u00dfere Apothekennetzwerke<\/li>\n\n\n\n<li>Einfache Shop-Integration&nbsp;\u2013 Kompatibel mit Wave, Apotheken.de, Gesund.de und weiteren Systemen<\/li>\n\n\n\n<li>Entlastung f\u00fcr Arztpraxen&nbsp;\u2013 Rezeptanforderungen werden gesammelt und geb\u00fcndelt \u00fcbermittelt<\/li>\n<\/ul>\n<\/div><\/div><\/div>\n\n\t<\/div>\n<\/section>\n\n\n<div class=\"container\"><div class=\"row\"><div class=\"medium-large-full\">\n<div style=\"height:100px\" aria-hidden=\"true\" class=\"wp-block-spacer\"><\/div>\n<\/div><\/div><\/div>\n\n<section id=\"fullwidth-block_aee23ac8562165e27debb0037a8b7ef5\" class=\"fullwidth block-fullwidth is-style-background-dark-blue\" data-aos=\"fade-down\">\n        \n<div class=\"container\"><div class=\"row\"><div class=\"medium-large-full\">\n<div class=\"wp-block-columns is-layout-flex wp-container-core-columns-is-layout-9d6595d7 wp-block-columns-is-layout-flex\">\n<div class=\"wp-block-column is-layout-flow wp-block-column-is-layout-flow\" style=\"flex-basis:66.66%\"><div class=\"container\"><div class=\"row\"><div class=\"medium-large-full\">\n<h2 class=\"wp-block-heading\" id=\"h-innovatives-medikationsmanagement-fur-ihre-kunden-einfach-amp-effizient\"><strong>Innovatives Medikationsmanagement f\u00fcr Ihre Kunden \u2013 einfach &amp; effizient<\/strong><\/h2>\n<\/div><\/div><\/div>\n\n<div class=\"container\"><div class=\"row\"><div class=\"medium-large-full\">\n<h3 class=\"wp-block-heading\" id=\"h-ein-einfaches-medikamentionsmanagement-fur-ihre-kunden-und-mehr-sichtbarkeit-und-kundenbindung-fur-ihre-apotheke-mit-mediman-ganz-einfach\"><strong>Ein einfaches Medikamentionsmanagement f\u00fcr Ihre Kunden und mehr Sichtbarkeit und Kundenbindung f\u00fcr Ihre Apotheke \u2013 mit MediMan ganz einfach!<\/strong><\/h3>\n<\/div><\/div><\/div><\/div>\n<\/div>\n<\/div><\/div><\/div>\n\n<\/section>\n\n\n<section id=\"fullwidth-block_4edafaa4e509f8f5cabb3c572c51fb03\" class=\"fullwidth block-fullwidth is-style-default\" data-aos=\"fade-down\">\n        \n<div class=\"container\"><div class=\"row\"><div class=\"medium-large-full\">\n<div style=\"height:50px\" aria-hidden=\"true\" class=\"wp-block-spacer\"><\/div>\n<\/div><\/div><\/div>\n\n<\/section>\n\n\n<a class=\"wp-block-button__link button block-bouton-demo\" href=\"https:\/\/pharmagest.com\/de\/demotermin\/?produit=16319\">\n\tJetzt Demotermin vereinbaren<\/a>\n\n\n<div class=\"container\"><div class=\"row\"><div class=\"medium-large-full\">\n<div style=\"height:100px\" aria-hidden=\"true\" class=\"wp-block-spacer\"><\/div>\n<\/div><\/div><\/div>","protected":false},"excerpt":{"rendered":"<p>Innovatives Medikationsmanagement in der MediMan App: sicher und komfortabel.<\/p>\n","protected":false},"featured_media":16332,"template":"","product-gammes":[145],"class_list":["post-16319","product","type-product","status-publish","has-post-thumbnail","hentry","product-gammes-integrierte-loesungen"],"acf":[],"yoast_head":"<!-- This site is optimized with the Yoast SEO Premium plugin v27.2 (Yoast SEO v27.3) - https:\/\/yoast.com\/product\/yoast-seo-premium-wordpress\/ -->\n<title>MediMan - PHARMAGEST \u2013 Apothekenverwaltungssoftware<\/title>\n<meta name=\"robots\" content=\"index, follow, max-snippet:-1, max-image-preview:large, max-video-preview:-1\" \/>\n<link rel=\"canonical\" href=\"https:\/\/pharmagest.com\/de\/produkte\/mediman\/\" \/>\n<meta property=\"og:locale\" content=\"de_DE\" \/>\n<meta property=\"og:type\" content=\"article\" \/>\n<meta property=\"og:title\" content=\"MediMan\" \/>\n<meta property=\"og:description\" content=\"Innovatives Medikationsmanagement in der MediMan App: sicher und komfortabel.\" \/>\n<meta property=\"og:url\" content=\"https:\/\/pharmagest.com\/de\/produkte\/mediman\/\" \/>\n<meta property=\"og:site_name\" content=\"PHARMAGEST \u2013 Apothekenverwaltungssoftware\" \/>\n<meta property=\"article:publisher\" content=\"https:\/\/www.facebook.com\/Pharmagest\/\" \/>\n<meta property=\"article:modified_time\" content=\"2026-01-21T12:40:43+00:00\" \/>\n<meta property=\"og:image\" content=\"https:\/\/pharmagest.com\/wp-content\/uploads\/2025\/03\/Apotheker-e1742387565582-1024x323.png\" \/>\n\t<meta property=\"og:image:width\" content=\"1024\" \/>\n\t<meta property=\"og:image:height\" content=\"323\" \/>\n\t<meta property=\"og:image:type\" content=\"image\/png\" \/>\n<meta name=\"twitter:card\" content=\"summary_large_image\" \/>\n<meta name=\"twitter:site\" content=\"@Pharmagest\" \/>\n<meta name=\"twitter:label1\" content=\"Gesch\u00e4tzte Lesezeit\" \/>\n\t<meta name=\"twitter:data1\" content=\"4\u00a0Minuten\" \/>\n<script type=\"application\/ld+json\" class=\"yoast-schema-graph\">{\"@context\":\"https:\\\/\\\/schema.org\",\"@graph\":[{\"@type\":\"WebPage\",\"@id\":\"https:\\\/\\\/pharmagest.com\\\/de\\\/produkte\\\/mediman\\\/\",\"url\":\"https:\\\/\\\/pharmagest.com\\\/de\\\/produkte\\\/mediman\\\/\",\"name\":\"MediMan - PHARMAGEST \u2013 Apothekenverwaltungssoftware\",\"isPartOf\":{\"@id\":\"https:\\\/\\\/pharmagest.com\\\/de\\\/#website\"},\"primaryImageOfPage\":{\"@id\":\"https:\\\/\\\/pharmagest.com\\\/de\\\/produkte\\\/mediman\\\/#primaryimage\"},\"image\":{\"@id\":\"https:\\\/\\\/pharmagest.com\\\/de\\\/produkte\\\/mediman\\\/#primaryimage\"},\"thumbnailUrl\":\"https:\\\/\\\/pharmagest.com\\\/wp-content\\\/uploads\\\/2025\\\/03\\\/Apotheker-e1742387565582.png\",\"datePublished\":\"2025-03-19T13:55:18+00:00\",\"dateModified\":\"2026-01-21T12:40:43+00:00\",\"breadcrumb\":{\"@id\":\"https:\\\/\\\/pharmagest.com\\\/de\\\/produkte\\\/mediman\\\/#breadcrumb\"},\"inLanguage\":\"de\",\"potentialAction\":[{\"@type\":\"ReadAction\",\"target\":[\"https:\\\/\\\/pharmagest.com\\\/de\\\/produkte\\\/mediman\\\/\"]}]},{\"@type\":\"ImageObject\",\"inLanguage\":\"de\",\"@id\":\"https:\\\/\\\/pharmagest.com\\\/de\\\/produkte\\\/mediman\\\/#primaryimage\",\"url\":\"https:\\\/\\\/pharmagest.com\\\/wp-content\\\/uploads\\\/2025\\\/03\\\/Apotheker-e1742387565582.png\",\"contentUrl\":\"https:\\\/\\\/pharmagest.com\\\/wp-content\\\/uploads\\\/2025\\\/03\\\/Apotheker-e1742387565582.png\",\"width\":2048,\"height\":645},{\"@type\":\"BreadcrumbList\",\"@id\":\"https:\\\/\\\/pharmagest.com\\\/de\\\/produkte\\\/mediman\\\/#breadcrumb\",\"itemListElement\":[{\"@type\":\"ListItem\",\"position\":1,\"name\":\"Startseite\",\"item\":\"https:\\\/\\\/pharmagest.com\\\/de\\\/\"},{\"@type\":\"ListItem\",\"position\":2,\"name\":\"MediMan\"}]},{\"@type\":\"WebSite\",\"@id\":\"https:\\\/\\\/pharmagest.com\\\/de\\\/#website\",\"url\":\"https:\\\/\\\/pharmagest.com\\\/de\\\/\",\"name\":\"PHARMAGEST \u2013 Apothekenverwaltungssoftware\",\"description\":\"Umfassende Software f\u00fcr Ihren Apothekenalltag.\",\"publisher\":{\"@id\":\"https:\\\/\\\/pharmagest.com\\\/de\\\/#organization\"},\"potentialAction\":[{\"@type\":\"SearchAction\",\"target\":{\"@type\":\"EntryPoint\",\"urlTemplate\":\"https:\\\/\\\/pharmagest.com\\\/de\\\/?s={search_term_string}\"},\"query-input\":{\"@type\":\"PropertyValueSpecification\",\"valueRequired\":true,\"valueName\":\"search_term_string\"}}],\"inLanguage\":\"de\"},{\"@type\":[\"Organization\",\"Place\"],\"@id\":\"https:\\\/\\\/pharmagest.com\\\/de\\\/#organization\",\"name\":\"Pharmagest\",\"url\":\"https:\\\/\\\/pharmagest.com\\\/de\\\/\",\"logo\":{\"@id\":\"https:\\\/\\\/pharmagest.com\\\/de\\\/produkte\\\/mediman\\\/#local-main-organization-logo\"},\"image\":{\"@id\":\"https:\\\/\\\/pharmagest.com\\\/de\\\/produkte\\\/mediman\\\/#local-main-organization-logo\"},\"sameAs\":[\"https:\\\/\\\/www.facebook.com\\\/Pharmagest\\\/\",\"https:\\\/\\\/x.com\\\/Pharmagest\",\"https:\\\/\\\/www.linkedin.com\\\/company\\\/741276\"],\"telephone\":[],\"openingHoursSpecification\":[{\"@type\":\"OpeningHoursSpecification\",\"dayOfWeek\":[\"Monday\",\"Tuesday\",\"Wednesday\",\"Thursday\",\"Friday\",\"Saturday\",\"Sunday\"],\"opens\":\"09:00\",\"closes\":\"17:00\"}]},{\"@type\":\"ImageObject\",\"inLanguage\":\"de\",\"@id\":\"https:\\\/\\\/pharmagest.com\\\/de\\\/produkte\\\/mediman\\\/#local-main-organization-logo\",\"url\":\"https:\\\/\\\/pharmagest.com\\\/wp-content\\\/uploads\\\/2022\\\/12\\\/cropped-logo-pharmagest-3.png\",\"contentUrl\":\"https:\\\/\\\/pharmagest.com\\\/wp-content\\\/uploads\\\/2022\\\/12\\\/cropped-logo-pharmagest-3.png\",\"width\":150,\"height\":100,\"caption\":\"Pharmagest\"}]}<\/script>\n<!-- \/ Yoast SEO Premium plugin. -->","yoast_head_json":{"title":"MediMan - PHARMAGEST \u2013 Apothekenverwaltungssoftware","robots":{"index":"index","follow":"follow","max-snippet":"max-snippet:-1","max-image-preview":"max-image-preview:large","max-video-preview":"max-video-preview:-1"},"canonical":"https:\/\/pharmagest.com\/de\/produkte\/mediman\/","og_locale":"de_DE","og_type":"article","og_title":"MediMan","og_description":"Innovatives Medikationsmanagement in der MediMan App: sicher und komfortabel.","og_url":"https:\/\/pharmagest.com\/de\/produkte\/mediman\/","og_site_name":"PHARMAGEST \u2013 Apothekenverwaltungssoftware","article_publisher":"https:\/\/www.facebook.com\/Pharmagest\/","article_modified_time":"2026-01-21T12:40:43+00:00","og_image":[{"width":1024,"height":323,"url":"https:\/\/pharmagest.com\/wp-content\/uploads\/2025\/03\/Apotheker-e1742387565582-1024x323.png","type":"image\/png"}],"twitter_card":"summary_large_image","twitter_site":"@Pharmagest","twitter_misc":{"Gesch\u00e4tzte Lesezeit":"4\u00a0Minuten"},"schema":{"@context":"https:\/\/schema.org","@graph":[{"@type":"WebPage","@id":"https:\/\/pharmagest.com\/de\/produkte\/mediman\/","url":"https:\/\/pharmagest.com\/de\/produkte\/mediman\/","name":"MediMan - PHARMAGEST \u2013 Apothekenverwaltungssoftware","isPartOf":{"@id":"https:\/\/pharmagest.com\/de\/#website"},"primaryImageOfPage":{"@id":"https:\/\/pharmagest.com\/de\/produkte\/mediman\/#primaryimage"},"image":{"@id":"https:\/\/pharmagest.com\/de\/produkte\/mediman\/#primaryimage"},"thumbnailUrl":"https:\/\/pharmagest.com\/wp-content\/uploads\/2025\/03\/Apotheker-e1742387565582.png","datePublished":"2025-03-19T13:55:18+00:00","dateModified":"2026-01-21T12:40:43+00:00","breadcrumb":{"@id":"https:\/\/pharmagest.com\/de\/produkte\/mediman\/#breadcrumb"},"inLanguage":"de","potentialAction":[{"@type":"ReadAction","target":["https:\/\/pharmagest.com\/de\/produkte\/mediman\/"]}]},{"@type":"ImageObject","inLanguage":"de","@id":"https:\/\/pharmagest.com\/de\/produkte\/mediman\/#primaryimage","url":"https:\/\/pharmagest.com\/wp-content\/uploads\/2025\/03\/Apotheker-e1742387565582.png","contentUrl":"https:\/\/pharmagest.com\/wp-content\/uploads\/2025\/03\/Apotheker-e1742387565582.png","width":2048,"height":645},{"@type":"BreadcrumbList","@id":"https:\/\/pharmagest.com\/de\/produkte\/mediman\/#breadcrumb","itemListElement":[{"@type":"ListItem","position":1,"name":"Startseite","item":"https:\/\/pharmagest.com\/de\/"},{"@type":"ListItem","position":2,"name":"MediMan"}]},{"@type":"WebSite","@id":"https:\/\/pharmagest.com\/de\/#website","url":"https:\/\/pharmagest.com\/de\/","name":"PHARMAGEST \u2013 Apothekenverwaltungssoftware","description":"Umfassende Software f\u00fcr Ihren Apothekenalltag.","publisher":{"@id":"https:\/\/pharmagest.com\/de\/#organization"},"potentialAction":[{"@type":"SearchAction","target":{"@type":"EntryPoint","urlTemplate":"https:\/\/pharmagest.com\/de\/?s={search_term_string}"},"query-input":{"@type":"PropertyValueSpecification","valueRequired":true,"valueName":"search_term_string"}}],"inLanguage":"de"},{"@type":["Organization","Place"],"@id":"https:\/\/pharmagest.com\/de\/#organization","name":"Pharmagest","url":"https:\/\/pharmagest.com\/de\/","logo":{"@id":"https:\/\/pharmagest.com\/de\/produkte\/mediman\/#local-main-organization-logo"},"image":{"@id":"https:\/\/pharmagest.com\/de\/produkte\/mediman\/#local-main-organization-logo"},"sameAs":["https:\/\/www.facebook.com\/Pharmagest\/","https:\/\/x.com\/Pharmagest","https:\/\/www.linkedin.com\/company\/741276"],"telephone":[],"openingHoursSpecification":[{"@type":"OpeningHoursSpecification","dayOfWeek":["Monday","Tuesday","Wednesday","Thursday","Friday","Saturday","Sunday"],"opens":"09:00","closes":"17:00"}]},{"@type":"ImageObject","inLanguage":"de","@id":"https:\/\/pharmagest.com\/de\/produkte\/mediman\/#local-main-organization-logo","url":"https:\/\/pharmagest.com\/wp-content\/uploads\/2022\/12\/cropped-logo-pharmagest-3.png","contentUrl":"https:\/\/pharmagest.com\/wp-content\/uploads\/2022\/12\/cropped-logo-pharmagest-3.png","width":150,"height":100,"caption":"Pharmagest"}]}},"_links":{"self":[{"href":"https:\/\/pharmagest.com\/de\/wp-json\/wp\/v2\/product\/16319","targetHints":{"allow":["GET"]}}],"collection":[{"href":"https:\/\/pharmagest.com\/de\/wp-json\/wp\/v2\/product"}],"about":[{"href":"https:\/\/pharmagest.com\/de\/wp-json\/wp\/v2\/types\/product"}],"version-history":[{"count":48,"href":"https:\/\/pharmagest.com\/de\/wp-json\/wp\/v2\/product\/16319\/revisions"}],"predecessor-version":[{"id":34868,"href":"https:\/\/pharmagest.com\/de\/wp-json\/wp\/v2\/product\/16319\/revisions\/34868"}],"wp:featuredmedia":[{"embeddable":true,"href":"https:\/\/pharmagest.com\/de\/wp-json\/wp\/v2\/media\/16332"}],"wp:attachment":[{"href":"https:\/\/pharmagest.com\/de\/wp-json\/wp\/v2\/media?parent=16319"}],"wp:term":[{"taxonomy":"product-gammes","embeddable":true,"href":"https:\/\/pharmagest.com\/de\/wp-json\/wp\/v2\/product-gammes?post=16319"}],"curies":[{"name":"wp","href":"https:\/\/api.w.org\/{rel}","templated":true}]}}