{"id":18034,"date":"2022-03-09T10:29:43","date_gmt":"2022-03-09T09:29:43","guid":{"rendered":"https:\/\/pharmagest.com\/?page_id=18034"},"modified":"2025-04-17T16:18:15","modified_gmt":"2025-04-17T14:18:15","slug":"produkte","status":"publish","type":"page","link":"https:\/\/pharmagest.com\/de\/produkte\/","title":{"rendered":"Produkte"},"content":{"rendered":"<div class=\"container\"><div class=\"row\"><div class=\"medium-large-full\">\n<h2 class=\"wp-block-heading\"><strong><strong><strong>Effizienz f\u00fcr Ihre Apotheke<\/strong><\/strong><\/strong><\/h2>\n<\/div><\/div><\/div>\n\n<div class=\"container\"><div class=\"row\"><div class=\"medium-large-full\">\n<h3 class=\"wp-block-heading\">Unsere innovativen Produkte f\u00fcr Ihren digitalisierten Apothekenalltag<\/h3>\n<\/div><\/div><\/div>\n\n<div class=\"container\"><div class=\"row\"><div class=\"medium-large-full\">\n<p>Optimieren Sie Ihre Abl\u00e4ufe mit unseren ma\u00dfgeschneiderten L\u00f6sungen. Unser Produktsortiment unterst\u00fctzt Sie dabei, Ihre Apotheke effizient zu verwalten und Arbeitsprozesse zu vereinfachen \u2013 damit Sie Ihren Alltag souver\u00e4n meistern.<\/p>\n<\/div><\/div><\/div>\n\n<div class=\"container\"><div class=\"row\"><div class=\"medium-large-full\">\n<div style=\"height:100px\" aria-hidden=\"true\" class=\"wp-block-spacer\"><\/div>\n<\/div><\/div><\/div>\n\n<div class=\"container\"><div class=\"row\"><div class=\"medium-large-full\">\n<h2 class=\"wp-block-heading\" id=\"unser-Warenwirtschaftssystem\">Unser Warenwirtschaftssystem<\/h2>\n<\/div><\/div><\/div>\n\n<div class=\"container\"><div class=\"row\"><div class=\"medium-large-full\">\n<p>Optimieren Sie Ihre Apotheke mit <strong>GAWIS<\/strong> \u2013 von der Rezeptabrechnung \u00fcber das Bestellwesen bis hin zur sicheren Archivierung.<\/p>\n<\/div><\/div><\/div>\n\n<section id=\"produits-block_aeb3d4c7d2909a65b8fef902f7747837\" class=\"produits block-produits\">\n    <div class=\"container\">\n        \t\t\t<div class=\"row medium-half large-third\">\n\t\t\t\t\t\t\t\t\t\t\t<a class=\"wrap-product\" href=\"https:\/\/pharmagest.com\/de\/produkte\/gawis\/\">\n\t<article class=\"wrap-post\">\n\t\t<div class=\"post-image image-fit\">\n            <img loading=\"lazy\" decoding=\"async\" width=\"500\" height=\"333\" src=\"https:\/\/pharmagest.com\/wp-content\/uploads\/2025\/04\/500x333px_PTA_mit_Tabletten.png\" class=\"attachment-medium size-medium wp-post-image\" alt=\"\" \/>\t\t<\/div>\n\t\t<div class=\"post-content\">\n\t\t\t<h2 class=\"post-title\">GAWIS<\/h2>\n\t\t\t<p>Optimieren Sie Ihre Apotheke mit unserem Warenwirtschaftssystem GAWIS.<\/p>\n\t\t<\/div>\n\t<\/article>\n<\/a>\n\t\t\t\t\t\t\t\t<\/div>\n            <\/div>\n<\/section>\n\n\n<div class=\"container\"><div class=\"row\"><div class=\"medium-large-full\">\n<div style=\"height:100px\" aria-hidden=\"true\" class=\"wp-block-spacer\"><\/div>\n<\/div><\/div><\/div>\n\n<div class=\"container\"><div class=\"row\"><div class=\"medium-large-full\">\n<h2 class=\"wp-block-heading\" id=\"produktloesungen\">Unsere innovativen Produktl\u00f6sungen<\/h2>\n<\/div><\/div><\/div>\n\n<div class=\"container\"><div class=\"row\"><div class=\"medium-large-full\">\n<p>Unsere Hardwarel\u00f6sungen sind perfekt auf unsere Software abgestimmt.<br>Ob digitales Terminal f\u00fcr Rezept\u00fcbertragung, Sichtwahll\u00f6sungen oder mobile Ger\u00e4te f\u00fcr das Backoffice \u2013 unsere Technologie unterst\u00fctzt Sie dort, wo Sie sie brauchen.<br>Intuitiv, platzsparend und zuverl\u00e4ssig im Apothekenalltag.<\/p>\n<\/div><\/div><\/div>\n\n<section id=\"produits-block_9d55c4910a12e51890872c8a96790776\" class=\"produits block-produits\">\n    <div class=\"container\">\n        \t\t\t<div class=\"row medium-half large-third\">\n\t\t\t\t\t\t\t\t\t\t\t<a class=\"wrap-product\" href=\"https:\/\/pharmagest.com\/de\/produkte\/id-express-care\/\">\n\t<article class=\"wrap-post\">\n\t\t<div class=\"post-image image-fit\">\n            <img loading=\"lazy\" decoding=\"async\" width=\"500\" height=\"333\" src=\"https:\/\/pharmagest.com\/wp-content\/uploads\/2025\/09\/gesundheitseinrichtung-500x333.jpg\" class=\"attachment-medium size-medium wp-post-image\" alt=\"\" srcset=\"https:\/\/pharmagest.com\/wp-content\/uploads\/2025\/09\/gesundheitseinrichtung-500x333.jpg 500w, https:\/\/pharmagest.com\/wp-content\/uploads\/2025\/09\/gesundheitseinrichtung-1024x683.jpg 1024w, https:\/\/pharmagest.com\/wp-content\/uploads\/2025\/09\/gesundheitseinrichtung-768x512.jpg 768w, https:\/\/pharmagest.com\/wp-content\/uploads\/2025\/09\/gesundheitseinrichtung.jpg 1080w\" sizes=\"auto, (max-width: 500px) 100vw, 500px\" \/>\t\t<\/div>\n\t\t<div class=\"post-content\">\n\t\t\t<h2 class=\"post-title\">id. EXPRESS Care<\/h2>\n\t\t\t<p>Direkt aus der Pflegeeinrichtung kann das Personal die e-Rezepte in Echzeit \u00fcber das Terminal an die Apotheke \u00fcbermitteln.\n<\/p>\n\t\t<\/div>\n\t<\/article>\n<\/a>\n\t\t\t\t\t\t\t\t\t\t\t<a class=\"wrap-product\" href=\"https:\/\/pharmagest.com\/de\/produkte\/ti-internet-ausfallschutz\/\">\n\t<article class=\"wrap-post\">\n\t\t<div class=\"post-image image-fit\">\n            <img loading=\"lazy\" decoding=\"async\" width=\"500\" height=\"333\" src=\"https:\/\/pharmagest.com\/wp-content\/uploads\/2025\/04\/600x400px_Ausfallschutz-500x333.jpg\" class=\"attachment-medium size-medium wp-post-image\" alt=\"\" srcset=\"https:\/\/pharmagest.com\/wp-content\/uploads\/2025\/04\/600x400px_Ausfallschutz-500x333.jpg 500w, https:\/\/pharmagest.com\/wp-content\/uploads\/2025\/04\/600x400px_Ausfallschutz.jpg 600w\" sizes=\"auto, (max-width: 500px) 100vw, 500px\" \/>\t\t<\/div>\n\t\t<div class=\"post-content\">\n\t\t\t<h2 class=\"post-title\">TI-\/Internet Ausfallschutz<\/h2>\n\t\t\t<p>Nie mehr offline: Unser TI- und Internet-Ausfallschutz garantiert den Anschluss zur TI.<\/p>\n\t\t<\/div>\n\t<\/article>\n<\/a>\n\t\t\t\t\t\t\t\t\t\t\t<a class=\"wrap-product\" href=\"https:\/\/pharmagest.com\/de\/produkte\/id-express\/\">\n\t<article class=\"wrap-post\">\n\t\t<div class=\"post-image image-fit\">\n            <img loading=\"lazy\" decoding=\"async\" width=\"500\" height=\"156\" src=\"https:\/\/pharmagest.com\/wp-content\/uploads\/2025\/04\/HERO_id_EXPRESS-500x156.jpg\" class=\"attachment-medium size-medium wp-post-image wpsmartcrop-image wpsmartcrop-image\" alt=\"id. Express Vorbestellterminal\" srcset=\"https:\/\/pharmagest.com\/wp-content\/uploads\/2025\/04\/HERO_id_EXPRESS-500x156.jpg 500w, https:\/\/pharmagest.com\/wp-content\/uploads\/2025\/04\/HERO_id_EXPRESS-1024x320.jpg 1024w, https:\/\/pharmagest.com\/wp-content\/uploads\/2025\/04\/HERO_id_EXPRESS-768x240.jpg 768w, https:\/\/pharmagest.com\/wp-content\/uploads\/2025\/04\/HERO_id_EXPRESS-1536x480.jpg 1536w, https:\/\/pharmagest.com\/wp-content\/uploads\/2025\/04\/HERO_id_EXPRESS.jpg 2048w\" sizes=\"auto, (max-width: 500px) 100vw, 500px\" data-smartcrop-focus=\"[50,50]\" \/>\t\t<\/div>\n\t\t<div class=\"post-content\">\n\t\t\t<h2 class=\"post-title\">id. EXPRESS Apotheke<\/h2>\n\t\t\t<p>Mehr Zeit f\u00fcr Pharmazie mit dem innovativen Bestellterminal id.EXPRESS!<\/p>\n\t\t<\/div>\n\t<\/article>\n<\/a>\n\t\t\t\t\t\t\t\t<\/div>\n            <\/div>\n<\/section>\n\n\n<div class=\"container\"><div class=\"row\"><div class=\"medium-large-full\">\n<div style=\"height:100px\" aria-hidden=\"true\" class=\"wp-block-spacer\"><\/div>\n<\/div><\/div><\/div>\n\n<div class=\"container\"><div class=\"row\"><div class=\"medium-large-full\">\n<h2 class=\"wp-block-heading\" id=\"partnerloesungen\">Unsere integrierten Partnerl\u00f6sungen<\/h2>\n<\/div><\/div><\/div>\n\n<div class=\"container\"><div class=\"row\"><div class=\"medium-large-full\">\n<p>Wir glauben an die St\u00e4rke von Kooperationen. Deshalb integrieren wir bew\u00e4hrte Partnerl\u00f6sungen direkt in unsere Systeme \u2013 von der Rezeptabrechnung bis zur Lagerautomatisierung.<br>F\u00fcr Sie bedeutet das: weniger Schnittstellen, weniger Aufwand, mehr Effizienz.<\/p>\n<\/div><\/div><\/div>\n\n<section id=\"produits-block_1c6dfccd925e58311f5c16a68a7264a5\" class=\"produits block-produits\">\n    <div class=\"container\">\n        \t\t\t<div class=\"row medium-half large-third\">\n\t\t\t\t\t\t\t\t\t\t\t<a class=\"wrap-product\" href=\"https:\/\/pharmagest.com\/de\/produkte\/e-bon\/\">\n\t<article class=\"wrap-post\">\n\t\t<div class=\"post-image image-fit\">\n            <img loading=\"lazy\" decoding=\"async\" width=\"500\" height=\"333\" src=\"https:\/\/pharmagest.com\/wp-content\/uploads\/2025\/04\/600x400px_Close_up_Smartphone-500x333.jpg\" class=\"attachment-medium size-medium wp-post-image\" alt=\"\" srcset=\"https:\/\/pharmagest.com\/wp-content\/uploads\/2025\/04\/600x400px_Close_up_Smartphone-500x333.jpg 500w, https:\/\/pharmagest.com\/wp-content\/uploads\/2025\/04\/600x400px_Close_up_Smartphone.jpg 600w\" sizes=\"auto, (max-width: 500px) 100vw, 500px\" \/>\t\t<\/div>\n\t\t<div class=\"post-content\">\n\t\t\t<h2 class=\"post-title\">e-Bon<\/h2>\n\t\t\t<p>Der Kunde kann sich den gesetzlich verpflichtenden Bon digital auf seinem Handy anzeigen lassen.<\/p>\n\t\t<\/div>\n\t<\/article>\n<\/a>\n\t\t\t\t\t\t\t\t\t\t\t<a class=\"wrap-product\" href=\"https:\/\/pharmagest.com\/de\/produkte\/mediman\/\">\n\t<article class=\"wrap-post\">\n\t\t<div class=\"post-image image-fit\">\n            <img loading=\"lazy\" decoding=\"async\" width=\"500\" height=\"157\" src=\"https:\/\/pharmagest.com\/wp-content\/uploads\/2025\/03\/Apotheker-e1742387565582-500x157.png\" class=\"attachment-medium size-medium wp-post-image\" alt=\"\" srcset=\"https:\/\/pharmagest.com\/wp-content\/uploads\/2025\/03\/Apotheker-e1742387565582-500x157.png 500w, https:\/\/pharmagest.com\/wp-content\/uploads\/2025\/03\/Apotheker-e1742387565582-1024x323.png 1024w, https:\/\/pharmagest.com\/wp-content\/uploads\/2025\/03\/Apotheker-e1742387565582-768x242.png 768w, https:\/\/pharmagest.com\/wp-content\/uploads\/2025\/03\/Apotheker-e1742387565582-1536x484.png 1536w, https:\/\/pharmagest.com\/wp-content\/uploads\/2025\/03\/Apotheker-e1742387565582.png 2048w\" sizes=\"auto, (max-width: 500px) 100vw, 500px\" \/>\t\t<\/div>\n\t\t<div class=\"post-content\">\n\t\t\t<h2 class=\"post-title\">MediMan<\/h2>\n\t\t\t<p>Innovatives Medikationsmanagement in der MediMan App: sicher und komfortabel.<\/p>\n\t\t<\/div>\n\t<\/article>\n<\/a>\n\t\t\t\t\t\t\t\t<\/div>\n            <\/div>\n<\/section>\n\n\n<div class=\"container\"><div class=\"row\"><div class=\"medium-large-full\">\n<div style=\"height:100px\" aria-hidden=\"true\" class=\"wp-block-spacer\"><\/div>\n<\/div><\/div><\/div>","protected":false},"excerpt":{"rendered":"<p>Effizienz f\u00fcr Ihre Apotheke Unsere innovativen Produkte f\u00fcr Ihren digitalisierten Apothekenalltag Optimieren Sie Ihre Abl\u00e4ufe mit unseren ma\u00dfgeschneiderten L\u00f6sungen. Unser Produktsortiment unterst\u00fctzt Sie dabei, Ihre Apotheke effizient zu verwalten und Arbeitsprozesse zu vereinfachen \u2013 damit Sie Ihren Alltag souver\u00e4n meistern. Unser Warenwirtschaftssystem Optimieren Sie Ihre Apotheke mit GAWIS \u2013 von der Rezeptabrechnung \u00fcber das Bestellwesen [&hellip;]<\/p>\n","protected":false},"author":19,"featured_media":3857,"parent":0,"menu_order":189,"comment_status":"closed","ping_status":"closed","template":"","meta":{"_acf_changed":false,"footnotes":""},"class_list":["post-18034","page","type-page","status-publish","has-post-thumbnail","hentry"],"acf":[],"yoast_head":"<!-- This site is optimized with the Yoast SEO Premium plugin v27.2 (Yoast SEO v27.3) - https:\/\/yoast.com\/product\/yoast-seo-premium-wordpress\/ -->\n<title>Produkte - PHARMAGEST Germany \u2013 Apothekenverwaltungssoftware<\/title>\n<meta name=\"description\" content=\"Digitale L\u00f6sungen f\u00fcr Ihre Apotheke: Entdecken Sie GAWIS, id.EXPRESS und weitere innovative Systeme von Pharmagest \u2013 f\u00fcr mehr Effizienz, Sicherheit und Zeit im Apothekenalltag.\" \/>\n<meta name=\"robots\" content=\"index, follow, max-snippet:-1, max-image-preview:large, max-video-preview:-1\" \/>\n<link rel=\"canonical\" href=\"https:\/\/pharmagest.com\/de\/produkte\/\" \/>\n<meta property=\"og:locale\" content=\"de_DE\" \/>\n<meta property=\"og:type\" content=\"article\" \/>\n<meta property=\"og:title\" content=\"Produkte\" \/>\n<meta property=\"og:description\" content=\"Digitale L\u00f6sungen f\u00fcr Ihre Apotheke: Entdecken Sie GAWIS, id.EXPRESS und weitere innovative Systeme von Pharmagest \u2013 f\u00fcr mehr Effizienz, Sicherheit und Zeit im Apothekenalltag.\" \/>\n<meta property=\"og:url\" content=\"https:\/\/pharmagest.com\/de\/produkte\/\" \/>\n<meta property=\"og:site_name\" content=\"PHARMAGEST \u2013 Apothekenverwaltungssoftware\" \/>\n<meta property=\"article:publisher\" content=\"https:\/\/www.facebook.com\/Pharmagest\/\" \/>\n<meta property=\"article:modified_time\" content=\"2025-04-17T14:18:15+00:00\" \/>\n<meta property=\"og:image\" content=\"https:\/\/pharmagest.com\/wp-content\/uploads\/2022\/11\/220_PHARMAGEST_2021_04_Sublimanie_0799-scaled.jpg\" \/>\n\t<meta property=\"og:image:width\" content=\"2560\" \/>\n\t<meta property=\"og:image:height\" content=\"1707\" \/>\n\t<meta property=\"og:image:type\" content=\"image\/jpeg\" \/>\n<meta name=\"twitter:card\" content=\"summary_large_image\" \/>\n<meta name=\"twitter:site\" content=\"@Pharmagest\" \/>\n<meta name=\"twitter:label1\" content=\"Gesch\u00e4tzte Lesezeit\" \/>\n\t<meta name=\"twitter:data1\" content=\"1\u00a0Minute\" \/>\n<script type=\"application\/ld+json\" class=\"yoast-schema-graph\">{\"@context\":\"https:\\\/\\\/schema.org\",\"@graph\":[{\"@type\":\"WebPage\",\"@id\":\"https:\\\/\\\/pharmagest.com\\\/de\\\/produkte\\\/\",\"url\":\"https:\\\/\\\/pharmagest.com\\\/de\\\/produkte\\\/\",\"name\":\"Produkte - PHARMAGEST Germany \u2013 Apothekenverwaltungssoftware\",\"isPartOf\":{\"@id\":\"https:\\\/\\\/pharmagest.com\\\/de\\\/#website\"},\"primaryImageOfPage\":{\"@id\":\"https:\\\/\\\/pharmagest.com\\\/de\\\/produkte\\\/#primaryimage\"},\"image\":{\"@id\":\"https:\\\/\\\/pharmagest.com\\\/de\\\/produkte\\\/#primaryimage\"},\"thumbnailUrl\":\"https:\\\/\\\/pharmagest.com\\\/wp-content\\\/uploads\\\/2022\\\/11\\\/apotheke.jpg\",\"datePublished\":\"2022-03-09T09:29:43+00:00\",\"dateModified\":\"2025-04-17T14:18:15+00:00\",\"description\":\"Digitale L\u00f6sungen f\u00fcr Ihre Apotheke: Entdecken Sie GAWIS, id.EXPRESS und weitere innovative Systeme von Pharmagest \u2013 f\u00fcr mehr Effizienz, Sicherheit und Zeit im Apothekenalltag.\",\"breadcrumb\":{\"@id\":\"https:\\\/\\\/pharmagest.com\\\/de\\\/produkte\\\/#breadcrumb\"},\"inLanguage\":\"de\",\"potentialAction\":[{\"@type\":\"ReadAction\",\"target\":[\"https:\\\/\\\/pharmagest.com\\\/de\\\/produkte\\\/\"]}]},{\"@type\":\"ImageObject\",\"inLanguage\":\"de\",\"@id\":\"https:\\\/\\\/pharmagest.com\\\/de\\\/produkte\\\/#primaryimage\",\"url\":\"https:\\\/\\\/pharmagest.com\\\/wp-content\\\/uploads\\\/2022\\\/11\\\/apotheke.jpg\",\"contentUrl\":\"https:\\\/\\\/pharmagest.com\\\/wp-content\\\/uploads\\\/2022\\\/11\\\/apotheke.jpg\",\"width\":2560,\"height\":1707},{\"@type\":\"BreadcrumbList\",\"@id\":\"https:\\\/\\\/pharmagest.com\\\/de\\\/produkte\\\/#breadcrumb\",\"itemListElement\":[{\"@type\":\"ListItem\",\"position\":1,\"name\":\"Startseite\",\"item\":\"https:\\\/\\\/pharmagest.com\\\/de\\\/\"},{\"@type\":\"ListItem\",\"position\":2,\"name\":\"Produkte\"}]},{\"@type\":\"WebSite\",\"@id\":\"https:\\\/\\\/pharmagest.com\\\/de\\\/#website\",\"url\":\"https:\\\/\\\/pharmagest.com\\\/de\\\/\",\"name\":\"PHARMAGEST \u2013 Apothekenverwaltungssoftware\",\"description\":\"Umfassende Software f\u00fcr Ihren Apothekenalltag.\",\"publisher\":{\"@id\":\"https:\\\/\\\/pharmagest.com\\\/de\\\/#organization\"},\"potentialAction\":[{\"@type\":\"SearchAction\",\"target\":{\"@type\":\"EntryPoint\",\"urlTemplate\":\"https:\\\/\\\/pharmagest.com\\\/de\\\/?s={search_term_string}\"},\"query-input\":{\"@type\":\"PropertyValueSpecification\",\"valueRequired\":true,\"valueName\":\"search_term_string\"}}],\"inLanguage\":\"de\"},{\"@type\":[\"Organization\",\"Place\"],\"@id\":\"https:\\\/\\\/pharmagest.com\\\/de\\\/#organization\",\"name\":\"Pharmagest\",\"url\":\"https:\\\/\\\/pharmagest.com\\\/de\\\/\",\"logo\":{\"@id\":\"https:\\\/\\\/pharmagest.com\\\/de\\\/produkte\\\/#local-main-organization-logo\"},\"image\":{\"@id\":\"https:\\\/\\\/pharmagest.com\\\/de\\\/produkte\\\/#local-main-organization-logo\"},\"sameAs\":[\"https:\\\/\\\/www.facebook.com\\\/Pharmagest\\\/\",\"https:\\\/\\\/x.com\\\/Pharmagest\",\"https:\\\/\\\/www.linkedin.com\\\/company\\\/741276\"],\"telephone\":[],\"openingHoursSpecification\":[{\"@type\":\"OpeningHoursSpecification\",\"dayOfWeek\":[\"Monday\",\"Tuesday\",\"Wednesday\",\"Thursday\",\"Friday\",\"Saturday\",\"Sunday\"],\"opens\":\"09:00\",\"closes\":\"17:00\"}]},{\"@type\":\"ImageObject\",\"inLanguage\":\"de\",\"@id\":\"https:\\\/\\\/pharmagest.com\\\/de\\\/produkte\\\/#local-main-organization-logo\",\"url\":\"https:\\\/\\\/pharmagest.com\\\/wp-content\\\/uploads\\\/2022\\\/12\\\/cropped-logo-pharmagest-3.png\",\"contentUrl\":\"https:\\\/\\\/pharmagest.com\\\/wp-content\\\/uploads\\\/2022\\\/12\\\/cropped-logo-pharmagest-3.png\",\"width\":150,\"height\":100,\"caption\":\"Pharmagest\"}]}<\/script>\n<!-- \/ Yoast SEO Premium plugin. -->","yoast_head_json":{"title":"Produkte - PHARMAGEST Germany \u2013 Apothekenverwaltungssoftware","description":"Digitale L\u00f6sungen f\u00fcr Ihre Apotheke: Entdecken Sie GAWIS, id.EXPRESS und weitere innovative Systeme von Pharmagest \u2013 f\u00fcr mehr Effizienz, Sicherheit und Zeit im Apothekenalltag.","robots":{"index":"index","follow":"follow","max-snippet":"max-snippet:-1","max-image-preview":"max-image-preview:large","max-video-preview":"max-video-preview:-1"},"canonical":"https:\/\/pharmagest.com\/de\/produkte\/","og_locale":"de_DE","og_type":"article","og_title":"Produkte","og_description":"Digitale L\u00f6sungen f\u00fcr Ihre Apotheke: Entdecken Sie GAWIS, id.EXPRESS und weitere innovative Systeme von Pharmagest \u2013 f\u00fcr mehr Effizienz, Sicherheit und Zeit im Apothekenalltag.","og_url":"https:\/\/pharmagest.com\/de\/produkte\/","og_site_name":"PHARMAGEST \u2013 Apothekenverwaltungssoftware","article_publisher":"https:\/\/www.facebook.com\/Pharmagest\/","article_modified_time":"2025-04-17T14:18:15+00:00","og_image":[{"width":2560,"height":1707,"url":"https:\/\/pharmagest.com\/wp-content\/uploads\/2022\/11\/220_PHARMAGEST_2021_04_Sublimanie_0799-scaled.jpg","type":"image\/jpeg"}],"twitter_card":"summary_large_image","twitter_site":"@Pharmagest","twitter_misc":{"Gesch\u00e4tzte Lesezeit":"1\u00a0Minute"},"schema":{"@context":"https:\/\/schema.org","@graph":[{"@type":"WebPage","@id":"https:\/\/pharmagest.com\/de\/produkte\/","url":"https:\/\/pharmagest.com\/de\/produkte\/","name":"Produkte - PHARMAGEST Germany \u2013 Apothekenverwaltungssoftware","isPartOf":{"@id":"https:\/\/pharmagest.com\/de\/#website"},"primaryImageOfPage":{"@id":"https:\/\/pharmagest.com\/de\/produkte\/#primaryimage"},"image":{"@id":"https:\/\/pharmagest.com\/de\/produkte\/#primaryimage"},"thumbnailUrl":"https:\/\/pharmagest.com\/wp-content\/uploads\/2022\/11\/apotheke.jpg","datePublished":"2022-03-09T09:29:43+00:00","dateModified":"2025-04-17T14:18:15+00:00","description":"Digitale L\u00f6sungen f\u00fcr Ihre Apotheke: Entdecken Sie GAWIS, id.EXPRESS und weitere innovative Systeme von Pharmagest \u2013 f\u00fcr mehr Effizienz, Sicherheit und Zeit im Apothekenalltag.","breadcrumb":{"@id":"https:\/\/pharmagest.com\/de\/produkte\/#breadcrumb"},"inLanguage":"de","potentialAction":[{"@type":"ReadAction","target":["https:\/\/pharmagest.com\/de\/produkte\/"]}]},{"@type":"ImageObject","inLanguage":"de","@id":"https:\/\/pharmagest.com\/de\/produkte\/#primaryimage","url":"https:\/\/pharmagest.com\/wp-content\/uploads\/2022\/11\/apotheke.jpg","contentUrl":"https:\/\/pharmagest.com\/wp-content\/uploads\/2022\/11\/apotheke.jpg","width":2560,"height":1707},{"@type":"BreadcrumbList","@id":"https:\/\/pharmagest.com\/de\/produkte\/#breadcrumb","itemListElement":[{"@type":"ListItem","position":1,"name":"Startseite","item":"https:\/\/pharmagest.com\/de\/"},{"@type":"ListItem","position":2,"name":"Produkte"}]},{"@type":"WebSite","@id":"https:\/\/pharmagest.com\/de\/#website","url":"https:\/\/pharmagest.com\/de\/","name":"PHARMAGEST \u2013 Apothekenverwaltungssoftware","description":"Umfassende Software f\u00fcr Ihren Apothekenalltag.","publisher":{"@id":"https:\/\/pharmagest.com\/de\/#organization"},"potentialAction":[{"@type":"SearchAction","target":{"@type":"EntryPoint","urlTemplate":"https:\/\/pharmagest.com\/de\/?s={search_term_string}"},"query-input":{"@type":"PropertyValueSpecification","valueRequired":true,"valueName":"search_term_string"}}],"inLanguage":"de"},{"@type":["Organization","Place"],"@id":"https:\/\/pharmagest.com\/de\/#organization","name":"Pharmagest","url":"https:\/\/pharmagest.com\/de\/","logo":{"@id":"https:\/\/pharmagest.com\/de\/produkte\/#local-main-organization-logo"},"image":{"@id":"https:\/\/pharmagest.com\/de\/produkte\/#local-main-organization-logo"},"sameAs":["https:\/\/www.facebook.com\/Pharmagest\/","https:\/\/x.com\/Pharmagest","https:\/\/www.linkedin.com\/company\/741276"],"telephone":[],"openingHoursSpecification":[{"@type":"OpeningHoursSpecification","dayOfWeek":["Monday","Tuesday","Wednesday","Thursday","Friday","Saturday","Sunday"],"opens":"09:00","closes":"17:00"}]},{"@type":"ImageObject","inLanguage":"de","@id":"https:\/\/pharmagest.com\/de\/produkte\/#local-main-organization-logo","url":"https:\/\/pharmagest.com\/wp-content\/uploads\/2022\/12\/cropped-logo-pharmagest-3.png","contentUrl":"https:\/\/pharmagest.com\/wp-content\/uploads\/2022\/12\/cropped-logo-pharmagest-3.png","width":150,"height":100,"caption":"Pharmagest"}]}},"_links":{"self":[{"href":"https:\/\/pharmagest.com\/de\/wp-json\/wp\/v2\/pages\/18034","targetHints":{"allow":["GET"]}}],"collection":[{"href":"https:\/\/pharmagest.com\/de\/wp-json\/wp\/v2\/pages"}],"about":[{"href":"https:\/\/pharmagest.com\/de\/wp-json\/wp\/v2\/types\/page"}],"author":[{"embeddable":true,"href":"https:\/\/pharmagest.com\/de\/wp-json\/wp\/v2\/users\/19"}],"replies":[{"embeddable":true,"href":"https:\/\/pharmagest.com\/de\/wp-json\/wp\/v2\/comments?post=18034"}],"version-history":[{"count":1,"href":"https:\/\/pharmagest.com\/de\/wp-json\/wp\/v2\/pages\/18034\/revisions"}],"predecessor-version":[{"id":18036,"href":"https:\/\/pharmagest.com\/de\/wp-json\/wp\/v2\/pages\/18034\/revisions\/18036"}],"wp:featuredmedia":[{"embeddable":true,"href":"https:\/\/pharmagest.com\/de\/wp-json\/wp\/v2\/media\/3857"}],"wp:attachment":[{"href":"https:\/\/pharmagest.com\/de\/wp-json\/wp\/v2\/media?parent=18034"}],"curies":[{"name":"wp","href":"https:\/\/api.w.org\/{rel}","templated":true}]}}