{"id":16781,"date":"2023-03-03T11:32:28","date_gmt":"2023-03-03T10:32:28","guid":{"rendered":"https:\/\/pharmagest.com\/?page_id=16781"},"modified":"2025-11-17T13:43:44","modified_gmt":"2025-11-17T12:43:44","slug":"service","status":"publish","type":"page","link":"https:\/\/pharmagest.com\/de\/service\/","title":{"rendered":"Service"},"content":{"rendered":"<div class=\"container\"><div class=\"row\"><div class=\"medium-large-full\">\n<h2 class=\"wp-block-heading\" id=\"h-wir-sind-an-ihrer-seite-von-der-planung-bis-zum-einsatz-in-ihrer-apotheke\">Wir sind an Ihrer Seite \u2013 von der Planung bis zum Einsatz in Ihrer Apotheke<\/h2>\n<\/div><\/div><\/div>\n\n<div class=\"container\"><div class=\"row\"><div class=\"medium-large-full\">\n<p>Egal, ob Sie sich gerade f\u00fcr eins unserer Produkte entschieden haben oder bereits PHARMAGEST-Kunde sind: Wir sind an Ihrer Seite! Unser Team aus Expertinnen und Experten ist an Ihrer Seite, von der ersten Beratung bis hin zum Kundensupport bei akuten Fragen.<\/p>\n<\/div><\/div><\/div>\n\n<div class=\"container\"><div class=\"row\"><div class=\"medium-large-full\">\n<div style=\"height:100px\" aria-hidden=\"true\" class=\"wp-block-spacer\"><\/div>\n<\/div><\/div><\/div>\n\n<div class=\"container\"><div class=\"row\"><div class=\"medium-large-full\">\n<div class=\"wp-block-columns is-layout-flex wp-container-core-columns-is-layout-9d6595d7 wp-block-columns-is-layout-flex\">\n<div class=\"wp-block-column is-layout-flow wp-block-column-is-layout-flow\"><div class=\"container\"><div class=\"row\"><div class=\"medium-large-full\">\n<div class=\"wp-block-media-text alignwide is-stacked-on-mobile is-vertically-aligned-center\" style=\"grid-template-columns:20% auto\"><figure class=\"wp-block-media-text__media\"><img loading=\"lazy\" decoding=\"async\" width=\"300\" height=\"300\" src=\"https:\/\/pharmagest.com\/wp-content\/uploads\/2025\/04\/Beratung-1.svg\" alt=\"Audit &amp; ma\u00dfgeschneiderte Betreuung Symbol\" class=\"wp-image-17639 size-full\" \/><\/figure><div class=\"wp-block-media-text__content\"><div class=\"container\"><div class=\"row\"><div class=\"medium-large-full\">\n<h2 class=\"wp-block-heading has-text-align-left\" id=\"h-audit-amp-massgeschneiderte-betreuung\" style=\"font-size:24px\">Audit &amp; ma\u00dfgeschneiderte Betreuung<\/h2>\n<\/div><\/div><\/div>\n\n<div class=\"container\"><div class=\"row\"><div class=\"medium-large-full\">\n<p>Wenn Sie sich f\u00fcr eine unserer L\u00f6sungen entscheiden, unterst\u00fctzen unsere regionalen Teams Sie in Ihrer Apotheke bei der Vorbereitung Ihrer Migration \u2013 auf Hardware-, Software- und Daten\u00fcbernahme-Ebene.<\/p>\n<\/div><\/div><\/div><\/div><\/div>\n<\/div><\/div><\/div>\n\n<div class=\"container\"><div class=\"row\"><div class=\"medium-large-full\">\n<div style=\"height:50px\" aria-hidden=\"true\" class=\"wp-block-spacer\"><\/div>\n<\/div><\/div><\/div>\n\n<div class=\"container\"><div class=\"row\"><div class=\"medium-large-full\">\n<div class=\"wp-block-media-text alignwide is-stacked-on-mobile is-vertically-aligned-top\" style=\"grid-template-columns:20% auto\"><figure class=\"wp-block-media-text__media\"><img loading=\"lazy\" decoding=\"async\" width=\"287\" height=\"287\" src=\"https:\/\/pharmagest.com\/wp-content\/uploads\/2025\/04\/Praesentation-1.svg\" alt=\"Bedarfsgerechte Schulungen Symbol\" class=\"wp-image-17653 size-full\" \/><\/figure><div class=\"wp-block-media-text__content\"><div class=\"container\"><div class=\"row\"><div class=\"medium-large-full\">\n<h2 class=\"wp-block-heading has-text-align-left\" id=\"h-bedarfsgerechte-schulungen\" style=\"font-size:24px\">Bedarfsgerechte Schulungen<\/h2>\n<\/div><\/div><\/div>\n\n<div class=\"container\"><div class=\"row\"><div class=\"medium-large-full\">\n<p>Nutzen Sie unsere Schulungen, um zun\u00e4chst den Umgang mit unseren L\u00f6sungen zu erlernen und anschlie\u00dfend ihre zahlreichen Funktionen optimal zu nutzen. Diese Schulungen sind darauf ausgelegt, Sie in Ihrem eigenen Tempo und entsprechend Ihrer Bed\u00fcrfnisse zu begleiten. Sie stehen in verschiedenen Formaten zur Verf\u00fcgung, um Ihnen den Zugang zu erleichtern.<\/p>\n<\/div><\/div><\/div>\n\n<div class=\"container\"><div class=\"row\"><div class=\"medium-large-full\">\n<div style=\"height:45px\" aria-hidden=\"true\" class=\"wp-block-spacer\"><\/div>\n<\/div><\/div><\/div><\/div><\/div>\n<\/div><\/div><\/div>\n\n<div class=\"container\"><div class=\"row\"><div class=\"medium-large-full\">\n<div class=\"wp-block-media-text alignwide is-stacked-on-mobile is-vertically-aligned-center\" style=\"grid-template-columns:20% auto\"><figure class=\"wp-block-media-text__media\"><img loading=\"lazy\" decoding=\"async\" width=\"287\" height=\"287\" src=\"https:\/\/pharmagest.com\/wp-content\/uploads\/2025\/04\/Tel_Support-1.svg\" alt=\"Telefonischer Support Symbol\" class=\"wp-image-17660 size-full\" \/><\/figure><div class=\"wp-block-media-text__content\"><div class=\"container\"><div class=\"row\"><div class=\"medium-large-full\">\n<h2 class=\"wp-block-heading\" id=\"h-telefonischer-support\"><strong>Telefonischer Support<\/strong><\/h2>\n<\/div><\/div><\/div>\n\n<div class=\"container\"><div class=\"row\"><div class=\"medium-large-full\">\n<p>Unser Software- und technischer Support ist in Deutschland ans\u00e4ssig und sechs Tage in der Woche erreichbar:<\/p>\n<\/div><\/div><\/div>\n\n<div class=\"container\"><div class=\"row\"><div class=\"medium-large-full\">\n<p><strong>Software Hotline:<\/strong><br>0208 69003-15<br><strong>Technische Hotline:<\/strong><br>0208 69003-14<\/p>\n<\/div><\/div><\/div><\/div><\/div>\n<\/div><\/div><\/div><\/div>\n\n\n\n<div class=\"wp-block-column is-vertically-aligned-top is-layout-flow wp-block-column-is-layout-flow\"><div class=\"container\"><div class=\"row\"><div class=\"medium-large-full\">\n<div class=\"wp-block-media-text alignwide is-stacked-on-mobile is-vertically-aligned-center\" style=\"grid-template-columns:20% auto\"><figure class=\"wp-block-media-text__media\"><img loading=\"lazy\" decoding=\"async\" width=\"287\" height=\"287\" src=\"https:\/\/pharmagest.com\/wp-content\/uploads\/2025\/04\/Wartung-1.svg\" alt=\"Experteninstallation &amp; -wartung Symbol\" class=\"wp-image-17632 size-full\" \/><\/figure><div class=\"wp-block-media-text__content\"><div class=\"container\"><div class=\"row\"><div class=\"medium-large-full\">\n<h2 class=\"wp-block-heading has-text-align-left\" id=\"h-experteninstallation-amp-wartung\" style=\"font-size:24px\">Experteninstallation &amp; -wartung<\/h2>\n<\/div><\/div><\/div>\n\n<div class=\"container\"><div class=\"row\"><div class=\"medium-large-full\">\n<p>PHARMAGEST bietet Ihnen eine Reihe von getesteten und zertifizierten Produkten, um eine leistungsstarke und zuverl\u00e4ssige Installation durch unsere ausgebildeten Techniker zu gew\u00e4hrleisten.<\/p>\n<\/div><\/div><\/div><\/div><\/div>\n<\/div><\/div><\/div>\n\n<div class=\"container\"><div class=\"row\"><div class=\"medium-large-full\">\n<div style=\"height:50px\" aria-hidden=\"true\" class=\"wp-block-spacer\"><\/div>\n<\/div><\/div><\/div>\n\n<div class=\"container\"><div class=\"row\"><div class=\"medium-large-full\">\n<div class=\"wp-block-media-text alignwide is-stacked-on-mobile is-vertically-aligned-center\" style=\"grid-template-columns:20% auto\"><figure class=\"wp-block-media-text__media\"><img loading=\"lazy\" decoding=\"async\" width=\"287\" height=\"287\" src=\"https:\/\/pharmagest.com\/wp-content\/uploads\/2025\/04\/Kundenportal-1.svg\" alt=\"Online-Kundenbereich Symbol\" class=\"wp-image-17646 size-full\" \/><\/figure><div class=\"wp-block-media-text__content\"><div class=\"container\"><div class=\"row\"><div class=\"medium-large-full\">\n<h2 class=\"wp-block-heading\" id=\"h-online-kundenbereich\" style=\"font-size:24px\">Online-Kundenbereich<\/h2>\n<\/div><\/div><\/div>\n\n<div class=\"container\"><div class=\"row\"><div class=\"medium-large-full\">\n<p>Bleiben Sie mit uns verbunden und greifen Sie mit nur wenigen Klicks auf Ihr Kundenkonto zu! In Ihrem Kundenkonto finden Sie u. a. Informationen zu Ihrer Apotheke, Software-Dokumentationen, Schulungskatalog und Anmeldungen.<\/p>\n<\/div><\/div><\/div><\/div><\/div>\n<\/div><\/div><\/div><\/div>\n<\/div>\n<\/div><\/div><\/div>","protected":false},"excerpt":{"rendered":"<p>Wir sind an Ihrer Seite \u2013 von der Planung bis zum Einsatz in Ihrer Apotheke Egal, ob Sie sich gerade f\u00fcr eins unserer Produkte entschieden haben oder bereits PHARMAGEST-Kunde sind: Wir sind an Ihrer Seite! Unser Team aus Expertinnen und Experten ist an Ihrer Seite, von der ersten Beratung bis hin zum Kundensupport bei akuten [&hellip;]<\/p>\n","protected":false},"author":19,"featured_media":17435,"parent":0,"menu_order":187,"comment_status":"closed","ping_status":"closed","template":"","meta":{"_acf_changed":false,"footnotes":""},"class_list":["post-16781","page","type-page","status-publish","has-post-thumbnail","hentry"],"acf":[],"yoast_head":"<!-- This site is optimized with the Yoast SEO Premium plugin v27.2 (Yoast SEO v27.3) - https:\/\/yoast.com\/product\/yoast-seo-premium-wordpress\/ -->\n<title>Service - PHARMAGEST Germany \u2013 Apothekenverwaltungssoftware<\/title>\n<meta name=\"description\" content=\"Migration, Schulung, technischer Support und Kundenportal \u2013 Pharmagest begleitet Apotheken umfassend bei der Digitalisierung. Jetzt mehr erfahren.\" \/>\n<meta name=\"robots\" content=\"index, follow, max-snippet:-1, max-image-preview:large, max-video-preview:-1\" \/>\n<link rel=\"canonical\" href=\"https:\/\/pharmagest.com\/de\/service\/\" \/>\n<meta property=\"og:locale\" content=\"de_DE\" \/>\n<meta property=\"og:type\" content=\"article\" \/>\n<meta property=\"og:title\" content=\"Service\" \/>\n<meta property=\"og:description\" content=\"Migration, Schulung, technischer Support und Kundenportal \u2013 Pharmagest begleitet Apotheken umfassend bei der Digitalisierung. Jetzt mehr erfahren.\" \/>\n<meta property=\"og:url\" content=\"https:\/\/pharmagest.com\/de\/service\/\" \/>\n<meta property=\"og:site_name\" content=\"PHARMAGEST \u2013 Apothekenverwaltungssoftware\" \/>\n<meta property=\"article:publisher\" content=\"https:\/\/www.facebook.com\/Pharmagest\/\" \/>\n<meta property=\"article:modified_time\" content=\"2025-11-17T12:43:44+00:00\" \/>\n<meta property=\"og:image\" content=\"https:\/\/pharmagest.com\/wp-content\/uploads\/2025\/04\/1080x1080px_Beratung_2.jpg\" \/>\n\t<meta property=\"og:image:width\" content=\"1080\" \/>\n\t<meta property=\"og:image:height\" content=\"1080\" \/>\n\t<meta property=\"og:image:type\" content=\"image\/jpeg\" \/>\n<meta name=\"twitter:card\" content=\"summary_large_image\" \/>\n<meta name=\"twitter:site\" content=\"@Pharmagest\" \/>\n<meta name=\"twitter:label1\" content=\"Gesch\u00e4tzte Lesezeit\" \/>\n\t<meta name=\"twitter:data1\" content=\"3\u00a0Minuten\" \/>\n<script type=\"application\/ld+json\" class=\"yoast-schema-graph\">{\"@context\":\"https:\\\/\\\/schema.org\",\"@graph\":[{\"@type\":\"WebPage\",\"@id\":\"https:\\\/\\\/pharmagest.com\\\/de\\\/service\\\/\",\"url\":\"https:\\\/\\\/pharmagest.com\\\/de\\\/service\\\/\",\"name\":\"Service - PHARMAGEST Germany \u2013 Apothekenverwaltungssoftware\",\"isPartOf\":{\"@id\":\"https:\\\/\\\/pharmagest.com\\\/de\\\/#website\"},\"primaryImageOfPage\":{\"@id\":\"https:\\\/\\\/pharmagest.com\\\/de\\\/service\\\/#primaryimage\"},\"image\":{\"@id\":\"https:\\\/\\\/pharmagest.com\\\/de\\\/service\\\/#primaryimage\"},\"thumbnailUrl\":\"https:\\\/\\\/pharmagest.com\\\/wp-content\\\/uploads\\\/2025\\\/04\\\/1080x1080px_Beratung_2.jpg\",\"datePublished\":\"2023-03-03T10:32:28+00:00\",\"dateModified\":\"2025-11-17T12:43:44+00:00\",\"description\":\"Migration, Schulung, technischer Support und Kundenportal \u2013 Pharmagest begleitet Apotheken umfassend bei der Digitalisierung. Jetzt mehr erfahren.\",\"breadcrumb\":{\"@id\":\"https:\\\/\\\/pharmagest.com\\\/de\\\/service\\\/#breadcrumb\"},\"inLanguage\":\"de\",\"potentialAction\":[{\"@type\":\"ReadAction\",\"target\":[\"https:\\\/\\\/pharmagest.com\\\/de\\\/service\\\/\"]}]},{\"@type\":\"ImageObject\",\"inLanguage\":\"de\",\"@id\":\"https:\\\/\\\/pharmagest.com\\\/de\\\/service\\\/#primaryimage\",\"url\":\"https:\\\/\\\/pharmagest.com\\\/wp-content\\\/uploads\\\/2025\\\/04\\\/1080x1080px_Beratung_2.jpg\",\"contentUrl\":\"https:\\\/\\\/pharmagest.com\\\/wp-content\\\/uploads\\\/2025\\\/04\\\/1080x1080px_Beratung_2.jpg\",\"width\":1080,\"height\":1080,\"caption\":\"Mit MediCheck Connect Quick Risiken erkennen, bevor sie entstehen.\"},{\"@type\":\"BreadcrumbList\",\"@id\":\"https:\\\/\\\/pharmagest.com\\\/de\\\/service\\\/#breadcrumb\",\"itemListElement\":[{\"@type\":\"ListItem\",\"position\":1,\"name\":\"Startseite\",\"item\":\"https:\\\/\\\/pharmagest.com\\\/de\\\/\"},{\"@type\":\"ListItem\",\"position\":2,\"name\":\"Service\"}]},{\"@type\":\"WebSite\",\"@id\":\"https:\\\/\\\/pharmagest.com\\\/de\\\/#website\",\"url\":\"https:\\\/\\\/pharmagest.com\\\/de\\\/\",\"name\":\"PHARMAGEST \u2013 Apothekenverwaltungssoftware\",\"description\":\"Umfassende Software f\u00fcr Ihren Apothekenalltag.\",\"publisher\":{\"@id\":\"https:\\\/\\\/pharmagest.com\\\/de\\\/#organization\"},\"potentialAction\":[{\"@type\":\"SearchAction\",\"target\":{\"@type\":\"EntryPoint\",\"urlTemplate\":\"https:\\\/\\\/pharmagest.com\\\/de\\\/?s={search_term_string}\"},\"query-input\":{\"@type\":\"PropertyValueSpecification\",\"valueRequired\":true,\"valueName\":\"search_term_string\"}}],\"inLanguage\":\"de\"},{\"@type\":[\"Organization\",\"Place\"],\"@id\":\"https:\\\/\\\/pharmagest.com\\\/de\\\/#organization\",\"name\":\"Pharmagest\",\"url\":\"https:\\\/\\\/pharmagest.com\\\/de\\\/\",\"logo\":{\"@id\":\"https:\\\/\\\/pharmagest.com\\\/de\\\/service\\\/#local-main-organization-logo\"},\"image\":{\"@id\":\"https:\\\/\\\/pharmagest.com\\\/de\\\/service\\\/#local-main-organization-logo\"},\"sameAs\":[\"https:\\\/\\\/www.facebook.com\\\/Pharmagest\\\/\",\"https:\\\/\\\/x.com\\\/Pharmagest\",\"https:\\\/\\\/www.linkedin.com\\\/company\\\/741276\"],\"telephone\":[],\"openingHoursSpecification\":[{\"@type\":\"OpeningHoursSpecification\",\"dayOfWeek\":[\"Monday\",\"Tuesday\",\"Wednesday\",\"Thursday\",\"Friday\",\"Saturday\",\"Sunday\"],\"opens\":\"09:00\",\"closes\":\"17:00\"}]},{\"@type\":\"ImageObject\",\"inLanguage\":\"de\",\"@id\":\"https:\\\/\\\/pharmagest.com\\\/de\\\/service\\\/#local-main-organization-logo\",\"url\":\"https:\\\/\\\/pharmagest.com\\\/wp-content\\\/uploads\\\/2022\\\/12\\\/cropped-logo-pharmagest-3.png\",\"contentUrl\":\"https:\\\/\\\/pharmagest.com\\\/wp-content\\\/uploads\\\/2022\\\/12\\\/cropped-logo-pharmagest-3.png\",\"width\":150,\"height\":100,\"caption\":\"Pharmagest\"}]}<\/script>\n<!-- \/ Yoast SEO Premium plugin. -->","yoast_head_json":{"title":"Service - PHARMAGEST Germany \u2013 Apothekenverwaltungssoftware","description":"Migration, Schulung, technischer Support und Kundenportal \u2013 Pharmagest begleitet Apotheken umfassend bei der Digitalisierung. Jetzt mehr erfahren.","robots":{"index":"index","follow":"follow","max-snippet":"max-snippet:-1","max-image-preview":"max-image-preview:large","max-video-preview":"max-video-preview:-1"},"canonical":"https:\/\/pharmagest.com\/de\/service\/","og_locale":"de_DE","og_type":"article","og_title":"Service","og_description":"Migration, Schulung, technischer Support und Kundenportal \u2013 Pharmagest begleitet Apotheken umfassend bei der Digitalisierung. Jetzt mehr erfahren.","og_url":"https:\/\/pharmagest.com\/de\/service\/","og_site_name":"PHARMAGEST \u2013 Apothekenverwaltungssoftware","article_publisher":"https:\/\/www.facebook.com\/Pharmagest\/","article_modified_time":"2025-11-17T12:43:44+00:00","og_image":[{"width":1080,"height":1080,"url":"https:\/\/pharmagest.com\/wp-content\/uploads\/2025\/04\/1080x1080px_Beratung_2.jpg","type":"image\/jpeg"}],"twitter_card":"summary_large_image","twitter_site":"@Pharmagest","twitter_misc":{"Gesch\u00e4tzte Lesezeit":"3\u00a0Minuten"},"schema":{"@context":"https:\/\/schema.org","@graph":[{"@type":"WebPage","@id":"https:\/\/pharmagest.com\/de\/service\/","url":"https:\/\/pharmagest.com\/de\/service\/","name":"Service - PHARMAGEST Germany \u2013 Apothekenverwaltungssoftware","isPartOf":{"@id":"https:\/\/pharmagest.com\/de\/#website"},"primaryImageOfPage":{"@id":"https:\/\/pharmagest.com\/de\/service\/#primaryimage"},"image":{"@id":"https:\/\/pharmagest.com\/de\/service\/#primaryimage"},"thumbnailUrl":"https:\/\/pharmagest.com\/wp-content\/uploads\/2025\/04\/1080x1080px_Beratung_2.jpg","datePublished":"2023-03-03T10:32:28+00:00","dateModified":"2025-11-17T12:43:44+00:00","description":"Migration, Schulung, technischer Support und Kundenportal \u2013 Pharmagest begleitet Apotheken umfassend bei der Digitalisierung. Jetzt mehr erfahren.","breadcrumb":{"@id":"https:\/\/pharmagest.com\/de\/service\/#breadcrumb"},"inLanguage":"de","potentialAction":[{"@type":"ReadAction","target":["https:\/\/pharmagest.com\/de\/service\/"]}]},{"@type":"ImageObject","inLanguage":"de","@id":"https:\/\/pharmagest.com\/de\/service\/#primaryimage","url":"https:\/\/pharmagest.com\/wp-content\/uploads\/2025\/04\/1080x1080px_Beratung_2.jpg","contentUrl":"https:\/\/pharmagest.com\/wp-content\/uploads\/2025\/04\/1080x1080px_Beratung_2.jpg","width":1080,"height":1080,"caption":"Mit MediCheck Connect Quick Risiken erkennen, bevor sie entstehen."},{"@type":"BreadcrumbList","@id":"https:\/\/pharmagest.com\/de\/service\/#breadcrumb","itemListElement":[{"@type":"ListItem","position":1,"name":"Startseite","item":"https:\/\/pharmagest.com\/de\/"},{"@type":"ListItem","position":2,"name":"Service"}]},{"@type":"WebSite","@id":"https:\/\/pharmagest.com\/de\/#website","url":"https:\/\/pharmagest.com\/de\/","name":"PHARMAGEST \u2013 Apothekenverwaltungssoftware","description":"Umfassende Software f\u00fcr Ihren Apothekenalltag.","publisher":{"@id":"https:\/\/pharmagest.com\/de\/#organization"},"potentialAction":[{"@type":"SearchAction","target":{"@type":"EntryPoint","urlTemplate":"https:\/\/pharmagest.com\/de\/?s={search_term_string}"},"query-input":{"@type":"PropertyValueSpecification","valueRequired":true,"valueName":"search_term_string"}}],"inLanguage":"de"},{"@type":["Organization","Place"],"@id":"https:\/\/pharmagest.com\/de\/#organization","name":"Pharmagest","url":"https:\/\/pharmagest.com\/de\/","logo":{"@id":"https:\/\/pharmagest.com\/de\/service\/#local-main-organization-logo"},"image":{"@id":"https:\/\/pharmagest.com\/de\/service\/#local-main-organization-logo"},"sameAs":["https:\/\/www.facebook.com\/Pharmagest\/","https:\/\/x.com\/Pharmagest","https:\/\/www.linkedin.com\/company\/741276"],"telephone":[],"openingHoursSpecification":[{"@type":"OpeningHoursSpecification","dayOfWeek":["Monday","Tuesday","Wednesday","Thursday","Friday","Saturday","Sunday"],"opens":"09:00","closes":"17:00"}]},{"@type":"ImageObject","inLanguage":"de","@id":"https:\/\/pharmagest.com\/de\/service\/#local-main-organization-logo","url":"https:\/\/pharmagest.com\/wp-content\/uploads\/2022\/12\/cropped-logo-pharmagest-3.png","contentUrl":"https:\/\/pharmagest.com\/wp-content\/uploads\/2022\/12\/cropped-logo-pharmagest-3.png","width":150,"height":100,"caption":"Pharmagest"}]}},"_links":{"self":[{"href":"https:\/\/pharmagest.com\/de\/wp-json\/wp\/v2\/pages\/16781","targetHints":{"allow":["GET"]}}],"collection":[{"href":"https:\/\/pharmagest.com\/de\/wp-json\/wp\/v2\/pages"}],"about":[{"href":"https:\/\/pharmagest.com\/de\/wp-json\/wp\/v2\/types\/page"}],"author":[{"embeddable":true,"href":"https:\/\/pharmagest.com\/de\/wp-json\/wp\/v2\/users\/19"}],"replies":[{"embeddable":true,"href":"https:\/\/pharmagest.com\/de\/wp-json\/wp\/v2\/comments?post=16781"}],"version-history":[{"count":30,"href":"https:\/\/pharmagest.com\/de\/wp-json\/wp\/v2\/pages\/16781\/revisions"}],"predecessor-version":[{"id":21996,"href":"https:\/\/pharmagest.com\/de\/wp-json\/wp\/v2\/pages\/16781\/revisions\/21996"}],"wp:featuredmedia":[{"embeddable":true,"href":"https:\/\/pharmagest.com\/de\/wp-json\/wp\/v2\/media\/17435"}],"wp:attachment":[{"href":"https:\/\/pharmagest.com\/de\/wp-json\/wp\/v2\/media?parent=16781"}],"curies":[{"name":"wp","href":"https:\/\/api.w.org\/{rel}","templated":true}]}}