{"id":16502,"date":"2025-03-19T16:08:30","date_gmt":"2025-03-19T15:08:30","guid":{"rendered":"https:\/\/pharmagest.com\/?page_id=16502"},"modified":"2025-04-17T16:20:15","modified_gmt":"2025-04-17T14:20:15","slug":"datenschutz","status":"publish","type":"page","link":"https:\/\/pharmagest.com\/de\/datenschutz\/","title":{"rendered":"Datenschutz"},"content":{"rendered":"<div class=\"container\"><div class=\"row\"><div class=\"medium-large-full\">\n<h1 class=\"wp-block-heading\">Datenschutz<\/h1>\n<\/div><\/div><\/div>\n\n<div class=\"container\"><div class=\"row\"><div class=\"medium-large-full\">\n<p><strong>Websitebetreiber<\/strong><strong> im Sinne des Datenschutzgesetzes<br><\/strong>PHARMAGEST Germany GmbH<br>Gesch\u00e4ftsf\u00fchrer: Denis Supplisson<br>Wei\u00dfensteinstr. 109<br>46149 Oberhausen<br>Telefon-Nr.: +49 (208) 69 00 300<br>E-Mail: <a href=\"mailto:info@pharmagest.de\">info@pharmagest.de<\/a><\/p>\n<\/div><\/div><\/div>\n\n<div class=\"container\"><div class=\"row\"><div class=\"medium-large-full\">\n<div style=\"height:39px\" aria-hidden=\"true\" class=\"wp-block-spacer\"><\/div>\n<\/div><\/div><\/div>\n\n<div class=\"container\"><div class=\"row\"><div class=\"medium-large-full\">\n<p><strong>Kontakt Datenschutzbeauftragter<br><\/strong>E-Mail: <a href=\"mailto:info@pharmagest.de\">info@pharmagest.de<\/a><\/p>\n<\/div><\/div><\/div>\n\n<div class=\"container\"><div class=\"row\"><div class=\"medium-large-full\">\n<div style=\"height:39px\" aria-hidden=\"true\" class=\"wp-block-spacer\"><\/div>\n<\/div><\/div><\/div>\n\n<div class=\"container\"><div class=\"row\"><div class=\"medium-large-full\">\n<p><strong>Geltungsbereich<br><\/strong>Diese Datenschutzerkl\u00e4rung soll den Besucher dieser Website \u00fcber die Art, den Umfang und den Zweck der Erhebung und Verwendung personenbezogener Daten informieren.Bitte beachten Sie, dass die Daten\u00fcbertragung im Internet grunds\u00e4tzlich mit Sicherheitsl\u00fccken bedacht sein kann. Ein vollumf\u00e4nglicher Schutz vor dem Zugriff durch Fremde ist nicht realisierbar.<\/p>\n<\/div><\/div><\/div>\n\n<div class=\"container\"><div class=\"row\"><div class=\"medium-large-full\">\n<div style=\"height:39px\" aria-hidden=\"true\" class=\"wp-block-spacer\"><\/div>\n<\/div><\/div><\/div>\n\n<div class=\"container\"><div class=\"row\"><div class=\"medium-large-full\">\n<p><strong>Speicherung von Nutzungsdaten<br><\/strong>Der Provider der Seiten erhebt und speichert automatisch Informationen in so genannten<br>Server-Log-Dateien, die Ihr Browser automatisch \u00fcbermittelt.<br>Jeder Datensatz besteht aus:<\/p>\n<\/div><\/div><\/div>\n\n<div class=\"container\"><div class=\"row\"><div class=\"medium-large-full\">\n<div style=\"height:39px\" aria-hidden=\"true\" class=\"wp-block-spacer\"><\/div>\n<\/div><\/div><\/div>\n\n<div class=\"container\"><div class=\"row\"><div class=\"medium-large-full\">\n<ul class=\"wp-block-list\">\n<li>dem Browsertyp und Browserversion<\/li>\n\n\n\n<li>dem verwendeten Betriebssystem<\/li>\n\n\n\n<li>der Referenz URL<\/li>\n\n\n\n<li>dem Hostname des zugreifenden Rechners<\/li>\n\n\n\n<li>der Uhrzeit der Serveranfrage<\/li>\n\n\n\n<li>der IP-Adresse<\/li>\n<\/ul>\n<\/div><\/div><\/div>\n\n<div class=\"container\"><div class=\"row\"><div class=\"medium-large-full\">\n<p>Eine Zusammenf\u00fchrung dieser Daten mit anderen Datenquellen wird nicht vorgenommen.<\/p>\n<\/div><\/div><\/div>\n\n<div class=\"container\"><div class=\"row\"><div class=\"medium-large-full\">\n<p>Diese Daten werden nur zum Zweck der statistischen Auswertung gesammelt. Eine Weitergabe an Dritte findet nicht statt.<\/p>\n<\/div><\/div><\/div>\n\n<div class=\"container\"><div class=\"row\"><div class=\"medium-large-full\">\n<div style=\"height:39px\" aria-hidden=\"true\" class=\"wp-block-spacer\"><\/div>\n<\/div><\/div><\/div>\n\n<div class=\"container\"><div class=\"row\"><div class=\"medium-large-full\">\n<p><strong>Cookies<br><\/strong>Diese Website verwendet Cookies.<br>Dabei handelt es sich um kleine Textdateien, die auf dem Endger\u00e4t des Besuchers gespeichert werden und auf die der Browser zur\u00fcckgreift.<br>Durch den Einsatz von Cookies erh\u00f6ht sich die Benutzerfreundlichkeit und die Sicherheit dieser Website.Die meisten der verwendeten Cookies sind so genannte \u201cSession-Cookies\u201d.<br>Sie werden nach Ende des Besuches automatisch gel\u00f6scht. Andere Cookies bleiben auf dem Endger\u00e4t des Besuchers gespeichert, bis diese vom Besucher auf dem Endger\u00e4t gel\u00f6scht werden. Die g\u00e4ngigen Browser bieten in Ihren Einstellungen die Option Cookies nicht zuzulassen.<br>Wenn Cookies nicht zugelassen werden, kann nicht gew\u00e4hrleistet werden, dass der Besucher auf alle Funktionen dieser Website ohne Einschr\u00e4nkungen zugreifen kann.<\/p>\n<\/div><\/div><\/div>\n\n<div class=\"container\"><div class=\"row\"><div class=\"medium-large-full\">\n<div style=\"height:39px\" aria-hidden=\"true\" class=\"wp-block-spacer\"><\/div>\n<\/div><\/div><\/div>\n\n<div class=\"container\"><div class=\"row\"><div class=\"medium-large-full\">\n<p><strong>Umgang mit personenbezogenen Daten und Kontaktdaten<br><\/strong>Als personenbezogene Daten gelten s\u00e4mtliche Informationen, welche dazu dienen, die Person des Besuchers zu bestimmen und welche, die zum Besucher zur\u00fcckverfolgt werden k\u00f6nnen, z.B. der Namen, die E-Mail-Adresse und die Telefonnummer.Sofern innerhalb dieser Website die M\u00f6glichkeit zu Eingabe pers\u00f6nlicher oder gesch\u00e4ftlicher Daten (Name, Anschrift, E-Mail-Adresse) besteht, erfolgt die Angabe der Daten seitens des Besuchers auf freiwilliger Basis.<br>Diese Angaben werden gespeichert, damit auf diese zur Bearbeitung und Beantwortung der Anfragen zur\u00fcckgegriffen werden kann.Diese Daten werden nur an Dritte weitergegeben, wenn dies im gesetzlichen Rahmen erlaubt ist oder der Besucher dieser Website in die Datenerhebung einwilligt.<\/p>\n<\/div><\/div><\/div>\n\n<div class=\"container\"><div class=\"row\"><div class=\"medium-large-full\">\n<div style=\"height:39px\" aria-hidden=\"true\" class=\"wp-block-spacer\"><\/div>\n<\/div><\/div><\/div>\n\n<div class=\"container\"><div class=\"row\"><div class=\"medium-large-full\">\n<p><strong>WordPress-Blog<br><\/strong>Diese Website benutzt WordPress.com-Stats, ein Tool zur statistischen Auswertung der Besucherzugriffe, betrieben von Automattic Inc., 60 29th Street #343, San Francisco, CA 94110-4929, USA, unter Einsatz der Trackingtechnologie von Quantcast Inc., 201 3rd St, Floor 2, San Francisco, CA 94103-3153, USA.<br>WordPress.com-Stats verwendet sog. \u201eCookies\u201c, Textdateien, die auf dem Computer des Besuchers gespeichert werden und die eine Analyse der Benutzung der Website erm\u00f6glichen. Die durch den Cookie erzeugten Informationen \u00fcber die Benutzung dieser Website werden auf einem Server in den USA gespeichert. Die IP-Adresse wird sofort nach der Verarbeitung und vor deren Speicherung anonymisiert. Der Besucher kann die Installation der Cookies durch eine entsprechende Einstellung in seiner Browser-Software verhindern.<br>Wenn Cookies nicht zulassen werden, kann nicht gew\u00e4hrleistet werden, dass der Besucher auf alle Funktionen dieser Website ohne Einschr\u00e4nkungen zugreifen kann. Der Besucher kann der Erhebung und Nutzung der Daten durch Quantcast mit Wirkung f\u00fcr die Zukunft widersprechen. Mit dem Klick auf den nachfolgendem Link l\u00e4dt der Besucher ein \u201eOpt-Out-Cookie\u201c herunter:<br><a href=\"http:\/\/www.quantcast.com\/opt-out\">http:\/\/www.quantcast.com\/opt-out<\/a><br>Der Browser des Besuchers muss die Speicherung von Cookies hierzu grunds\u00e4tzlich erlauben. L\u00f6scht der Besucher seine Cookies regelm\u00e4\u00dfig, ist ein erneuter Klick auf den Link bei jedem Besuch dieser Website von N\u00f6ten.<\/p>\n<\/div><\/div><\/div>\n\n<div class=\"container\"><div class=\"row\"><div class=\"medium-large-full\">\n<div style=\"height:39px\" aria-hidden=\"true\" class=\"wp-block-spacer\"><\/div>\n<\/div><\/div><\/div>\n\n<div class=\"container\"><div class=\"row\"><div class=\"medium-large-full\">\n<p><strong>Google Webfonts<br><\/strong>Diese Website verwendet zur Darstellung der Schrift sogenannte Webfonts.<br>Diese werden von Google bereitgestellt (<a href=\"http:\/\/www.google.com\/webfonts\/).%20\">http:\/\/www.google.com\/webfonts\/).<\/a><br>Beim Aufruf der &nbsp;Website l\u00e4dt der Browser des Besuchers die ben\u00f6tigte Webfont in seinen Browsercache. Dies ist notwendig damit der &nbsp;Browser des Besuchers eine optisch verbesserte Darstellung &nbsp;der Texte anzeigen kann. Wenn der Browser diese Funktion nicht unterst\u00fctzt, wird eine Standardschrift des benutzten Computers zur Anzeige genutzt.<br>Weitergehende Informationen zu Google Webfonts unter:<br><a href=\"https:\/\/developers.google.com\/fonts\/faq?hl=de-DE&amp;csw=1%20\">https:\/\/developers.google.com\/fonts\/faq?hl=de-DE&amp;csw=1<\/a><\/p>\n<\/div><\/div><\/div>\n\n<div class=\"container\"><div class=\"row\"><div class=\"medium-large-full\">\n<div style=\"height:39px\" aria-hidden=\"true\" class=\"wp-block-spacer\"><\/div>\n<\/div><\/div><\/div>\n\n<div class=\"container\"><div class=\"row\"><div class=\"medium-large-full\">\n<p><strong>Datensparsamkeit<\/strong><br>Werden personenbezogene Daten gespeichert, geschieht dieses gem\u00e4\u00df den Grunds\u00e4tzen der Datenvermeidung und Datensparsamkeit. Die Daten werden nur so lange wie es erforderlich ist oder vom Gesetzgeber her vorgeschrieben wird (gesetzliche Speicherfrist) gespeichert. Entf\u00e4llt der Zweck der erhobenen Informationen oder endet die Speicherfrist, sperrt oder l\u00f6scht der Websitebetreiber die Daten.<\/p>\n<\/div><\/div><\/div>\n\n<div class=\"container\"><div class=\"row\"><div class=\"medium-large-full\">\n<div style=\"height:39px\" aria-hidden=\"true\" class=\"wp-block-spacer\"><\/div>\n<\/div><\/div><\/div>\n\n<div class=\"container\"><div class=\"row\"><div class=\"medium-large-full\">\n<p><strong>Rechte des Besuchers<br>Auskunft, Berichtigung und L\u00f6schung<\/strong>Der Besucher erh\u00e4lt auf Antrag eine kostenlose Auskunft \u00fcber seine gespeicherten personenbezogenen Daten. Zu diesem Zweck wendet er sich schriftlich an den Websitebetreiber.<br>Sofern sein Wunsch nicht mit einer gesetzlichen Pflicht zur Aufbewahrung von Daten kollidiert, hat der Besucher ein Anrecht auf Berichtigung falscher Daten und auf die Sperrung oder L\u00f6schung seiner personenbezogenen Daten.<\/p>\n<\/div><\/div><\/div>\n\n<div class=\"container\"><div class=\"row\"><div class=\"medium-large-full\">\n<div style=\"height:39px\" aria-hidden=\"true\" class=\"wp-block-spacer\"><\/div>\n<\/div><\/div><\/div>\n\n<div class=\"container\"><div class=\"row\"><div class=\"medium-large-full\">\n<p><strong>Beschwerde bei einer Aufsichtsbeh\u00f6rde<br><\/strong>Unbeschadet eines anderweitigen verwaltungsrechtlichen oder gerichtlichen Rechtsbehelfs steht dem Besucher dieser Website das Recht auf Beschwerde bei einer Aufsichtsbeh\u00f6rde, insbesondere in dem Mitgliedstaat seines Aufenthaltsorts, seines Arbeitsplatzes oder des Orts des mutma\u00dflichen Versto\u00dfes zu, wenn er der Ansicht ist, dass die Verarbeitung der Ihn betreffenden personenbezogenen Daten gegen die DSGVO verst\u00f6\u00dft.<br>Die Aufsichtsbeh\u00f6rde, bei der die Beschwerde eingereicht wurde, unterrichtet den Beschwerdef\u00fchrer \u00fcber den Stand und die Ergebnisse der Beschwerde einschlie\u00dflich der M\u00f6glichkeit eines gerichtlichen Rechtsbehelfs nach Art. 78 DSGVO.<\/p>\n<\/div><\/div><\/div>\n\n<div class=\"container\"><div class=\"row\"><div class=\"medium-large-full\">\n<div style=\"height:39px\" aria-hidden=\"true\" class=\"wp-block-spacer\"><\/div>\n<\/div><\/div><\/div>\n\n<div class=\"container\"><div class=\"row\"><div class=\"medium-large-full\">\n<p><strong>Hinweis<br><\/strong>Es ist m\u00f6glich, dass bei der Weiterentwicklung dieser Website und\/oder der Implementierung neuer Technologien \u00c4nderungen in dieser Datenschutzerkl\u00e4rung erforderlich werden. Das Datum der letzten \u00c4nderung und die Versionsnummer findet der Besucher am Ende dieses Textes. Anhand dieses Datums und der Versionsnummer kann er erkennen, ob der Websitebetreiber seit seinem letzten Besuch \u00c4nderungen in der Datenschutzerkl\u00e4rung vorgenommen hat.<\/p>\n<\/div><\/div><\/div>","protected":false},"excerpt":{"rendered":"<p>Datenschutz Websitebetreiber im Sinne des DatenschutzgesetzesPHARMAGEST Germany GmbHGesch\u00e4ftsf\u00fchrer: Denis SupplissonWei\u00dfensteinstr. 10946149 OberhausenTelefon-Nr.: +49 (208) 69 00 300E-Mail: info@pharmagest.de Kontakt DatenschutzbeauftragterE-Mail: info@pharmagest.de GeltungsbereichDiese Datenschutzerkl\u00e4rung soll den Besucher dieser Website \u00fcber die Art, den Umfang und den Zweck der Erhebung und Verwendung personenbezogener Daten informieren.Bitte beachten Sie, dass die Daten\u00fcbertragung im Internet grunds\u00e4tzlich mit Sicherheitsl\u00fccken bedacht sein [&hellip;]<\/p>\n","protected":false},"author":19,"featured_media":17667,"parent":0,"menu_order":184,"comment_status":"closed","ping_status":"closed","template":"","meta":{"_acf_changed":false,"footnotes":""},"class_list":["post-16502","page","type-page","status-publish","has-post-thumbnail","hentry"],"acf":[],"yoast_head":"<!-- This site is optimized with the Yoast SEO Premium plugin v27.2 (Yoast SEO v27.3) - https:\/\/yoast.com\/product\/yoast-seo-premium-wordpress\/ -->\n<title>Datenschutz - PHARMAGEST Germany \u2013 Apothekenverwaltungssoftware<\/title>\n<meta name=\"robots\" content=\"index, follow, max-snippet:-1, max-image-preview:large, max-video-preview:-1\" \/>\n<link rel=\"canonical\" href=\"https:\/\/pharmagest.com\/de\/datenschutz\/\" \/>\n<meta property=\"og:locale\" content=\"de_DE\" \/>\n<meta property=\"og:type\" content=\"article\" \/>\n<meta property=\"og:title\" content=\"Datenschutz\" \/>\n<meta property=\"og:description\" content=\"Datenschutz Websitebetreiber im Sinne des DatenschutzgesetzesPHARMAGEST Germany GmbHGesch\u00e4ftsf\u00fchrer: Denis SupplissonWei\u00dfensteinstr. 10946149 OberhausenTelefon-Nr.: +49 (208) 69 00 300E-Mail: info@pharmagest.de Kontakt DatenschutzbeauftragterE-Mail: info@pharmagest.de GeltungsbereichDiese Datenschutzerkl\u00e4rung soll den Besucher dieser Website \u00fcber die Art, den Umfang und den Zweck der Erhebung und Verwendung personenbezogener Daten informieren.Bitte beachten Sie, dass die Daten\u00fcbertragung im Internet grunds\u00e4tzlich mit Sicherheitsl\u00fccken bedacht sein [&hellip;]\" \/>\n<meta property=\"og:url\" content=\"https:\/\/pharmagest.com\/de\/datenschutz\/\" \/>\n<meta property=\"og:site_name\" content=\"PHARMAGEST \u2013 Apothekenverwaltungssoftware\" \/>\n<meta property=\"article:publisher\" content=\"https:\/\/www.facebook.com\/Pharmagest\/\" \/>\n<meta property=\"article:modified_time\" content=\"2025-04-17T14:20:15+00:00\" \/>\n<meta property=\"og:image\" content=\"https:\/\/pharmagest.com\/wp-content\/uploads\/2025\/04\/2048x320px_Datenschutz.jpg\" \/>\n\t<meta property=\"og:image:width\" content=\"2048\" \/>\n\t<meta property=\"og:image:height\" content=\"320\" \/>\n\t<meta property=\"og:image:type\" content=\"image\/jpeg\" \/>\n<meta name=\"twitter:card\" content=\"summary_large_image\" \/>\n<meta name=\"twitter:site\" content=\"@Pharmagest\" \/>\n<meta name=\"twitter:label1\" content=\"Gesch\u00e4tzte Lesezeit\" \/>\n\t<meta name=\"twitter:data1\" content=\"5\u00a0Minuten\" \/>\n<script type=\"application\/ld+json\" class=\"yoast-schema-graph\">{\"@context\":\"https:\\\/\\\/schema.org\",\"@graph\":[{\"@type\":\"WebPage\",\"@id\":\"https:\\\/\\\/pharmagest.com\\\/de\\\/datenschutz\\\/\",\"url\":\"https:\\\/\\\/pharmagest.com\\\/de\\\/datenschutz\\\/\",\"name\":\"Datenschutz - PHARMAGEST Germany \u2013 Apothekenverwaltungssoftware\",\"isPartOf\":{\"@id\":\"https:\\\/\\\/pharmagest.com\\\/de\\\/#website\"},\"primaryImageOfPage\":{\"@id\":\"https:\\\/\\\/pharmagest.com\\\/de\\\/datenschutz\\\/#primaryimage\"},\"image\":{\"@id\":\"https:\\\/\\\/pharmagest.com\\\/de\\\/datenschutz\\\/#primaryimage\"},\"thumbnailUrl\":\"https:\\\/\\\/pharmagest.com\\\/wp-content\\\/uploads\\\/2025\\\/04\\\/2048x320px_Datenschutz.jpg\",\"datePublished\":\"2025-03-19T15:08:30+00:00\",\"dateModified\":\"2025-04-17T14:20:15+00:00\",\"breadcrumb\":{\"@id\":\"https:\\\/\\\/pharmagest.com\\\/de\\\/datenschutz\\\/#breadcrumb\"},\"inLanguage\":\"de\",\"potentialAction\":[{\"@type\":\"ReadAction\",\"target\":[\"https:\\\/\\\/pharmagest.com\\\/de\\\/datenschutz\\\/\"]}]},{\"@type\":\"ImageObject\",\"inLanguage\":\"de\",\"@id\":\"https:\\\/\\\/pharmagest.com\\\/de\\\/datenschutz\\\/#primaryimage\",\"url\":\"https:\\\/\\\/pharmagest.com\\\/wp-content\\\/uploads\\\/2025\\\/04\\\/2048x320px_Datenschutz.jpg\",\"contentUrl\":\"https:\\\/\\\/pharmagest.com\\\/wp-content\\\/uploads\\\/2025\\\/04\\\/2048x320px_Datenschutz.jpg\",\"width\":2048,\"height\":320},{\"@type\":\"BreadcrumbList\",\"@id\":\"https:\\\/\\\/pharmagest.com\\\/de\\\/datenschutz\\\/#breadcrumb\",\"itemListElement\":[{\"@type\":\"ListItem\",\"position\":1,\"name\":\"Startseite\",\"item\":\"https:\\\/\\\/pharmagest.com\\\/de\\\/\"},{\"@type\":\"ListItem\",\"position\":2,\"name\":\"Datenschutz\"}]},{\"@type\":\"WebSite\",\"@id\":\"https:\\\/\\\/pharmagest.com\\\/de\\\/#website\",\"url\":\"https:\\\/\\\/pharmagest.com\\\/de\\\/\",\"name\":\"PHARMAGEST \u2013 Apothekenverwaltungssoftware\",\"description\":\"Umfassende Software f\u00fcr Ihren Apothekenalltag.\",\"publisher\":{\"@id\":\"https:\\\/\\\/pharmagest.com\\\/de\\\/#organization\"},\"potentialAction\":[{\"@type\":\"SearchAction\",\"target\":{\"@type\":\"EntryPoint\",\"urlTemplate\":\"https:\\\/\\\/pharmagest.com\\\/de\\\/?s={search_term_string}\"},\"query-input\":{\"@type\":\"PropertyValueSpecification\",\"valueRequired\":true,\"valueName\":\"search_term_string\"}}],\"inLanguage\":\"de\"},{\"@type\":[\"Organization\",\"Place\"],\"@id\":\"https:\\\/\\\/pharmagest.com\\\/de\\\/#organization\",\"name\":\"Pharmagest\",\"url\":\"https:\\\/\\\/pharmagest.com\\\/de\\\/\",\"logo\":{\"@id\":\"https:\\\/\\\/pharmagest.com\\\/de\\\/datenschutz\\\/#local-main-organization-logo\"},\"image\":{\"@id\":\"https:\\\/\\\/pharmagest.com\\\/de\\\/datenschutz\\\/#local-main-organization-logo\"},\"sameAs\":[\"https:\\\/\\\/www.facebook.com\\\/Pharmagest\\\/\",\"https:\\\/\\\/x.com\\\/Pharmagest\",\"https:\\\/\\\/www.linkedin.com\\\/company\\\/741276\"],\"telephone\":[],\"openingHoursSpecification\":[{\"@type\":\"OpeningHoursSpecification\",\"dayOfWeek\":[\"Monday\",\"Tuesday\",\"Wednesday\",\"Thursday\",\"Friday\",\"Saturday\",\"Sunday\"],\"opens\":\"09:00\",\"closes\":\"17:00\"}]},{\"@type\":\"ImageObject\",\"inLanguage\":\"de\",\"@id\":\"https:\\\/\\\/pharmagest.com\\\/de\\\/datenschutz\\\/#local-main-organization-logo\",\"url\":\"https:\\\/\\\/pharmagest.com\\\/wp-content\\\/uploads\\\/2022\\\/12\\\/cropped-logo-pharmagest-3.png\",\"contentUrl\":\"https:\\\/\\\/pharmagest.com\\\/wp-content\\\/uploads\\\/2022\\\/12\\\/cropped-logo-pharmagest-3.png\",\"width\":150,\"height\":100,\"caption\":\"Pharmagest\"}]}<\/script>\n<!-- \/ Yoast SEO Premium plugin. -->","yoast_head_json":{"title":"Datenschutz - PHARMAGEST Germany \u2013 Apothekenverwaltungssoftware","robots":{"index":"index","follow":"follow","max-snippet":"max-snippet:-1","max-image-preview":"max-image-preview:large","max-video-preview":"max-video-preview:-1"},"canonical":"https:\/\/pharmagest.com\/de\/datenschutz\/","og_locale":"de_DE","og_type":"article","og_title":"Datenschutz","og_description":"Datenschutz Websitebetreiber im Sinne des DatenschutzgesetzesPHARMAGEST Germany GmbHGesch\u00e4ftsf\u00fchrer: Denis SupplissonWei\u00dfensteinstr. 10946149 OberhausenTelefon-Nr.: +49 (208) 69 00 300E-Mail: info@pharmagest.de Kontakt DatenschutzbeauftragterE-Mail: info@pharmagest.de GeltungsbereichDiese Datenschutzerkl\u00e4rung soll den Besucher dieser Website \u00fcber die Art, den Umfang und den Zweck der Erhebung und Verwendung personenbezogener Daten informieren.Bitte beachten Sie, dass die Daten\u00fcbertragung im Internet grunds\u00e4tzlich mit Sicherheitsl\u00fccken bedacht sein [&hellip;]","og_url":"https:\/\/pharmagest.com\/de\/datenschutz\/","og_site_name":"PHARMAGEST \u2013 Apothekenverwaltungssoftware","article_publisher":"https:\/\/www.facebook.com\/Pharmagest\/","article_modified_time":"2025-04-17T14:20:15+00:00","og_image":[{"width":2048,"height":320,"url":"https:\/\/pharmagest.com\/wp-content\/uploads\/2025\/04\/2048x320px_Datenschutz.jpg","type":"image\/jpeg"}],"twitter_card":"summary_large_image","twitter_site":"@Pharmagest","twitter_misc":{"Gesch\u00e4tzte Lesezeit":"5\u00a0Minuten"},"schema":{"@context":"https:\/\/schema.org","@graph":[{"@type":"WebPage","@id":"https:\/\/pharmagest.com\/de\/datenschutz\/","url":"https:\/\/pharmagest.com\/de\/datenschutz\/","name":"Datenschutz - PHARMAGEST Germany \u2013 Apothekenverwaltungssoftware","isPartOf":{"@id":"https:\/\/pharmagest.com\/de\/#website"},"primaryImageOfPage":{"@id":"https:\/\/pharmagest.com\/de\/datenschutz\/#primaryimage"},"image":{"@id":"https:\/\/pharmagest.com\/de\/datenschutz\/#primaryimage"},"thumbnailUrl":"https:\/\/pharmagest.com\/wp-content\/uploads\/2025\/04\/2048x320px_Datenschutz.jpg","datePublished":"2025-03-19T15:08:30+00:00","dateModified":"2025-04-17T14:20:15+00:00","breadcrumb":{"@id":"https:\/\/pharmagest.com\/de\/datenschutz\/#breadcrumb"},"inLanguage":"de","potentialAction":[{"@type":"ReadAction","target":["https:\/\/pharmagest.com\/de\/datenschutz\/"]}]},{"@type":"ImageObject","inLanguage":"de","@id":"https:\/\/pharmagest.com\/de\/datenschutz\/#primaryimage","url":"https:\/\/pharmagest.com\/wp-content\/uploads\/2025\/04\/2048x320px_Datenschutz.jpg","contentUrl":"https:\/\/pharmagest.com\/wp-content\/uploads\/2025\/04\/2048x320px_Datenschutz.jpg","width":2048,"height":320},{"@type":"BreadcrumbList","@id":"https:\/\/pharmagest.com\/de\/datenschutz\/#breadcrumb","itemListElement":[{"@type":"ListItem","position":1,"name":"Startseite","item":"https:\/\/pharmagest.com\/de\/"},{"@type":"ListItem","position":2,"name":"Datenschutz"}]},{"@type":"WebSite","@id":"https:\/\/pharmagest.com\/de\/#website","url":"https:\/\/pharmagest.com\/de\/","name":"PHARMAGEST \u2013 Apothekenverwaltungssoftware","description":"Umfassende Software f\u00fcr Ihren Apothekenalltag.","publisher":{"@id":"https:\/\/pharmagest.com\/de\/#organization"},"potentialAction":[{"@type":"SearchAction","target":{"@type":"EntryPoint","urlTemplate":"https:\/\/pharmagest.com\/de\/?s={search_term_string}"},"query-input":{"@type":"PropertyValueSpecification","valueRequired":true,"valueName":"search_term_string"}}],"inLanguage":"de"},{"@type":["Organization","Place"],"@id":"https:\/\/pharmagest.com\/de\/#organization","name":"Pharmagest","url":"https:\/\/pharmagest.com\/de\/","logo":{"@id":"https:\/\/pharmagest.com\/de\/datenschutz\/#local-main-organization-logo"},"image":{"@id":"https:\/\/pharmagest.com\/de\/datenschutz\/#local-main-organization-logo"},"sameAs":["https:\/\/www.facebook.com\/Pharmagest\/","https:\/\/x.com\/Pharmagest","https:\/\/www.linkedin.com\/company\/741276"],"telephone":[],"openingHoursSpecification":[{"@type":"OpeningHoursSpecification","dayOfWeek":["Monday","Tuesday","Wednesday","Thursday","Friday","Saturday","Sunday"],"opens":"09:00","closes":"17:00"}]},{"@type":"ImageObject","inLanguage":"de","@id":"https:\/\/pharmagest.com\/de\/datenschutz\/#local-main-organization-logo","url":"https:\/\/pharmagest.com\/wp-content\/uploads\/2022\/12\/cropped-logo-pharmagest-3.png","contentUrl":"https:\/\/pharmagest.com\/wp-content\/uploads\/2022\/12\/cropped-logo-pharmagest-3.png","width":150,"height":100,"caption":"Pharmagest"}]}},"_links":{"self":[{"href":"https:\/\/pharmagest.com\/de\/wp-json\/wp\/v2\/pages\/16502","targetHints":{"allow":["GET"]}}],"collection":[{"href":"https:\/\/pharmagest.com\/de\/wp-json\/wp\/v2\/pages"}],"about":[{"href":"https:\/\/pharmagest.com\/de\/wp-json\/wp\/v2\/types\/page"}],"author":[{"embeddable":true,"href":"https:\/\/pharmagest.com\/de\/wp-json\/wp\/v2\/users\/19"}],"replies":[{"embeddable":true,"href":"https:\/\/pharmagest.com\/de\/wp-json\/wp\/v2\/comments?post=16502"}],"version-history":[{"count":5,"href":"https:\/\/pharmagest.com\/de\/wp-json\/wp\/v2\/pages\/16502\/revisions"}],"predecessor-version":[{"id":17626,"href":"https:\/\/pharmagest.com\/de\/wp-json\/wp\/v2\/pages\/16502\/revisions\/17626"}],"wp:featuredmedia":[{"embeddable":true,"href":"https:\/\/pharmagest.com\/de\/wp-json\/wp\/v2\/media\/17667"}],"wp:attachment":[{"href":"https:\/\/pharmagest.com\/de\/wp-json\/wp\/v2\/media?parent=16502"}],"curies":[{"name":"wp","href":"https:\/\/api.w.org\/{rel}","templated":true}]}}